{"id":98,"date":"2025-06-27T19:58:17","date_gmt":"2025-06-27T19:58:17","guid":{"rendered":"https:\/\/latinpcs.org\/?page_id=98"},"modified":"2026-04-08T09:54:13","modified_gmt":"2026-04-08T09:54:13","slug":"application-process","status":"publish","type":"page","link":"https:\/\/latinpcs.org\/fr\/application-process\/","title":{"rendered":"Appliquer"},"content":{"rendered":"<p  class=\"appear-on-scroll is-style-intro\" >Nous vous invitons, vous et votre enfant, \u00e0 rejoindre la communaut\u00e9 de Washington Latin ! <\/p>\n\n<p class=\"appear-on-scroll\">Gratuit et accessible aux familles des 8 quartiers du District, le latin recherche des \u00e9tudiants d\u00e9sireux d&#039;apprendre et pr\u00eats \u00e0 travailler.&nbsp;<strong>Les cours Washington Latin Public Charter Schools sont ouverts \u00e0 tous les \u00e9tudiants de DC.<\/strong>&nbsp;&nbsp;En tant qu&#039;\u00e9cole publique \u00e0 charte \u00e0 inscription ouverte, il n&#039;y a aucune condition d&#039;admission, \u00e0 l&#039;exception de la r\u00e9sidence \u00e0 Washington DC.<\/p>\n\n<h2  class=\"appear-on-scroll wp-block-heading\" ><span class=\"text\">R\u00e9sultats de la loterie MySchoolDC<\/span><\/h2>\n\n<p class=\"appear-on-scroll\">Votre enfant a-t-il \u00e9t\u00e9 admis \u00e0 Washington Latin\u00a0? Consultez les informations concernant les nouvelles inscriptions. Des questions sur une candidature apr\u00e8s le tirage au sort\u00a0? Contactez notre \u00e9quipe des admissions par courriel\u00a0!<\/p>\n\n<div  class=\"appear-on-scroll wp-block-buttons is-layout-flex wp-block-buttons-is-layout-flex\" >\n<div class=\"wp-block-button\"><a class=\"wp-block-button__link wp-element-button\" href=\"https:\/\/latinpcs.org\/fr\/resources\/2026\/04\/new-student-enrollment\/\"><span class=\"label\">Informations sur l&#039;inscription des nouveaux \u00e9tudiants<\/span><\/a><\/div>\n\n\n\n<div class=\"wp-block-button\"><a class=\"wp-block-button__link wp-element-button\" href=\"mailto:admissions@latinpcs.org\"><span class=\"label\">Admissions par courriel<\/span><\/a><\/div>\n<\/div>\n\n<h2  class=\"appear-on-scroll wp-block-heading\" ><span class=\"text\">Deux campus<\/span><\/h2>\n\n\n<div class=\"wp-block-columns is-layout-flex wp-container-core-columns-is-layout-28f84493 wp-block-columns-is-layout-flex\">\n<div class=\"wp-block-column is-layout-flow wp-block-column-is-layout-flow\" style=\"flex-basis:50%\"><div class=\"wp-block-theme-blocks-card theme-block hentry appear-on-scroll has-image\" style=\"--focal-point:50% 50%;--aspect-ratio:1\" data-href=\"\"><div class=\"block-image\"><img decoding=\"async\" width=\"600\" height=\"600\" data-src=\"https:\/\/latinpcs.org\/wp-content\/uploads\/2025\/07\/IMG_7331-web.jpg\" class=\"attachment-post-thumb size-post-thumb lazyload\" alt=\"Students walk in front of Latin building on a sunny day.\" data-srcset=\"https:\/\/latinpcs.org\/wp-content\/uploads\/2025\/07\/IMG_7331-web.jpg 600w, https:\/\/latinpcs.org\/wp-content\/uploads\/2025\/07\/IMG_7331-web-300x300.jpg 300w, https:\/\/latinpcs.org\/wp-content\/uploads\/2025\/07\/IMG_7331-web-150x150.jpg 150w, https:\/\/latinpcs.org\/wp-content\/uploads\/2025\/07\/IMG_7331-web-12x12.jpg 12w, https:\/\/latinpcs.org\/wp-content\/uploads\/2025\/07\/IMG_7331-web-100x100.jpg 100w\" data-sizes=\"(max-width: 600px) 100vw, 600px\" src=\"data:image\/svg+xml;base64,PHN2ZyB3aWR0aD0iMSIgaGVpZ2h0PSIxIiB4bWxucz0iaHR0cDovL3d3dy53My5vcmcvMjAwMC9zdmciPjwvc3ZnPg==\" style=\"--smush-placeholder-width: 600px; --smush-placeholder-aspect-ratio: 600\/600;\" \/><\/div><h3 class=\"block-title\">Le campus de la 2e rue<\/h3><div class=\"block-content\">\n<p class=\"\">Situ\u00e9 au 5200 2nd Street NW, il accueille 740 \u00e9l\u00e8ves de la 5e \u00e0 la 12e ann\u00e9e dans nos coll\u00e8ges et lyc\u00e9es du quartier de Fort Totten \u00e0 NW DC.<\/p>\n<\/div><\/div><\/div>\n\n\n\n<div class=\"wp-block-column is-layout-flow wp-block-column-is-layout-flow\" style=\"flex-basis:50%\"><div class=\"wp-block-theme-blocks-card theme-block hentry appear-on-scroll has-image\" style=\"--focal-point:50% 50%;--aspect-ratio:1\" data-href=\"\"><div class=\"block-image\"><img decoding=\"async\" width=\"1000\" height=\"1000\" data-src=\"https:\/\/latinpcs.org\/wp-content\/uploads\/2025\/07\/Rendering-Harewood-sm.jpg\" class=\"attachment-post-thumb size-post-thumb lazyload\" alt=\"\" data-srcset=\"https:\/\/latinpcs.org\/wp-content\/uploads\/2025\/07\/Rendering-Harewood-sm.jpg 1000w, https:\/\/latinpcs.org\/wp-content\/uploads\/2025\/07\/Rendering-Harewood-sm-300x300.jpg 300w, https:\/\/latinpcs.org\/wp-content\/uploads\/2025\/07\/Rendering-Harewood-sm-150x150.jpg 150w, https:\/\/latinpcs.org\/wp-content\/uploads\/2025\/07\/Rendering-Harewood-sm-768x768.jpg 768w, https:\/\/latinpcs.org\/wp-content\/uploads\/2025\/07\/Rendering-Harewood-sm-12x12.jpg 12w, https:\/\/latinpcs.org\/wp-content\/uploads\/2025\/07\/Rendering-Harewood-sm-100x100.jpg 100w\" data-sizes=\"(max-width: 1000px) 100vw, 1000px\" src=\"data:image\/svg+xml;base64,PHN2ZyB3aWR0aD0iMSIgaGVpZ2h0PSIxIiB4bWxucz0iaHR0cDovL3d3dy53My5vcmcvMjAwMC9zdmciPjwvc3ZnPg==\" style=\"--smush-placeholder-width: 1000px; --smush-placeholder-aspect-ratio: 1000\/1000;\" \/><\/div><h3 class=\"block-title\">Le campus Cooper<\/h3><div class=\"block-content\">\n<p class=\"\">Ouvert en 2022 et situ\u00e9 au 4301 Harewood Road NE, il accueille les \u00e9l\u00e8ves de la 5e \u00e0 la 3e ann\u00e9e. Nous continuerons d&#039;ajouter un niveau chaque ann\u00e9e pour les \u00e9l\u00e8ves de la 5e \u00e0 la Terminale.&nbsp;<\/p>\n<\/div><\/div><\/div>\n<\/div>\n\n\n<h2  class=\"appear-on-scroll wp-block-heading\" ><span class=\"text\">Comment postuler<\/span><\/h2>\n\n<h3  class=\"appear-on-scroll wp-block-heading\" ><span class=\"text\">MySchoolDC \u2013 La loterie commune du district<\/span><\/h3>\n\n<p class=\"appear-on-scroll\">Washington Latin participe \u00e0&nbsp;<a href=\"http:\/\/www.myschooldc.org\/\" target=\"_blank\" rel=\"noreferrer noopener\"><strong>Mon\u00c9coleDC<\/strong><\/a>, la loterie commune \u00e0 l&#039;\u00e9chelle du district pour l&#039;\u00e9ducation de la maternelle \u00e0 la terminale.<\/p>\n\n<p class=\"appear-on-scroll\">Dans MySchoolDC, il y a DEUX campus et QUATRE \u00e9coles pour Washington Latin :<\/p>\n\n<ul  class=\"appear-on-scroll wp-block-list\" >\n<li>Campus de la 2e Rue \u2013 Coll\u00e8ge (de la 5e \u00e0 la 8e ann\u00e9e)<\/li>\n\n\n\n<li>Campus de la 2e Rue \u2013 Lyc\u00e9e (de la 9e \u00e0 la 12e ann\u00e9e)<\/li>\n\n\n\n<li>Campus Cooper<em><strong> <\/strong><\/em>\u2013 Coll\u00e8ge (de la 5e \u00e0 la 8e ann\u00e9e)<\/li>\n\n\n\n<li>Campus Cooper<em><strong> <\/strong><\/em>\u2013 Lyc\u00e9e (9e et 10e ann\u00e9es)*<\/li>\n<\/ul>\n\n<p class=\"appear-on-scroll\"><em>*Le campus Cooper ajoutera une classe chaque ann\u00e9e jusqu&#039;\u00e0 ce que nous atteignions notre effectif complet de classes de la 5e \u00e0 la 12e ann\u00e9e en 2028-29.&nbsp;<\/em><\/p>\n\n<p class=\"appear-on-scroll\">Washington Latin<em><strong>\u00a0<\/strong><\/em>Nous acceptons g\u00e9n\u00e9ralement les nouveaux \u00e9l\u00e8ves de la 5e \u00e0 la 9e ann\u00e9e UNIQUEMENT ; nous n&#039;acceptons pas de nouveaux \u00e9l\u00e8ves apr\u00e8s la 9e ann\u00e9e en raison de l&#039;exigence de la langue latine pour l&#039;obtention du dipl\u00f4me.\u00a0<strong>Le plus grand nombre de places disponibles sur les deux campus concerne la 5\u00e8me ann\u00e9e (96 places sur chaque campus).<\/strong><\/p>\n\n<p class=\"appear-on-scroll\">Des places seront disponibles pour la classe de 3e sur les deux campus, en fonction du nombre d&#039;\u00e9l\u00e8ves qui quitteront nos coll\u00e8ges pour un autre lyc\u00e9e. Nous pr\u00e9voyons qu&#039;un maximum de 20 places seront disponibles par tirage au sort sur chaque campus pour l&#039;ann\u00e9e scolaire 2026-2027.<\/p>\n\n<h2  class=\"appear-on-scroll wp-block-heading\" ><span class=\"text\">Pr\u00e9f\u00e9rences de loterie de Latin<\/span><\/h2>\n\n<ol  class=\"appear-on-scroll wp-block-list\" >\n<li>Fr\u00e8res et s\u0153urs des \u00e9tudiants inscrits<\/li>\n\n\n\n<li>Enfants des professeurs (\u00e0 temps plein et r\u00e9sidents de DC)<\/li>\n\n\n\n<li>Fr\u00e8res et s\u0153urs des \u00e9tudiants appari\u00e9s et inscrits sur la liste d&#039;attente<\/li>\n<\/ol>\n\n<p class=\"appear-on-scroll\">Nous participons \u00e9galement au programme de pr\u00e9f\u00e9rence d\u2019acc\u00e8s \u00e9quitable pour r\u00e9server des places aux \u00e9tudiants admissibles (voir ci-dessous pour plus d\u2019informations).<\/p>\n\n<p class=\"appear-on-scroll\">Pour b\u00e9n\u00e9ficier de la pr\u00e9f\u00e9rence pour les fr\u00e8res et s\u0153urs inscrits, le fr\u00e8re ou la s\u0153ur doit \u00eatre d\u00e9j\u00e0 inscrit et fr\u00e9quenter l&#039;\u00e9cole avant le tirage au sort, conform\u00e9ment \u00e0 la politique de MySchoolDC. Un \u00e9l\u00e8ve potentiel conservera la m\u00eame cat\u00e9gorie de pr\u00e9f\u00e9rence pendant une ann\u00e9e enti\u00e8re (jusqu&#039;au prochain tirage au sort) et ne pourra pas passer de \u00ab\u00a0fr\u00e8re ou s\u0153ur jumel\u00e9\u00a0\u00bb \u00e0 \u00ab\u00a0fr\u00e8re ou s\u0153ur inscrit\u00a0\u00bb, m\u00eame si le fr\u00e8re ou la s\u0153ur jumel\u00e9 termine le processus d&#039;inscription et est donc inscrit.<\/p>\n\n<p class=\"appear-on-scroll\">Veuillez noter que le fr\u00e8re cadet d&#039;un \u00e9l\u00e8ve de terminale de Washington Latin ne b\u00e9n\u00e9ficiera PAS de la pr\u00e9f\u00e9rence, conform\u00e9ment \u00e0 la politique de MySchoolDC. De m\u00eame, le fr\u00e8re a\u00een\u00e9 doit rester inscrit \u00e0 Washington Latin pour que la pr\u00e9f\u00e9rence soit appliqu\u00e9e.&nbsp;<a href=\"\/fr\/resources\/enrollment-and-re-enrollment-policies\/\">En savoir plus<\/a> \u00e0 propos de nos pr\u00e9f\u00e9rences.<\/p>\n\n<p class=\"appear-on-scroll\">Plus d&#039;informations sur le fonctionnement de la loterie sont disponibles sur&nbsp;<a href=\"https:\/\/www.myschooldc.org\/\" target=\"_blank\" rel=\"noreferrer noopener\"><strong>Mon\u00c9coleDC<\/strong><\/a>. <\/p>\n\n<h2  class=\"appear-on-scroll wp-block-heading\" ><span class=\"text\">Acc\u00e8s \u00e9quitable<\/span><\/h2>\n\n<h3  class=\"appear-on-scroll wp-block-heading is-style-intro\" ><span class=\"text\">Washington Latin accueille tous les \u00e9tudiants de DC !<\/span><\/h3>\n\n<p class=\"appear-on-scroll\">Washington Latin participe \u00e0 MySchoolDC&nbsp;<strong>Programme d&#039;acc\u00e8s \u00e9quitable,&nbsp;<\/strong>ce qui nous permet de r\u00e9server des places aux \u00e9tudiants consid\u00e9r\u00e9s comme \u00e0 risque, d\u00e9finis \u00e0 Washington comme ceux qui :<\/p>\n\n<ul  class=\"appear-on-scroll wp-block-list\" >\n<li>Sont sans abri<\/li>\n\n\n\n<li>Sont dans le syst\u00e8me de placement familial de DC<\/li>\n\n\n\n<li>Vous recevez des prestations du gouvernement du District de Columbia telles que le SNAP (bons alimentaires) ou le TANF (assistance temporaire aux familles dans le besoin)<\/li>\n<\/ul>\n\n<p class=\"appear-on-scroll\">Nous souhaitons garantir que nos \u00e9coles, sur nos deux campus, soient accessibles aux familles de Washington DC, en toutes circonstances. Les \u00e9l\u00e8ves \u00e9ligibles seront jumel\u00e9s \u00e0 Washington Latin FIRST, ce qui augmente consid\u00e9rablement leurs chances d&#039;\u00eatre jumel\u00e9s \u00e0 notre \u00e9cole par rapport \u00e0 la loterie classique.<\/p>\n\n<h3  class=\"appear-on-scroll wp-block-heading\" ><span class=\"text\">Comment les familles \u00e9ligibles peuvent-elles utiliser cette pr\u00e9f\u00e9rence ?<\/span><\/h3>\n\n<p class=\"appear-on-scroll\">Sur le dernier \u00e9cran de l&#039;application, vous voyez cette d\u00e9claration :<\/p>\n\n<p class=\"appear-on-scroll\">\u00ab Une ou plusieurs des \u00e9coles que vous avez indiqu\u00e9es sur votre demande peuvent offrir un&nbsp;<a href=\"https:\/\/www.myschooldc.org\/faq\/key-terms\">Pr\u00e9f\u00e9rence d&#039;acc\u00e8s \u00e9quitable<\/a>&nbsp;Pour les candidats r\u00e9pondant aux crit\u00e8res de pr\u00e9f\u00e9rence d\u00e9finis par le Bureau du surintendant de l&#039;\u00e9ducation de l&#039;\u00c9tat. Veuillez cliquer ci-dessous pour autoriser My School DC \u00e0 coordonner avec l&#039;OSSE la d\u00e9cision de privil\u00e9gier votre enfant et \u00e0 transmettre cette information \u00e0 l&#039;\u00e9cole.<\/p>\n\n<p class=\"appear-on-scroll\">Apprenez-en davantage sur cette pr\u00e9f\u00e9rence de loterie et d&#039;autres sur&nbsp;<strong><a href=\"https:\/\/www.myschooldc.org\/faq\/key-terms\">myschooldc.org<\/a><\/strong><\/p>","protected":false},"excerpt":{"rendered":"<p>Nous vous invitons, vous et votre enfant, \u00e0 rejoindre la communaut\u00e9 de Washington Latin\u00a0! Gratuit et accessible aux familles des huit quartiers du district, le Latin recherche des \u00e9l\u00e8ves\u2026<\/p>","protected":false},"author":1,"featured_media":23761,"parent":0,"menu_order":20,"comment_status":"closed","ping_status":"closed","template":"","meta":{"featured_image_background_position":"50% 22%","background-color":"","secondary-color":"","highlight-color":"","color":"","hide-navigation":false,"footnotes":""},"class_list":["post-98","page","type-page","status-publish","has-post-thumbnail","hentry"],"yoast_head":"<!-- This site is optimized with the Yoast SEO plugin v25.6 - https:\/\/yoast.com\/wordpress\/plugins\/seo\/ -->\n<title>Apply - Washington Latin Public Charter Schools<\/title>\n<meta name=\"description\" content=\"Join the community of Washington Latin! Free and accessible to families from all eight Wards of the District. Learn about applying for a spot for your child!\" \/>\n<meta name=\"robots\" content=\"index, follow, max-snippet:-1, max-image-preview:large, max-video-preview:-1\" \/>\n<link rel=\"canonical\" href=\"https:\/\/latinpcs.org\/fr\/application-process\/\" \/>\n<meta property=\"og:locale\" content=\"fr_FR\" \/>\n<meta property=\"og:type\" content=\"article\" \/>\n<meta property=\"og:title\" content=\"Apply - Washington Latin Public Charter Schools\" \/>\n<meta property=\"og:description\" content=\"Join the community of Washington Latin! Free and accessible to families from all eight Wards of the District. Learn about applying for a spot for your child!\" \/>\n<meta property=\"og:url\" content=\"https:\/\/latinpcs.org\/fr\/application-process\/\" \/>\n<meta property=\"og:site_name\" content=\"Washington Latin Public Charter Schools\" \/>\n<meta property=\"article:publisher\" content=\"https:\/\/www.facebook.com\/WashingtonLatinPCS\/\" \/>\n<meta property=\"article:modified_time\" content=\"2026-04-08T09:54:13+00:00\" \/>\n<meta property=\"og:image\" content=\"https:\/\/latinpcs.org\/wp-content\/uploads\/2025\/07\/IMG_3555-scaled.jpg\" \/>\n\t<meta property=\"og:image:width\" content=\"3840\" \/>\n\t<meta property=\"og:image:height\" content=\"2562\" \/>\n\t<meta property=\"og:image:type\" content=\"image\/jpeg\" \/>\n<meta name=\"twitter:card\" content=\"summary_large_image\" \/>\n<meta name=\"twitter:label1\" content=\"Est. reading time\" \/>\n\t<meta name=\"twitter:data1\" content=\"4 minutes\" \/>\n<script type=\"application\/ld+json\" class=\"yoast-schema-graph\">{\"@context\":\"https:\/\/schema.org\",\"@graph\":[{\"@type\":\"WebPage\",\"@id\":\"https:\/\/latinpcs.org\/application-process\/\",\"url\":\"https:\/\/latinpcs.org\/application-process\/\",\"name\":\"Apply - Washington Latin Public Charter Schools\",\"isPartOf\":{\"@id\":\"https:\/\/latinpcs.org\/#website\"},\"primaryImageOfPage\":{\"@id\":\"https:\/\/latinpcs.org\/application-process\/#primaryimage\"},\"image\":{\"@id\":\"https:\/\/latinpcs.org\/application-process\/#primaryimage\"},\"thumbnailUrl\":\"https:\/\/latinpcs.org\/wp-content\/uploads\/2025\/07\/IMG_3555-scaled.jpg\",\"datePublished\":\"2025-06-27T19:58:17+00:00\",\"dateModified\":\"2026-04-08T09:54:13+00:00\",\"description\":\"Join the community of Washington Latin! Free and accessible to families from all eight Wards of the District. Learn about applying for a spot for your child!\",\"breadcrumb\":{\"@id\":\"https:\/\/latinpcs.org\/application-process\/#breadcrumb\"},\"inLanguage\":\"fr-FR\",\"potentialAction\":[{\"@type\":\"ReadAction\",\"target\":[\"https:\/\/latinpcs.org\/application-process\/\"]}]},{\"@type\":\"ImageObject\",\"inLanguage\":\"fr-FR\",\"@id\":\"https:\/\/latinpcs.org\/application-process\/#primaryimage\",\"url\":\"https:\/\/latinpcs.org\/wp-content\/uploads\/2025\/07\/IMG_3555-scaled.jpg\",\"contentUrl\":\"https:\/\/latinpcs.org\/wp-content\/uploads\/2025\/07\/IMG_3555-scaled.jpg\",\"width\":3840,\"height\":2562},{\"@type\":\"BreadcrumbList\",\"@id\":\"https:\/\/latinpcs.org\/application-process\/#breadcrumb\",\"itemListElement\":[{\"@type\":\"ListItem\",\"position\":1,\"name\":\"Home\",\"item\":\"https:\/\/latinpcs.org\/\"},{\"@type\":\"ListItem\",\"position\":2,\"name\":\"Apply\"}]},{\"@type\":\"WebSite\",\"@id\":\"https:\/\/latinpcs.org\/#website\",\"url\":\"https:\/\/latinpcs.org\/\",\"name\":\"Washington Latin Public Charter Schools\",\"description\":\"Washington Latin Public Charter Schools, based in Washington, DC, offers a classical education for the modern world for students in grades 5-12 across two campuses.\",\"publisher\":{\"@id\":\"https:\/\/latinpcs.org\/#organization\"},\"potentialAction\":[{\"@type\":\"SearchAction\",\"target\":{\"@type\":\"EntryPoint\",\"urlTemplate\":\"https:\/\/latinpcs.org\/?s={search_term_string}\"},\"query-input\":{\"@type\":\"PropertyValueSpecification\",\"valueRequired\":true,\"valueName\":\"search_term_string\"}}],\"inLanguage\":\"fr-FR\"},{\"@type\":\"Organization\",\"@id\":\"https:\/\/latinpcs.org\/#organization\",\"name\":\"Washington Latin Public Charter Schools\",\"url\":\"https:\/\/latinpcs.org\/\",\"logo\":{\"@type\":\"ImageObject\",\"inLanguage\":\"fr-FR\",\"@id\":\"https:\/\/latinpcs.org\/#\/schema\/logo\/image\/\",\"url\":\"https:\/\/latinpcs.org\/wp-content\/uploads\/2025\/07\/Latin_logo_nknm_4c.svg\",\"contentUrl\":\"https:\/\/latinpcs.org\/wp-content\/uploads\/2025\/07\/Latin_logo_nknm_4c.svg\",\"width\":1,\"height\":1,\"caption\":\"Washington Latin Public Charter Schools\"},\"image\":{\"@id\":\"https:\/\/latinpcs.org\/#\/schema\/logo\/image\/\"},\"sameAs\":[\"https:\/\/www.facebook.com\/WashingtonLatinPCS\/\",\"https:\/\/www.instagram.com\/washingtonlatinpcs\/?hl=en\",\"https:\/\/www.linkedin.com\/school\/washington-latin-public-charter-schools\/\"]}]}<\/script>\n<!-- \/ Yoast SEO plugin. -->","yoast_head_json":{"title":"Postuler - Washington Latin Public Charter Schools","description":"Rejoignez la communaut\u00e9 de Washington Latin\u00a0! Gratuit et accessible aux familles des huit quartiers du district. D\u00e9couvrez comment postuler pour une place pour votre enfant\u00a0!","robots":{"index":"index","follow":"follow","max-snippet":"max-snippet:-1","max-image-preview":"max-image-preview:large","max-video-preview":"max-video-preview:-1"},"canonical":"https:\/\/latinpcs.org\/fr\/application-process\/","og_locale":"fr_FR","og_type":"article","og_title":"Apply - Washington Latin Public Charter Schools","og_description":"Join the community of Washington Latin! Free and accessible to families from all eight Wards of the District. Learn about applying for a spot for your child!","og_url":"https:\/\/latinpcs.org\/fr\/application-process\/","og_site_name":"Washington Latin Public Charter Schools","article_publisher":"https:\/\/www.facebook.com\/WashingtonLatinPCS\/","article_modified_time":"2026-04-08T09:54:13+00:00","og_image":[{"width":3840,"height":2562,"url":"https:\/\/latinpcs.org\/wp-content\/uploads\/2025\/07\/IMG_3555-scaled.jpg","type":"image\/jpeg"}],"twitter_card":"summary_large_image","twitter_misc":{"Est. reading time":"4 minutes"},"schema":{"@context":"https:\/\/schema.org","@graph":[{"@type":"WebPage","@id":"https:\/\/latinpcs.org\/application-process\/","url":"https:\/\/latinpcs.org\/application-process\/","name":"Postuler - Washington Latin Public Charter Schools","isPartOf":{"@id":"https:\/\/latinpcs.org\/#website"},"primaryImageOfPage":{"@id":"https:\/\/latinpcs.org\/application-process\/#primaryimage"},"image":{"@id":"https:\/\/latinpcs.org\/application-process\/#primaryimage"},"thumbnailUrl":"https:\/\/latinpcs.org\/wp-content\/uploads\/2025\/07\/IMG_3555-scaled.jpg","datePublished":"2025-06-27T19:58:17+00:00","dateModified":"2026-04-08T09:54:13+00:00","description":"Rejoignez la communaut\u00e9 de Washington Latin\u00a0! Gratuit et accessible aux familles des huit quartiers du district. D\u00e9couvrez comment postuler pour une place pour votre enfant\u00a0!","breadcrumb":{"@id":"https:\/\/latinpcs.org\/application-process\/#breadcrumb"},"inLanguage":"fr-FR","potentialAction":[{"@type":"ReadAction","target":["https:\/\/latinpcs.org\/application-process\/"]}]},{"@type":"ImageObject","inLanguage":"fr-FR","@id":"https:\/\/latinpcs.org\/application-process\/#primaryimage","url":"https:\/\/latinpcs.org\/wp-content\/uploads\/2025\/07\/IMG_3555-scaled.jpg","contentUrl":"https:\/\/latinpcs.org\/wp-content\/uploads\/2025\/07\/IMG_3555-scaled.jpg","width":3840,"height":2562},{"@type":"BreadcrumbList","@id":"https:\/\/latinpcs.org\/application-process\/#breadcrumb","itemListElement":[{"@type":"ListItem","position":1,"name":"Home","item":"https:\/\/latinpcs.org\/"},{"@type":"ListItem","position":2,"name":"Apply"}]},{"@type":"WebSite","@id":"https:\/\/latinpcs.org\/#website","url":"https:\/\/latinpcs.org\/","name":"\u00c9coles publiques \u00e0 charte latine de Washington","description":"Washington Latin Public Charter Schools, bas\u00e9 \u00e0 Washington, DC, propose une \u00e9ducation classique pour le monde moderne aux \u00e9l\u00e8ves de la 5e \u00e0 la 12e ann\u00e9e sur deux campus.","publisher":{"@id":"https:\/\/latinpcs.org\/#organization"},"potentialAction":[{"@type":"SearchAction","target":{"@type":"EntryPoint","urlTemplate":"https:\/\/latinpcs.org\/?s={search_term_string}"},"query-input":{"@type":"PropertyValueSpecification","valueRequired":true,"valueName":"search_term_string"}}],"inLanguage":"fr-FR"},{"@type":"Organization","@id":"https:\/\/latinpcs.org\/#organization","name":"\u00c9coles publiques \u00e0 charte latine de Washington","url":"https:\/\/latinpcs.org\/","logo":{"@type":"ImageObject","inLanguage":"fr-FR","@id":"https:\/\/latinpcs.org\/#\/schema\/logo\/image\/","url":"https:\/\/latinpcs.org\/wp-content\/uploads\/2025\/07\/Latin_logo_nknm_4c.svg","contentUrl":"https:\/\/latinpcs.org\/wp-content\/uploads\/2025\/07\/Latin_logo_nknm_4c.svg","width":1,"height":1,"caption":"Washington Latin Public Charter Schools"},"image":{"@id":"https:\/\/latinpcs.org\/#\/schema\/logo\/image\/"},"sameAs":["https:\/\/www.facebook.com\/WashingtonLatinPCS\/","https:\/\/www.instagram.com\/washingtonlatinpcs\/?hl=en","https:\/\/www.linkedin.com\/school\/washington-latin-public-charter-schools\/"]}]}},"_links":{"self":[{"href":"https:\/\/latinpcs.org\/fr\/wp-json\/wp\/v2\/pages\/98","targetHints":{"allow":["GET"]}}],"collection":[{"href":"https:\/\/latinpcs.org\/fr\/wp-json\/wp\/v2\/pages"}],"about":[{"href":"https:\/\/latinpcs.org\/fr\/wp-json\/wp\/v2\/types\/page"}],"author":[{"embeddable":true,"href":"https:\/\/latinpcs.org\/fr\/wp-json\/wp\/v2\/users\/1"}],"replies":[{"embeddable":true,"href":"https:\/\/latinpcs.org\/fr\/wp-json\/wp\/v2\/comments?post=98"}],"version-history":[{"count":0,"href":"https:\/\/latinpcs.org\/fr\/wp-json\/wp\/v2\/pages\/98\/revisions"}],"wp:featuredmedia":[{"embeddable":true,"href":"https:\/\/latinpcs.org\/fr\/wp-json\/wp\/v2\/media\/23761"}],"wp:attachment":[{"href":"https:\/\/latinpcs.org\/fr\/wp-json\/wp\/v2\/media?parent=98"}],"curies":[{"name":"wp","href":"https:\/\/api.w.org\/{rel}","templated":true}]}}