{"id":85,"date":"2025-06-27T19:49:39","date_gmt":"2025-06-27T19:49:39","guid":{"rendered":"https:\/\/latinpcs.org\/?page_id=85"},"modified":"2026-04-13T18:59:16","modified_gmt":"2026-04-13T18:59:16","slug":"transparency","status":"publish","type":"page","link":"https:\/\/latinpcs.org\/fr\/about\/transparency\/","title":{"rendered":"Transparence"},"content":{"rendered":"<h2  class=\"appear-on-scroll wp-block-heading\" ><span class=\"text\">Autorit\u00e9 de charte \u00e0 Washington<\/span><\/h2>\n\n<p class=\"appear-on-scroll\">L&#039;\u00e9cole publique \u00e0 charte de Washington Latin est autoris\u00e9e et responsable devant le conseil des \u00e9coles publiques \u00e0 charte du district de Columbia (<a href=\"http:\/\/www.dcpcsb.org\/\" target=\"_blank\" rel=\"noreferrer noopener\"><strong>DCPCSB<\/strong><\/a>), seul organisme habilit\u00e9 \u00e0 autoriser les \u00e9coles publiques \u00e0 charte du District de Columbia. Le Conseil \u00e9value toutes les \u00e9coles publiques \u00e0 charte du District de Columbia en termes de r\u00e9sultats scolaires, de conformit\u00e9 aux lois locales et f\u00e9d\u00e9rales applicables et de gestion financi\u00e8re. Nous sommes tenus responsables devant le DCPCSB de nos r\u00e9sultats et des objectifs fix\u00e9s dans notre charte. <\/p>\n\n<p class=\"appear-on-scroll\">La politique du DCPCSB exige que les \u00e9coles \u00e0 charte publient leurs politiques, leurs finances et autres informations sur leur site web. Cette page compile toutes les informations requises conform\u00e9ment \u00e0 cette politique. <strong><a href=\"https:\/\/dcpcsb.egnyte.com\/dl\/S2fQ5Ks6Lv\">Politique de transparence du DCPCSB<\/a><\/strong>De plus, les politiques \u00e9tudiantes sont disponibles sur la page Familles latines.<\/p>\n\n<div  class=\"appear-on-scroll wp-block-buttons is-layout-flex wp-block-buttons-is-layout-flex\" >\n<div class=\"wp-block-button\"><a class=\"wp-block-button__link wp-element-button\" href=\"https:\/\/latinpcs.org\/fr\/latin-families\/\"><span class=\"label\">Familles de Latin<\/span><\/a><\/div>\n<\/div>\n\n<h2  class=\"appear-on-scroll wp-block-heading\" ><span class=\"text\">Politiques relatives aux \u00e9tudiants et aux familles<\/span><\/h2>\n\n<ul  class=\"appear-on-scroll wp-block-list\" >\n<li><a href=\"https:\/\/latinpcs.org\/fr\/resources\/discipline-policy\/\">Politique disciplinaire<\/a><\/li>\n\n\n\n<li><a href=\"https:\/\/latinpcs.org\/fr\/resources\/2025\/07\/policy-attendance\/\">Politique de pr\u00e9sence<\/a><\/li>\n\n\n\n<li><a href=\"https:\/\/latinpcs.org\/fr\/resources\/2025\/07\/grievance-policy-and-procedures\/\">Proc\u00e9dures et politiques de r\u00e8glement des griefs<\/a><\/li>\n\n\n\n<li><a href=\"https:\/\/latinpcs.org\/wp-content\/uploads\/2025\/08\/WLPCS-Home-and-Hospital-Policy-3-v2.pdf\">Politique d&#039;instruction \u00e0 domicile ou \u00e0 l&#039;h\u00f4pital<\/a><\/li>\n\n\n\n<li><a href=\"https:\/\/latinpcs.org\/fr\/resources\/2025\/07\/notice-of-non-discrimination-2\/\">Politique de non-discrimination<\/a><\/li>\n\n\n\n<li><a href=\"https:\/\/latinpcs.org\/wp-content\/uploads\/2025\/12\/Latin-Wellness-Policy-22-26.pdf\">Politique de bien-\u00eatre<\/a><\/li>\n\n\n\n<li><a href=\"https:\/\/latinpcs.org\/fr\/resources\/usda-nondiscrimination-statement\/\">D\u00e9claration de non-discrimination de l&#039;USDA<\/a><\/li>\n\n\n\n<li><a href=\"https:\/\/latinpcs.org\/fr\/resources\/2025\/07\/ferpa-notice\/\">Avis relatif \u00e0 la loi sur les droits \u00e0 l&#039;\u00e9ducation et \u00e0 la vie priv\u00e9e de la famille (FERPA)<\/a><\/li>\n\n\n\n<li><a href=\"https:\/\/latinpcs.org\/fr\/resources\/2025\/07\/sexual-misconduct-policy-and-student-complaint-procedure\/\">Politique de pr\u00e9vention et de lutte contre les abus sexuels dans les \u00e9coles<\/a><\/li>\n\n\n\n<li><a href=\"https:\/\/latinpcs.org\/fr\/resources\/2025\/07\/student-on-student-sexual-harassment-policy\/\">Politique relative au harc\u00e8lement sexuel entre \u00e9tudiants<\/a><\/li>\n\n\n\n<li><a href=\"https:\/\/latinpcs.org\/fr\/resources\/2025\/07\/inclement-weather-policy\/\">Politique relative aux intemp\u00e9ries<\/a><\/li>\n\n\n\n<li><a href=\"https:\/\/docs.google.com\/document\/d\/1ut5mNcfI83YQg53rRi6iIrZfjdf8O1lB167KzFfbx8c\/edit?usp=sharing\">Guide des cours du secondaire 2025-26<\/a><\/li>\n\n\n\n<li><a href=\"https:\/\/latinpcs.org\/wp-content\/uploads\/2026\/03\/2025-26-Washington-Latin-Family-Handbook-3-2026.pdf\" target=\"_blank\" rel=\"noreferrer noopener nofollow\">Manuel de la famille<\/a><\/li>\n\n\n\n<li><a href=\"https:\/\/latinpcs.org\/wp-content\/uploads\/2025\/09\/WLPCS-Employee-Handbook-SY2025-2026-1.pdf\">Manuel du corps professoral<\/a><\/li>\n<\/ul>\n\n<p class=\"appear-on-scroll\"><a href=\"https:\/\/latinpcs.org\/fr\/about\/latin-team\/latin-board\/\">Conseil des gouverneurs de l&#039;Universit\u00e9 latine de Washington<\/a><\/p>\n\n<p class=\"appear-on-scroll\"><a href=\"https:\/\/latinpcs.org\/wp-content\/uploads\/2025\/07\/Pay-Scales-SY25-26-TEACHER.pdf\">\u00c9chelles salariales pour les postes d&#039;enseignant<\/a><\/p>\n\n<p class=\"appear-on-scroll\"><a href=\"https:\/\/latinpcs.org\/wp-content\/uploads\/2025\/08\/WLPCS-FY26-Budget.pdf\">Budget 2025-26 de Washington Latin<\/a><\/p>\n\n<p class=\"appear-on-scroll\"><a href=\"https:\/\/latinpcs.org\/wp-content\/uploads\/2025\/08\/2023-Washington-Latin-School-990-public.pdf\">Formulaire 990 (d\u00e9clarations fiscales \u00e0 but non lucratif)<\/a><\/p>\n\n<p class=\"appear-on-scroll\"><a href=\"https:\/\/latinpcs.org\/wp-content\/uploads\/2025\/07\/Washington-Latin-Annual-Report-2023-24-final.pdf\">Rapport annuel 2023-24<\/a><\/p>\n\n<p class=\"appear-on-scroll\">Profils de sant\u00e9 scolaire<\/p>\n\n<ul  class=\"appear-on-scroll wp-block-list\" >\n<li>Coll\u00e8ge Cooper Campus<\/li>\n\n\n\n<li>\u00c9cole sup\u00e9rieure du campus Cooper<\/li>\n\n\n\n<li>Coll\u00e8ge du campus de la 2e rue\u00a0:<\/li>\n\n\n\n<li>\u00c9cole sup\u00e9rieure du campus de la 2e rue<\/li>\n<\/ul>\n\n<p class=\"appear-on-scroll\">R\u00e9sultats des tests annuels de l&#039;eau de l&#039;\u00e9cole pour le plomb<\/p>\n\n<ul  class=\"appear-on-scroll wp-block-list\" >\n<li><a href=\"https:\/\/latinpcs.org\/wp-content\/uploads\/2025\/07\/FY25-DCPCSB-Sampling-Results-Washington-Latin-PCS-Cooper-Campus.pdf\">R\u00e9sultats des tests de plomb du campus Cooper 2025<\/a><\/li>\n\n\n\n<li><a href=\"https:\/\/latinpcs.org\/wp-content\/uploads\/2025\/07\/FY25-DCPCSB-Sampling-Results-Washington-Latin-PCS-2nd-Street-Campus.pdf\">R\u00e9sultats des tests de plomb sur le campus de la 2e rue 2025<\/a><\/li>\n<\/ul>\n\n<p class=\"appear-on-scroll\">Coordonn\u00e9es des points de contact suivants de Washington Latin\u00a0:<\/p>\n\n<ul  class=\"appear-on-scroll wp-block-list\" >\n<li>Coordonnateur du Titre IX \u2013 All-Latin : <a href=\"mailto:lliu@latinpcs.org\">Lawrence Liu<\/a><\/li>\n\n\n\n<li>Coordonnateur des sans-abri de McKinney-Vento<ul  class=\"appear-on-scroll wp-block-list\" >\n<li>Campus Cooper : <a href=\"mailto:choward@latinpcs.org\">Courtney Howard<\/a><\/li>\n\n\n\n<li>Campus de la 2e rue : <a href=\"mailto:dtucker@latinpcs.org\">Dayla Tucker<\/a><\/li>\n<\/ul><\/li>\n\n\n\n<li>Point de contact pour l&#039;\u00e9ducation sp\u00e9cialis\u00e9e<ul  class=\"appear-on-scroll wp-block-list\" >\n<li>Tout en latin : <a href=\"mailto:ajesseman@latinpcs.org\">Anna Jesseman<\/a>, Directeur du soutien aux \u00e9tudiants<\/li>\n\n\n\n<li>Campus Cooper :<a href=\"mailto:pbermudez@latinpcs.org\"> Penny Bermudez<\/a>, Coordonnateur du soutien aux \u00e9tudiants<\/li>\n\n\n\n<li>Campus de la 2e rue : <a href=\"mailto:srose@latinpcs.org\">Shayna Rose<\/a>, Responsable de la conformit\u00e9 du soutien aux \u00e9tudiants<\/li>\n<\/ul><\/li>\n\n\n\n<li>Point de contact en mati\u00e8re de s\u00e9curit\u00e9 pour les agences externes, les organisations, les intervenants communautaires et les parents <ul  class=\"appear-on-scroll wp-block-list\" >\n<li>Campus Cooper : <a href=\"mailto:kroberts@latinpcs.org\">Khashiffa Roberts<\/a>, Principal<\/li>\n\n\n\n<li>Campus de la 2e rue : <a href=\"mailto:jkelly@latinpcs.org\">Jimmy Kelly<\/a>, Principal<\/li>\n<\/ul><\/li>\n<\/ul>\n\n<p class=\"appear-on-scroll\"><a href=\"https:\/\/latinpcs.org\/fr\/resources\/2025\/07\/admissions-enrollment-withdrawl-policy\/\">Formulaire(s) d&#039;inscription des \u00e9tudiants<\/a><\/p>\n\n<p class=\"appear-on-scroll\"><a href=\"https:\/\/docs.google.com\/document\/d\/1ET014enlj7mkzw-mfxjU_WPUXgBrmwJE\/edit\">Calendrier scolaire<\/a><\/p>","protected":false},"excerpt":{"rendered":"<p>Autorit\u00e9 de la charte \u00e0 Washington DC Washington Latin Public Charter School est autoris\u00e9e et responsable devant le District of Columbia Public Charter School Board (DCPCSB), le seul autorisateur des \u00e9coles publiques de DC\u2026<\/p>","protected":false},"author":1,"featured_media":0,"parent":8,"menu_order":0,"comment_status":"closed","ping_status":"closed","template":"","meta":{"featured_image_background_position":"","background-color":"","secondary-color":"","highlight-color":"","color":"","hide-navigation":false,"footnotes":""},"class_list":["post-85","page","type-page","status-publish","hentry"],"yoast_head":"<!-- This site is optimized with the Yoast SEO plugin v25.6 - https:\/\/yoast.com\/wordpress\/plugins\/seo\/ -->\n<title>Transparency - Washington Latin Public Charter Schools<\/title>\n<meta name=\"robots\" content=\"index, follow, max-snippet:-1, max-image-preview:large, max-video-preview:-1\" \/>\n<link rel=\"canonical\" href=\"https:\/\/latinpcs.org\/fr\/about\/transparency\/\" \/>\n<meta property=\"og:locale\" content=\"fr_FR\" \/>\n<meta property=\"og:type\" content=\"article\" \/>\n<meta property=\"og:title\" content=\"Transparency - Washington Latin Public Charter Schools\" \/>\n<meta property=\"og:description\" content=\"Charter Authority in DC Washington Latin Public Charter School is authorized by and accountable to the District of Columbia Public Charter School Board (DCPCSB), the sole authorizer of DC public &hellip;\" \/>\n<meta property=\"og:url\" content=\"https:\/\/latinpcs.org\/fr\/about\/transparency\/\" \/>\n<meta property=\"og:site_name\" content=\"Washington Latin Public Charter Schools\" \/>\n<meta property=\"article:publisher\" content=\"https:\/\/www.facebook.com\/WashingtonLatinPCS\/\" \/>\n<meta property=\"article:modified_time\" content=\"2026-04-13T18:59:16+00:00\" \/>\n<meta property=\"og:image\" content=\"https:\/\/latinpcs.org\/wp-content\/uploads\/2025\/07\/latin-default-social-image.jpg\" \/>\n\t<meta property=\"og:image:width\" content=\"2000\" \/>\n\t<meta property=\"og:image:height\" content=\"1333\" \/>\n\t<meta property=\"og:image:type\" content=\"image\/jpeg\" \/>\n<meta name=\"twitter:card\" content=\"summary_large_image\" \/>\n<meta name=\"twitter:label1\" content=\"Est. reading time\" \/>\n\t<meta name=\"twitter:data1\" content=\"2 minutes\" \/>\n<script type=\"application\/ld+json\" class=\"yoast-schema-graph\">{\"@context\":\"https:\/\/schema.org\",\"@graph\":[{\"@type\":\"WebPage\",\"@id\":\"https:\/\/latinpcs.org\/about\/transparency\/\",\"url\":\"https:\/\/latinpcs.org\/about\/transparency\/\",\"name\":\"Transparency - Washington Latin Public Charter Schools\",\"isPartOf\":{\"@id\":\"https:\/\/latinpcs.org\/#website\"},\"datePublished\":\"2025-06-27T19:49:39+00:00\",\"dateModified\":\"2026-04-13T18:59:16+00:00\",\"breadcrumb\":{\"@id\":\"https:\/\/latinpcs.org\/about\/transparency\/#breadcrumb\"},\"inLanguage\":\"fr-FR\",\"potentialAction\":[{\"@type\":\"ReadAction\",\"target\":[\"https:\/\/latinpcs.org\/about\/transparency\/\"]}]},{\"@type\":\"BreadcrumbList\",\"@id\":\"https:\/\/latinpcs.org\/about\/transparency\/#breadcrumb\",\"itemListElement\":[{\"@type\":\"ListItem\",\"position\":1,\"name\":\"Home\",\"item\":\"https:\/\/latinpcs.org\/\"},{\"@type\":\"ListItem\",\"position\":2,\"name\":\"About\",\"item\":\"https:\/\/latinpcs.org\/about\/\"},{\"@type\":\"ListItem\",\"position\":3,\"name\":\"Transparency\"}]},{\"@type\":\"WebSite\",\"@id\":\"https:\/\/latinpcs.org\/#website\",\"url\":\"https:\/\/latinpcs.org\/\",\"name\":\"Washington Latin Public Charter Schools\",\"description\":\"Washington Latin Public Charter Schools, based in Washington, DC, offers a classical education for the modern world for students in grades 5-12 across two campuses.\",\"publisher\":{\"@id\":\"https:\/\/latinpcs.org\/#organization\"},\"potentialAction\":[{\"@type\":\"SearchAction\",\"target\":{\"@type\":\"EntryPoint\",\"urlTemplate\":\"https:\/\/latinpcs.org\/?s={search_term_string}\"},\"query-input\":{\"@type\":\"PropertyValueSpecification\",\"valueRequired\":true,\"valueName\":\"search_term_string\"}}],\"inLanguage\":\"fr-FR\"},{\"@type\":\"Organization\",\"@id\":\"https:\/\/latinpcs.org\/#organization\",\"name\":\"Washington Latin Public Charter Schools\",\"url\":\"https:\/\/latinpcs.org\/\",\"logo\":{\"@type\":\"ImageObject\",\"inLanguage\":\"fr-FR\",\"@id\":\"https:\/\/latinpcs.org\/#\/schema\/logo\/image\/\",\"url\":\"https:\/\/latinpcs.org\/wp-content\/uploads\/2025\/07\/Latin_logo_nknm_4c.svg\",\"contentUrl\":\"https:\/\/latinpcs.org\/wp-content\/uploads\/2025\/07\/Latin_logo_nknm_4c.svg\",\"width\":1,\"height\":1,\"caption\":\"Washington Latin Public Charter Schools\"},\"image\":{\"@id\":\"https:\/\/latinpcs.org\/#\/schema\/logo\/image\/\"},\"sameAs\":[\"https:\/\/www.facebook.com\/WashingtonLatinPCS\/\",\"https:\/\/www.instagram.com\/washingtonlatinpcs\/?hl=en\",\"https:\/\/www.linkedin.com\/school\/washington-latin-public-charter-schools\/\"]}]}<\/script>\n<!-- \/ Yoast SEO plugin. -->","yoast_head_json":{"title":"Transparence - Washington Latin Public Charter Schools","robots":{"index":"index","follow":"follow","max-snippet":"max-snippet:-1","max-image-preview":"max-image-preview:large","max-video-preview":"max-video-preview:-1"},"canonical":"https:\/\/latinpcs.org\/fr\/about\/transparency\/","og_locale":"fr_FR","og_type":"article","og_title":"Transparency - Washington Latin Public Charter Schools","og_description":"Charter Authority in DC Washington Latin Public Charter School is authorized by and accountable to the District of Columbia Public Charter School Board (DCPCSB), the sole authorizer of DC public &hellip;","og_url":"https:\/\/latinpcs.org\/fr\/about\/transparency\/","og_site_name":"Washington Latin Public Charter Schools","article_publisher":"https:\/\/www.facebook.com\/WashingtonLatinPCS\/","article_modified_time":"2026-04-13T18:59:16+00:00","og_image":[{"width":2000,"height":1333,"url":"https:\/\/latinpcs.org\/wp-content\/uploads\/2025\/07\/latin-default-social-image.jpg","type":"image\/jpeg"}],"twitter_card":"summary_large_image","twitter_misc":{"Est. reading time":"2 minutes"},"schema":{"@context":"https:\/\/schema.org","@graph":[{"@type":"WebPage","@id":"https:\/\/latinpcs.org\/about\/transparency\/","url":"https:\/\/latinpcs.org\/about\/transparency\/","name":"Transparence - Washington Latin Public Charter Schools","isPartOf":{"@id":"https:\/\/latinpcs.org\/#website"},"datePublished":"2025-06-27T19:49:39+00:00","dateModified":"2026-04-13T18:59:16+00:00","breadcrumb":{"@id":"https:\/\/latinpcs.org\/about\/transparency\/#breadcrumb"},"inLanguage":"fr-FR","potentialAction":[{"@type":"ReadAction","target":["https:\/\/latinpcs.org\/about\/transparency\/"]}]},{"@type":"BreadcrumbList","@id":"https:\/\/latinpcs.org\/about\/transparency\/#breadcrumb","itemListElement":[{"@type":"ListItem","position":1,"name":"Home","item":"https:\/\/latinpcs.org\/"},{"@type":"ListItem","position":2,"name":"About","item":"https:\/\/latinpcs.org\/about\/"},{"@type":"ListItem","position":3,"name":"Transparency"}]},{"@type":"WebSite","@id":"https:\/\/latinpcs.org\/#website","url":"https:\/\/latinpcs.org\/","name":"\u00c9coles publiques \u00e0 charte latine de Washington","description":"Washington Latin Public Charter Schools, bas\u00e9 \u00e0 Washington, DC, propose une \u00e9ducation classique pour le monde moderne aux \u00e9l\u00e8ves de la 5e \u00e0 la 12e ann\u00e9e sur deux campus.","publisher":{"@id":"https:\/\/latinpcs.org\/#organization"},"potentialAction":[{"@type":"SearchAction","target":{"@type":"EntryPoint","urlTemplate":"https:\/\/latinpcs.org\/?s={search_term_string}"},"query-input":{"@type":"PropertyValueSpecification","valueRequired":true,"valueName":"search_term_string"}}],"inLanguage":"fr-FR"},{"@type":"Organization","@id":"https:\/\/latinpcs.org\/#organization","name":"\u00c9coles publiques \u00e0 charte latine de Washington","url":"https:\/\/latinpcs.org\/","logo":{"@type":"ImageObject","inLanguage":"fr-FR","@id":"https:\/\/latinpcs.org\/#\/schema\/logo\/image\/","url":"https:\/\/latinpcs.org\/wp-content\/uploads\/2025\/07\/Latin_logo_nknm_4c.svg","contentUrl":"https:\/\/latinpcs.org\/wp-content\/uploads\/2025\/07\/Latin_logo_nknm_4c.svg","width":1,"height":1,"caption":"Washington Latin Public Charter Schools"},"image":{"@id":"https:\/\/latinpcs.org\/#\/schema\/logo\/image\/"},"sameAs":["https:\/\/www.facebook.com\/WashingtonLatinPCS\/","https:\/\/www.instagram.com\/washingtonlatinpcs\/?hl=en","https:\/\/www.linkedin.com\/school\/washington-latin-public-charter-schools\/"]}]}},"_links":{"self":[{"href":"https:\/\/latinpcs.org\/fr\/wp-json\/wp\/v2\/pages\/85","targetHints":{"allow":["GET"]}}],"collection":[{"href":"https:\/\/latinpcs.org\/fr\/wp-json\/wp\/v2\/pages"}],"about":[{"href":"https:\/\/latinpcs.org\/fr\/wp-json\/wp\/v2\/types\/page"}],"author":[{"embeddable":true,"href":"https:\/\/latinpcs.org\/fr\/wp-json\/wp\/v2\/users\/1"}],"replies":[{"embeddable":true,"href":"https:\/\/latinpcs.org\/fr\/wp-json\/wp\/v2\/comments?post=85"}],"version-history":[{"count":0,"href":"https:\/\/latinpcs.org\/fr\/wp-json\/wp\/v2\/pages\/85\/revisions"}],"up":[{"embeddable":true,"href":"https:\/\/latinpcs.org\/fr\/wp-json\/wp\/v2\/pages\/8"}],"wp:attachment":[{"href":"https:\/\/latinpcs.org\/fr\/wp-json\/wp\/v2\/media?parent=85"}],"curies":[{"name":"wp","href":"https:\/\/api.w.org\/{rel}","templated":true}]}}