{"id":83,"date":"2025-06-27T19:49:20","date_gmt":"2025-06-27T19:49:20","guid":{"rendered":"https:\/\/latinpcs.org\/?page_id=83"},"modified":"2025-07-21T14:18:04","modified_gmt":"2025-07-21T14:18:04","slug":"latin-stories","status":"publish","type":"page","link":"https:\/\/latinpcs.org\/fr\/about\/latin-stories\/","title":{"rendered":"Histoires latines"},"content":{"rendered":"<p  class=\"appear-on-scroll is-style-intro\" >Contenu d&#039;introduction<\/p>\n\n<div class=\"theme-block wp-block-theme-blocks-posts has-load-more admin\">\n<form class=\"block-filters has-filters\" method=\"get\" action=\"https:\/\/latinpcs.org\/fr\/wp-json\/theme\/v1\/archive\" id=\"posts-filter\" data-target-container=\"#query-posts0\" data-target-pager=\"#query-posts-pager0\" data-trp-original-action=\"https:\/\/latinpcs.org\/fr\/wp-json\/theme\/v1\/archive\">\n<input type=\"hidden\" name=\"_fields\" value=\"rendered-html\" autocomplete=\"off\" \/>\n<input type=\"hidden\" name=\"page\" value=\"1\" id=\"current-page\" autocomplete=\"off\" \/>\n<input type=\"hidden\" name=\"per_page\" value=\"6\" autocomplete=\"off\" \/>\n<input type=\"hidden\" id=\"post__not_in\" name=\"post__not_in\" value=\"\" autocomplete=\"off\" \/>\n<input type=\"hidden\" name=\"theme_layout\" value=\"default\" autocomplete=\"off\" \/>        <input type=\"hidden\" name=\"post_type\" value=\"post\" autocomplete=\"off\" \/>\n        <input type=\"hidden\" name=\"post_status\" value=\"publish\" id=\"post_status\" autocomplete=\"off\" \/>\n        <input type=\"hidden\" name=\"posts_per_page\" value=\"6\" id=\"posts_per_page\" autocomplete=\"off\" \/>\n        <input type=\"hidden\" name=\"ignore_sticky_posts\" value=\"1\" id=\"ignore_sticky_posts\" autocomplete=\"off\" \/>\n        <input type=\"hidden\" name=\"by-post-category\" value=\"profile-story\" id=\"by-post-category\" autocomplete=\"off\" \/>\n    <div class=\"custom-filters\"><\/div>\n\n    <div class=\"message\">\n        <span class=\"found_posts\">2<\/span> <span class=\"text\">nouvelles trouv\u00e9es<\/span>         \n        <span class=\"reset\">| <button type=\"reset\">R\u00e9initialiser<\/button><\/span>\n    <\/div>\n    \n\n<input type=\"hidden\" name=\"trp-form-language\" value=\"fr\"\/><\/form>\n<div class=\"query-posts three-across per-page-6\" id=\"query-posts0\"><div class=\"default appear-on-scroll post-25622 post type-post status-publish format-standard has-post-thumbnail hentry category-college-counseling campus-2nd-street post-category-profile-story\" style=\"\">\n    \n\n        <a href=\"https:\/\/latinpcs.org\/fr\/2025\/09\/introducing-our-new-2nd-street-college-counselor\/\" class=\"thumbnail\" aria-labelledby=\"p25622-title\" style=\"\"><img decoding=\"async\" width=\"1000\" height=\"1137\" data-src=\"https:\/\/latinpcs.org\/wp-content\/uploads\/2025\/09\/J-Johnson.jpg\" class=\"attachment-post-thumb size-post-thumb wp-post-image lazyload\" alt=\"\" data-srcset=\"https:\/\/latinpcs.org\/wp-content\/uploads\/2025\/09\/J-Johnson.jpg 1000w, https:\/\/latinpcs.org\/wp-content\/uploads\/2025\/09\/J-Johnson-264x300.jpg 264w, https:\/\/latinpcs.org\/wp-content\/uploads\/2025\/09\/J-Johnson-901x1024.jpg 901w, https:\/\/latinpcs.org\/wp-content\/uploads\/2025\/09\/J-Johnson-768x873.jpg 768w, https:\/\/latinpcs.org\/wp-content\/uploads\/2025\/09\/J-Johnson-11x12.jpg 11w\" data-sizes=\"(max-width: 1000px) 100vw, 1000px\" src=\"data:image\/svg+xml;base64,PHN2ZyB3aWR0aD0iMSIgaGVpZ2h0PSIxIiB4bWxucz0iaHR0cDovL3d3dy53My5vcmcvMjAwMC9zdmciPjwvc3ZnPg==\" style=\"--smush-placeholder-width: 1000px; --smush-placeholder-aspect-ratio: 1000\/1137;\" \/><\/a><h3 class=\"title heading h4\"><a href=\"https:\/\/latinpcs.org\/fr\/2025\/09\/introducing-our-new-2nd-street-college-counselor\/\">Pr\u00e9sentation de notre nouveau conseiller du 2nd Street College<\/a><\/h3><div class=\"content\"><p>Nous sommes ravis d&#039;accueillir une nouvelle conseill\u00e8re d&#039;orientation \u00e0 2nd Street, Mme Joh&#039;nita Johnson. Mme Joh&#039;nita Johnson a commenc\u00e9 \u00e0 enseigner le latin juste apr\u00e8s la f\u00eate du Travail et a pris ses fonctions\u2026<\/p>\n<\/div>\n    \n<\/div><div class=\"default appear-on-scroll post-1 post type-post status-publish format-standard hentry category-trips campus-latin-wide post-category-profile-story\" style=\"\">\n    \n\n        <a href=\"https:\/\/latinpcs.org\/fr\/2025\/05\/inspire-grant-travel\/\" class=\"thumbnail\" aria-labelledby=\"p1-title\" style=\"\"><\/a><h3 class=\"title heading h4\"><a href=\"https:\/\/latinpcs.org\/fr\/2025\/05\/inspire-grant-travel\/\">La bourse \u00ab\u00a0Inspire\u00a0\u00bb de la facult\u00e9 finance un voyage aux Galapagos<\/a><\/h3><div class=\"content\"><p>La bourse \u00ab Inspire Grant \u00bb de Washington Latin a \u00e9t\u00e9 utilis\u00e9e par le membre du corps professoral Stilman Bruhier pour se rendre sur l&#039;\u00eele des Galapagos cet \u00e9t\u00e9<\/p>\n<\/div>\n    \n<\/div><\/div><div class=\"load-more-preview\"><div class=\"wp-block-button no-arrow is-style-fill\"><div class=\"wp-block-button__link\">Load More<\/div><\/div><\/div><\/div>","protected":false},"excerpt":{"rendered":"<p>Contenu d&#039;introduction<\/p>","protected":false},"author":1,"featured_media":0,"parent":8,"menu_order":0,"comment_status":"closed","ping_status":"closed","template":"","meta":{"featured_image_background_position":"","background-color":"","secondary-color":"","highlight-color":"","color":"","hide-navigation":false,"footnotes":""},"class_list":["post-83","page","type-page","status-publish","hentry"],"yoast_head":"<!-- This site is optimized with the Yoast SEO plugin v25.6 - https:\/\/yoast.com\/wordpress\/plugins\/seo\/ -->\n<title>Latin Stories - Washington Latin Public Charter Schools<\/title>\n<meta name=\"robots\" content=\"index, follow, max-snippet:-1, max-image-preview:large, max-video-preview:-1\" \/>\n<link rel=\"canonical\" href=\"https:\/\/latinpcs.org\/fr\/about\/latin-stories\/\" \/>\n<meta property=\"og:locale\" content=\"fr_FR\" \/>\n<meta property=\"og:type\" content=\"article\" \/>\n<meta property=\"og:title\" content=\"Latin Stories - Washington Latin Public Charter Schools\" \/>\n<meta property=\"og:description\" content=\"Intro content\" \/>\n<meta property=\"og:url\" content=\"https:\/\/latinpcs.org\/fr\/about\/latin-stories\/\" \/>\n<meta property=\"og:site_name\" content=\"Washington Latin Public Charter Schools\" \/>\n<meta property=\"article:publisher\" content=\"https:\/\/www.facebook.com\/WashingtonLatinPCS\/\" \/>\n<meta property=\"article:modified_time\" content=\"2025-07-21T14:18:04+00:00\" \/>\n<meta property=\"og:image\" content=\"https:\/\/latinpcs.org\/wp-content\/uploads\/2025\/07\/latin-default-social-image.jpg\" \/>\n\t<meta property=\"og:image:width\" content=\"2000\" \/>\n\t<meta property=\"og:image:height\" content=\"1333\" \/>\n\t<meta property=\"og:image:type\" content=\"image\/jpeg\" \/>\n<meta name=\"twitter:card\" content=\"summary_large_image\" \/>\n<meta name=\"twitter:label1\" content=\"Est. reading time\" \/>\n\t<meta name=\"twitter:data1\" content=\"1 minute\" \/>\n<script type=\"application\/ld+json\" class=\"yoast-schema-graph\">{\"@context\":\"https:\/\/schema.org\",\"@graph\":[{\"@type\":\"WebPage\",\"@id\":\"https:\/\/latinpcs.org\/about\/latin-stories\/\",\"url\":\"https:\/\/latinpcs.org\/about\/latin-stories\/\",\"name\":\"Latin Stories - Washington Latin Public Charter Schools\",\"isPartOf\":{\"@id\":\"https:\/\/latinpcs.org\/#website\"},\"datePublished\":\"2025-06-27T19:49:20+00:00\",\"dateModified\":\"2025-07-21T14:18:04+00:00\",\"breadcrumb\":{\"@id\":\"https:\/\/latinpcs.org\/about\/latin-stories\/#breadcrumb\"},\"inLanguage\":\"fr-FR\",\"potentialAction\":[{\"@type\":\"ReadAction\",\"target\":[\"https:\/\/latinpcs.org\/about\/latin-stories\/\"]}]},{\"@type\":\"BreadcrumbList\",\"@id\":\"https:\/\/latinpcs.org\/about\/latin-stories\/#breadcrumb\",\"itemListElement\":[{\"@type\":\"ListItem\",\"position\":1,\"name\":\"Home\",\"item\":\"https:\/\/latinpcs.org\/\"},{\"@type\":\"ListItem\",\"position\":2,\"name\":\"About\",\"item\":\"https:\/\/latinpcs.org\/about\/\"},{\"@type\":\"ListItem\",\"position\":3,\"name\":\"Latin Stories\"}]},{\"@type\":\"WebSite\",\"@id\":\"https:\/\/latinpcs.org\/#website\",\"url\":\"https:\/\/latinpcs.org\/\",\"name\":\"Washington Latin Public Charter Schools\",\"description\":\"Washington Latin Public Charter Schools, based in Washington, DC, offers a classical education for the modern world for students in grades 5-12 across two campuses.\",\"publisher\":{\"@id\":\"https:\/\/latinpcs.org\/#organization\"},\"potentialAction\":[{\"@type\":\"SearchAction\",\"target\":{\"@type\":\"EntryPoint\",\"urlTemplate\":\"https:\/\/latinpcs.org\/?s={search_term_string}\"},\"query-input\":{\"@type\":\"PropertyValueSpecification\",\"valueRequired\":true,\"valueName\":\"search_term_string\"}}],\"inLanguage\":\"fr-FR\"},{\"@type\":\"Organization\",\"@id\":\"https:\/\/latinpcs.org\/#organization\",\"name\":\"Washington Latin Public Charter Schools\",\"url\":\"https:\/\/latinpcs.org\/\",\"logo\":{\"@type\":\"ImageObject\",\"inLanguage\":\"fr-FR\",\"@id\":\"https:\/\/latinpcs.org\/#\/schema\/logo\/image\/\",\"url\":\"https:\/\/latinpcs.org\/wp-content\/uploads\/2025\/07\/Latin_logo_nknm_4c.svg\",\"contentUrl\":\"https:\/\/latinpcs.org\/wp-content\/uploads\/2025\/07\/Latin_logo_nknm_4c.svg\",\"width\":1,\"height\":1,\"caption\":\"Washington Latin Public Charter Schools\"},\"image\":{\"@id\":\"https:\/\/latinpcs.org\/#\/schema\/logo\/image\/\"},\"sameAs\":[\"https:\/\/www.facebook.com\/WashingtonLatinPCS\/\",\"https:\/\/www.instagram.com\/washingtonlatinpcs\/?hl=en\",\"https:\/\/www.linkedin.com\/school\/washington-latin-public-charter-schools\/\"]}]}<\/script>\n<!-- \/ Yoast SEO plugin. -->","yoast_head_json":{"title":"Latin Stories - Washington Latin Public Charter Schools","robots":{"index":"index","follow":"follow","max-snippet":"max-snippet:-1","max-image-preview":"max-image-preview:large","max-video-preview":"max-video-preview:-1"},"canonical":"https:\/\/latinpcs.org\/fr\/about\/latin-stories\/","og_locale":"fr_FR","og_type":"article","og_title":"Latin Stories - Washington Latin Public Charter Schools","og_description":"Intro content","og_url":"https:\/\/latinpcs.org\/fr\/about\/latin-stories\/","og_site_name":"Washington Latin Public Charter Schools","article_publisher":"https:\/\/www.facebook.com\/WashingtonLatinPCS\/","article_modified_time":"2025-07-21T14:18:04+00:00","og_image":[{"width":2000,"height":1333,"url":"https:\/\/latinpcs.org\/wp-content\/uploads\/2025\/07\/latin-default-social-image.jpg","type":"image\/jpeg"}],"twitter_card":"summary_large_image","twitter_misc":{"Est. reading time":"1 minute"},"schema":{"@context":"https:\/\/schema.org","@graph":[{"@type":"WebPage","@id":"https:\/\/latinpcs.org\/about\/latin-stories\/","url":"https:\/\/latinpcs.org\/about\/latin-stories\/","name":"Latin Stories - Washington Latin Public Charter Schools","isPartOf":{"@id":"https:\/\/latinpcs.org\/#website"},"datePublished":"2025-06-27T19:49:20+00:00","dateModified":"2025-07-21T14:18:04+00:00","breadcrumb":{"@id":"https:\/\/latinpcs.org\/about\/latin-stories\/#breadcrumb"},"inLanguage":"fr-FR","potentialAction":[{"@type":"ReadAction","target":["https:\/\/latinpcs.org\/about\/latin-stories\/"]}]},{"@type":"BreadcrumbList","@id":"https:\/\/latinpcs.org\/about\/latin-stories\/#breadcrumb","itemListElement":[{"@type":"ListItem","position":1,"name":"Home","item":"https:\/\/latinpcs.org\/"},{"@type":"ListItem","position":2,"name":"About","item":"https:\/\/latinpcs.org\/about\/"},{"@type":"ListItem","position":3,"name":"Latin Stories"}]},{"@type":"WebSite","@id":"https:\/\/latinpcs.org\/#website","url":"https:\/\/latinpcs.org\/","name":"\u00c9coles publiques \u00e0 charte latine de Washington","description":"Washington Latin Public Charter Schools, bas\u00e9 \u00e0 Washington, DC, propose une \u00e9ducation classique pour le monde moderne aux \u00e9l\u00e8ves de la 5e \u00e0 la 12e ann\u00e9e sur deux campus.","publisher":{"@id":"https:\/\/latinpcs.org\/#organization"},"potentialAction":[{"@type":"SearchAction","target":{"@type":"EntryPoint","urlTemplate":"https:\/\/latinpcs.org\/?s={search_term_string}"},"query-input":{"@type":"PropertyValueSpecification","valueRequired":true,"valueName":"search_term_string"}}],"inLanguage":"fr-FR"},{"@type":"Organization","@id":"https:\/\/latinpcs.org\/#organization","name":"\u00c9coles publiques \u00e0 charte latine de Washington","url":"https:\/\/latinpcs.org\/","logo":{"@type":"ImageObject","inLanguage":"fr-FR","@id":"https:\/\/latinpcs.org\/#\/schema\/logo\/image\/","url":"https:\/\/latinpcs.org\/wp-content\/uploads\/2025\/07\/Latin_logo_nknm_4c.svg","contentUrl":"https:\/\/latinpcs.org\/wp-content\/uploads\/2025\/07\/Latin_logo_nknm_4c.svg","width":1,"height":1,"caption":"Washington Latin Public Charter Schools"},"image":{"@id":"https:\/\/latinpcs.org\/#\/schema\/logo\/image\/"},"sameAs":["https:\/\/www.facebook.com\/WashingtonLatinPCS\/","https:\/\/www.instagram.com\/washingtonlatinpcs\/?hl=en","https:\/\/www.linkedin.com\/school\/washington-latin-public-charter-schools\/"]}]}},"_links":{"self":[{"href":"https:\/\/latinpcs.org\/fr\/wp-json\/wp\/v2\/pages\/83","targetHints":{"allow":["GET"]}}],"collection":[{"href":"https:\/\/latinpcs.org\/fr\/wp-json\/wp\/v2\/pages"}],"about":[{"href":"https:\/\/latinpcs.org\/fr\/wp-json\/wp\/v2\/types\/page"}],"author":[{"embeddable":true,"href":"https:\/\/latinpcs.org\/fr\/wp-json\/wp\/v2\/users\/1"}],"replies":[{"embeddable":true,"href":"https:\/\/latinpcs.org\/fr\/wp-json\/wp\/v2\/comments?post=83"}],"version-history":[{"count":0,"href":"https:\/\/latinpcs.org\/fr\/wp-json\/wp\/v2\/pages\/83\/revisions"}],"up":[{"embeddable":true,"href":"https:\/\/latinpcs.org\/fr\/wp-json\/wp\/v2\/pages\/8"}],"wp:attachment":[{"href":"https:\/\/latinpcs.org\/fr\/wp-json\/wp\/v2\/media?parent=83"}],"curies":[{"name":"wp","href":"https:\/\/api.w.org\/{rel}","templated":true}]}}