{"id":8,"date":"2025-05-29T18:14:10","date_gmt":"2025-05-29T18:14:10","guid":{"rendered":"https:\/\/latinpcs.org\/?page_id=8"},"modified":"2025-08-08T17:44:55","modified_gmt":"2025-08-08T17:44:55","slug":"about","status":"publish","type":"page","link":"https:\/\/latinpcs.org\/fr\/about\/","title":{"rendered":"\u00c0 propos"},"content":{"rendered":"<p  class=\"appear-on-scroll is-style-intro\" >Washington Latin est un r\u00e9seau d&#039;\u00e9coles pr\u00e9paratoires aux \u00e9tudes sup\u00e9rieures en arts lib\u00e9raux, \u00e0 vocation classique. Nous accueillons plus de 1\u00a0000 \u00e9l\u00e8ves de la 5e \u00e0 la Terminale, r\u00e9partis sur nos deux campus.<\/p>\n\n<p class=\"appear-on-scroll\">Les deux campus de Washington Latin Public Charter Schools offrent aux \u00e9tudiants de la capitale un programme d&#039;\u00e9tudes riche et complet, s&#039;inscrivant dans la tradition classique. \u00c0 une \u00e9poque d&#039;homog\u00e9n\u00e9isation croissante de l&#039;\u00e9ducation, nous proposons une exp\u00e9rience v\u00e9ritablement unique. Nous sommes convaincus que l&#039;\u00e9ducation est une formation du caract\u00e8re, et que le caract\u00e8re est le point de rencontre entre le d\u00e9veloppement intellectuel et l&#039;int\u00e9grit\u00e9 morale. Notre programme vise \u00e0 d\u00e9velopper la capacit\u00e9 de chaque \u00e9l\u00e8ve \u00e0 r\u00e9fl\u00e9chir, \u00e0 prendre en compte les points de vue et les besoins d&#039;autrui et \u00e0 agir avec int\u00e9grit\u00e9. Notre objectif est de former des \u00e9l\u00e8ves r\u00e9fl\u00e9chis, capables de contribuer au bien commun et de poursuivre leur qu\u00eate d&#039;une humanit\u00e9 plus \u00e9panouie.<\/p>\n\n<blockquote  class=\"appear-on-scroll wp-block-quote alignleft is-layout-flow wp-block-quote-is-layout-flow\" ><p class=\"appear-on-scroll\">Une \u00e9ducation efficace cultive non seulement l&#039;intellect et stimule l&#039;imagination, mais nourrit aussi l&#039;esprit et forme le corps. Gr\u00e2ce \u00e0 cette approche holistique, Washington Latin forme des \u00e9tudiants ambitieux qui souhaitent mener une vie \u00e0 la fois \u00e9panouissante et au service des autres.<\/p><cite>Peter Anderson, PDG et directeur des \u00e9coles<\/cite><\/blockquote>\n\n<h2  class=\"appear-on-scroll wp-block-heading\" ><span class=\"text\">Nos caract\u00e9ristiques essentielles<\/span><\/h2>\n\n<figure  class=\"theme-block appear-on-scroll wp-block-image size-large is-resized\" ><div class=\"image\"><img decoding=\"async\" width=\"1024\" height=\"684\" data-src=\"https:\/\/latinpcs.org\/wp-content\/uploads\/2025\/07\/DSC_4546-1024x684.jpg\" alt=\"\" class=\"wp-image-23751 lazyload\" style=\"--smush-placeholder-width: 1024px; --smush-placeholder-aspect-ratio: 1024\/684;width:1113px;height:auto\" data-srcset=\"https:\/\/latinpcs.org\/wp-content\/uploads\/2025\/07\/DSC_4546-1024x684.jpg 1024w, https:\/\/latinpcs.org\/wp-content\/uploads\/2025\/07\/DSC_4546-300x200.jpg 300w, https:\/\/latinpcs.org\/wp-content\/uploads\/2025\/07\/DSC_4546-768x513.jpg 768w, https:\/\/latinpcs.org\/wp-content\/uploads\/2025\/07\/DSC_4546-1536x1025.jpg 1536w, https:\/\/latinpcs.org\/wp-content\/uploads\/2025\/07\/DSC_4546-2048x1367.jpg 2048w, https:\/\/latinpcs.org\/wp-content\/uploads\/2025\/07\/DSC_4546-18x12.jpg 18w\" data-sizes=\"(max-width: 1024px) 100vw, 1024px\" src=\"data:image\/svg+xml;base64,PHN2ZyB3aWR0aD0iMSIgaGVpZ2h0PSIxIiB4bWxucz0iaHR0cDovL3d3dy53My5vcmcvMjAwMC9zdmciPjwvc3ZnPg==\" \/><\/div><figcaption class=\"wp-element-caption\">La joie est au c\u0153ur de nos \u00e9coles, comme le d\u00e9montrent les \u00e9l\u00e8ves de la 2e rue devant le gymnase Martha C. Cutts.<\/figcaption><\/figure>\n\n<p class=\"appear-on-scroll\">Nos \u00e9coles sont fond\u00e9es sur quelques caract\u00e9ristiques essentielles qui fa\u00e7onnent l\u2019exp\u00e9rience latine de Washington pour nos professeurs, nos \u00e9tudiants et nos familles : la mission classique, l\u2019excellence et l\u2019autonomie du corps professoral, une communaut\u00e9 diversifi\u00e9e et int\u00e9gr\u00e9e et une culture personnelle et enrichissante.<\/p>\n\n<div  class=\"theme-block wp-block-media-text is-stacked-on-mobile\" ><figure class=\"wp-block-media-text__media\"><img decoding=\"async\" width=\"1024\" height=\"650\" data-src=\"https:\/\/latinpcs.org\/wp-content\/uploads\/2025\/07\/LATIN-VERBS--1024x650.jpg\" alt=\"\" class=\"wp-image-23867 size-full lazyload\" data-srcset=\"https:\/\/latinpcs.org\/wp-content\/uploads\/2025\/07\/LATIN-VERBS--1024x650.jpg 1024w, https:\/\/latinpcs.org\/wp-content\/uploads\/2025\/07\/LATIN-VERBS--300x191.jpg 300w, https:\/\/latinpcs.org\/wp-content\/uploads\/2025\/07\/LATIN-VERBS--768x488.jpg 768w, https:\/\/latinpcs.org\/wp-content\/uploads\/2025\/07\/LATIN-VERBS--1536x976.jpg 1536w, https:\/\/latinpcs.org\/wp-content\/uploads\/2025\/07\/LATIN-VERBS--2048x1301.jpg 2048w, https:\/\/latinpcs.org\/wp-content\/uploads\/2025\/07\/LATIN-VERBS--18x12.jpg 18w\" data-sizes=\"(max-width: 1024px) 100vw, 1024px\" src=\"data:image\/svg+xml;base64,PHN2ZyB3aWR0aD0iMSIgaGVpZ2h0PSIxIiB4bWxucz0iaHR0cDovL3d3dy53My5vcmcvMjAwMC9zdmciPjwvc3ZnPg==\" style=\"--smush-placeholder-width: 1024px; --smush-placeholder-aspect-ratio: 1024\/650;\" \/><\/figure><div class=\"wp-block-media-text__content appear-on-scroll\"><h3  class=\"wp-block-heading\" ><span class=\"text\">Mission classique<\/span><\/h3>\n\n<p class=\"\">Notre mod\u00e8le allie des v\u00e9rit\u00e9s intemporelles de l&#039;Antiquit\u00e9 \u00e0 l&#039;\u00e9tude de questions contemporaines gr\u00e2ce \u00e0 un vaste programme d&#039;arts lib\u00e9raux, visant \u00e0 aider nos \u00e9l\u00e8ves \u00e0 d\u00e9velopper leur autonomie individuelle et leur engagement pour le bien commun. Nous encourageons les \u00e9l\u00e8ves \u00e0 r\u00e9fl\u00e9chir aux questions morales dans toutes les mati\u00e8res et tous les niveaux, notamment gr\u00e2ce \u00e0 des s\u00e9minaires socratiques r\u00e9guliers qui les aident \u00e0 d\u00e9velopper des opinions \u00e9clair\u00e9es, raisonn\u00e9es et flexibles. Cette capacit\u00e9 \u00e0 s&#039;engager dans un d\u00e9bat civilis\u00e9 est un pilier de notre soci\u00e9t\u00e9 d\u00e9mocratique et constitue donc un \u00e9l\u00e9ment important de notre programme.<\/p>\n\n<div  class=\"wp-block-buttons is-layout-flex wp-block-buttons-is-layout-flex\" >\n<div class=\"wp-block-button\"><a class=\"wp-block-button__link wp-element-button\" href=\"https:\/\/latinpcs.org\/fr\/about\/our-model\/\"><span class=\"label\">En savoir plus sur l&#039;\u00e9ducation classique en latin<\/span><\/a><\/div>\n<\/div><\/div><\/div>\n\n<div  class=\"theme-block wp-block-media-text has-media-on-the-right is-stacked-on-mobile\" ><div class=\"wp-block-media-text__content appear-on-scroll\"><h3  class=\"wp-block-heading\" ><span class=\"text\">Excellence et autonomie du corps professoral<\/span><\/h3>\n\n<p class=\"\">Nos responsables sont des enseignants, et nos enseignants sont des leaders. Ils apportent \u00e0 leurs classes leur expertise et leur passion pour leurs disciplines. Nous leur accordons une autonomie dans leurs choix de programmes et d&#039;enseignement, tout en leur offrant un soutien personnalis\u00e9 et des opportunit\u00e9s de d\u00e9veloppement professionnel. Par-dessus tout, nous respectons et cultivons leur intelligence et leur humanit\u00e9. Le r\u00e9sultat\u00a0: un corps stable d&#039;enseignants d&#039;excellence, soud\u00e9s et d\u00e9vou\u00e9s \u00e0 la r\u00e9ussite \u00e0 long terme de leurs \u00e9l\u00e8ves.<\/p>\n\n<div  class=\"wp-block-buttons is-layout-flex wp-block-buttons-is-layout-flex\" >\n<div class=\"wp-block-button\"><a class=\"wp-block-button__link wp-element-button\" href=\"\/fr\/about\/careers\/\"><span class=\"label\">Rejoignez notre facult\u00e9<\/span><\/a><\/div>\n<\/div><\/div><figure class=\"wp-block-media-text__media\"><img decoding=\"async\" width=\"1024\" height=\"655\" data-src=\"https:\/\/latinpcs.org\/wp-content\/uploads\/2025\/07\/Mr-Love-teaches-2-1024x655.jpeg\" alt=\"\" class=\"wp-image-23868 size-full lazyload\" data-srcset=\"https:\/\/latinpcs.org\/wp-content\/uploads\/2025\/07\/Mr-Love-teaches-2-1024x655.jpeg 1024w, https:\/\/latinpcs.org\/wp-content\/uploads\/2025\/07\/Mr-Love-teaches-2-300x192.jpeg 300w, https:\/\/latinpcs.org\/wp-content\/uploads\/2025\/07\/Mr-Love-teaches-2-768x491.jpeg 768w, https:\/\/latinpcs.org\/wp-content\/uploads\/2025\/07\/Mr-Love-teaches-2-1536x982.jpeg 1536w, https:\/\/latinpcs.org\/wp-content\/uploads\/2025\/07\/Mr-Love-teaches-2-18x12.jpeg 18w, https:\/\/latinpcs.org\/wp-content\/uploads\/2025\/07\/Mr-Love-teaches-2.jpeg 1971w\" data-sizes=\"(max-width: 1024px) 100vw, 1024px\" src=\"data:image\/svg+xml;base64,PHN2ZyB3aWR0aD0iMSIgaGVpZ2h0PSIxIiB4bWxucz0iaHR0cDovL3d3dy53My5vcmcvMjAwMC9zdmciPjwvc3ZnPg==\" style=\"--smush-placeholder-width: 1024px; --smush-placeholder-aspect-ratio: 1024\/655;\" \/><\/figure><\/div>\n\n<div  class=\"theme-block wp-block-media-text is-stacked-on-mobile\" ><figure class=\"wp-block-media-text__media\"><img decoding=\"async\" width=\"1024\" height=\"683\" data-src=\"https:\/\/latinpcs.org\/wp-content\/uploads\/2025\/07\/IMG_3555-1024x683.jpg\" alt=\"\" class=\"wp-image-23761 size-full lazyload\" data-srcset=\"https:\/\/latinpcs.org\/wp-content\/uploads\/2025\/07\/IMG_3555-1024x683.jpg 1024w, https:\/\/latinpcs.org\/wp-content\/uploads\/2025\/07\/IMG_3555-300x200.jpg 300w, https:\/\/latinpcs.org\/wp-content\/uploads\/2025\/07\/IMG_3555-768x512.jpg 768w, https:\/\/latinpcs.org\/wp-content\/uploads\/2025\/07\/IMG_3555-1536x1025.jpg 1536w, https:\/\/latinpcs.org\/wp-content\/uploads\/2025\/07\/IMG_3555-2048x1366.jpg 2048w, https:\/\/latinpcs.org\/wp-content\/uploads\/2025\/07\/IMG_3555-18x12.jpg 18w\" data-sizes=\"(max-width: 1024px) 100vw, 1024px\" src=\"data:image\/svg+xml;base64,PHN2ZyB3aWR0aD0iMSIgaGVpZ2h0PSIxIiB4bWxucz0iaHR0cDovL3d3dy53My5vcmcvMjAwMC9zdmciPjwvc3ZnPg==\" style=\"--smush-placeholder-width: 1024px; --smush-placeholder-aspect-ratio: 1024\/683;\" \/><\/figure><div class=\"wp-block-media-text__content appear-on-scroll\"><h3  class=\"wp-block-heading\" ><span class=\"text\">Culture personnelle et enrichissante<\/span><\/h3>\n\n<p class=\"\">Washington Latin est volontairement de petite taille (globalement et en termes d&#039;effectifs par classe), afin que chacun soit reconnu comme un \u00e9rudit et un individu. Nous visons la confiance et le respect mutuels afin de stimuler la curiosit\u00e9 intellectuelle et la cr\u00e9ativit\u00e9. Nous souhaitons que les \u00e9tudiants et les professeurs ressentent un sentiment d&#039;appartenance qui les encourage \u00e0 essayer de nouvelles choses, \u00e0 remettre en question les id\u00e9es, \u00e0 commettre des erreurs et \u00e0 s&#039;affirmer comme des leaders.<\/p>\n\n<div  class=\"wp-block-buttons is-layout-flex wp-block-buttons-is-layout-flex\" >\n<div class=\"wp-block-button\"><a class=\"wp-block-button__link wp-element-button\" href=\"\/fr\/about\/our-values\/\"><span class=\"label\">Lisez toutes les valeurs du latin<\/span><\/a><\/div>\n<\/div><\/div><\/div>\n\n<h2  class=\"appear-on-scroll wp-block-heading\" ><span class=\"text\">Notre histoire<\/span><\/h2>\n\n<p class=\"appear-on-scroll\">Washington Latin a vu le jour en 2006. Nous avons d\u00e9but\u00e9 modestement, avec 179 \u00e9l\u00e8ves de la 5e \u00e0 la 5e ann\u00e9e, dans une \u00e9glise pr\u00e8s de la cath\u00e9drale nationale de Washington. Au cours des cinq ann\u00e9es suivantes, nous avons ajout\u00e9 une classe \u00e0 notre effectif jusqu&#039;\u00e0 atteindre l&#039;effectif complet (de la 5e \u00e0 la terminale) en 2011-2012. Notre premi\u00e8re promotion a obtenu son dipl\u00f4me en 2012, et huit autres ont suivi, portant le total \u00e0 pr\u00e8s de 1\u00a0000 \u00e9l\u00e8ves de Washington Latin.<\/p>\n\n<p class=\"appear-on-scroll\">En moins d\u2019une d\u00e9cennie, les dirigeants d\u00e9vou\u00e9s et exp\u00e9riment\u00e9s de l\u2019\u00e9cole<a href=\"https:\/\/latinpcs.org\/fr\/about\/our-team\/leadership\/\"> <\/a>Nous avons b\u00e2ti notre programme d&#039;\u00e9tudes, recrut\u00e9 un corps professoral et un personnel talentueux, et d\u00e9velopp\u00e9 notre culture et notre communaut\u00e9. Durant ces premi\u00e8res ann\u00e9es, l&#039;\u00e9cole a occup\u00e9 divers locaux temporaires, mais a continu\u00e9 d&#039;attirer des familles qui ont compris la valeur de ce mod\u00e8le classique et ont fait confiance \u00e0 notre capacit\u00e9 \u00e0 offrir un enseignement de qualit\u00e9 pendant cette p\u00e9riode de croissance.<\/p>\n\n<div id=\"the-2nd-street-campus\" class=\"wp-block-theme-blocks-expandable appear-on-scroll theme-block has-layout-center expand\"><div role=\"button\" tabindex=\"0\" class=\"block-question appear-on-scroll heading h4\">Le campus de la 2e rue<\/div><div class=\"block-answer\" style=\"display:none;\">\n<p class=\"appear-on-scroll\">Tout en construisant notre mod\u00e8le et notre \u00e9quipe, la direction de l&#039;\u00e9cole et du conseil scolaire s&#039;est \u00e9galement attach\u00e9e \u00e0 trouver un emplacement permanent pour notre \u00e9cole encore jeune. De 2006 \u00e0 2013, Washington Latin a occup\u00e9 six locaux avant d&#039;obtenir enfin un \u00e9tablissement permanent en 2012\u00a0: l&#039;ancienne \u00e9cole primaire Cuno Rudolph, situ\u00e9e dans le quartier Fort Totten du quartier 4, au nord-ouest de Washington. Apr\u00e8s d&#039;importants travaux de r\u00e9novation visant \u00e0 remettre le b\u00e2timent en \u00e9tat de fonctionnement, nous avons ouvert les portes \u00e0 nos \u00e9l\u00e8ves \u00e0 l&#039;automne 2013. Au printemps 2016, nous avons achev\u00e9 la construction de notre gymnase de 1\u00a0100 m\u00e8tres carr\u00e9s.<\/p>\n<\/div><\/div>\n\n<div id=\"the-anna-julia-cooper-campus\" class=\"wp-block-theme-blocks-expandable appear-on-scroll theme-block has-layout-center expand\"><div role=\"button\" tabindex=\"0\" class=\"block-question appear-on-scroll heading h4\">Le campus Anna Julia Cooper<\/div><div class=\"block-answer\" style=\"display:none;\">\n<p class=\"appear-on-scroll\">Le campus Anna Julia Cooper a accueilli ses classes fondatrices de 5e et 6e ann\u00e9e dans un emplacement temporaire dans le quartier Edgewood du quartier 5. En 2025, le campus Cooper a d\u00e9m\u00e9nag\u00e9 dans son emplacement permanent juste \u00e0 c\u00f4t\u00e9 de North Capitol Street dans le quartier 5 sur un campus r\u00e9imagin\u00e9 sur le terrain de ce qui \u00e9tait \u00e0 l&#039;origine un monast\u00e8re et plus r\u00e9cemment l&#039;Acad\u00e9mie de ballet Kirov. <\/p>\n<\/div><\/div>\n\n<h2  class=\"appear-on-scroll wp-block-heading\" ><span class=\"text\">Un engagement en faveur de l&#039;\u00e9quit\u00e9 et de l&#039;acc\u00e8s<\/span><\/h2>\n\n<p class=\"appear-on-scroll\">En 2022, notre organisation a ouvert un nouveau chapitre avec l&#039;ouverture de notre deuxi\u00e8me campus. Notre objectif\u00a0: rendre notre enseignement classique et moderne unique accessible \u00e0 un plus grand nombre de familles de Washington D.C. Apr\u00e8s avoir soigneusement \u00e9tudi\u00e9 diff\u00e9rentes pistes de d\u00e9veloppement, la direction de Latin s&#039;est engag\u00e9e \u00e0 cr\u00e9er un autre campus offrant le m\u00eame enseignement classique latin adapt\u00e9 au monde moderne \u00e0 740\u00a0\u00e9l\u00e8ves suppl\u00e9mentaires, de la 5e \u00e0 la Terminale. Nous recrutons et accueillons des \u00e9l\u00e8ves de tous horizons, y compris ceux qui risquent d&#039;avoir des difficult\u00e9s scolaires ou qui arrivent en dessous du niveau scolaire. Cet engagement en faveur de l&#039;\u00e9quit\u00e9 demeure au c\u0153ur de notre programme.<\/p>\n\n\n<div class=\"wp-block-columns is-layout-flex wp-container-core-columns-is-layout-28f84493 wp-block-columns-is-layout-flex\">\n<div class=\"wp-block-column is-layout-flow wp-block-column-is-layout-flow\" style=\"flex-basis:50%\"><\/div>\n<\/div>","protected":false},"excerpt":{"rendered":"<p>Washington Latin est un r\u00e9seau d&#039;\u00e9coles d&#039;arts lib\u00e9raux et de pr\u00e9paration \u00e0 l&#039;universit\u00e9, \u00e0 vocation classique. Nous accueillons plus de 1\u00a0000 \u00e9l\u00e8ves de la 5e \u00e0 la Terminale, r\u00e9partis dans tout le district\u2026<\/p>","protected":false},"author":1,"featured_media":23856,"parent":0,"menu_order":10,"comment_status":"closed","ping_status":"closed","template":"","meta":{"featured_image_background_position":"52% 37%","background-color":"","secondary-color":"","highlight-color":"","color":"","hide-navigation":false,"footnotes":""},"class_list":["post-8","page","type-page","status-publish","has-post-thumbnail","hentry"],"yoast_head":"<!-- This site is optimized with the Yoast SEO plugin v25.6 - https:\/\/yoast.com\/wordpress\/plugins\/seo\/ -->\n<title>About - Washington Latin Public Charter Schools<\/title>\n<meta name=\"robots\" content=\"index, follow, max-snippet:-1, max-image-preview:large, max-video-preview:-1\" \/>\n<link rel=\"canonical\" href=\"https:\/\/latinpcs.org\/fr\/about\/\" \/>\n<meta property=\"og:locale\" content=\"fr_FR\" \/>\n<meta property=\"og:type\" content=\"article\" \/>\n<meta property=\"og:title\" content=\"About - Washington Latin Public Charter Schools\" \/>\n<meta property=\"og:description\" content=\"Washington Latin is a liberal arts, college preparatory network of schools with a classical mission. We serve more than 1,000 students in grades 5-12 from across the District across our &hellip;\" \/>\n<meta property=\"og:url\" content=\"https:\/\/latinpcs.org\/fr\/about\/\" \/>\n<meta property=\"og:site_name\" content=\"Washington Latin Public Charter Schools\" \/>\n<meta property=\"article:publisher\" content=\"https:\/\/www.facebook.com\/WashingtonLatinPCS\/\" \/>\n<meta property=\"article:modified_time\" content=\"2025-08-08T17:44:55+00:00\" \/>\n<meta property=\"og:image\" content=\"https:\/\/latinpcs.org\/wp-content\/uploads\/2025\/07\/Classroom-2024-DCPCSB-boy-Latin-class-US-scaled.jpg\" \/>\n\t<meta property=\"og:image:width\" content=\"3840\" \/>\n\t<meta property=\"og:image:height\" content=\"2560\" \/>\n\t<meta property=\"og:image:type\" content=\"image\/jpeg\" \/>\n<meta name=\"twitter:card\" content=\"summary_large_image\" \/>\n<meta name=\"twitter:label1\" content=\"Est. reading time\" \/>\n\t<meta name=\"twitter:data1\" content=\"5 minutes\" \/>\n<script type=\"application\/ld+json\" class=\"yoast-schema-graph\">{\"@context\":\"https:\/\/schema.org\",\"@graph\":[{\"@type\":\"WebPage\",\"@id\":\"https:\/\/latinpcs.org\/about\/\",\"url\":\"https:\/\/latinpcs.org\/about\/\",\"name\":\"About - Washington Latin Public Charter Schools\",\"isPartOf\":{\"@id\":\"https:\/\/latinpcs.org\/#website\"},\"primaryImageOfPage\":{\"@id\":\"https:\/\/latinpcs.org\/about\/#primaryimage\"},\"image\":{\"@id\":\"https:\/\/latinpcs.org\/about\/#primaryimage\"},\"thumbnailUrl\":\"https:\/\/latinpcs.org\/wp-content\/uploads\/2025\/07\/Classroom-2024-DCPCSB-boy-Latin-class-US-scaled.jpg\",\"datePublished\":\"2025-05-29T18:14:10+00:00\",\"dateModified\":\"2025-08-08T17:44:55+00:00\",\"breadcrumb\":{\"@id\":\"https:\/\/latinpcs.org\/about\/#breadcrumb\"},\"inLanguage\":\"fr-FR\",\"potentialAction\":[{\"@type\":\"ReadAction\",\"target\":[\"https:\/\/latinpcs.org\/about\/\"]}]},{\"@type\":\"ImageObject\",\"inLanguage\":\"fr-FR\",\"@id\":\"https:\/\/latinpcs.org\/about\/#primaryimage\",\"url\":\"https:\/\/latinpcs.org\/wp-content\/uploads\/2025\/07\/Classroom-2024-DCPCSB-boy-Latin-class-US-scaled.jpg\",\"contentUrl\":\"https:\/\/latinpcs.org\/wp-content\/uploads\/2025\/07\/Classroom-2024-DCPCSB-boy-Latin-class-US-scaled.jpg\",\"width\":3840,\"height\":2560},{\"@type\":\"BreadcrumbList\",\"@id\":\"https:\/\/latinpcs.org\/about\/#breadcrumb\",\"itemListElement\":[{\"@type\":\"ListItem\",\"position\":1,\"name\":\"Home\",\"item\":\"https:\/\/latinpcs.org\/\"},{\"@type\":\"ListItem\",\"position\":2,\"name\":\"About\"}]},{\"@type\":\"WebSite\",\"@id\":\"https:\/\/latinpcs.org\/#website\",\"url\":\"https:\/\/latinpcs.org\/\",\"name\":\"Washington Latin Public Charter Schools\",\"description\":\"Washington Latin Public Charter Schools, based in Washington, DC, offers a classical education for the modern world for students in grades 5-12 across two campuses.\",\"publisher\":{\"@id\":\"https:\/\/latinpcs.org\/#organization\"},\"potentialAction\":[{\"@type\":\"SearchAction\",\"target\":{\"@type\":\"EntryPoint\",\"urlTemplate\":\"https:\/\/latinpcs.org\/?s={search_term_string}\"},\"query-input\":{\"@type\":\"PropertyValueSpecification\",\"valueRequired\":true,\"valueName\":\"search_term_string\"}}],\"inLanguage\":\"fr-FR\"},{\"@type\":\"Organization\",\"@id\":\"https:\/\/latinpcs.org\/#organization\",\"name\":\"Washington Latin Public Charter Schools\",\"url\":\"https:\/\/latinpcs.org\/\",\"logo\":{\"@type\":\"ImageObject\",\"inLanguage\":\"fr-FR\",\"@id\":\"https:\/\/latinpcs.org\/#\/schema\/logo\/image\/\",\"url\":\"https:\/\/latinpcs.org\/wp-content\/uploads\/2025\/07\/Latin_logo_nknm_4c.svg\",\"contentUrl\":\"https:\/\/latinpcs.org\/wp-content\/uploads\/2025\/07\/Latin_logo_nknm_4c.svg\",\"width\":1,\"height\":1,\"caption\":\"Washington Latin Public Charter Schools\"},\"image\":{\"@id\":\"https:\/\/latinpcs.org\/#\/schema\/logo\/image\/\"},\"sameAs\":[\"https:\/\/www.facebook.com\/WashingtonLatinPCS\/\",\"https:\/\/www.instagram.com\/washingtonlatinpcs\/?hl=en\",\"https:\/\/www.linkedin.com\/school\/washington-latin-public-charter-schools\/\"]}]}<\/script>\n<!-- \/ Yoast SEO plugin. -->","yoast_head_json":{"title":"\u00c0 propos - Washington Latin Public Charter Schools","robots":{"index":"index","follow":"follow","max-snippet":"max-snippet:-1","max-image-preview":"max-image-preview:large","max-video-preview":"max-video-preview:-1"},"canonical":"https:\/\/latinpcs.org\/fr\/about\/","og_locale":"fr_FR","og_type":"article","og_title":"About - Washington Latin Public Charter Schools","og_description":"Washington Latin is a liberal arts, college preparatory network of schools with a classical mission. We serve more than 1,000 students in grades 5-12 from across the District across our &hellip;","og_url":"https:\/\/latinpcs.org\/fr\/about\/","og_site_name":"Washington Latin Public Charter Schools","article_publisher":"https:\/\/www.facebook.com\/WashingtonLatinPCS\/","article_modified_time":"2025-08-08T17:44:55+00:00","og_image":[{"width":3840,"height":2560,"url":"https:\/\/latinpcs.org\/wp-content\/uploads\/2025\/07\/Classroom-2024-DCPCSB-boy-Latin-class-US-scaled.jpg","type":"image\/jpeg"}],"twitter_card":"summary_large_image","twitter_misc":{"Est. reading time":"5 minutes"},"schema":{"@context":"https:\/\/schema.org","@graph":[{"@type":"WebPage","@id":"https:\/\/latinpcs.org\/about\/","url":"https:\/\/latinpcs.org\/about\/","name":"\u00c0 propos - Washington Latin Public Charter Schools","isPartOf":{"@id":"https:\/\/latinpcs.org\/#website"},"primaryImageOfPage":{"@id":"https:\/\/latinpcs.org\/about\/#primaryimage"},"image":{"@id":"https:\/\/latinpcs.org\/about\/#primaryimage"},"thumbnailUrl":"https:\/\/latinpcs.org\/wp-content\/uploads\/2025\/07\/Classroom-2024-DCPCSB-boy-Latin-class-US-scaled.jpg","datePublished":"2025-05-29T18:14:10+00:00","dateModified":"2025-08-08T17:44:55+00:00","breadcrumb":{"@id":"https:\/\/latinpcs.org\/about\/#breadcrumb"},"inLanguage":"fr-FR","potentialAction":[{"@type":"ReadAction","target":["https:\/\/latinpcs.org\/about\/"]}]},{"@type":"ImageObject","inLanguage":"fr-FR","@id":"https:\/\/latinpcs.org\/about\/#primaryimage","url":"https:\/\/latinpcs.org\/wp-content\/uploads\/2025\/07\/Classroom-2024-DCPCSB-boy-Latin-class-US-scaled.jpg","contentUrl":"https:\/\/latinpcs.org\/wp-content\/uploads\/2025\/07\/Classroom-2024-DCPCSB-boy-Latin-class-US-scaled.jpg","width":3840,"height":2560},{"@type":"BreadcrumbList","@id":"https:\/\/latinpcs.org\/about\/#breadcrumb","itemListElement":[{"@type":"ListItem","position":1,"name":"Home","item":"https:\/\/latinpcs.org\/"},{"@type":"ListItem","position":2,"name":"About"}]},{"@type":"WebSite","@id":"https:\/\/latinpcs.org\/#website","url":"https:\/\/latinpcs.org\/","name":"\u00c9coles publiques \u00e0 charte latine de Washington","description":"Washington Latin Public Charter Schools, bas\u00e9 \u00e0 Washington, DC, propose une \u00e9ducation classique pour le monde moderne aux \u00e9l\u00e8ves de la 5e \u00e0 la 12e ann\u00e9e sur deux campus.","publisher":{"@id":"https:\/\/latinpcs.org\/#organization"},"potentialAction":[{"@type":"SearchAction","target":{"@type":"EntryPoint","urlTemplate":"https:\/\/latinpcs.org\/?s={search_term_string}"},"query-input":{"@type":"PropertyValueSpecification","valueRequired":true,"valueName":"search_term_string"}}],"inLanguage":"fr-FR"},{"@type":"Organization","@id":"https:\/\/latinpcs.org\/#organization","name":"\u00c9coles publiques \u00e0 charte latine de Washington","url":"https:\/\/latinpcs.org\/","logo":{"@type":"ImageObject","inLanguage":"fr-FR","@id":"https:\/\/latinpcs.org\/#\/schema\/logo\/image\/","url":"https:\/\/latinpcs.org\/wp-content\/uploads\/2025\/07\/Latin_logo_nknm_4c.svg","contentUrl":"https:\/\/latinpcs.org\/wp-content\/uploads\/2025\/07\/Latin_logo_nknm_4c.svg","width":1,"height":1,"caption":"Washington Latin Public Charter Schools"},"image":{"@id":"https:\/\/latinpcs.org\/#\/schema\/logo\/image\/"},"sameAs":["https:\/\/www.facebook.com\/WashingtonLatinPCS\/","https:\/\/www.instagram.com\/washingtonlatinpcs\/?hl=en","https:\/\/www.linkedin.com\/school\/washington-latin-public-charter-schools\/"]}]}},"_links":{"self":[{"href":"https:\/\/latinpcs.org\/fr\/wp-json\/wp\/v2\/pages\/8","targetHints":{"allow":["GET"]}}],"collection":[{"href":"https:\/\/latinpcs.org\/fr\/wp-json\/wp\/v2\/pages"}],"about":[{"href":"https:\/\/latinpcs.org\/fr\/wp-json\/wp\/v2\/types\/page"}],"author":[{"embeddable":true,"href":"https:\/\/latinpcs.org\/fr\/wp-json\/wp\/v2\/users\/1"}],"replies":[{"embeddable":true,"href":"https:\/\/latinpcs.org\/fr\/wp-json\/wp\/v2\/comments?post=8"}],"version-history":[{"count":0,"href":"https:\/\/latinpcs.org\/fr\/wp-json\/wp\/v2\/pages\/8\/revisions"}],"wp:featuredmedia":[{"embeddable":true,"href":"https:\/\/latinpcs.org\/fr\/wp-json\/wp\/v2\/media\/23856"}],"wp:attachment":[{"href":"https:\/\/latinpcs.org\/fr\/wp-json\/wp\/v2\/media?parent=8"}],"curies":[{"name":"wp","href":"https:\/\/api.w.org\/{rel}","templated":true}]}}