{"id":75,"date":"2025-06-27T19:47:58","date_gmt":"2025-06-27T19:47:58","guid":{"rendered":"https:\/\/latinpcs.org\/?page_id=75"},"modified":"2025-08-07T21:13:41","modified_gmt":"2025-08-07T21:13:41","slug":"our-community","status":"publish","type":"page","link":"https:\/\/latinpcs.org\/fr\/about\/our-community\/","title":{"rendered":"Notre communaut\u00e9"},"content":{"rendered":"<p  class=\"appear-on-scroll is-style-intro\" >Washington Latin est un r\u00e9seau d&#039;\u00e9coles diversifi\u00e9 par conception, fond\u00e9 sur la conviction que tous les \u00e9l\u00e8ves m\u00e9ritent une \u00e9ducation exigeante et rigoureuse et que notre mod\u00e8le acad\u00e9mique repose sur une diversit\u00e9 de voix dans une communaut\u00e9 int\u00e9gr\u00e9e.<\/p>\n\n<p class=\"appear-on-scroll\">Depuis sa cr\u00e9ation, Washington Latin s&#039;efforce de b\u00e2tir une communaut\u00e9 diversifi\u00e9e d&#039;\u00e9tudiants et de professeurs. Chaque ann\u00e9e, nous accueillons des \u00e9tudiants des huit quartiers de Washington, et la diversit\u00e9 de notre corps \u00e9tudiant refl\u00e8te la diversit\u00e9 de la communaut\u00e9 de Washington.&nbsp;<\/p>\n\n<p class=\"appear-on-scroll\">Nous consid\u00e9rons qu&#039;une communaut\u00e9 scolaire v\u00e9ritablement int\u00e9gr\u00e9e est essentielle \u00e0 la r\u00e9alisation de notre mod\u00e8le d&#039;\u00e9ducation classique. Notre communaut\u00e9 diversifi\u00e9e et soud\u00e9e est essentielle au programme de Washington Latin. Il est essentiel que nos \u00e9l\u00e8ves d\u00e9veloppent la capacit\u00e9 d&#039;\u00e9changer des id\u00e9es et de prendre des d\u00e9cisions intellectuelles et morales au sein d&#039;une communaut\u00e9 diversifi\u00e9e et aux perspectives vari\u00e9es.<\/p>\n\n<h2  class=\"appear-on-scroll wp-block-heading\" ><span class=\"text\">Un sentiment d&#039;appartenance<\/span><\/h2>\n\n<figure  class=\"theme-block appear-on-scroll wp-block-image aligncenter size-large\" ><div class=\"image\"><img decoding=\"async\" width=\"1024\" height=\"768\" data-src=\"https:\/\/latinpcs.org\/wp-content\/uploads\/2025\/07\/choir-dancing-1024x768.jpg\" alt=\"\" class=\"wp-image-24140 lazyload\" data-srcset=\"https:\/\/latinpcs.org\/wp-content\/uploads\/2025\/07\/choir-dancing-1024x768.jpg 1024w, https:\/\/latinpcs.org\/wp-content\/uploads\/2025\/07\/choir-dancing-300x225.jpg 300w, https:\/\/latinpcs.org\/wp-content\/uploads\/2025\/07\/choir-dancing-768x576.jpg 768w, https:\/\/latinpcs.org\/wp-content\/uploads\/2025\/07\/choir-dancing-1536x1152.jpg 1536w, https:\/\/latinpcs.org\/wp-content\/uploads\/2025\/07\/choir-dancing-16x12.jpg 16w, https:\/\/latinpcs.org\/wp-content\/uploads\/2025\/07\/choir-dancing.jpg 2000w\" data-sizes=\"(max-width: 1024px) 100vw, 1024px\" src=\"data:image\/svg+xml;base64,PHN2ZyB3aWR0aD0iMSIgaGVpZ2h0PSIxIiB4bWxucz0iaHR0cDovL3d3dy53My5vcmcvMjAwMC9zdmciPjwvc3ZnPg==\" style=\"--smush-placeholder-width: 1024px; --smush-placeholder-aspect-ratio: 1024\/768;\" \/><\/div><\/figure>\n\n<p class=\"appear-on-scroll\">Nous sommes reconnus pour notre communaut\u00e9 chaleureuse et accueillante, respectueuse et solidaire de tous. Nous encourageons et incarnons un engagement profond, et chaque membre de notre corps professoral est invit\u00e9 \u00e0 \u00ab\u00a0s&#039;impliquer dans la vie de l&#039;\u00e9cole\u00a0\u00bb dans ses lettres de motivation. Washington Latin encourage \u00e9galement ses \u00e9tudiants \u00e0 faire de m\u00eame. <\/p>\n\n<ul  class=\"appear-on-scroll wp-block-list\" >\n<li>Le syst\u00e8me de conseil est au c\u0153ur de notre mod\u00e8le, offrant \u00e0 chaque \u00e9l\u00e8ve un interlocuteur privil\u00e9gi\u00e9 pour ses probl\u00e8mes scolaires ou socio-\u00e9motionnels. Nous encourageons la participation \u00e0 des activit\u00e9s extrascolaires, comme l&#039;une de nos plus de 30 \u00e9quipes sportives ou un cours de bien-\u00eatre.<\/li>\n\n\n\n<li>Les \u00e9l\u00e8ves de tous les niveaux peuvent choisir de rejoindre l&#039;un des dizaines de clubs propos\u00e9s pendant le d\u00e9jeuner, chacun initi\u00e9 par les \u00e9l\u00e8ves eux-m\u00eames et allant du tricot \u00e0 Black Lives Matter. <\/li>\n\n\n\n<li>Une gamme d&#039;activit\u00e9s artistiques engage des centaines de nos \u00e9tudiants, notamment dans des productions th\u00e9\u00e2trales et des groupes de performance musicale, qui offrent des opportunit\u00e9s de rechercher la beaut\u00e9 et de servir le bien commun au sein d&#039;une \u00e9quipe.<\/li>\n<\/ul>\n\n<p class=\"appear-on-scroll\">En plus d\u2019autres types de donn\u00e9es, nous suivons l\u2019engagement et le bien-\u00eatre des \u00e9tudiants pour assurer la croissance personnelle et acad\u00e9mique de tous nos \u00e9tudiants.<\/p>\n\n\n<div class=\"wp-block-group profiles is-layout-grid wp-container-core-group-is-layout-b757edec wp-block-group-is-layout-grid\"><div class=\"wp-block-theme-blocks-card theme-block hentry appear-on-scroll has-image\" style=\"--focal-point:45% 43%;--aspect-ratio:1\" data-href=\"\"><div class=\"block-image\"><img decoding=\"async\" width=\"1000\" height=\"1000\" data-src=\"https:\/\/latinpcs.org\/wp-content\/uploads\/2025\/07\/2023-baseball-champs-sq-sm.png\" class=\"attachment-post-thumb size-post-thumb lazyload\" alt=\"\" data-srcset=\"https:\/\/latinpcs.org\/wp-content\/uploads\/2025\/07\/2023-baseball-champs-sq-sm.png 1000w, https:\/\/latinpcs.org\/wp-content\/uploads\/2025\/07\/2023-baseball-champs-sq-sm-300x300.png 300w, https:\/\/latinpcs.org\/wp-content\/uploads\/2025\/07\/2023-baseball-champs-sq-sm-150x150.png 150w, https:\/\/latinpcs.org\/wp-content\/uploads\/2025\/07\/2023-baseball-champs-sq-sm-768x768.png 768w, https:\/\/latinpcs.org\/wp-content\/uploads\/2025\/07\/2023-baseball-champs-sq-sm-12x12.png 12w, https:\/\/latinpcs.org\/wp-content\/uploads\/2025\/07\/2023-baseball-champs-sq-sm-100x100.png 100w\" data-sizes=\"(max-width: 1000px) 100vw, 1000px\" src=\"data:image\/svg+xml;base64,PHN2ZyB3aWR0aD0iMSIgaGVpZ2h0PSIxIiB4bWxucz0iaHR0cDovL3d3dy53My5vcmcvMjAwMC9zdmciPjwvc3ZnPg==\" style=\"--smush-placeholder-width: 1000px; --smush-placeholder-aspect-ratio: 1000\/1000;\" \/><\/div><h3 class=\"block-title\">Athl\u00e9tisme de Latin<\/h3><div class=\"block-content\">\n<p class=\"\">Washington Latin dispose d&#039;un programme sportif solide sur nos deux campus, avec plus de 35 \u00e9quipes dans 14 sports diff\u00e9rents.<\/p>\n\n<div  class=\"wp-block-buttons is-layout-flex wp-block-buttons-is-layout-flex\" >\n<div class=\"wp-block-button is-style-text\"><a class=\"wp-block-button__link wp-element-button\" href=\"https:\/\/latinpcs.org\/fr\/latin-families\/athletics\/\"><span class=\"label\">En savoir plus sur l&#039;athl\u00e9tisme<\/span><\/a><\/div>\n<\/div>\n<\/div><\/div>\n\n<div class=\"wp-block-theme-blocks-card theme-block hentry appear-on-scroll has-image\" style=\"--focal-point:50% 0%;--aspect-ratio:1\" data-href=\"\"><div class=\"block-image\"><img decoding=\"async\" width=\"600\" height=\"613\" data-src=\"https:\/\/latinpcs.org\/wp-content\/uploads\/2025\/07\/2024-Fall-Fest-sq-sm.jpg\" class=\"attachment-post-thumb size-post-thumb lazyload\" alt=\"\" data-srcset=\"https:\/\/latinpcs.org\/wp-content\/uploads\/2025\/07\/2024-Fall-Fest-sq-sm.jpg 600w, https:\/\/latinpcs.org\/wp-content\/uploads\/2025\/07\/2024-Fall-Fest-sq-sm-294x300.jpg 294w, https:\/\/latinpcs.org\/wp-content\/uploads\/2025\/07\/2024-Fall-Fest-sq-sm-12x12.jpg 12w\" data-sizes=\"(max-width: 600px) 100vw, 600px\" src=\"data:image\/svg+xml;base64,PHN2ZyB3aWR0aD0iMSIgaGVpZ2h0PSIxIiB4bWxucz0iaHR0cDovL3d3dy53My5vcmcvMjAwMC9zdmciPjwvc3ZnPg==\" style=\"--smush-placeholder-width: 600px; --smush-placeholder-aspect-ratio: 600\/613;\" \/><\/div><h3 class=\"block-title\">Familles de Latin<\/h3><div class=\"block-content\">\n<p class=\"\">Pour les familles dont les enfants sont d\u00e9j\u00e0 inscrits dans l\u2019une de nos \u00e9coles, visitez nos pages Familles pour obtenir les d\u00e9tails dont vous avez besoin. <\/p>\n\n<div  class=\"wp-block-buttons is-layout-flex wp-block-buttons-is-layout-flex\" >\n<div class=\"wp-block-button is-style-text\"><a class=\"wp-block-button__link wp-element-button\" href=\"https:\/\/latinpcs.org\/fr\/latin-families\/\"><span class=\"label\">Visitez les pages des familles latines<\/span><\/a><\/div>\n<\/div>\n<\/div><\/div><\/div>","protected":false},"excerpt":{"rendered":"<p>Washington Latin est un r\u00e9seau d&#039;\u00e9coles diversifi\u00e9 par conception, fond\u00e9 sur la conviction que tous les \u00e9l\u00e8ves m\u00e9ritent une \u00e9ducation exigeante et rigoureuse et que notre mod\u00e8le acad\u00e9mique repose sur une diversit\u00e9 de\u2026<\/p>","protected":false},"author":1,"featured_media":23936,"parent":8,"menu_order":0,"comment_status":"closed","ping_status":"closed","template":"","meta":{"featured_image_background_position":"30% 25%","background-color":"","secondary-color":"","highlight-color":"","color":"","hide-navigation":false,"footnotes":""},"class_list":["post-75","page","type-page","status-publish","has-post-thumbnail","hentry"],"yoast_head":"<!-- This site is optimized with the Yoast SEO plugin v25.6 - https:\/\/yoast.com\/wordpress\/plugins\/seo\/ -->\n<title>Our Community - Washington Latin Public Charter Schools<\/title>\n<meta name=\"robots\" content=\"index, follow, max-snippet:-1, max-image-preview:large, max-video-preview:-1\" \/>\n<link rel=\"canonical\" href=\"https:\/\/latinpcs.org\/fr\/about\/our-community\/\" \/>\n<meta property=\"og:locale\" content=\"fr_FR\" \/>\n<meta property=\"og:type\" content=\"article\" \/>\n<meta property=\"og:title\" content=\"Our Community - Washington Latin Public Charter Schools\" \/>\n<meta property=\"og:description\" content=\"Washington Latin is a diverse-by-design network of schools, founded on the belief that all students deserve a challenging, rigorous education and that our academic model relies on a diversity of &hellip;\" \/>\n<meta property=\"og:url\" content=\"https:\/\/latinpcs.org\/fr\/about\/our-community\/\" \/>\n<meta property=\"og:site_name\" content=\"Washington Latin Public Charter Schools\" \/>\n<meta property=\"article:publisher\" content=\"https:\/\/www.facebook.com\/WashingtonLatinPCS\/\" \/>\n<meta property=\"article:modified_time\" content=\"2025-08-07T21:13:41+00:00\" \/>\n<meta property=\"og:image\" content=\"https:\/\/latinpcs.org\/wp-content\/uploads\/2025\/07\/DSC_2240-scaled.jpg\" \/>\n\t<meta property=\"og:image:width\" content=\"3840\" \/>\n\t<meta property=\"og:image:height\" content=\"2562\" \/>\n\t<meta property=\"og:image:type\" content=\"image\/jpeg\" \/>\n<meta name=\"twitter:card\" content=\"summary_large_image\" \/>\n<meta name=\"twitter:label1\" content=\"Est. reading time\" \/>\n\t<meta name=\"twitter:data1\" content=\"3 minutes\" \/>\n<script type=\"application\/ld+json\" class=\"yoast-schema-graph\">{\"@context\":\"https:\/\/schema.org\",\"@graph\":[{\"@type\":\"WebPage\",\"@id\":\"https:\/\/latinpcs.org\/about\/our-community\/\",\"url\":\"https:\/\/latinpcs.org\/about\/our-community\/\",\"name\":\"Our Community - Washington Latin Public Charter Schools\",\"isPartOf\":{\"@id\":\"https:\/\/latinpcs.org\/#website\"},\"primaryImageOfPage\":{\"@id\":\"https:\/\/latinpcs.org\/about\/our-community\/#primaryimage\"},\"image\":{\"@id\":\"https:\/\/latinpcs.org\/about\/our-community\/#primaryimage\"},\"thumbnailUrl\":\"https:\/\/latinpcs.org\/wp-content\/uploads\/2025\/07\/DSC_2240-scaled.jpg\",\"datePublished\":\"2025-06-27T19:47:58+00:00\",\"dateModified\":\"2025-08-07T21:13:41+00:00\",\"breadcrumb\":{\"@id\":\"https:\/\/latinpcs.org\/about\/our-community\/#breadcrumb\"},\"inLanguage\":\"fr-FR\",\"potentialAction\":[{\"@type\":\"ReadAction\",\"target\":[\"https:\/\/latinpcs.org\/about\/our-community\/\"]}]},{\"@type\":\"ImageObject\",\"inLanguage\":\"fr-FR\",\"@id\":\"https:\/\/latinpcs.org\/about\/our-community\/#primaryimage\",\"url\":\"https:\/\/latinpcs.org\/wp-content\/uploads\/2025\/07\/DSC_2240-scaled.jpg\",\"contentUrl\":\"https:\/\/latinpcs.org\/wp-content\/uploads\/2025\/07\/DSC_2240-scaled.jpg\",\"width\":3840,\"height\":2562},{\"@type\":\"BreadcrumbList\",\"@id\":\"https:\/\/latinpcs.org\/about\/our-community\/#breadcrumb\",\"itemListElement\":[{\"@type\":\"ListItem\",\"position\":1,\"name\":\"Home\",\"item\":\"https:\/\/latinpcs.org\/\"},{\"@type\":\"ListItem\",\"position\":2,\"name\":\"About\",\"item\":\"https:\/\/latinpcs.org\/about\/\"},{\"@type\":\"ListItem\",\"position\":3,\"name\":\"Our Community\"}]},{\"@type\":\"WebSite\",\"@id\":\"https:\/\/latinpcs.org\/#website\",\"url\":\"https:\/\/latinpcs.org\/\",\"name\":\"Washington Latin Public Charter Schools\",\"description\":\"Washington Latin Public Charter Schools, based in Washington, DC, offers a classical education for the modern world for students in grades 5-12 across two campuses.\",\"publisher\":{\"@id\":\"https:\/\/latinpcs.org\/#organization\"},\"potentialAction\":[{\"@type\":\"SearchAction\",\"target\":{\"@type\":\"EntryPoint\",\"urlTemplate\":\"https:\/\/latinpcs.org\/?s={search_term_string}\"},\"query-input\":{\"@type\":\"PropertyValueSpecification\",\"valueRequired\":true,\"valueName\":\"search_term_string\"}}],\"inLanguage\":\"fr-FR\"},{\"@type\":\"Organization\",\"@id\":\"https:\/\/latinpcs.org\/#organization\",\"name\":\"Washington Latin Public Charter Schools\",\"url\":\"https:\/\/latinpcs.org\/\",\"logo\":{\"@type\":\"ImageObject\",\"inLanguage\":\"fr-FR\",\"@id\":\"https:\/\/latinpcs.org\/#\/schema\/logo\/image\/\",\"url\":\"https:\/\/latinpcs.org\/wp-content\/uploads\/2025\/07\/Latin_logo_nknm_4c.svg\",\"contentUrl\":\"https:\/\/latinpcs.org\/wp-content\/uploads\/2025\/07\/Latin_logo_nknm_4c.svg\",\"width\":1,\"height\":1,\"caption\":\"Washington Latin Public Charter Schools\"},\"image\":{\"@id\":\"https:\/\/latinpcs.org\/#\/schema\/logo\/image\/\"},\"sameAs\":[\"https:\/\/www.facebook.com\/WashingtonLatinPCS\/\",\"https:\/\/www.instagram.com\/washingtonlatinpcs\/?hl=en\",\"https:\/\/www.linkedin.com\/school\/washington-latin-public-charter-schools\/\"]}]}<\/script>\n<!-- \/ Yoast SEO plugin. -->","yoast_head_json":{"title":"Notre communaut\u00e9 - Washington Latin Public Charter Schools","robots":{"index":"index","follow":"follow","max-snippet":"max-snippet:-1","max-image-preview":"max-image-preview:large","max-video-preview":"max-video-preview:-1"},"canonical":"https:\/\/latinpcs.org\/fr\/about\/our-community\/","og_locale":"fr_FR","og_type":"article","og_title":"Our Community - Washington Latin Public Charter Schools","og_description":"Washington Latin is a diverse-by-design network of schools, founded on the belief that all students deserve a challenging, rigorous education and that our academic model relies on a diversity of &hellip;","og_url":"https:\/\/latinpcs.org\/fr\/about\/our-community\/","og_site_name":"Washington Latin Public Charter Schools","article_publisher":"https:\/\/www.facebook.com\/WashingtonLatinPCS\/","article_modified_time":"2025-08-07T21:13:41+00:00","og_image":[{"width":3840,"height":2562,"url":"https:\/\/latinpcs.org\/wp-content\/uploads\/2025\/07\/DSC_2240-scaled.jpg","type":"image\/jpeg"}],"twitter_card":"summary_large_image","twitter_misc":{"Est. reading time":"3 minutes"},"schema":{"@context":"https:\/\/schema.org","@graph":[{"@type":"WebPage","@id":"https:\/\/latinpcs.org\/about\/our-community\/","url":"https:\/\/latinpcs.org\/about\/our-community\/","name":"Notre communaut\u00e9 - Washington Latin Public Charter Schools","isPartOf":{"@id":"https:\/\/latinpcs.org\/#website"},"primaryImageOfPage":{"@id":"https:\/\/latinpcs.org\/about\/our-community\/#primaryimage"},"image":{"@id":"https:\/\/latinpcs.org\/about\/our-community\/#primaryimage"},"thumbnailUrl":"https:\/\/latinpcs.org\/wp-content\/uploads\/2025\/07\/DSC_2240-scaled.jpg","datePublished":"2025-06-27T19:47:58+00:00","dateModified":"2025-08-07T21:13:41+00:00","breadcrumb":{"@id":"https:\/\/latinpcs.org\/about\/our-community\/#breadcrumb"},"inLanguage":"fr-FR","potentialAction":[{"@type":"ReadAction","target":["https:\/\/latinpcs.org\/about\/our-community\/"]}]},{"@type":"ImageObject","inLanguage":"fr-FR","@id":"https:\/\/latinpcs.org\/about\/our-community\/#primaryimage","url":"https:\/\/latinpcs.org\/wp-content\/uploads\/2025\/07\/DSC_2240-scaled.jpg","contentUrl":"https:\/\/latinpcs.org\/wp-content\/uploads\/2025\/07\/DSC_2240-scaled.jpg","width":3840,"height":2562},{"@type":"BreadcrumbList","@id":"https:\/\/latinpcs.org\/about\/our-community\/#breadcrumb","itemListElement":[{"@type":"ListItem","position":1,"name":"Home","item":"https:\/\/latinpcs.org\/"},{"@type":"ListItem","position":2,"name":"About","item":"https:\/\/latinpcs.org\/about\/"},{"@type":"ListItem","position":3,"name":"Our Community"}]},{"@type":"WebSite","@id":"https:\/\/latinpcs.org\/#website","url":"https:\/\/latinpcs.org\/","name":"\u00c9coles publiques \u00e0 charte latine de Washington","description":"Washington Latin Public Charter Schools, bas\u00e9 \u00e0 Washington, DC, propose une \u00e9ducation classique pour le monde moderne aux \u00e9l\u00e8ves de la 5e \u00e0 la 12e ann\u00e9e sur deux campus.","publisher":{"@id":"https:\/\/latinpcs.org\/#organization"},"potentialAction":[{"@type":"SearchAction","target":{"@type":"EntryPoint","urlTemplate":"https:\/\/latinpcs.org\/?s={search_term_string}"},"query-input":{"@type":"PropertyValueSpecification","valueRequired":true,"valueName":"search_term_string"}}],"inLanguage":"fr-FR"},{"@type":"Organization","@id":"https:\/\/latinpcs.org\/#organization","name":"\u00c9coles publiques \u00e0 charte latine de Washington","url":"https:\/\/latinpcs.org\/","logo":{"@type":"ImageObject","inLanguage":"fr-FR","@id":"https:\/\/latinpcs.org\/#\/schema\/logo\/image\/","url":"https:\/\/latinpcs.org\/wp-content\/uploads\/2025\/07\/Latin_logo_nknm_4c.svg","contentUrl":"https:\/\/latinpcs.org\/wp-content\/uploads\/2025\/07\/Latin_logo_nknm_4c.svg","width":1,"height":1,"caption":"Washington Latin Public Charter Schools"},"image":{"@id":"https:\/\/latinpcs.org\/#\/schema\/logo\/image\/"},"sameAs":["https:\/\/www.facebook.com\/WashingtonLatinPCS\/","https:\/\/www.instagram.com\/washingtonlatinpcs\/?hl=en","https:\/\/www.linkedin.com\/school\/washington-latin-public-charter-schools\/"]}]}},"_links":{"self":[{"href":"https:\/\/latinpcs.org\/fr\/wp-json\/wp\/v2\/pages\/75","targetHints":{"allow":["GET"]}}],"collection":[{"href":"https:\/\/latinpcs.org\/fr\/wp-json\/wp\/v2\/pages"}],"about":[{"href":"https:\/\/latinpcs.org\/fr\/wp-json\/wp\/v2\/types\/page"}],"author":[{"embeddable":true,"href":"https:\/\/latinpcs.org\/fr\/wp-json\/wp\/v2\/users\/1"}],"replies":[{"embeddable":true,"href":"https:\/\/latinpcs.org\/fr\/wp-json\/wp\/v2\/comments?post=75"}],"version-history":[{"count":0,"href":"https:\/\/latinpcs.org\/fr\/wp-json\/wp\/v2\/pages\/75\/revisions"}],"up":[{"embeddable":true,"href":"https:\/\/latinpcs.org\/fr\/wp-json\/wp\/v2\/pages\/8"}],"wp:featuredmedia":[{"embeddable":true,"href":"https:\/\/latinpcs.org\/fr\/wp-json\/wp\/v2\/media\/23936"}],"wp:attachment":[{"href":"https:\/\/latinpcs.org\/fr\/wp-json\/wp\/v2\/media?parent=75"}],"curies":[{"name":"wp","href":"https:\/\/api.w.org\/{rel}","templated":true}]}}