{"id":73,"date":"2025-06-27T19:47:39","date_gmt":"2025-06-27T19:47:39","guid":{"rendered":"https:\/\/latinpcs.org\/?page_id=73"},"modified":"2025-08-08T17:49:33","modified_gmt":"2025-08-08T17:49:33","slug":"our-model","status":"publish","type":"page","link":"https:\/\/latinpcs.org\/fr\/about\/our-model\/","title":{"rendered":"Notre mod\u00e8le"},"content":{"rendered":"<p  class=\"appear-on-scroll is-style-intro\" >Nous croyons au pouvoir \u00e9difiant et lib\u00e9rateur de notre \u00e9ducation classique pour tous les apprenants.<\/p>\n\n<p class=\"appear-on-scroll\">Nous souhaitons que nos \u00e9l\u00e8ves soient \u00e0 la fois disciplin\u00e9s et flexibles dans leurs pens\u00e9es et leurs actions, qu&#039;ils embrassent pleinement l&#039;humanit\u00e9 des autres comme la leur, et qu&#039;ils reconnaissent et exp\u00e9rimentent tout ce qui est bon, vrai et beau dans le monde qui les entoure. Notre programme vise \u00e0 d\u00e9velopper la capacit\u00e9 de chaque \u00e9l\u00e8ve \u00e0 r\u00e9fl\u00e9chir, \u00e0 prendre en compte les points de vue et les besoins d&#039;autrui et \u00e0 agir avec int\u00e9grit\u00e9. <\/p>\n\n<p class=\"appear-on-scroll\">Notre programme est con\u00e7u pour informer, susciter, stimuler et inspirer nos \u00e9l\u00e8ves afin qu&#039;ils acqui\u00e8rent une connaissance approfondie d&#039;eux-m\u00eames et du monde dans lequel ils \u00e9voluent \u00e0 l&#039;\u00e2ge adulte. Notre mod\u00e8le \u00e9ducatif est ambitieux et repose sur l&#039;attention personnalis\u00e9e d&#039;enseignants d&#039;excellence, attach\u00e9s \u00e0 notre approche classique, et notamment \u00e0 l&#039;utilisation de s\u00e9minaires socratiques. Nos enseignants partagent la m\u00eame volont\u00e9 de cr\u00e9er une culture d&#039;apprentissage propice \u00e0 la r\u00e9ussite de chacun de nos \u00e9l\u00e8ves.<\/p>\n\n<figure  class=\"theme-block appear-on-scroll wp-block-image size-large\" ><div class=\"image\"><img decoding=\"async\" width=\"1024\" height=\"682\" data-src=\"https:\/\/latinpcs.org\/wp-content\/uploads\/2025\/07\/Classroom-2024-DCPCSB-boy-Latin-class-US-2-1-1024x682.jpg\" alt=\"\" class=\"wp-image-24185 lazyload\" data-srcset=\"https:\/\/latinpcs.org\/wp-content\/uploads\/2025\/07\/Classroom-2024-DCPCSB-boy-Latin-class-US-2-1-1024x682.jpg 1024w, https:\/\/latinpcs.org\/wp-content\/uploads\/2025\/07\/Classroom-2024-DCPCSB-boy-Latin-class-US-2-1-300x200.jpg 300w, https:\/\/latinpcs.org\/wp-content\/uploads\/2025\/07\/Classroom-2024-DCPCSB-boy-Latin-class-US-2-1-768x512.jpg 768w, https:\/\/latinpcs.org\/wp-content\/uploads\/2025\/07\/Classroom-2024-DCPCSB-boy-Latin-class-US-2-1-1536x1024.jpg 1536w, https:\/\/latinpcs.org\/wp-content\/uploads\/2025\/07\/Classroom-2024-DCPCSB-boy-Latin-class-US-2-1-18x12.jpg 18w, https:\/\/latinpcs.org\/wp-content\/uploads\/2025\/07\/Classroom-2024-DCPCSB-boy-Latin-class-US-2-1.jpg 2000w\" data-sizes=\"(max-width: 1024px) 100vw, 1024px\" src=\"data:image\/svg+xml;base64,PHN2ZyB3aWR0aD0iMSIgaGVpZ2h0PSIxIiB4bWxucz0iaHR0cDovL3d3dy53My5vcmcvMjAwMC9zdmciPjwvc3ZnPg==\" style=\"--smush-placeholder-width: 1024px; --smush-placeholder-aspect-ratio: 1024\/682;\" \/><\/div><\/figure>\n\n<h2  class=\"appear-on-scroll wp-block-heading\" ><span class=\"text\">Enseigner \u00e0 la mani\u00e8re latine<\/span><\/h2>\n\n<p class=\"appear-on-scroll\">Nous croyons que l&#039;\u00e9ducation est une formation du caract\u00e8re, et que le caract\u00e8re est \u00e0 la crois\u00e9e du d\u00e9veloppement intellectuel et de l&#039;int\u00e9grit\u00e9 morale. Par cons\u00e9quent, l&#039;\u00e9ducation doit \u00eatre ancr\u00e9e dans nos valeurs, telles que d\u00e9crites ci-dessous.<\/p>\n\n<ol  class=\"appear-on-scroll wp-block-list\" >\n<li>Nous poss\u00e9dons tous une dignit\u00e9 inh\u00e9rente, qui est le fondement de la confiance. (L&#039;individu)<\/li>\n\n\n\n<li>Nous pouvons tous progresser, avec humilit\u00e9 et soutien, sur notre chemin vers une humanit\u00e9 plus \u00e9panouie. (L&#039;Individu)<\/li>\n\n\n\n<li>Nous formons notre caract\u00e8re en apprenant \u00e0 vivre harmonieusement en communaut\u00e9. (Le Bien)<\/li>\n\n\n\n<li>Nous recherchons des v\u00e9rit\u00e9s durables en invitant et en questionnant une diversit\u00e9 de points de vue. (Le Vrai)<\/li>\n\n\n\n<li>Nous vivons dans un monde de beaut\u00e9 et de myst\u00e8re ; il y a tant \u00e0 conna\u00eetre et \u00e0 aimer. (Le Beau)<\/li>\n\n\n\n<li>Nous ne sommes pas n\u00e9s pour nous-m\u00eames. (Le Collectif)<\/li>\n<\/ol>\n\n<h2  class=\"appear-on-scroll wp-block-heading\" ><span class=\"text\">Caract\u00e9ristiques essentielles d&#039;une \u00e9ducation latine<\/span><\/h2>\n\n\n\n<div  class=\"theme-block wp-block-media-text has-media-on-the-right is-stacked-on-mobile is-style-default\" ><div class=\"wp-block-media-text__content appear-on-scroll\"><h3  class=\"wp-block-heading\" ><span class=\"text\">Approche classique de l&#039;enseignement<\/span><\/h3>\n\n<p class=\"\">Nos enseignants se concentrent sur le d\u00e9veloppement de la capacit\u00e9 des \u00e9l\u00e8ves \u00e0 apprendre, \u00e0 voir les liens entre le temps et le sujet, et \u00e0 tester et renforcer leur compr\u00e9hension par la lecture de textes originaux, l&#039;\u00e9criture et la discussion. <\/p>\n\n<div  data-more=\"Read More\" data-less=\"Read Less\" class=\"wp-block-theme-blocks-read-more theme-block\"><div class=\"block-label\">En savoir plus<\/div><\/div>\n\n<p class=\"\">Les enseignants int\u00e8grent une vari\u00e9t\u00e9 de textes, associant souvent des textes modernes et anciens qui abordent les m\u00eames questions fondamentales. L&#039;\u00e9criture est essentielle dans tous les cours pour d\u00e9velopper la capacit\u00e9 des \u00e9l\u00e8ves \u00e0 analyser, synth\u00e9tiser et partager leurs connaissances avec concision. Les enseignants placent la discussion au c\u0153ur de leur enseignement, d\u00e9veloppant ainsi la capacit\u00e9 des \u00e9l\u00e8ves \u00e0 d\u00e9battre avec civisme sur des concepts complexes.<\/p><\/div><figure class=\"wp-block-media-text__media\"><img decoding=\"async\" width=\"600\" height=\"600\" data-src=\"https:\/\/latinpcs.org\/wp-content\/uploads\/2025\/07\/teacher-2nd-sq-sm.jpg\" alt=\"\" class=\"wp-image-24192 size-full lazyload\" data-srcset=\"https:\/\/latinpcs.org\/wp-content\/uploads\/2025\/07\/teacher-2nd-sq-sm.jpg 600w, https:\/\/latinpcs.org\/wp-content\/uploads\/2025\/07\/teacher-2nd-sq-sm-300x300.jpg 300w, https:\/\/latinpcs.org\/wp-content\/uploads\/2025\/07\/teacher-2nd-sq-sm-150x150.jpg 150w, https:\/\/latinpcs.org\/wp-content\/uploads\/2025\/07\/teacher-2nd-sq-sm-12x12.jpg 12w, https:\/\/latinpcs.org\/wp-content\/uploads\/2025\/07\/teacher-2nd-sq-sm-100x100.jpg 100w\" data-sizes=\"(max-width: 600px) 100vw, 600px\" src=\"data:image\/svg+xml;base64,PHN2ZyB3aWR0aD0iMSIgaGVpZ2h0PSIxIiB4bWxucz0iaHR0cDovL3d3dy53My5vcmcvMjAwMC9zdmciPjwvc3ZnPg==\" style=\"--smush-placeholder-width: 600px; --smush-placeholder-aspect-ratio: 600\/600;\" \/><\/figure><\/div>\n\n<div  class=\"theme-block wp-block-media-text is-stacked-on-mobile is-style-default\" ><figure class=\"wp-block-media-text__media\"><img decoding=\"async\" width=\"600\" height=\"600\" data-src=\"https:\/\/latinpcs.org\/wp-content\/uploads\/2025\/07\/classical-books-sq-sm.jpg\" alt=\"\" class=\"wp-image-24191 size-full lazyload\" data-srcset=\"https:\/\/latinpcs.org\/wp-content\/uploads\/2025\/07\/classical-books-sq-sm.jpg 600w, https:\/\/latinpcs.org\/wp-content\/uploads\/2025\/07\/classical-books-sq-sm-300x300.jpg 300w, https:\/\/latinpcs.org\/wp-content\/uploads\/2025\/07\/classical-books-sq-sm-150x150.jpg 150w, https:\/\/latinpcs.org\/wp-content\/uploads\/2025\/07\/classical-books-sq-sm-12x12.jpg 12w, https:\/\/latinpcs.org\/wp-content\/uploads\/2025\/07\/classical-books-sq-sm-100x100.jpg 100w\" data-sizes=\"(max-width: 600px) 100vw, 600px\" src=\"data:image\/svg+xml;base64,PHN2ZyB3aWR0aD0iMSIgaGVpZ2h0PSIxIiB4bWxucz0iaHR0cDovL3d3dy53My5vcmcvMjAwMC9zdmciPjwvc3ZnPg==\" style=\"--smush-placeholder-width: 600px; --smush-placeholder-aspect-ratio: 600\/600;\" \/><\/figure><div class=\"wp-block-media-text__content appear-on-scroll\"><h3  class=\"wp-block-heading\" ><span class=\"text\">Programme d&#039;\u00e9tudes en arts lib\u00e9raux<\/span><\/h3>\n\n<p class=\"\">Les exigences rigoureuses d&#039;obtention du dipl\u00f4me comprennent \u00e0 la fois des mati\u00e8res traditionnelles (anglais, math\u00e9matiques, sciences, histoire) et d&#039;autres mati\u00e8res (latin, langues mondiales, etc.). Les approches latines cultivent la vertu dans la vie des \u00e9tudiants et des professeurs en cr\u00e9ant des opportunit\u00e9s d&#039;enrichissement et de r\u00e9flexion sur les deux<br>textes classiques et modernes d&#039;auteurs divers.<\/p>\n\n<div  data-more=\"Read More\" data-less=\"Read Less\" class=\"wp-block-theme-blocks-read-more theme-block\"><div class=\"block-label\">En savoir plus<\/div><\/div>\n\n<ul  class=\"wp-block-list\" >\n<li>\u00c0 2nd Street, 194 cours sont propos\u00e9s dans les deux divisions, dont 23 options, 24 cours de sciences et 11 cours d&#039;arts et de musique. Le campus Cooper propose \u00e9galement un large \u00e9ventail de cours.<\/li>\n<\/ul><\/div><\/div>\n\n<div  class=\"theme-block wp-block-media-text has-media-on-the-right is-stacked-on-mobile is-style-default\" ><div class=\"wp-block-media-text__content appear-on-scroll\"><h3  class=\"wp-block-heading\" ><span class=\"text\">Un corps professoral exp\u00e9riment\u00e9 et stable<\/span><\/h3>\n\n<p class=\"\">Washington Latin dispose d&#039;enseignants plus exp\u00e9riment\u00e9s que la moyenne des \u00e9coles \u00e0 charte, ce qui se traduit par un enseignement de meilleure qualit\u00e9 gr\u00e2ce \u00e0 une expertise approfondie et \u00e0 des liens durables avec les \u00e9tudiants et leurs familles.<\/p>\n\n<div  data-more=\"Read More\" data-less=\"Read Less\" class=\"wp-block-theme-blocks-read-more theme-block\"><div class=\"block-label\">En savoir plus<\/div><\/div>\n\n<p class=\"\">La stabilit\u00e9 favorise les relations avec les \u00e9l\u00e8ves dans le temps, essentielles \u00e0 la confiance qui d\u00e9veloppe l\u2019apprentissage.<\/p>\n\n<ul  class=\"wp-block-list\" >\n<li>Taux de r\u00e9tention annuel sup\u00e9rieur \u00e0 90%<\/li>\n\n\n\n<li>Mandat de plus de 10 ans pour plus de 30% de professeurs<\/li>\n\n\n\n<li>10% sont nos anciens \u00e9l\u00e8ves de Washington Latin<\/li>\n<\/ul><\/div><figure class=\"wp-block-media-text__media\"><img decoding=\"async\" width=\"600\" height=\"600\" data-src=\"https:\/\/latinpcs.org\/wp-content\/uploads\/2025\/07\/lisa-teaches-sq-sm.jpg\" alt=\"\" class=\"wp-image-24196 size-full lazyload\" data-srcset=\"https:\/\/latinpcs.org\/wp-content\/uploads\/2025\/07\/lisa-teaches-sq-sm.jpg 600w, https:\/\/latinpcs.org\/wp-content\/uploads\/2025\/07\/lisa-teaches-sq-sm-300x300.jpg 300w, https:\/\/latinpcs.org\/wp-content\/uploads\/2025\/07\/lisa-teaches-sq-sm-150x150.jpg 150w, https:\/\/latinpcs.org\/wp-content\/uploads\/2025\/07\/lisa-teaches-sq-sm-12x12.jpg 12w, https:\/\/latinpcs.org\/wp-content\/uploads\/2025\/07\/lisa-teaches-sq-sm-100x100.jpg 100w\" data-sizes=\"(max-width: 600px) 100vw, 600px\" src=\"data:image\/svg+xml;base64,PHN2ZyB3aWR0aD0iMSIgaGVpZ2h0PSIxIiB4bWxucz0iaHR0cDovL3d3dy53My5vcmcvMjAwMC9zdmciPjwvc3ZnPg==\" style=\"--smush-placeholder-width: 600px; --smush-placeholder-aspect-ratio: 600\/600;\" \/><\/figure><\/div>\n\n<div  class=\"theme-block wp-block-media-text is-stacked-on-mobile is-style-default\" ><figure class=\"wp-block-media-text__media\"><img decoding=\"async\" width=\"600\" height=\"600\" data-src=\"https:\/\/latinpcs.org\/wp-content\/uploads\/2025\/07\/chem-sq-sm.jpg\" alt=\"\" class=\"wp-image-24199 size-full lazyload\" data-srcset=\"https:\/\/latinpcs.org\/wp-content\/uploads\/2025\/07\/chem-sq-sm.jpg 600w, https:\/\/latinpcs.org\/wp-content\/uploads\/2025\/07\/chem-sq-sm-300x300.jpg 300w, https:\/\/latinpcs.org\/wp-content\/uploads\/2025\/07\/chem-sq-sm-150x150.jpg 150w, https:\/\/latinpcs.org\/wp-content\/uploads\/2025\/07\/chem-sq-sm-12x12.jpg 12w, https:\/\/latinpcs.org\/wp-content\/uploads\/2025\/07\/chem-sq-sm-100x100.jpg 100w\" data-sizes=\"(max-width: 600px) 100vw, 600px\" src=\"data:image\/svg+xml;base64,PHN2ZyB3aWR0aD0iMSIgaGVpZ2h0PSIxIiB4bWxucz0iaHR0cDovL3d3dy53My5vcmcvMjAwMC9zdmciPjwvc3ZnPg==\" style=\"--smush-placeholder-width: 600px; --smush-placeholder-aspect-ratio: 600\/600;\" \/><\/figure><div class=\"wp-block-media-text__content appear-on-scroll\"><h3  class=\"wp-block-heading\" ><span class=\"text\">Petites classes et taille des \u00e9coles<\/span><\/h3>\n\n<p class=\"\">Washington Latin a pour objectif de fonctionner \u00e0 petite \u00e9chelle afin d&#039;avoir un impact important sur ses \u00e9l\u00e8ves. Cela permet aux enseignants d&#039;offrir une attention personnalis\u00e9e \u00e0 chacun, favorisant ainsi leur croissance et leur d\u00e9veloppement. Les \u00e9l\u00e8ves sont reconnus comme des individus et des \u00e9rudits, tant par leurs enseignants que par leurs pairs, ce qui contribue \u00e0 la diversit\u00e9 et \u00e0 l&#039;int\u00e9gration de la communaut\u00e9.<\/p>\n\n<div  data-more=\"Read More\" data-less=\"Read Less\" class=\"wp-block-theme-blocks-read-more theme-block\"><div class=\"block-label\">En savoir plus<\/div><\/div>\n\n<ul  class=\"wp-block-list\" >\n<li>Le nombre total d&#039;inscriptions pour 2025-26 est de 1 227 dans tous les niveaux et sur les deux campus.<\/li>\n\n\n\n<li>Chaque classe compte g\u00e9n\u00e9ralement 95 \u00e9l\u00e8ves.<\/li>\n\n\n\n<li>La taille moyenne des classes est de 17 \u00e9l\u00e8ves dans tous les niveaux, et les classes ne d\u00e9passent pas 25 \u00e9l\u00e8ves.<\/li>\n<\/ul><\/div><\/div>","protected":false},"excerpt":{"rendered":"<p>Nous croyons au pouvoir stimulant et lib\u00e9rateur de notre \u00e9ducation classique pour tous les apprenants. Nous souhaitons que nos \u00e9l\u00e8ves soient \u00e0 la fois disciplin\u00e9s et flexibles dans leur r\u00e9flexion\u2026<\/p>","protected":false},"author":1,"featured_media":24177,"parent":8,"menu_order":0,"comment_status":"closed","ping_status":"closed","template":"","meta":{"featured_image_background_position":"","background-color":"","secondary-color":"","highlight-color":"","color":"","hide-navigation":false,"footnotes":""},"class_list":["post-73","page","type-page","status-publish","has-post-thumbnail","hentry"],"yoast_head":"<!-- This site is optimized with the Yoast SEO plugin v25.6 - https:\/\/yoast.com\/wordpress\/plugins\/seo\/ -->\n<title>Our Model - Washington Latin Public Charter Schools<\/title>\n<meta name=\"robots\" content=\"index, follow, max-snippet:-1, max-image-preview:large, max-video-preview:-1\" \/>\n<link rel=\"canonical\" href=\"https:\/\/latinpcs.org\/fr\/about\/our-model\/\" \/>\n<meta property=\"og:locale\" content=\"fr_FR\" \/>\n<meta property=\"og:type\" content=\"article\" \/>\n<meta property=\"og:title\" content=\"Our Model - Washington Latin Public Charter Schools\" \/>\n<meta property=\"og:description\" content=\"We believe in the uplifting and liberating power of our classical education for all learners. We aim for our students to be at once disciplined and flexible in thought and &hellip;\" \/>\n<meta property=\"og:url\" content=\"https:\/\/latinpcs.org\/fr\/about\/our-model\/\" \/>\n<meta property=\"og:site_name\" content=\"Washington Latin Public Charter Schools\" \/>\n<meta property=\"article:publisher\" content=\"https:\/\/www.facebook.com\/WashingtonLatinPCS\/\" \/>\n<meta property=\"article:modified_time\" content=\"2025-08-08T17:49:33+00:00\" \/>\n<meta property=\"og:image\" content=\"https:\/\/latinpcs.org\/wp-content\/uploads\/2025\/07\/classroom-MS-boy-sq-sm.jpg\" \/>\n\t<meta property=\"og:image:width\" content=\"600\" \/>\n\t<meta property=\"og:image:height\" content=\"600\" \/>\n\t<meta property=\"og:image:type\" content=\"image\/jpeg\" \/>\n<meta name=\"twitter:card\" content=\"summary_large_image\" \/>\n<meta name=\"twitter:label1\" content=\"Est. reading time\" \/>\n\t<meta name=\"twitter:data1\" content=\"4 minutes\" \/>\n<script type=\"application\/ld+json\" class=\"yoast-schema-graph\">{\"@context\":\"https:\/\/schema.org\",\"@graph\":[{\"@type\":\"WebPage\",\"@id\":\"https:\/\/latinpcs.org\/about\/our-model\/\",\"url\":\"https:\/\/latinpcs.org\/about\/our-model\/\",\"name\":\"Our Model - Washington Latin Public Charter Schools\",\"isPartOf\":{\"@id\":\"https:\/\/latinpcs.org\/#website\"},\"primaryImageOfPage\":{\"@id\":\"https:\/\/latinpcs.org\/about\/our-model\/#primaryimage\"},\"image\":{\"@id\":\"https:\/\/latinpcs.org\/about\/our-model\/#primaryimage\"},\"thumbnailUrl\":\"https:\/\/latinpcs.org\/wp-content\/uploads\/2025\/07\/classroom-MS-boy-sq-sm.jpg\",\"datePublished\":\"2025-06-27T19:47:39+00:00\",\"dateModified\":\"2025-08-08T17:49:33+00:00\",\"breadcrumb\":{\"@id\":\"https:\/\/latinpcs.org\/about\/our-model\/#breadcrumb\"},\"inLanguage\":\"fr-FR\",\"potentialAction\":[{\"@type\":\"ReadAction\",\"target\":[\"https:\/\/latinpcs.org\/about\/our-model\/\"]}]},{\"@type\":\"ImageObject\",\"inLanguage\":\"fr-FR\",\"@id\":\"https:\/\/latinpcs.org\/about\/our-model\/#primaryimage\",\"url\":\"https:\/\/latinpcs.org\/wp-content\/uploads\/2025\/07\/classroom-MS-boy-sq-sm.jpg\",\"contentUrl\":\"https:\/\/latinpcs.org\/wp-content\/uploads\/2025\/07\/classroom-MS-boy-sq-sm.jpg\",\"width\":600,\"height\":600},{\"@type\":\"BreadcrumbList\",\"@id\":\"https:\/\/latinpcs.org\/about\/our-model\/#breadcrumb\",\"itemListElement\":[{\"@type\":\"ListItem\",\"position\":1,\"name\":\"Home\",\"item\":\"https:\/\/latinpcs.org\/\"},{\"@type\":\"ListItem\",\"position\":2,\"name\":\"About\",\"item\":\"https:\/\/latinpcs.org\/about\/\"},{\"@type\":\"ListItem\",\"position\":3,\"name\":\"Our Model\"}]},{\"@type\":\"WebSite\",\"@id\":\"https:\/\/latinpcs.org\/#website\",\"url\":\"https:\/\/latinpcs.org\/\",\"name\":\"Washington Latin Public Charter Schools\",\"description\":\"Washington Latin Public Charter Schools, based in Washington, DC, offers a classical education for the modern world for students in grades 5-12 across two campuses.\",\"publisher\":{\"@id\":\"https:\/\/latinpcs.org\/#organization\"},\"potentialAction\":[{\"@type\":\"SearchAction\",\"target\":{\"@type\":\"EntryPoint\",\"urlTemplate\":\"https:\/\/latinpcs.org\/?s={search_term_string}\"},\"query-input\":{\"@type\":\"PropertyValueSpecification\",\"valueRequired\":true,\"valueName\":\"search_term_string\"}}],\"inLanguage\":\"fr-FR\"},{\"@type\":\"Organization\",\"@id\":\"https:\/\/latinpcs.org\/#organization\",\"name\":\"Washington Latin Public Charter Schools\",\"url\":\"https:\/\/latinpcs.org\/\",\"logo\":{\"@type\":\"ImageObject\",\"inLanguage\":\"fr-FR\",\"@id\":\"https:\/\/latinpcs.org\/#\/schema\/logo\/image\/\",\"url\":\"https:\/\/latinpcs.org\/wp-content\/uploads\/2025\/07\/Latin_logo_nknm_4c.svg\",\"contentUrl\":\"https:\/\/latinpcs.org\/wp-content\/uploads\/2025\/07\/Latin_logo_nknm_4c.svg\",\"width\":1,\"height\":1,\"caption\":\"Washington Latin Public Charter Schools\"},\"image\":{\"@id\":\"https:\/\/latinpcs.org\/#\/schema\/logo\/image\/\"},\"sameAs\":[\"https:\/\/www.facebook.com\/WashingtonLatinPCS\/\",\"https:\/\/www.instagram.com\/washingtonlatinpcs\/?hl=en\",\"https:\/\/www.linkedin.com\/school\/washington-latin-public-charter-schools\/\"]}]}<\/script>\n<!-- \/ Yoast SEO plugin. -->","yoast_head_json":{"title":"Notre mod\u00e8le - Washington Latin Public Charter Schools","robots":{"index":"index","follow":"follow","max-snippet":"max-snippet:-1","max-image-preview":"max-image-preview:large","max-video-preview":"max-video-preview:-1"},"canonical":"https:\/\/latinpcs.org\/fr\/about\/our-model\/","og_locale":"fr_FR","og_type":"article","og_title":"Our Model - Washington Latin Public Charter Schools","og_description":"We believe in the uplifting and liberating power of our classical education for all learners. We aim for our students to be at once disciplined and flexible in thought and &hellip;","og_url":"https:\/\/latinpcs.org\/fr\/about\/our-model\/","og_site_name":"Washington Latin Public Charter Schools","article_publisher":"https:\/\/www.facebook.com\/WashingtonLatinPCS\/","article_modified_time":"2025-08-08T17:49:33+00:00","og_image":[{"width":600,"height":600,"url":"https:\/\/latinpcs.org\/wp-content\/uploads\/2025\/07\/classroom-MS-boy-sq-sm.jpg","type":"image\/jpeg"}],"twitter_card":"summary_large_image","twitter_misc":{"Est. reading time":"4 minutes"},"schema":{"@context":"https:\/\/schema.org","@graph":[{"@type":"WebPage","@id":"https:\/\/latinpcs.org\/about\/our-model\/","url":"https:\/\/latinpcs.org\/about\/our-model\/","name":"Notre mod\u00e8le - Washington Latin Public Charter Schools","isPartOf":{"@id":"https:\/\/latinpcs.org\/#website"},"primaryImageOfPage":{"@id":"https:\/\/latinpcs.org\/about\/our-model\/#primaryimage"},"image":{"@id":"https:\/\/latinpcs.org\/about\/our-model\/#primaryimage"},"thumbnailUrl":"https:\/\/latinpcs.org\/wp-content\/uploads\/2025\/07\/classroom-MS-boy-sq-sm.jpg","datePublished":"2025-06-27T19:47:39+00:00","dateModified":"2025-08-08T17:49:33+00:00","breadcrumb":{"@id":"https:\/\/latinpcs.org\/about\/our-model\/#breadcrumb"},"inLanguage":"fr-FR","potentialAction":[{"@type":"ReadAction","target":["https:\/\/latinpcs.org\/about\/our-model\/"]}]},{"@type":"ImageObject","inLanguage":"fr-FR","@id":"https:\/\/latinpcs.org\/about\/our-model\/#primaryimage","url":"https:\/\/latinpcs.org\/wp-content\/uploads\/2025\/07\/classroom-MS-boy-sq-sm.jpg","contentUrl":"https:\/\/latinpcs.org\/wp-content\/uploads\/2025\/07\/classroom-MS-boy-sq-sm.jpg","width":600,"height":600},{"@type":"BreadcrumbList","@id":"https:\/\/latinpcs.org\/about\/our-model\/#breadcrumb","itemListElement":[{"@type":"ListItem","position":1,"name":"Home","item":"https:\/\/latinpcs.org\/"},{"@type":"ListItem","position":2,"name":"About","item":"https:\/\/latinpcs.org\/about\/"},{"@type":"ListItem","position":3,"name":"Our Model"}]},{"@type":"WebSite","@id":"https:\/\/latinpcs.org\/#website","url":"https:\/\/latinpcs.org\/","name":"\u00c9coles publiques \u00e0 charte latine de Washington","description":"Washington Latin Public Charter Schools, bas\u00e9 \u00e0 Washington, DC, propose une \u00e9ducation classique pour le monde moderne aux \u00e9l\u00e8ves de la 5e \u00e0 la 12e ann\u00e9e sur deux campus.","publisher":{"@id":"https:\/\/latinpcs.org\/#organization"},"potentialAction":[{"@type":"SearchAction","target":{"@type":"EntryPoint","urlTemplate":"https:\/\/latinpcs.org\/?s={search_term_string}"},"query-input":{"@type":"PropertyValueSpecification","valueRequired":true,"valueName":"search_term_string"}}],"inLanguage":"fr-FR"},{"@type":"Organization","@id":"https:\/\/latinpcs.org\/#organization","name":"\u00c9coles publiques \u00e0 charte latine de Washington","url":"https:\/\/latinpcs.org\/","logo":{"@type":"ImageObject","inLanguage":"fr-FR","@id":"https:\/\/latinpcs.org\/#\/schema\/logo\/image\/","url":"https:\/\/latinpcs.org\/wp-content\/uploads\/2025\/07\/Latin_logo_nknm_4c.svg","contentUrl":"https:\/\/latinpcs.org\/wp-content\/uploads\/2025\/07\/Latin_logo_nknm_4c.svg","width":1,"height":1,"caption":"Washington Latin Public Charter Schools"},"image":{"@id":"https:\/\/latinpcs.org\/#\/schema\/logo\/image\/"},"sameAs":["https:\/\/www.facebook.com\/WashingtonLatinPCS\/","https:\/\/www.instagram.com\/washingtonlatinpcs\/?hl=en","https:\/\/www.linkedin.com\/school\/washington-latin-public-charter-schools\/"]}]}},"_links":{"self":[{"href":"https:\/\/latinpcs.org\/fr\/wp-json\/wp\/v2\/pages\/73","targetHints":{"allow":["GET"]}}],"collection":[{"href":"https:\/\/latinpcs.org\/fr\/wp-json\/wp\/v2\/pages"}],"about":[{"href":"https:\/\/latinpcs.org\/fr\/wp-json\/wp\/v2\/types\/page"}],"author":[{"embeddable":true,"href":"https:\/\/latinpcs.org\/fr\/wp-json\/wp\/v2\/users\/1"}],"replies":[{"embeddable":true,"href":"https:\/\/latinpcs.org\/fr\/wp-json\/wp\/v2\/comments?post=73"}],"version-history":[{"count":0,"href":"https:\/\/latinpcs.org\/fr\/wp-json\/wp\/v2\/pages\/73\/revisions"}],"up":[{"embeddable":true,"href":"https:\/\/latinpcs.org\/fr\/wp-json\/wp\/v2\/pages\/8"}],"wp:featuredmedia":[{"embeddable":true,"href":"https:\/\/latinpcs.org\/fr\/wp-json\/wp\/v2\/media\/24177"}],"wp:attachment":[{"href":"https:\/\/latinpcs.org\/fr\/wp-json\/wp\/v2\/media?parent=73"}],"curies":[{"name":"wp","href":"https:\/\/api.w.org\/{rel}","templated":true}]}}