{"id":3,"date":"2025-05-23T17:18:34","date_gmt":"2025-05-23T17:18:34","guid":{"rendered":"https:\/\/latinpcs.org\/?page_id=3"},"modified":"2025-07-18T17:45:43","modified_gmt":"2025-07-18T17:45:43","slug":"privacy-policy","status":"publish","type":"page","link":"https:\/\/latinpcs.org\/fr\/privacy-policy\/","title":{"rendered":"politique de confidentialit\u00e9"},"content":{"rendered":"<p class=\"appear-on-scroll\"><strong>Date d&#039;entr\u00e9e en vigueur :<\/strong> Juillet 2025<\/p>\n\n<p class=\"appear-on-scroll\">Washington Latin Public Charter Schools (\u00ab\u00a0nous\u00a0\u00bb, \u00ab\u00a0notre\u00a0\u00bb ou \u00ab\u00a0nos\u00a0\u00bb) s&#039;engage \u00e0 prot\u00e9ger la vie priv\u00e9e de tous les utilisateurs qui visitent son site web www.latinpcs.org (le \u00ab\u00a0Site\u00a0\u00bb). La pr\u00e9sente Politique de confidentialit\u00e9 explique comment nous collectons, utilisons et prot\u00e9geons les informations obtenues via le Site.<\/p>\n\n<hr  class=\"appear-on-scroll wp-block-separator has-alpha-channel-opacity\" \/>\n\n<h3  class=\"appear-on-scroll wp-block-heading\" ><span class=\"text\"><strong>1. Informations que nous collectons<\/strong><\/span><\/h3>\n\n<p class=\"appear-on-scroll\">Nous pouvons collecter les types d\u2019informations suivants :<\/p>\n\n<h4  class=\"appear-on-scroll wp-block-heading\" ><span class=\"text\"><strong>a. Informations personnelles<\/strong><\/span><\/h4>\n\n<p class=\"appear-on-scroll\">Nous pouvons collecter des informations personnelles telles que :<\/p>\n\n<ul  class=\"appear-on-scroll wp-block-list\" >\n<li>Nom<\/li>\n\n\n\n<li>Adresse email<\/li>\n\n\n\n<li>Num\u00e9ro de t\u00e9l\u00e9phone<\/li>\n\n\n\n<li>Nom et note de l&#039;\u00e9tudiant (si soumis via des formulaires)<\/li>\n\n\n\n<li>Coordonn\u00e9es du parent\/tuteur<\/li>\n<\/ul>\n\n<p class=\"appear-on-scroll\">Ces informations sont collect\u00e9es lorsque vous :<\/p>\n\n<ul  class=\"appear-on-scroll wp-block-list\" >\n<li>Remplissez les formulaires de contact ou de demande de renseignements<\/li>\n\n\n\n<li>Abonnez-vous aux newsletters ou aux alertes<\/li>\n\n\n\n<li>Inscrivez-vous aux \u00e9v\u00e9nements ou aux programmes scolaires<\/li>\n<\/ul>\n\n<h4  class=\"appear-on-scroll wp-block-heading\" ><span class=\"text\"><strong>b. Informations non personnelles<\/strong><\/span><\/h4>\n\n<p class=\"appear-on-scroll\">Nous collectons automatiquement des informations non personnelles limit\u00e9es via des cookies et des outils d&#039;analyse, tels que :<\/p>\n\n<ul  class=\"appear-on-scroll wp-block-list\" >\n<li>Type de navigateur<\/li>\n\n\n\n<li>adresse IP<\/li>\n\n\n\n<li>Pages visit\u00e9es<\/li>\n\n\n\n<li>Temps pass\u00e9 sur le site<\/li>\n<\/ul>\n\n<hr  class=\"appear-on-scroll wp-block-separator has-alpha-channel-opacity\" \/>\n\n<h3  class=\"appear-on-scroll wp-block-heading\" ><span class=\"text\"><strong>2. Comment nous utilisons vos informations<\/strong><\/span><\/h3>\n\n<p class=\"appear-on-scroll\">Nous utilisons les informations collect\u00e9es pour :<\/p>\n\n<ul  class=\"appear-on-scroll wp-block-list\" >\n<li>R\u00e9pondre aux demandes de renseignements et fournir des services li\u00e9s \u00e0 l&#039;\u00e9cole<\/li>\n\n\n\n<li>Communiquer des mises \u00e0 jour, des \u00e9v\u00e9nements et des annonces<\/li>\n\n\n\n<li>Am\u00e9liorer le contenu et les fonctionnalit\u00e9s du site Web<\/li>\n\n\n\n<li>Se conformer aux obligations l\u00e9gales et aux politiques scolaires<\/li>\n<\/ul>\n\n<hr  class=\"appear-on-scroll wp-block-separator has-alpha-channel-opacity\" \/>\n\n<h3  class=\"appear-on-scroll wp-block-heading\" ><span class=\"text\"><strong>3. Partage d&#039;informations<\/strong><\/span><\/h3>\n\n<p class=\"appear-on-scroll\">Nous faisons <strong>pas<\/strong> vendre ou louer des informations personnelles. Nous pouvons partager des informations\u00a0:<\/p>\n\n<ul  class=\"appear-on-scroll wp-block-list\" >\n<li>Avec des fournisseurs de services de confiance qui nous aident \u00e0 exploiter notre site Web (par exemple, h\u00e9bergement, services de messagerie \u00e9lectronique)<\/li>\n\n\n\n<li>Avec le personnel de l&#039;\u00e9cole, au besoin, pour r\u00e9pondre aux demandes de renseignements<\/li>\n\n\n\n<li>Lorsque la loi l&#039;exige ou pour prot\u00e9ger nos droits<\/li>\n<\/ul>\n\n<hr  class=\"appear-on-scroll wp-block-separator has-alpha-channel-opacity\" \/>\n\n<h3  class=\"appear-on-scroll wp-block-heading\" ><span class=\"text\"><strong>4. Vie priv\u00e9e des enfants<\/strong><\/span><\/h3>\n\n<p class=\"appear-on-scroll\">Nous faisons <strong>pas<\/strong> recueillir sciemment des informations personnelles aupr\u00e8s d&#039;enfants de moins de 13 ans sans le consentement des parents, conform\u00e9ment \u00e0 la <strong>Loi sur la protection de la vie priv\u00e9e des enfants en ligne (COPPA)<\/strong>.<\/p>\n\n<p class=\"appear-on-scroll\">Si vous pensez que nous avons collect\u00e9 des informations aupr\u00e8s d\u2019un enfant sans son consentement, veuillez nous contacter imm\u00e9diatement.<\/p>\n\n<hr  class=\"appear-on-scroll wp-block-separator has-alpha-channel-opacity\" \/>\n\n<h3  class=\"appear-on-scroll wp-block-heading\" ><span class=\"text\"><strong>5. Cookies et suivi<\/strong><\/span><\/h3>\n\n<p class=\"appear-on-scroll\">Nous utilisons des cookies pour :<\/p>\n\n<ul  class=\"appear-on-scroll wp-block-list\" >\n<li>Analyse de sites Web (par exemple, Google Analytics)<\/li>\n\n\n\n<li>Am\u00e9liorer les fonctionnalit\u00e9s du site<\/li>\n<\/ul>\n\n<p class=\"appear-on-scroll\">Vous pouvez d\u00e9sactiver les cookies via les param\u00e8tres de votre navigateur.<\/p>\n\n<hr  class=\"appear-on-scroll wp-block-separator has-alpha-channel-opacity\" \/>\n\n<h3  class=\"appear-on-scroll wp-block-heading\" ><span class=\"text\"><strong>6. S\u00e9curit\u00e9 des donn\u00e9es<\/strong><\/span><\/h3>\n\n<p class=\"appear-on-scroll\">Nous mettons en \u0153uvre des mesures de s\u00e9curit\u00e9 pour prot\u00e9ger vos informations, notamment le cryptage, des serveurs s\u00e9curis\u00e9s et un acc\u00e8s limit\u00e9 aux donn\u00e9es personnelles.<\/p>\n\n<hr  class=\"appear-on-scroll wp-block-separator has-alpha-channel-opacity\" \/>\n\n<h3  class=\"appear-on-scroll wp-block-heading\" ><span class=\"text\"><strong>7. Liens tiers<\/strong><\/span><\/h3>\n\n<p class=\"appear-on-scroll\">Notre site peut contenir des liens vers des sites web externes. Nous ne sommes pas responsables des pratiques de confidentialit\u00e9 ni du contenu de ces sites tiers.<\/p>\n\n<hr  class=\"appear-on-scroll wp-block-separator has-alpha-channel-opacity\" \/>\n\n<h3  class=\"appear-on-scroll wp-block-heading\" ><span class=\"text\"><strong>8. Vos choix<\/strong><\/span><\/h3>\n\n<p class=\"appear-on-scroll\">Vous pouvez:<\/p>\n\n<ul  class=\"appear-on-scroll wp-block-list\" >\n<li>Demande de r\u00e9vision ou de correction de vos informations personnelles<\/li>\n\n\n\n<li>D\u00e9sactivez les communications \u00e0 tout moment<\/li>\n\n\n\n<li>Demander la suppression de vos informations (sous r\u00e9serve des exigences l\u00e9gales)<\/li>\n<\/ul>\n\n<p class=\"appear-on-scroll\">Pour exercer ces droits, contactez-nous \u00e0 : communication@latinpcs.org<\/p>\n\n<hr  class=\"appear-on-scroll wp-block-separator has-alpha-channel-opacity\" \/>\n\n<h3  class=\"appear-on-scroll wp-block-heading\" ><span class=\"text\"><strong>9. Mises \u00e0 jour de cette politique<\/strong><\/span><\/h3>\n\n<p class=\"appear-on-scroll\">Nous sommes susceptibles de mettre \u00e0 jour cette politique occasionnellement. La politique mise \u00e0 jour sera publi\u00e9e sur cette page avec la date d&#039;entr\u00e9e en vigueur r\u00e9vis\u00e9e.<\/p>\n\n<hr  class=\"appear-on-scroll wp-block-separator has-alpha-channel-opacity\" \/>\n\n<h3  class=\"appear-on-scroll wp-block-heading\" ><span class=\"text\"><strong>10. Contactez-nous<\/strong><\/span><\/h3>\n\n<p class=\"appear-on-scroll\">Si vous avez des questions sur cette politique de confidentialit\u00e9, veuillez contacter :<\/p>\n\n<p class=\"appear-on-scroll\"><strong>\u00c9coles publiques \u00e0 charte latine de Washington<\/strong><br>5200 2nd Street NW, Washington, DC 20011<br>communication@latinpcs.org<br>202.223.1111<\/p>","protected":false},"excerpt":{"rendered":"<p>Date d&#039;entr\u00e9e en vigueur : juillet 2025 Washington Latin Public Charter Schools (\u00ab nous \u00bb, \u00ab notre \u00bb ou \u00ab nos \u00bb) s&#039;engage \u00e0 prot\u00e9ger la confidentialit\u00e9 de tous les utilisateurs qui visitent notre site Web \u00e0 l&#039;adresse www.latinpcs.org (le \u00ab Site \u00bb). \u2026<\/p>","protected":false},"author":1,"featured_media":0,"parent":0,"menu_order":0,"comment_status":"closed","ping_status":"closed","template":"","meta":{"featured_image_background_position":"","background-color":"","secondary-color":"","highlight-color":"","color":"","hide-navigation":false,"footnotes":""},"class_list":["post-3","page","type-page","status-publish","hentry"],"yoast_head":"<!-- This site is optimized with the Yoast SEO plugin v25.6 - https:\/\/yoast.com\/wordpress\/plugins\/seo\/ -->\n<title>Privacy Policy - Washington Latin Public Charter Schools<\/title>\n<meta name=\"robots\" content=\"index, follow, max-snippet:-1, max-image-preview:large, max-video-preview:-1\" \/>\n<link rel=\"canonical\" href=\"https:\/\/latinpcs.org\/fr\/privacy-policy\/\" \/>\n<meta property=\"og:locale\" content=\"fr_FR\" \/>\n<meta property=\"og:type\" content=\"article\" \/>\n<meta property=\"og:title\" content=\"Privacy Policy - Washington Latin Public Charter Schools\" \/>\n<meta property=\"og:description\" content=\"Effective Date: July 2025 Washington Latin Public Charter Schools (&#8220;we&#8221;, &#8220;our&#8221;, or &#8220;us&#8221;) is committed to protecting the privacy of all users who visit our website at www.latinpcs.org (the &#8220;Site&#8221;). &hellip;\" \/>\n<meta property=\"og:url\" content=\"https:\/\/latinpcs.org\/fr\/privacy-policy\/\" \/>\n<meta property=\"og:site_name\" content=\"Washington Latin Public Charter Schools\" \/>\n<meta property=\"article:publisher\" content=\"https:\/\/www.facebook.com\/WashingtonLatinPCS\/\" \/>\n<meta property=\"article:modified_time\" content=\"2025-07-18T17:45:43+00:00\" \/>\n<meta property=\"og:image\" content=\"https:\/\/latinpcs.org\/wp-content\/uploads\/2025\/07\/latin-default-social-image.jpg\" \/>\n\t<meta property=\"og:image:width\" content=\"2000\" \/>\n\t<meta property=\"og:image:height\" content=\"1333\" \/>\n\t<meta property=\"og:image:type\" content=\"image\/jpeg\" \/>\n<meta name=\"twitter:card\" content=\"summary_large_image\" \/>\n<meta name=\"twitter:label1\" content=\"Est. reading time\" \/>\n\t<meta name=\"twitter:data1\" content=\"2 minutes\" \/>\n<script type=\"application\/ld+json\" class=\"yoast-schema-graph\">{\"@context\":\"https:\/\/schema.org\",\"@graph\":[{\"@type\":\"WebPage\",\"@id\":\"https:\/\/latinpcs.org\/privacy-policy\/\",\"url\":\"https:\/\/latinpcs.org\/privacy-policy\/\",\"name\":\"Privacy Policy - Washington Latin Public Charter Schools\",\"isPartOf\":{\"@id\":\"https:\/\/latinpcs.org\/#website\"},\"datePublished\":\"2025-05-23T17:18:34+00:00\",\"dateModified\":\"2025-07-18T17:45:43+00:00\",\"breadcrumb\":{\"@id\":\"https:\/\/latinpcs.org\/privacy-policy\/#breadcrumb\"},\"inLanguage\":\"fr-FR\",\"potentialAction\":[{\"@type\":\"ReadAction\",\"target\":[\"https:\/\/latinpcs.org\/privacy-policy\/\"]}]},{\"@type\":\"BreadcrumbList\",\"@id\":\"https:\/\/latinpcs.org\/privacy-policy\/#breadcrumb\",\"itemListElement\":[{\"@type\":\"ListItem\",\"position\":1,\"name\":\"Home\",\"item\":\"https:\/\/latinpcs.org\/\"},{\"@type\":\"ListItem\",\"position\":2,\"name\":\"Privacy Policy\"}]},{\"@type\":\"WebSite\",\"@id\":\"https:\/\/latinpcs.org\/#website\",\"url\":\"https:\/\/latinpcs.org\/\",\"name\":\"Washington Latin Public Charter Schools\",\"description\":\"Washington Latin Public Charter Schools, based in Washington, DC, offers a classical education for the modern world for students in grades 5-12 across two campuses.\",\"publisher\":{\"@id\":\"https:\/\/latinpcs.org\/#organization\"},\"potentialAction\":[{\"@type\":\"SearchAction\",\"target\":{\"@type\":\"EntryPoint\",\"urlTemplate\":\"https:\/\/latinpcs.org\/?s={search_term_string}\"},\"query-input\":{\"@type\":\"PropertyValueSpecification\",\"valueRequired\":true,\"valueName\":\"search_term_string\"}}],\"inLanguage\":\"fr-FR\"},{\"@type\":\"Organization\",\"@id\":\"https:\/\/latinpcs.org\/#organization\",\"name\":\"Washington Latin Public Charter Schools\",\"url\":\"https:\/\/latinpcs.org\/\",\"logo\":{\"@type\":\"ImageObject\",\"inLanguage\":\"fr-FR\",\"@id\":\"https:\/\/latinpcs.org\/#\/schema\/logo\/image\/\",\"url\":\"https:\/\/latinpcs.org\/wp-content\/uploads\/2025\/07\/Latin_logo_nknm_4c.svg\",\"contentUrl\":\"https:\/\/latinpcs.org\/wp-content\/uploads\/2025\/07\/Latin_logo_nknm_4c.svg\",\"width\":1,\"height\":1,\"caption\":\"Washington Latin Public Charter Schools\"},\"image\":{\"@id\":\"https:\/\/latinpcs.org\/#\/schema\/logo\/image\/\"},\"sameAs\":[\"https:\/\/www.facebook.com\/WashingtonLatinPCS\/\",\"https:\/\/www.instagram.com\/washingtonlatinpcs\/?hl=en\",\"https:\/\/www.linkedin.com\/school\/washington-latin-public-charter-schools\/\"]}]}<\/script>\n<!-- \/ Yoast SEO plugin. -->","yoast_head_json":{"title":"Politique de confidentialit\u00e9 - Washington Latin Public Charter Schools","robots":{"index":"index","follow":"follow","max-snippet":"max-snippet:-1","max-image-preview":"max-image-preview:large","max-video-preview":"max-video-preview:-1"},"canonical":"https:\/\/latinpcs.org\/fr\/privacy-policy\/","og_locale":"fr_FR","og_type":"article","og_title":"Privacy Policy - Washington Latin Public Charter Schools","og_description":"Effective Date: July 2025 Washington Latin Public Charter Schools (&#8220;we&#8221;, &#8220;our&#8221;, or &#8220;us&#8221;) is committed to protecting the privacy of all users who visit our website at www.latinpcs.org (the &#8220;Site&#8221;). &hellip;","og_url":"https:\/\/latinpcs.org\/fr\/privacy-policy\/","og_site_name":"Washington Latin Public Charter Schools","article_publisher":"https:\/\/www.facebook.com\/WashingtonLatinPCS\/","article_modified_time":"2025-07-18T17:45:43+00:00","og_image":[{"width":2000,"height":1333,"url":"https:\/\/latinpcs.org\/wp-content\/uploads\/2025\/07\/latin-default-social-image.jpg","type":"image\/jpeg"}],"twitter_card":"summary_large_image","twitter_misc":{"Est. reading time":"2 minutes"},"schema":{"@context":"https:\/\/schema.org","@graph":[{"@type":"WebPage","@id":"https:\/\/latinpcs.org\/privacy-policy\/","url":"https:\/\/latinpcs.org\/privacy-policy\/","name":"Politique de confidentialit\u00e9 - Washington Latin Public Charter Schools","isPartOf":{"@id":"https:\/\/latinpcs.org\/#website"},"datePublished":"2025-05-23T17:18:34+00:00","dateModified":"2025-07-18T17:45:43+00:00","breadcrumb":{"@id":"https:\/\/latinpcs.org\/privacy-policy\/#breadcrumb"},"inLanguage":"fr-FR","potentialAction":[{"@type":"ReadAction","target":["https:\/\/latinpcs.org\/privacy-policy\/"]}]},{"@type":"BreadcrumbList","@id":"https:\/\/latinpcs.org\/privacy-policy\/#breadcrumb","itemListElement":[{"@type":"ListItem","position":1,"name":"Home","item":"https:\/\/latinpcs.org\/"},{"@type":"ListItem","position":2,"name":"Privacy Policy"}]},{"@type":"WebSite","@id":"https:\/\/latinpcs.org\/#website","url":"https:\/\/latinpcs.org\/","name":"\u00c9coles publiques \u00e0 charte latine de Washington","description":"Washington Latin Public Charter Schools, bas\u00e9 \u00e0 Washington, DC, propose une \u00e9ducation classique pour le monde moderne aux \u00e9l\u00e8ves de la 5e \u00e0 la 12e ann\u00e9e sur deux campus.","publisher":{"@id":"https:\/\/latinpcs.org\/#organization"},"potentialAction":[{"@type":"SearchAction","target":{"@type":"EntryPoint","urlTemplate":"https:\/\/latinpcs.org\/?s={search_term_string}"},"query-input":{"@type":"PropertyValueSpecification","valueRequired":true,"valueName":"search_term_string"}}],"inLanguage":"fr-FR"},{"@type":"Organization","@id":"https:\/\/latinpcs.org\/#organization","name":"\u00c9coles publiques \u00e0 charte latine de Washington","url":"https:\/\/latinpcs.org\/","logo":{"@type":"ImageObject","inLanguage":"fr-FR","@id":"https:\/\/latinpcs.org\/#\/schema\/logo\/image\/","url":"https:\/\/latinpcs.org\/wp-content\/uploads\/2025\/07\/Latin_logo_nknm_4c.svg","contentUrl":"https:\/\/latinpcs.org\/wp-content\/uploads\/2025\/07\/Latin_logo_nknm_4c.svg","width":1,"height":1,"caption":"Washington Latin Public Charter Schools"},"image":{"@id":"https:\/\/latinpcs.org\/#\/schema\/logo\/image\/"},"sameAs":["https:\/\/www.facebook.com\/WashingtonLatinPCS\/","https:\/\/www.instagram.com\/washingtonlatinpcs\/?hl=en","https:\/\/www.linkedin.com\/school\/washington-latin-public-charter-schools\/"]}]}},"_links":{"self":[{"href":"https:\/\/latinpcs.org\/fr\/wp-json\/wp\/v2\/pages\/3","targetHints":{"allow":["GET"]}}],"collection":[{"href":"https:\/\/latinpcs.org\/fr\/wp-json\/wp\/v2\/pages"}],"about":[{"href":"https:\/\/latinpcs.org\/fr\/wp-json\/wp\/v2\/types\/page"}],"author":[{"embeddable":true,"href":"https:\/\/latinpcs.org\/fr\/wp-json\/wp\/v2\/users\/1"}],"replies":[{"embeddable":true,"href":"https:\/\/latinpcs.org\/fr\/wp-json\/wp\/v2\/comments?post=3"}],"version-history":[{"count":0,"href":"https:\/\/latinpcs.org\/fr\/wp-json\/wp\/v2\/pages\/3\/revisions"}],"wp:attachment":[{"href":"https:\/\/latinpcs.org\/fr\/wp-json\/wp\/v2\/media?parent=3"}],"curies":[{"name":"wp","href":"https:\/\/api.w.org\/{rel}","templated":true}]}}