{"id":26893,"date":"2026-03-10T20:41:27","date_gmt":"2026-03-10T20:41:27","guid":{"rendered":"https:\/\/latinpcs.org\/?page_id=26893"},"modified":"2026-04-10T19:22:59","modified_gmt":"2026-04-10T19:22:59","slug":"20th-anniversary","status":"publish","type":"page","link":"https:\/\/latinpcs.org\/fr\/20th-anniversary\/","title":{"rendered":"20e anniversaire"},"content":{"rendered":"<p  class=\"appear-on-scroll is-style-intro\" >En 2026, Washington Latin Public Charter Schools c\u00e9l\u00e9brera 20 ans d&#039;enseignement classique rigoureux dispens\u00e9 \u00e0 des \u00e9l\u00e8ves de toute la r\u00e9gion de Washington, D.C. Venez f\u00eater \u00e7a avec nous !<\/p>\n\n<p  class=\"appear-on-scroll is-style-default\" > Au cours des 20 derni\u00e8res ann\u00e9es, Latin est devenue une communaut\u00e9 dynamique d&#039;universitaires, d&#039;\u00e9ducateurs, de familles et d&#039;anciens \u00e9l\u00e8ves attach\u00e9s \u00e0 l&#039;excellence, au caract\u00e8re et \u00e0 l&#039;engagement civique. <\/p>\n\n<p  class=\"appear-on-scroll is-style-default\" >Pour marquer cet \u00e9v\u00e9nement important, nous organiserons une c\u00e9l\u00e9bration sp\u00e9ciale du 20e anniversaire le samedi 6 juin, r\u00e9unissant une communaut\u00e9 dynamique d&#039;universitaires, d&#039;\u00e9ducateurs, de familles, d&#039;anciens \u00e9l\u00e8ves et de sympathisants pour c\u00e9l\u00e9brer notre histoire commune et contribuer \u00e0 soutenir l&#039;avenir de Latin.<\/p>\n\n<h2  class=\"appear-on-scroll wp-block-heading\" ><span class=\"text\">Informations sur l&#039;\u00e9v\u00e9nement de c\u00e9l\u00e9bration XX<\/span><\/h2>\n\n<h4  class=\"appear-on-scroll wp-block-heading\" ><span class=\"text\">NOUVELLE DATE ! Samedi 6 juin 2026<\/span><\/h4>\n\n<p class=\"appear-on-scroll\">Nous vous invitons \u00e0 la c\u00e9l\u00e9bration de Washington Latin qui r\u00e9unit tous les anciens \u00e9l\u00e8ves (21 ans et plus), leurs familles et leurs soutiens sur notre campus de la 2e Rue. Au programme\u00a0: cocktails, d\u00eener, animations et l\u2019occasion de retrouver des amis de toute la communaut\u00e9 latino-am\u00e9ricaine.<\/p>\n\n<h3  class=\"appear-on-scroll wp-block-heading\" ><span class=\"text\">Devenez sponsor<\/span><\/h3>\n\n<p class=\"appear-on-scroll\">Nous invitons <strong>entreprises, organisations et partenaires communautaires<\/strong> Nous vous invitons \u00e0 vous joindre \u00e0 nous en tant que commanditaires pour cette soir\u00e9e sp\u00e9ciale. Les commanditaires b\u00e9n\u00e9ficieront d&#039;une visibilit\u00e9 aupr\u00e8s du r\u00e9seau engag\u00e9 de familles, d&#039;anciens \u00e9l\u00e8ves, d&#039;enseignants, de leaders communautaires et de sympathisants de Washington Latin, tout en contribuant \u00e0 soutenir une communaut\u00e9 scolaire attach\u00e9e \u00e0 l&#039;excellence acad\u00e9mique et \u00e0 la responsabilit\u00e9 civique.<\/p>\n\n<div id=\"read-more\" class=\"wp-block-theme-blocks-expandable appear-on-scroll theme-block has-layout-center expand\"><div role=\"button\" tabindex=\"0\" class=\"block-question appear-on-scroll heading h4\">En savoir plus<\/div><div class=\"block-answer\" style=\"display:none;\">\n<p class=\"appear-on-scroll\"><strong>Opportunit\u00e9s de parrainage<\/strong><\/p>\n\n<p class=\"appear-on-scroll\"><strong>Parrain de Cic\u00e9ron \u2014 $25 000<\/strong><\/p>\n\n<ul  class=\"appear-on-scroll wp-block-list\" >\n<li>Reconnaissance de premier plan en tant que sponsor majeur de la c\u00e9l\u00e9bration du 20e anniversaire<\/li>\n\n\n\n<li>Placement en \u00e9vidence du logo sur la signal\u00e9tique et les supports de l&#039;\u00e9v\u00e9nement<\/li>\n\n\n\n<li>Insertion du logo dans les communications par courriel avant et apr\u00e8s l&#039;\u00e9v\u00e9nement<\/li>\n\n\n\n<li>Reconnaissance dans le programme de l&#039;\u00e9v\u00e9nement et les communications scolaires<\/li>\n\n\n\n<li>Reconnaissance verbale pendant le programme de l&#039;\u00e9v\u00e9nement<\/li>\n\n\n\n<li>Si\u00e8ges premium r\u00e9serv\u00e9s<\/li>\n\n\n\n<li>Deux tables r\u00e9serv\u00e9es (20 \u00e9v\u00e9nements tick)<strong>ets)<\/strong><\/li>\n<\/ul>\n\n<p class=\"appear-on-scroll\"><strong>Sponsor Seneca \u2014 $15\u00a0000&nbsp;<\/strong><\/p>\n\n<ul  class=\"appear-on-scroll wp-block-list\" >\n<li>Reconnaissance majeure en tant que sponsor cl\u00e9 de la c\u00e9l\u00e9bration<\/li>\n\n\n\n<li>Placement du logo sur la signal\u00e9tique et les supports de l&#039;\u00e9v\u00e9nement<\/li>\n\n\n\n<li>Insertion du logo dans les communications par courriel avant et apr\u00e8s l&#039;\u00e9v\u00e9nement<\/li>\n\n\n\n<li>Reconnaissance dans le programme de l&#039;\u00e9v\u00e9nement et les communications scolaires<\/li>\n\n\n\n<li>Mention sur le site web de Washington Latin et communications post-\u00e9v\u00e9nement<\/li>\n\n\n\n<li>Si\u00e8ges premium r\u00e9serv\u00e9s<\/li>\n\n\n\n<li>Une table r\u00e9serv\u00e9e (10 billets pour l&#039;\u00e9v\u00e9nement)<\/li>\n<\/ul>\n\n<p class=\"appear-on-scroll\"><strong>Parrain Virgile \u2014 $10 000<\/strong><\/p>\n\n<ul  class=\"appear-on-scroll wp-block-list\" >\n<li>Une reconnaissance de premier plan lors de la c\u00e9l\u00e9bration<\/li>\n\n\n\n<li>Placement du logo sur la signal\u00e9tique et les supports de l&#039;\u00e9v\u00e9nement<\/li>\n\n\n\n<li>Reconnaissance dans le programme et la communication de l&#039;\u00e9v\u00e9nement<\/li>\n\n\n\n<li>8 billets pour l&#039;\u00e9v\u00e9nement<\/li>\n<\/ul>\n\n<p class=\"appear-on-scroll\"><strong>Sponsor de Sophocle \u2014 $5\u00a0000<\/strong><\/p>\n\n<ul  class=\"appear-on-scroll wp-block-list\" >\n<li>Mention sur la signal\u00e9tique et dans le programme de l&#039;\u00e9v\u00e9nement<\/li>\n\n\n\n<li>6 billets pour l&#039;\u00e9v\u00e9nement<\/li>\n<\/ul>\n\n<p class=\"appear-on-scroll\"><strong>Sponsor Homer \u2014 $2\u00a0500<\/strong><\/p>\n\n<ul  class=\"appear-on-scroll wp-block-list\" >\n<li>Mention dans le programme de l&#039;\u00e9v\u00e9nement et sur le site web de l&#039;\u00e9v\u00e9nement<\/li>\n\n\n\n<li>4 billets pour l&#039;\u00e9v\u00e9nement<\/li>\n<\/ul>\n\n<div  class=\"appear-on-scroll wp-block-buttons is-layout-flex wp-block-buttons-is-layout-flex\" >\n<div class=\"wp-block-button is-style-text\"><a class=\"wp-block-button__link wp-element-button\" href=\"mailto:emoussa@latinpcs.org\"><span class=\"label\">Des questions\u00a0? Veuillez contacter Ewing Moussa, directeur du d\u00e9veloppement.<\/span><\/a><\/div>\n\n\n\n<div class=\"wp-block-button is-style-text\"><a class=\"wp-block-button__link wp-element-button\" href=\"https:\/\/latinpcs.org\/wp-content\/uploads\/2026\/03\/Washington-Latin-XX-Event-Sponsorship-2.pdf\"><span class=\"label\">T\u00e9l\u00e9chargez notre brochure d&#039;information sur le parrainage (PDF)<\/span><\/a><\/div>\n<\/div>\n<\/div><\/div>\n\n\n<div class=\"wp-block-group is-layout-constrained wp-block-group-is-layout-constrained\"><h3  class=\"appear-on-scroll wp-block-heading\" ><span class=\"text\">Billets et tables<\/span><\/h3>\n\n<p class=\"appear-on-scroll\">Nous vous proposons plusieurs options pour r\u00e9server votre place \u00e0 la soir\u00e9e, notamment des billets individuels, l&#039;achat d&#039;une table de 10 pour vous et vos amis, et la cr\u00e9ation d&#039;une table de classe.<\/p>\n\n<div  class=\"appear-on-scroll wp-block-buttons is-layout-flex wp-block-buttons-is-layout-flex\" >\n<div class=\"wp-block-button\"><a class=\"wp-block-button__link wp-element-button\" href=\"https:\/\/washingtonlatinpubliccharterschool-bloom.kindful.com\/e\/latins-20th-anniversary-party\"><span class=\"label\">Achetez vos billets !<\/span><\/a><\/div>\n\n\n\n<div class=\"wp-block-button\"><a class=\"wp-block-button__link wp-element-button\" href=\"https:\/\/washingtonlatinpubliccharterschool-bloom.kindful.com\/e\/latins-20th-anniversary-party\"><span class=\"label\">Achetez une table pour 10<\/span><\/a><\/div>\n<\/div>\n\n<h3  class=\"appear-on-scroll wp-block-heading\" ><span class=\"text\">B\u00e9n\u00e9vole<\/span><\/h3>\n\n<p class=\"appear-on-scroll\">Vous souhaitez participer\u00a0? Nous vous invitons \u00e0 rejoindre le comit\u00e9, \u00e0 devenir capitaine de classe ou \u00e0 collaborer avec nous pour faire de cette f\u00eate un succ\u00e8s.<\/p>\n\n<div id=\"read-more\" class=\"wp-block-theme-blocks-expandable appear-on-scroll theme-block has-layout-center expand\"><div role=\"button\" tabindex=\"0\" class=\"block-question appear-on-scroll heading h4\">En savoir plus<\/div><div class=\"block-answer\" style=\"display:none;\">\n<p class=\"appear-on-scroll\">Veuillez remplir le formulaire ci-dessous et restez \u00e0 l&#039;\u00e9coute pour plus d&#039;informations.<\/p>\n\n<div  class=\"appear-on-scroll wp-block-buttons is-layout-flex wp-block-buttons-is-layout-flex\" >\n<div class=\"wp-block-button is-style-text\"><a class=\"wp-block-button__link wp-element-button\" href=\"https:\/\/forms.gle\/usC3u8iJtmrzjQ3w8\"><span class=\"label\">Remplissez notre formulaire d&#039;int\u00e9r\u00eat pour la c\u00e9l\u00e9bration XX<\/span><\/a><\/div>\n<\/div>\n<\/div><\/div><\/div>\n\n\n<h2  class=\"appear-on-scroll wp-block-heading\" ><span class=\"text\">Faire un don<\/span><\/h2>\n\n<p class=\"appear-on-scroll\">Que vous puissiez y assister ou non, merci d&#039;envisager un don pour soutenir Washington Latin !<\/p>\n\n<div  class=\"appear-on-scroll wp-block-buttons is-layout-flex wp-block-buttons-is-layout-flex\" >\n<div class=\"wp-block-button\"><a class=\"wp-block-button__link wp-element-button\" href=\"https:\/\/latinpcs.org\/fr\/donate\/\"><span class=\"label\">Faites un don \u00e0 Washington Latin<\/span><\/a><\/div>\n\n\n\n<div class=\"wp-block-button\"><a class=\"wp-block-button__link wp-element-button\" href=\"https:\/\/crm.bloomerang.co\/HostedDonation?ApiKey=pub_5e71e019-e5ad-11ec-b5ee-066e3d38bc77&amp;WidgetId=23506944\"><span class=\"label\">Faites un don \u00e0 la caisse de votre classe<\/span><\/a><\/div>\n<\/div>","protected":false},"excerpt":{"rendered":"<p>In 2026, Washington Latin Public Charter Schools will celebrate 20 years of providing a rigorous classical education to students from across Washington, DC. Join us to celebrate! During the past &hellip;<\/p>","protected":false},"author":3,"featured_media":26641,"parent":0,"menu_order":0,"comment_status":"closed","ping_status":"closed","template":"","meta":{"featured_image_background_position":"","background-color":"","secondary-color":"","highlight-color":"","color":"","hide-navigation":false,"footnotes":""},"class_list":["post-26893","page","type-page","status-publish","has-post-thumbnail","hentry"],"yoast_head":"<!-- This site is optimized with the Yoast SEO plugin v25.6 - https:\/\/yoast.com\/wordpress\/plugins\/seo\/ -->\n<title>20th Anniversary - Washington Latin Public Charter Schools<\/title>\n<meta name=\"robots\" content=\"index, follow, max-snippet:-1, max-image-preview:large, max-video-preview:-1\" \/>\n<link rel=\"canonical\" href=\"https:\/\/latinpcs.org\/fr\/20th-anniversary\/\" \/>\n<meta property=\"og:locale\" content=\"fr_FR\" \/>\n<meta property=\"og:type\" content=\"article\" \/>\n<meta property=\"og:title\" content=\"20th Anniversary - Washington Latin Public Charter Schools\" \/>\n<meta property=\"og:description\" content=\"In 2026, Washington Latin Public Charter Schools will celebrate 20 years of providing a rigorous classical education to students from across Washington, DC. Join us to celebrate! During the past &hellip;\" \/>\n<meta property=\"og:url\" content=\"https:\/\/latinpcs.org\/fr\/20th-anniversary\/\" \/>\n<meta property=\"og:site_name\" content=\"Washington Latin Public Charter Schools\" \/>\n<meta property=\"article:publisher\" content=\"https:\/\/www.facebook.com\/WashingtonLatinPCS\/\" \/>\n<meta property=\"article:modified_time\" content=\"2026-04-10T19:22:59+00:00\" \/>\n<meta property=\"og:image\" content=\"https:\/\/latinpcs.org\/wp-content\/uploads\/2026\/02\/party-lights-disco-ball-sq-1.jpg\" \/>\n\t<meta property=\"og:image:width\" content=\"1000\" \/>\n\t<meta property=\"og:image:height\" content=\"1000\" \/>\n\t<meta property=\"og:image:type\" content=\"image\/jpeg\" \/>\n<meta name=\"twitter:card\" content=\"summary_large_image\" \/>\n<meta name=\"twitter:label1\" content=\"Est. reading time\" \/>\n\t<meta name=\"twitter:data1\" content=\"3 minutes\" \/>\n<script type=\"application\/ld+json\" class=\"yoast-schema-graph\">{\"@context\":\"https:\/\/schema.org\",\"@graph\":[{\"@type\":\"WebPage\",\"@id\":\"https:\/\/latinpcs.org\/20th-anniversary\/\",\"url\":\"https:\/\/latinpcs.org\/20th-anniversary\/\",\"name\":\"20th Anniversary - Washington Latin Public Charter Schools\",\"isPartOf\":{\"@id\":\"https:\/\/latinpcs.org\/#website\"},\"primaryImageOfPage\":{\"@id\":\"https:\/\/latinpcs.org\/20th-anniversary\/#primaryimage\"},\"image\":{\"@id\":\"https:\/\/latinpcs.org\/20th-anniversary\/#primaryimage\"},\"thumbnailUrl\":\"https:\/\/latinpcs.org\/wp-content\/uploads\/2026\/02\/party-lights-disco-ball-sq-1.jpg\",\"datePublished\":\"2026-03-10T20:41:27+00:00\",\"dateModified\":\"2026-04-10T19:22:59+00:00\",\"breadcrumb\":{\"@id\":\"https:\/\/latinpcs.org\/20th-anniversary\/#breadcrumb\"},\"inLanguage\":\"fr-FR\",\"potentialAction\":[{\"@type\":\"ReadAction\",\"target\":[\"https:\/\/latinpcs.org\/20th-anniversary\/\"]}]},{\"@type\":\"ImageObject\",\"inLanguage\":\"fr-FR\",\"@id\":\"https:\/\/latinpcs.org\/20th-anniversary\/#primaryimage\",\"url\":\"https:\/\/latinpcs.org\/wp-content\/uploads\/2026\/02\/party-lights-disco-ball-sq-1.jpg\",\"contentUrl\":\"https:\/\/latinpcs.org\/wp-content\/uploads\/2026\/02\/party-lights-disco-ball-sq-1.jpg\",\"width\":1000,\"height\":1000},{\"@type\":\"BreadcrumbList\",\"@id\":\"https:\/\/latinpcs.org\/20th-anniversary\/#breadcrumb\",\"itemListElement\":[{\"@type\":\"ListItem\",\"position\":1,\"name\":\"Home\",\"item\":\"https:\/\/latinpcs.org\/\"},{\"@type\":\"ListItem\",\"position\":2,\"name\":\"20th Anniversary\"}]},{\"@type\":\"WebSite\",\"@id\":\"https:\/\/latinpcs.org\/#website\",\"url\":\"https:\/\/latinpcs.org\/\",\"name\":\"Washington Latin Public Charter Schools\",\"description\":\"Washington Latin Public Charter Schools, based in Washington, DC, offers a classical education for the modern world for students in grades 5-12 across two campuses.\",\"publisher\":{\"@id\":\"https:\/\/latinpcs.org\/#organization\"},\"potentialAction\":[{\"@type\":\"SearchAction\",\"target\":{\"@type\":\"EntryPoint\",\"urlTemplate\":\"https:\/\/latinpcs.org\/?s={search_term_string}\"},\"query-input\":{\"@type\":\"PropertyValueSpecification\",\"valueRequired\":true,\"valueName\":\"search_term_string\"}}],\"inLanguage\":\"fr-FR\"},{\"@type\":\"Organization\",\"@id\":\"https:\/\/latinpcs.org\/#organization\",\"name\":\"Washington Latin Public Charter Schools\",\"url\":\"https:\/\/latinpcs.org\/\",\"logo\":{\"@type\":\"ImageObject\",\"inLanguage\":\"fr-FR\",\"@id\":\"https:\/\/latinpcs.org\/#\/schema\/logo\/image\/\",\"url\":\"https:\/\/latinpcs.org\/wp-content\/uploads\/2025\/07\/Latin_logo_nknm_4c.svg\",\"contentUrl\":\"https:\/\/latinpcs.org\/wp-content\/uploads\/2025\/07\/Latin_logo_nknm_4c.svg\",\"width\":1,\"height\":1,\"caption\":\"Washington Latin Public Charter Schools\"},\"image\":{\"@id\":\"https:\/\/latinpcs.org\/#\/schema\/logo\/image\/\"},\"sameAs\":[\"https:\/\/www.facebook.com\/WashingtonLatinPCS\/\",\"https:\/\/www.instagram.com\/washingtonlatinpcs\/?hl=en\",\"https:\/\/www.linkedin.com\/school\/washington-latin-public-charter-schools\/\"]}]}<\/script>\n<!-- \/ Yoast SEO plugin. -->","yoast_head_json":{"title":"20th Anniversary - Washington Latin Public Charter Schools","robots":{"index":"index","follow":"follow","max-snippet":"max-snippet:-1","max-image-preview":"max-image-preview:large","max-video-preview":"max-video-preview:-1"},"canonical":"https:\/\/latinpcs.org\/fr\/20th-anniversary\/","og_locale":"fr_FR","og_type":"article","og_title":"20th Anniversary - Washington Latin Public Charter Schools","og_description":"In 2026, Washington Latin Public Charter Schools will celebrate 20 years of providing a rigorous classical education to students from across Washington, DC. Join us to celebrate! During the past &hellip;","og_url":"https:\/\/latinpcs.org\/fr\/20th-anniversary\/","og_site_name":"Washington Latin Public Charter Schools","article_publisher":"https:\/\/www.facebook.com\/WashingtonLatinPCS\/","article_modified_time":"2026-04-10T19:22:59+00:00","og_image":[{"width":1000,"height":1000,"url":"https:\/\/latinpcs.org\/wp-content\/uploads\/2026\/02\/party-lights-disco-ball-sq-1.jpg","type":"image\/jpeg"}],"twitter_card":"summary_large_image","twitter_misc":{"Est. reading time":"3 minutes"},"schema":{"@context":"https:\/\/schema.org","@graph":[{"@type":"WebPage","@id":"https:\/\/latinpcs.org\/20th-anniversary\/","url":"https:\/\/latinpcs.org\/20th-anniversary\/","name":"20th Anniversary - Washington Latin Public Charter Schools","isPartOf":{"@id":"https:\/\/latinpcs.org\/#website"},"primaryImageOfPage":{"@id":"https:\/\/latinpcs.org\/20th-anniversary\/#primaryimage"},"image":{"@id":"https:\/\/latinpcs.org\/20th-anniversary\/#primaryimage"},"thumbnailUrl":"https:\/\/latinpcs.org\/wp-content\/uploads\/2026\/02\/party-lights-disco-ball-sq-1.jpg","datePublished":"2026-03-10T20:41:27+00:00","dateModified":"2026-04-10T19:22:59+00:00","breadcrumb":{"@id":"https:\/\/latinpcs.org\/20th-anniversary\/#breadcrumb"},"inLanguage":"fr-FR","potentialAction":[{"@type":"ReadAction","target":["https:\/\/latinpcs.org\/20th-anniversary\/"]}]},{"@type":"ImageObject","inLanguage":"fr-FR","@id":"https:\/\/latinpcs.org\/20th-anniversary\/#primaryimage","url":"https:\/\/latinpcs.org\/wp-content\/uploads\/2026\/02\/party-lights-disco-ball-sq-1.jpg","contentUrl":"https:\/\/latinpcs.org\/wp-content\/uploads\/2026\/02\/party-lights-disco-ball-sq-1.jpg","width":1000,"height":1000},{"@type":"BreadcrumbList","@id":"https:\/\/latinpcs.org\/20th-anniversary\/#breadcrumb","itemListElement":[{"@type":"ListItem","position":1,"name":"Home","item":"https:\/\/latinpcs.org\/"},{"@type":"ListItem","position":2,"name":"20th Anniversary"}]},{"@type":"WebSite","@id":"https:\/\/latinpcs.org\/#website","url":"https:\/\/latinpcs.org\/","name":"\u00c9coles publiques \u00e0 charte latine de Washington","description":"Washington Latin Public Charter Schools, bas\u00e9 \u00e0 Washington, DC, propose une \u00e9ducation classique pour le monde moderne aux \u00e9l\u00e8ves de la 5e \u00e0 la 12e ann\u00e9e sur deux campus.","publisher":{"@id":"https:\/\/latinpcs.org\/#organization"},"potentialAction":[{"@type":"SearchAction","target":{"@type":"EntryPoint","urlTemplate":"https:\/\/latinpcs.org\/?s={search_term_string}"},"query-input":{"@type":"PropertyValueSpecification","valueRequired":true,"valueName":"search_term_string"}}],"inLanguage":"fr-FR"},{"@type":"Organization","@id":"https:\/\/latinpcs.org\/#organization","name":"\u00c9coles publiques \u00e0 charte latine de Washington","url":"https:\/\/latinpcs.org\/","logo":{"@type":"ImageObject","inLanguage":"fr-FR","@id":"https:\/\/latinpcs.org\/#\/schema\/logo\/image\/","url":"https:\/\/latinpcs.org\/wp-content\/uploads\/2025\/07\/Latin_logo_nknm_4c.svg","contentUrl":"https:\/\/latinpcs.org\/wp-content\/uploads\/2025\/07\/Latin_logo_nknm_4c.svg","width":1,"height":1,"caption":"Washington Latin Public Charter Schools"},"image":{"@id":"https:\/\/latinpcs.org\/#\/schema\/logo\/image\/"},"sameAs":["https:\/\/www.facebook.com\/WashingtonLatinPCS\/","https:\/\/www.instagram.com\/washingtonlatinpcs\/?hl=en","https:\/\/www.linkedin.com\/school\/washington-latin-public-charter-schools\/"]}]}},"_links":{"self":[{"href":"https:\/\/latinpcs.org\/fr\/wp-json\/wp\/v2\/pages\/26893","targetHints":{"allow":["GET"]}}],"collection":[{"href":"https:\/\/latinpcs.org\/fr\/wp-json\/wp\/v2\/pages"}],"about":[{"href":"https:\/\/latinpcs.org\/fr\/wp-json\/wp\/v2\/types\/page"}],"author":[{"embeddable":true,"href":"https:\/\/latinpcs.org\/fr\/wp-json\/wp\/v2\/users\/3"}],"replies":[{"embeddable":true,"href":"https:\/\/latinpcs.org\/fr\/wp-json\/wp\/v2\/comments?post=26893"}],"version-history":[{"count":0,"href":"https:\/\/latinpcs.org\/fr\/wp-json\/wp\/v2\/pages\/26893\/revisions"}],"wp:featuredmedia":[{"embeddable":true,"href":"https:\/\/latinpcs.org\/fr\/wp-json\/wp\/v2\/media\/26641"}],"wp:attachment":[{"href":"https:\/\/latinpcs.org\/fr\/wp-json\/wp\/v2\/media?parent=26893"}],"curies":[{"name":"wp","href":"https:\/\/api.w.org\/{rel}","templated":true}]}}