{"id":26638,"date":"2026-02-05T20:08:39","date_gmt":"2026-02-05T20:08:39","guid":{"rendered":"https:\/\/latinpcs.org\/?page_id=26638"},"modified":"2026-04-12T13:03:59","modified_gmt":"2026-04-12T13:03:59","slug":"celebrate-with-latin","status":"publish","type":"page","link":"https:\/\/latinpcs.org\/fr\/celebrate-with-latin\/","title":{"rendered":"C\u00e9l\u00e9brer!"},"content":{"rendered":"<p  class=\"appear-on-scroll is-style-intro\" >Washington Latin f\u00eatera ses 20 ans en juin 2026 ! C\u00e9l\u00e9brez cet \u00e9v\u00e9nement marquant avec nous lors d&#039;une s\u00e9rie de f\u00eates printani\u00e8res et d&#039;une grande c\u00e9l\u00e9bration d&#039;anniversaire le samedi 6 juin (NOUVELLE DATE !)<\/p>\n\n<p class=\"appear-on-scroll\">Nous avons de quoi nous r\u00e9jouir ! Cette ann\u00e9e marque notre 20e anniversaire en tant qu&#039;\u00e9cole publique sous contrat, avec d\u00e9sormais deux campus et plus de 1\u00a0200 \u00e9l\u00e8ves venant de toute la r\u00e9gion de Washington D.C. Nous avons install\u00e9 le campus Anna Julia Cooper dans ses locaux permanents sur le campus r\u00e9am\u00e9nag\u00e9 de l&#039;ancienne Acad\u00e9mie de ballet Kirov, que nous avons acquise en 2022. <\/p>\n\n<p class=\"appear-on-scroll\">Avec l&#039;augmentation de nos effectifs, notre communaut\u00e9 s&#039;agrandit. Pr\u00e8s de 1\u00a0000 dipl\u00f4m\u00e9s de nos 14 promotions ont pris leur envol. Certains sont revenus parmi nous en tant que membres du corps professoral, travaillant d\u00e9sormais aux c\u00f4t\u00e9s de leurs anciens professeurs. Nous organisons des festivit\u00e9s pour nos familles sur les deux campus\u00a0: la F\u00eate d&#039;automne et la Soir\u00e9e multiculturelle. Les Bacchanales, quant \u00e0 elles, sont ouvertes \u00e0 tous \u00e0 Latin et accueillent chaque ann\u00e9e des centaines de personnes. <\/p>\n\n<div  class=\"theme-block wp-block-media-text is-stacked-on-mobile\" ><figure class=\"wp-block-media-text__media\"><img decoding=\"async\" width=\"1000\" height=\"1000\" data-src=\"https:\/\/latinpcs.org\/wp-content\/uploads\/2026\/02\/taste-of-Africa-2022-sq.jpg\" alt=\"\" class=\"wp-image-26642 size-full lazyload\" data-srcset=\"https:\/\/latinpcs.org\/wp-content\/uploads\/2026\/02\/taste-of-Africa-2022-sq.jpg 1000w, https:\/\/latinpcs.org\/wp-content\/uploads\/2026\/02\/taste-of-Africa-2022-sq-300x300.jpg 300w, https:\/\/latinpcs.org\/wp-content\/uploads\/2026\/02\/taste-of-Africa-2022-sq-150x150.jpg 150w, https:\/\/latinpcs.org\/wp-content\/uploads\/2026\/02\/taste-of-Africa-2022-sq-768x768.jpg 768w, https:\/\/latinpcs.org\/wp-content\/uploads\/2026\/02\/taste-of-Africa-2022-sq-12x12.jpg 12w, https:\/\/latinpcs.org\/wp-content\/uploads\/2026\/02\/taste-of-Africa-2022-sq-100x100.jpg 100w\" data-sizes=\"(max-width: 1000px) 100vw, 1000px\" src=\"data:image\/svg+xml;base64,PHN2ZyB3aWR0aD0iMSIgaGVpZ2h0PSIxIiB4bWxucz0iaHR0cDovL3d3dy53My5vcmcvMjAwMC9zdmciPjwvc3ZnPg==\" style=\"--smush-placeholder-width: 1000px; --smush-placeholder-aspect-ratio: 1000\/1000;\" \/><\/figure><div class=\"wp-block-media-text__content appear-on-scroll\"><h2  class=\"wp-block-heading\" ><span class=\"text\">bacchanales <\/span><\/h2>\n\n<h3  class=\"wp-block-heading\" ><span class=\"text\">\u00c9v\u00e9nements de printemps organis\u00e9s par les familles<\/span><\/h3>\n\n<p class=\"\">Bacchanalia est une s\u00e9rie de f\u00eates \u00e0 th\u00e8me organis\u00e9es par les parents au profit de Washington Latin. Tout parent ou tuteur d&#039;\u00e9l\u00e8ve de Washington Latin peut s&#039;inscrire \u00e0 une f\u00eate et faire un don \u00e0 Washington Latin au lieu d&#039;acheter un billet.&nbsp;<\/p>\n\n<p class=\"\">Des questions ? Veuillez contacter Ewing Moussa, directeur du d\u00e9veloppement. <\/p>\n\n<div  class=\"wp-block-buttons is-layout-flex wp-block-buttons-is-layout-flex\" >\n<div class=\"wp-block-button is-style-text\"><a class=\"wp-block-button__link wp-element-button\" href=\"https:\/\/forms.gle\/dzBEYoAPL5gGTTrc8\"><span class=\"label\">Inscrivez-vous \u00e0 vos \u00e9v\u00e9nements !<\/span><\/a><\/div>\n<\/div><\/div><\/div>\n\n<div  class=\"theme-block wp-block-media-text has-media-on-the-right is-stacked-on-mobile\" ><div class=\"wp-block-media-text__content appear-on-scroll\"><h2  class=\"wp-block-heading\" ><span class=\"text\">Promotion 2016<\/span><\/h2>\n\n<h3  class=\"wp-block-heading\" ><span class=\"text\">R\u00e9union<\/span><\/h3>\n\n<h4  class=\"wp-block-heading\" ><span class=\"text\">NOUVELLE DATE ! 5 juin 2026<\/span><\/h4>\n\n<p class=\"\">En plus de la c\u00e9l\u00e9bration enti\u00e8rement latine du 6 juin, nous nous r\u00e9jouissons d&#039;accueillir \u00e0 nouveau nos anciens \u00e9l\u00e8ves de la promotion 2016 pour une r\u00e9ception sp\u00e9ciale dans la cour du campus de la 2e rue. <\/p>\n\n<p class=\"\">Des questions ? Veuillez contacter Caroline (Coleman) Ball, responsable des relations avec les anciens \u00e9l\u00e8ves.<\/p>\n\n<div  class=\"wp-block-buttons is-layout-flex wp-block-buttons-is-layout-flex\" >\n<div class=\"wp-block-button is-style-text\"><a class=\"wp-block-button__link wp-element-button\" href=\"https:\/\/docs.google.com\/forms\/d\/1AybvK15DHEuv5pPehe6XXtTb1nnQF2Yx-L0efo50cvI\/viewform?ts=69a797b0&amp;edit_requested=true\" target=\"_blank\" rel=\"noreferrer noopener\"><span class=\"label\">Remplissez le formulaire de contact des anciens \u00e9l\u00e8ves<\/span><\/a><\/div>\n<\/div><\/div><figure class=\"wp-block-media-text__media\"><img decoding=\"async\" width=\"858\" height=\"1024\" data-src=\"https:\/\/latinpcs.org\/wp-content\/uploads\/2026\/02\/2016-WaPo-ad-858x1024.jpg\" alt=\"\" class=\"wp-image-26644 size-full lazyload\" data-srcset=\"https:\/\/latinpcs.org\/wp-content\/uploads\/2026\/02\/2016-WaPo-ad-858x1024.jpg 858w, https:\/\/latinpcs.org\/wp-content\/uploads\/2026\/02\/2016-WaPo-ad-251x300.jpg 251w, https:\/\/latinpcs.org\/wp-content\/uploads\/2026\/02\/2016-WaPo-ad-768x916.jpg 768w, https:\/\/latinpcs.org\/wp-content\/uploads\/2026\/02\/2016-WaPo-ad-1287x1536.jpg 1287w, https:\/\/latinpcs.org\/wp-content\/uploads\/2026\/02\/2016-WaPo-ad-1717x2048.jpg 1717w, https:\/\/latinpcs.org\/wp-content\/uploads\/2026\/02\/2016-WaPo-ad-10x12.jpg 10w, https:\/\/latinpcs.org\/wp-content\/uploads\/2026\/02\/2016-WaPo-ad-1024x1222.jpg 1024w, https:\/\/latinpcs.org\/wp-content\/uploads\/2026\/02\/2016-WaPo-ad.jpg 1720w\" data-sizes=\"(max-width: 858px) 100vw, 858px\" src=\"data:image\/svg+xml;base64,PHN2ZyB3aWR0aD0iMSIgaGVpZ2h0PSIxIiB4bWxucz0iaHR0cDovL3d3dy53My5vcmcvMjAwMC9zdmciPjwvc3ZnPg==\" style=\"--smush-placeholder-width: 858px; --smush-placeholder-aspect-ratio: 858\/1024;\" \/><\/figure><\/div>\n\n<div  class=\"theme-block wp-block-media-text is-stacked-on-mobile\" ><figure class=\"wp-block-media-text__media\"><img decoding=\"async\" width=\"1024\" height=\"1024\" data-src=\"https:\/\/latinpcs.org\/wp-content\/uploads\/2025\/12\/WL-Icon_Common-Good-BrightGold-1024x1024.png\" alt=\"\" class=\"wp-image-26382 size-full lazyload\" data-srcset=\"https:\/\/latinpcs.org\/wp-content\/uploads\/2025\/12\/WL-Icon_Common-Good-BrightGold-1024x1024.png 1024w, https:\/\/latinpcs.org\/wp-content\/uploads\/2025\/12\/WL-Icon_Common-Good-BrightGold-300x300.png 300w, https:\/\/latinpcs.org\/wp-content\/uploads\/2025\/12\/WL-Icon_Common-Good-BrightGold-150x150.png 150w, https:\/\/latinpcs.org\/wp-content\/uploads\/2025\/12\/WL-Icon_Common-Good-BrightGold-768x768.png 768w, https:\/\/latinpcs.org\/wp-content\/uploads\/2025\/12\/WL-Icon_Common-Good-BrightGold-12x12.png 12w, https:\/\/latinpcs.org\/wp-content\/uploads\/2025\/12\/WL-Icon_Common-Good-BrightGold-100x100.png 100w, https:\/\/latinpcs.org\/wp-content\/uploads\/2025\/12\/WL-Icon_Common-Good-BrightGold.png 1200w\" data-sizes=\"(max-width: 1024px) 100vw, 1024px\" src=\"data:image\/svg+xml;base64,PHN2ZyB3aWR0aD0iMSIgaGVpZ2h0PSIxIiB4bWxucz0iaHR0cDovL3d3dy53My5vcmcvMjAwMC9zdmciPjwvc3ZnPg==\" style=\"--smush-placeholder-width: 1024px; --smush-placeholder-aspect-ratio: 1024\/1024;\" \/><\/figure><div class=\"wp-block-media-text__content appear-on-scroll\"><h2  class=\"wp-block-heading\" ><span class=\"text\">Service communautaire<\/span><\/h2>\n\n<h3  class=\"wp-block-heading\" ><span class=\"text\">Projet de service enti\u00e8rement latin<\/span><\/h3>\n\n<h4  class=\"wp-block-heading\" ><span class=\"text\">NOUVELLE DATE ! Samedi 6 juin 2026<\/span><\/h4>\n\n<p class=\"\">Nous organiserons \u00e9galement une action solidaire sp\u00e9ciale le samedi 6 juin. Ce sera l&#039;occasion pour les membres de la grande famille Washington Latin \u2013 \u00e9l\u00e8ves actuels et anciens \u2013 de se r\u00e9unir et de travailler ensemble sur un projet au service de la communaut\u00e9. Plus d&#039;informations sur l&#039;activit\u00e9 seront communiqu\u00e9es ult\u00e9rieurement. Pr\u00e9voyez de bouger pendant l&#039;activit\u00e9. Nous vous conseillons de porter des v\u00eatements confortables, que vous n&#039;avez pas peur de salir et qui sont adapt\u00e9s aux temp\u00e9ratures chaudes.\u00a0<br><\/p>\n\n<div  class=\"wp-block-buttons is-layout-flex wp-block-buttons-is-layout-flex\" >\n<div class=\"wp-block-button is-style-text\"><a class=\"wp-block-button__link wp-element-button\" href=\"https:\/\/450838032.planningpod.com\/?_gl=1*1cn3t7u*_gcl_au*MTc0NTQwOTMzMC4xNzcwOTQ0NzI2\"><span class=\"label\">Inscrivez-vous \u00e0 l&#039;\u00e9v\u00e9nement de service (gratuit)<\/span><\/a><\/div>\n<\/div><\/div><\/div>\n\n<div  class=\"theme-block wp-block-media-text has-media-on-the-right is-stacked-on-mobile\" ><div class=\"wp-block-media-text__content appear-on-scroll\"><h2  class=\"wp-block-heading\" ><span class=\"text\">Achetez vos billets !<\/span><\/h2>\n\n<h3  class=\"wp-block-heading\" ><span class=\"text\">C\u00e9l\u00e9bration du 20e anniversaire<\/span><\/h3>\n\n<h4  class=\"wp-block-heading\" ><span class=\"text\">Samedi 6 juin 2026<\/span><\/h4>\n\n<p class=\"\">Nous f\u00eatons nos 20 ans ! Pour c\u00e9l\u00e9brer cet \u00e9v\u00e9nement, nous organisons notre plus grande f\u00eate \u00e0 ce jour ! Tout le monde est invit\u00e9 ! <\/p>\n\n<p class=\"\">Apprenez-en davantage sur l&#039;\u00e9v\u00e9nement\u00a0: b\u00e9n\u00e9volat, commandites, tables et billets\u00a0!<\/p>\n\n<div  class=\"wp-block-buttons is-layout-flex wp-block-buttons-is-layout-flex\" >\n<div class=\"wp-block-button is-style-text\"><a class=\"wp-block-button__link wp-element-button\" href=\"https:\/\/latinpcs.org\/fr\/20th-anniversary\/\"><span class=\"label\">Visitez la page des c\u00e9l\u00e9brations du XXe si\u00e8cle<\/span><\/a><\/div>\n<\/div><\/div><figure class=\"wp-block-media-text__media\"><img decoding=\"async\" width=\"1000\" height=\"1000\" data-src=\"https:\/\/latinpcs.org\/wp-content\/uploads\/2026\/02\/party-lights-disco-ball-sq-1.jpg\" alt=\"\" class=\"wp-image-26641 size-full lazyload\" data-srcset=\"https:\/\/latinpcs.org\/wp-content\/uploads\/2026\/02\/party-lights-disco-ball-sq-1.jpg 1000w, https:\/\/latinpcs.org\/wp-content\/uploads\/2026\/02\/party-lights-disco-ball-sq-1-300x300.jpg 300w, https:\/\/latinpcs.org\/wp-content\/uploads\/2026\/02\/party-lights-disco-ball-sq-1-150x150.jpg 150w, https:\/\/latinpcs.org\/wp-content\/uploads\/2026\/02\/party-lights-disco-ball-sq-1-768x768.jpg 768w, https:\/\/latinpcs.org\/wp-content\/uploads\/2026\/02\/party-lights-disco-ball-sq-1-12x12.jpg 12w, https:\/\/latinpcs.org\/wp-content\/uploads\/2026\/02\/party-lights-disco-ball-sq-1-100x100.jpg 100w\" data-sizes=\"(max-width: 1000px) 100vw, 1000px\" src=\"data:image\/svg+xml;base64,PHN2ZyB3aWR0aD0iMSIgaGVpZ2h0PSIxIiB4bWxucz0iaHR0cDovL3d3dy53My5vcmcvMjAwMC9zdmciPjwvc3ZnPg==\" style=\"--smush-placeholder-width: 1000px; --smush-placeholder-aspect-ratio: 1000\/1000;\" \/><\/figure><\/div>\n\n<figure  class=\"theme-block appear-on-scroll wp-block-image size-large\" ><div class=\"image\"><img decoding=\"async\" width=\"1024\" height=\"819\" data-src=\"https:\/\/latinpcs.org\/wp-content\/uploads\/2026\/02\/Class-of-2016-1-1024x819.jpg\" alt=\"\" class=\"wp-image-26649 lazyload\" data-srcset=\"https:\/\/latinpcs.org\/wp-content\/uploads\/2026\/02\/Class-of-2016-1-1024x819.jpg 1024w, https:\/\/latinpcs.org\/wp-content\/uploads\/2026\/02\/Class-of-2016-1-300x240.jpg 300w, https:\/\/latinpcs.org\/wp-content\/uploads\/2026\/02\/Class-of-2016-1-768x614.jpg 768w, https:\/\/latinpcs.org\/wp-content\/uploads\/2026\/02\/Class-of-2016-1-1536x1229.jpg 1536w, https:\/\/latinpcs.org\/wp-content\/uploads\/2026\/02\/Class-of-2016-1-2048x1638.jpg 2048w, https:\/\/latinpcs.org\/wp-content\/uploads\/2026\/02\/Class-of-2016-1-15x12.jpg 15w\" data-sizes=\"(max-width: 1024px) 100vw, 1024px\" src=\"data:image\/svg+xml;base64,PHN2ZyB3aWR0aD0iMSIgaGVpZ2h0PSIxIiB4bWxucz0iaHR0cDovL3d3dy53My5vcmcvMjAwMC9zdmciPjwvc3ZnPg==\" style=\"--smush-placeholder-width: 1024px; --smush-placeholder-aspect-ratio: 1024\/819;\" \/><\/div><\/figure>","protected":false},"excerpt":{"rendered":"<p>Washington Latin f\u00eatera ses 20 ans en juin 2026 ! Venez c\u00e9l\u00e9brer cet \u00e9v\u00e9nement avec nous lors de plusieurs f\u00eates printani\u00e8res et d&#039;une grande c\u00e9l\u00e9bration d&#039;anniversaire le samedi 6 juin (NOUVELLE DATE !)<\/p>","protected":false},"author":3,"featured_media":26747,"parent":0,"menu_order":0,"comment_status":"closed","ping_status":"closed","template":"","meta":{"featured_image_background_position":"50% 48%","background-color":"","secondary-color":"","highlight-color":"","color":"","hide-navigation":false,"footnotes":""},"class_list":["post-26638","page","type-page","status-publish","has-post-thumbnail","hentry"],"yoast_head":"<!-- This site is optimized with the Yoast SEO plugin v25.6 - https:\/\/yoast.com\/wordpress\/plugins\/seo\/ -->\n<title>Celebrate! - Washington Latin Public Charter Schools<\/title>\n<meta name=\"robots\" content=\"index, follow, max-snippet:-1, max-image-preview:large, max-video-preview:-1\" \/>\n<link rel=\"canonical\" href=\"https:\/\/latinpcs.org\/fr\/celebrate-with-latin\/\" \/>\n<meta property=\"og:locale\" content=\"fr_FR\" \/>\n<meta property=\"og:type\" content=\"article\" \/>\n<meta property=\"og:title\" content=\"Celebrate! - Washington Latin Public Charter Schools\" \/>\n<meta property=\"og:description\" content=\"Washington Latin turns 20 in June 2026! Celebrate this milestone with us in a series of spring parties and a big anniversary celebration on Saturday, June 6 (NEW DATE!) We &hellip;\" \/>\n<meta property=\"og:url\" content=\"https:\/\/latinpcs.org\/fr\/celebrate-with-latin\/\" \/>\n<meta property=\"og:site_name\" content=\"Washington Latin Public Charter Schools\" \/>\n<meta property=\"article:publisher\" content=\"https:\/\/www.facebook.com\/WashingtonLatinPCS\/\" \/>\n<meta property=\"article:modified_time\" content=\"2026-04-12T13:03:59+00:00\" \/>\n<meta property=\"og:image\" content=\"https:\/\/latinpcs.org\/wp-content\/uploads\/2026\/02\/Final-Logo-XX-gala.png\" \/>\n\t<meta property=\"og:image:width\" content=\"2000\" \/>\n\t<meta property=\"og:image:height\" content=\"2000\" \/>\n\t<meta property=\"og:image:type\" content=\"image\/png\" \/>\n<meta name=\"twitter:card\" content=\"summary_large_image\" \/>\n<meta name=\"twitter:label1\" content=\"Est. reading time\" \/>\n\t<meta name=\"twitter:data1\" content=\"3 minutes\" \/>\n<script type=\"application\/ld+json\" class=\"yoast-schema-graph\">{\"@context\":\"https:\/\/schema.org\",\"@graph\":[{\"@type\":\"WebPage\",\"@id\":\"https:\/\/latinpcs.org\/celebrate-with-latin\/\",\"url\":\"https:\/\/latinpcs.org\/celebrate-with-latin\/\",\"name\":\"Celebrate! - Washington Latin Public Charter Schools\",\"isPartOf\":{\"@id\":\"https:\/\/latinpcs.org\/#website\"},\"primaryImageOfPage\":{\"@id\":\"https:\/\/latinpcs.org\/celebrate-with-latin\/#primaryimage\"},\"image\":{\"@id\":\"https:\/\/latinpcs.org\/celebrate-with-latin\/#primaryimage\"},\"thumbnailUrl\":\"https:\/\/latinpcs.org\/wp-content\/uploads\/2026\/02\/Final-Logo-XX-gala.png\",\"datePublished\":\"2026-02-05T20:08:39+00:00\",\"dateModified\":\"2026-04-12T13:03:59+00:00\",\"breadcrumb\":{\"@id\":\"https:\/\/latinpcs.org\/celebrate-with-latin\/#breadcrumb\"},\"inLanguage\":\"fr-FR\",\"potentialAction\":[{\"@type\":\"ReadAction\",\"target\":[\"https:\/\/latinpcs.org\/celebrate-with-latin\/\"]}]},{\"@type\":\"ImageObject\",\"inLanguage\":\"fr-FR\",\"@id\":\"https:\/\/latinpcs.org\/celebrate-with-latin\/#primaryimage\",\"url\":\"https:\/\/latinpcs.org\/wp-content\/uploads\/2026\/02\/Final-Logo-XX-gala.png\",\"contentUrl\":\"https:\/\/latinpcs.org\/wp-content\/uploads\/2026\/02\/Final-Logo-XX-gala.png\",\"width\":2000,\"height\":2000},{\"@type\":\"BreadcrumbList\",\"@id\":\"https:\/\/latinpcs.org\/celebrate-with-latin\/#breadcrumb\",\"itemListElement\":[{\"@type\":\"ListItem\",\"position\":1,\"name\":\"Home\",\"item\":\"https:\/\/latinpcs.org\/\"},{\"@type\":\"ListItem\",\"position\":2,\"name\":\"Celebrate!\"}]},{\"@type\":\"WebSite\",\"@id\":\"https:\/\/latinpcs.org\/#website\",\"url\":\"https:\/\/latinpcs.org\/\",\"name\":\"Washington Latin Public Charter Schools\",\"description\":\"Washington Latin Public Charter Schools, based in Washington, DC, offers a classical education for the modern world for students in grades 5-12 across two campuses.\",\"publisher\":{\"@id\":\"https:\/\/latinpcs.org\/#organization\"},\"potentialAction\":[{\"@type\":\"SearchAction\",\"target\":{\"@type\":\"EntryPoint\",\"urlTemplate\":\"https:\/\/latinpcs.org\/?s={search_term_string}\"},\"query-input\":{\"@type\":\"PropertyValueSpecification\",\"valueRequired\":true,\"valueName\":\"search_term_string\"}}],\"inLanguage\":\"fr-FR\"},{\"@type\":\"Organization\",\"@id\":\"https:\/\/latinpcs.org\/#organization\",\"name\":\"Washington Latin Public Charter Schools\",\"url\":\"https:\/\/latinpcs.org\/\",\"logo\":{\"@type\":\"ImageObject\",\"inLanguage\":\"fr-FR\",\"@id\":\"https:\/\/latinpcs.org\/#\/schema\/logo\/image\/\",\"url\":\"https:\/\/latinpcs.org\/wp-content\/uploads\/2025\/07\/Latin_logo_nknm_4c.svg\",\"contentUrl\":\"https:\/\/latinpcs.org\/wp-content\/uploads\/2025\/07\/Latin_logo_nknm_4c.svg\",\"width\":1,\"height\":1,\"caption\":\"Washington Latin Public Charter Schools\"},\"image\":{\"@id\":\"https:\/\/latinpcs.org\/#\/schema\/logo\/image\/\"},\"sameAs\":[\"https:\/\/www.facebook.com\/WashingtonLatinPCS\/\",\"https:\/\/www.instagram.com\/washingtonlatinpcs\/?hl=en\",\"https:\/\/www.linkedin.com\/school\/washington-latin-public-charter-schools\/\"]}]}<\/script>\n<!-- \/ Yoast SEO plugin. -->","yoast_head_json":{"title":"F\u00eatez \u00e7a ! - Washington Latin Public Charter Schools","robots":{"index":"index","follow":"follow","max-snippet":"max-snippet:-1","max-image-preview":"max-image-preview:large","max-video-preview":"max-video-preview:-1"},"canonical":"https:\/\/latinpcs.org\/fr\/celebrate-with-latin\/","og_locale":"fr_FR","og_type":"article","og_title":"Celebrate! - Washington Latin Public Charter Schools","og_description":"Washington Latin turns 20 in June 2026! Celebrate this milestone with us in a series of spring parties and a big anniversary celebration on Saturday, June 6 (NEW DATE!) We &hellip;","og_url":"https:\/\/latinpcs.org\/fr\/celebrate-with-latin\/","og_site_name":"Washington Latin Public Charter Schools","article_publisher":"https:\/\/www.facebook.com\/WashingtonLatinPCS\/","article_modified_time":"2026-04-12T13:03:59+00:00","og_image":[{"width":2000,"height":2000,"url":"https:\/\/latinpcs.org\/wp-content\/uploads\/2026\/02\/Final-Logo-XX-gala.png","type":"image\/png"}],"twitter_card":"summary_large_image","twitter_misc":{"Est. reading time":"3 minutes"},"schema":{"@context":"https:\/\/schema.org","@graph":[{"@type":"WebPage","@id":"https:\/\/latinpcs.org\/celebrate-with-latin\/","url":"https:\/\/latinpcs.org\/celebrate-with-latin\/","name":"F\u00eatez \u00e7a ! - Washington Latin Public Charter Schools","isPartOf":{"@id":"https:\/\/latinpcs.org\/#website"},"primaryImageOfPage":{"@id":"https:\/\/latinpcs.org\/celebrate-with-latin\/#primaryimage"},"image":{"@id":"https:\/\/latinpcs.org\/celebrate-with-latin\/#primaryimage"},"thumbnailUrl":"https:\/\/latinpcs.org\/wp-content\/uploads\/2026\/02\/Final-Logo-XX-gala.png","datePublished":"2026-02-05T20:08:39+00:00","dateModified":"2026-04-12T13:03:59+00:00","breadcrumb":{"@id":"https:\/\/latinpcs.org\/celebrate-with-latin\/#breadcrumb"},"inLanguage":"fr-FR","potentialAction":[{"@type":"ReadAction","target":["https:\/\/latinpcs.org\/celebrate-with-latin\/"]}]},{"@type":"ImageObject","inLanguage":"fr-FR","@id":"https:\/\/latinpcs.org\/celebrate-with-latin\/#primaryimage","url":"https:\/\/latinpcs.org\/wp-content\/uploads\/2026\/02\/Final-Logo-XX-gala.png","contentUrl":"https:\/\/latinpcs.org\/wp-content\/uploads\/2026\/02\/Final-Logo-XX-gala.png","width":2000,"height":2000},{"@type":"BreadcrumbList","@id":"https:\/\/latinpcs.org\/celebrate-with-latin\/#breadcrumb","itemListElement":[{"@type":"ListItem","position":1,"name":"Home","item":"https:\/\/latinpcs.org\/"},{"@type":"ListItem","position":2,"name":"Celebrate!"}]},{"@type":"WebSite","@id":"https:\/\/latinpcs.org\/#website","url":"https:\/\/latinpcs.org\/","name":"\u00c9coles publiques \u00e0 charte latine de Washington","description":"Washington Latin Public Charter Schools, bas\u00e9 \u00e0 Washington, DC, propose une \u00e9ducation classique pour le monde moderne aux \u00e9l\u00e8ves de la 5e \u00e0 la 12e ann\u00e9e sur deux campus.","publisher":{"@id":"https:\/\/latinpcs.org\/#organization"},"potentialAction":[{"@type":"SearchAction","target":{"@type":"EntryPoint","urlTemplate":"https:\/\/latinpcs.org\/?s={search_term_string}"},"query-input":{"@type":"PropertyValueSpecification","valueRequired":true,"valueName":"search_term_string"}}],"inLanguage":"fr-FR"},{"@type":"Organization","@id":"https:\/\/latinpcs.org\/#organization","name":"\u00c9coles publiques \u00e0 charte latine de Washington","url":"https:\/\/latinpcs.org\/","logo":{"@type":"ImageObject","inLanguage":"fr-FR","@id":"https:\/\/latinpcs.org\/#\/schema\/logo\/image\/","url":"https:\/\/latinpcs.org\/wp-content\/uploads\/2025\/07\/Latin_logo_nknm_4c.svg","contentUrl":"https:\/\/latinpcs.org\/wp-content\/uploads\/2025\/07\/Latin_logo_nknm_4c.svg","width":1,"height":1,"caption":"Washington Latin Public Charter Schools"},"image":{"@id":"https:\/\/latinpcs.org\/#\/schema\/logo\/image\/"},"sameAs":["https:\/\/www.facebook.com\/WashingtonLatinPCS\/","https:\/\/www.instagram.com\/washingtonlatinpcs\/?hl=en","https:\/\/www.linkedin.com\/school\/washington-latin-public-charter-schools\/"]}]}},"_links":{"self":[{"href":"https:\/\/latinpcs.org\/fr\/wp-json\/wp\/v2\/pages\/26638","targetHints":{"allow":["GET"]}}],"collection":[{"href":"https:\/\/latinpcs.org\/fr\/wp-json\/wp\/v2\/pages"}],"about":[{"href":"https:\/\/latinpcs.org\/fr\/wp-json\/wp\/v2\/types\/page"}],"author":[{"embeddable":true,"href":"https:\/\/latinpcs.org\/fr\/wp-json\/wp\/v2\/users\/3"}],"replies":[{"embeddable":true,"href":"https:\/\/latinpcs.org\/fr\/wp-json\/wp\/v2\/comments?post=26638"}],"version-history":[{"count":0,"href":"https:\/\/latinpcs.org\/fr\/wp-json\/wp\/v2\/pages\/26638\/revisions"}],"wp:featuredmedia":[{"embeddable":true,"href":"https:\/\/latinpcs.org\/fr\/wp-json\/wp\/v2\/media\/26747"}],"wp:attachment":[{"href":"https:\/\/latinpcs.org\/fr\/wp-json\/wp\/v2\/media?parent=26638"}],"curies":[{"name":"wp","href":"https:\/\/api.w.org\/{rel}","templated":true}]}}