{"id":25757,"date":"2025-10-08T21:16:47","date_gmt":"2025-10-08T21:16:47","guid":{"rendered":"https:\/\/latinpcs.org\/?page_id=25757"},"modified":"2025-10-17T20:51:52","modified_gmt":"2025-10-17T20:51:52","slug":"familias-latinas-de-latin","status":"publish","type":"page","link":"https:\/\/latinpcs.org\/fr\/familias-latinas-de-latin\/","title":{"rendered":"Familles latines de Latin"},"content":{"rendered":"<p  class=\"appear-on-scroll is-style-intro\" >Bonjour et bienvenidos, mamans et papas de Washington Latin\u00a0! Ici nous vous pr\u00e9sentons notre page de notifications pour nosotros, por nosotros et para nosotros.<\/p>\n\n<h2  class=\"appear-on-scroll wp-block-heading\" ><span class=\"text\"><strong>Padres Unidos de Latin&nbsp;<\/strong><\/span><\/h2>\n\n<h3  class=\"appear-on-scroll wp-block-heading\" ><span class=\"text\">El prop\u00f3sito del grupo: <strong>Para ti, Por ti y Contigo<\/strong><\/span><\/h3>\n\n<p class=\"appear-on-scroll\">Le prop\u00f3sito de ce groupe et des r\u00e9unions que nous r\u00e9aliserons en adelante est de maintenir des informations sur tout ce qui concerne l&#039;apprentissage et la vie scolaire de vos enfants en latin de Washington. Ici, nous comparons les informations importantes, les services disponibles, les ressources disponibles et bien plus encore \u2014 toujours dans notre langue.<\/p>\n\n<div id=\"leer-mas\" class=\"wp-block-theme-blocks-expandable appear-on-scroll theme-block has-layout-center expand\"><div role=\"button\" tabindex=\"0\" class=\"block-question appear-on-scroll heading h4\">LIRE PLUS<\/div><div class=\"block-answer\" style=\"display:none;\">\n<p class=\"appear-on-scroll\">Ici, vous avez un bulletin s\u00e9manal intitul\u00e9 \u00ab\u00a0Noticias\u00a0\u00bb, qui comprend toutes les informations pertinentes sur l&#039;\u00e9cole\u00a0: \u00e9v\u00e9nements, groupes d&#039;entreprises, programmes de d\u00e9veloppement, domaines d&#039;\u00e9tudes universitaires et autres th\u00e8mes de grande importance pour vos enfants et leurs enfants.<\/p>\n\n<p class=\"appear-on-scroll\">Cet espace est compl\u00e8tement ouvert : il n\u2019y a aucune limite sur les th\u00e8mes que nous pouvons traiter. Nous avons d\u00e9cid\u00e9 des sujets \u00e0 discuter et vous \u00eates ici comme m\u00e8re, organisatrice et guide. Notre objectif n\u2019est pas de faire des choses sans ressentir ni perdre le temps\u00a0; venimos a prender juntos.<\/p>\n\n<p class=\"appear-on-scroll\">L&#039;\u00e9cole offre une grande vari\u00e9t\u00e9 de ressources et d&#039;opportunit\u00e9s qui peuvent \u00eatre de nombreux outils pour nous \u2014 et si vous les connaissez, cet espace servira \u00e0 consulter ces informations.<\/p>\n\n<p class=\"appear-on-scroll\">Fr\u00e9quence : Ces r\u00e9unions se d\u00e9rouleront au d\u00e9but de chaque mois, de pr\u00e9f\u00e9rence les jeunes, car c&#039;est le jour o\u00f9 les plus grands parents peuvent participer.<\/p>\n\n<p class=\"appear-on-scroll\">Dynamique\u00a0: Nous vous proposons toujours des plats, des r\u00e9frig\u00e9rateurs et des boissons pour que ces personnes trouvent un espace agr\u00e9able et accueillant.<\/p>\n\n<p class=\"appear-on-scroll\">Merci de faire partie de cette communaut\u00e9. \u00a1Juntos lograremos grandes cosas por nuestros hijos!<\/p>\n\n\n<\/div><\/div>\n\n<h2  class=\"appear-on-scroll wp-block-heading\" ><span class=\"text\">Noticias et Telenoticias Semanales<\/span><\/h2>\n\n<div  class=\"appear-on-scroll wp-block-buttons is-layout-flex wp-block-buttons-is-layout-flex\" >\n<div class=\"wp-block-button is-style-text\"><a class=\"wp-block-button__link wp-element-button\" href=\"https:\/\/latinpcs.org\/fr\/2025\/10\/noticias-semanales-del-17-octubre\/\"><span class=\"label\">Noticias del 17 octubre 2025<\/span><\/a><\/div>\n\n\n\n<div class=\"wp-block-button is-style-text\"><a class=\"wp-block-button__link wp-element-button\" href=\"https:\/\/drive.google.com\/file\/d\/1ceHvBJeKP_a_SZV7Bmu2Y21DzYANtMkt\/view?usp=sharing\"><span class=\"label\">Telenoticias del 17 octubre<\/span><\/a><\/div>\n<\/div>\n\n<div  class=\"appear-on-scroll wp-block-buttons is-layout-flex wp-block-buttons-is-layout-flex\" >\n<div class=\"wp-block-button is-style-text\"><a class=\"wp-block-button__link wp-element-button\" href=\"https:\/\/latinpcs.org\/fr\/2025\/10\/noticias-semanales-9-10-2025\/\"><span class=\"label\">Noticias del 10 octubre 2025<\/span><\/a><\/div>\n\n\n\n<div class=\"wp-block-button is-style-text\"><a class=\"wp-block-button__link wp-element-button\" href=\"https:\/\/drive.google.com\/file\/d\/14xUarJYhJkLKx4CjpFoEC_9MkTv_tDo5\/view?usp=sharing\"><span class=\"label\">Telenoticias del 10 octubre<\/span><\/a><\/div>\n<\/div>","protected":false},"excerpt":{"rendered":"<p>Bonjour et bienvenidos, mamans et papas de Washington Latin\u00a0! Ici nous vous pr\u00e9sentons notre page de notifications pour nosotros, por nosotros et para nosotros. Padres Unidos de Latin Le propos du \u2026<\/p>","protected":false},"author":3,"featured_media":25760,"parent":0,"menu_order":0,"comment_status":"closed","ping_status":"closed","template":"","meta":{"featured_image_background_position":"","background-color":"","secondary-color":"","highlight-color":"","color":"","hide-navigation":false,"footnotes":""},"class_list":["post-25757","page","type-page","status-publish","has-post-thumbnail","hentry"],"yoast_head":"<!-- This site is optimized with the Yoast SEO plugin v25.6 - https:\/\/yoast.com\/wordpress\/plugins\/seo\/ -->\n<title>Familias latinas de Latin - Washington Latin Public Charter Schools<\/title>\n<meta name=\"robots\" content=\"index, follow, max-snippet:-1, max-image-preview:large, max-video-preview:-1\" \/>\n<link rel=\"canonical\" href=\"https:\/\/latinpcs.org\/fr\/familias-latinas-de-latin\/\" \/>\n<meta property=\"og:locale\" content=\"fr_FR\" \/>\n<meta property=\"og:type\" content=\"article\" \/>\n<meta property=\"og:title\" content=\"Familias latinas de Latin - Washington Latin Public Charter Schools\" \/>\n<meta property=\"og:description\" content=\"\u00a1Hola y bienvenidos, mam\u00e1s y pap\u00e1s de Washington Latin! Aqu\u00ed les presentamos nuestra p\u00e1gina de noticias para nosotros, por nosotros y para nosotros. Padres Unidos de Latin&nbsp; El prop\u00f3sito del &hellip;\" \/>\n<meta property=\"og:url\" content=\"https:\/\/latinpcs.org\/fr\/familias-latinas-de-latin\/\" \/>\n<meta property=\"og:site_name\" content=\"Washington Latin Public Charter Schools\" \/>\n<meta property=\"article:publisher\" content=\"https:\/\/www.facebook.com\/WashingtonLatinPCS\/\" \/>\n<meta property=\"article:modified_time\" content=\"2025-10-17T20:51:52+00:00\" \/>\n<meta property=\"og:image\" content=\"https:\/\/latinpcs.org\/wp-content\/uploads\/2025\/10\/manos.jpg\" \/>\n\t<meta property=\"og:image:width\" content=\"1000\" \/>\n\t<meta property=\"og:image:height\" content=\"667\" \/>\n\t<meta property=\"og:image:type\" content=\"image\/jpeg\" \/>\n<meta name=\"twitter:card\" content=\"summary_large_image\" \/>\n<meta name=\"twitter:label1\" content=\"Est. reading time\" \/>\n\t<meta name=\"twitter:data1\" content=\"2 minutes\" \/>\n<script type=\"application\/ld+json\" class=\"yoast-schema-graph\">{\"@context\":\"https:\/\/schema.org\",\"@graph\":[{\"@type\":\"WebPage\",\"@id\":\"https:\/\/latinpcs.org\/familias-latinas-de-latin\/\",\"url\":\"https:\/\/latinpcs.org\/familias-latinas-de-latin\/\",\"name\":\"Familias latinas de Latin - Washington Latin Public Charter Schools\",\"isPartOf\":{\"@id\":\"https:\/\/latinpcs.org\/#website\"},\"primaryImageOfPage\":{\"@id\":\"https:\/\/latinpcs.org\/familias-latinas-de-latin\/#primaryimage\"},\"image\":{\"@id\":\"https:\/\/latinpcs.org\/familias-latinas-de-latin\/#primaryimage\"},\"thumbnailUrl\":\"https:\/\/latinpcs.org\/wp-content\/uploads\/2025\/10\/manos.jpg\",\"datePublished\":\"2025-10-08T21:16:47+00:00\",\"dateModified\":\"2025-10-17T20:51:52+00:00\",\"breadcrumb\":{\"@id\":\"https:\/\/latinpcs.org\/familias-latinas-de-latin\/#breadcrumb\"},\"inLanguage\":\"fr-FR\",\"potentialAction\":[{\"@type\":\"ReadAction\",\"target\":[\"https:\/\/latinpcs.org\/familias-latinas-de-latin\/\"]}]},{\"@type\":\"ImageObject\",\"inLanguage\":\"fr-FR\",\"@id\":\"https:\/\/latinpcs.org\/familias-latinas-de-latin\/#primaryimage\",\"url\":\"https:\/\/latinpcs.org\/wp-content\/uploads\/2025\/10\/manos.jpg\",\"contentUrl\":\"https:\/\/latinpcs.org\/wp-content\/uploads\/2025\/10\/manos.jpg\",\"width\":1000,\"height\":667},{\"@type\":\"BreadcrumbList\",\"@id\":\"https:\/\/latinpcs.org\/familias-latinas-de-latin\/#breadcrumb\",\"itemListElement\":[{\"@type\":\"ListItem\",\"position\":1,\"name\":\"Home\",\"item\":\"https:\/\/latinpcs.org\/\"},{\"@type\":\"ListItem\",\"position\":2,\"name\":\"Familias latinas de Latin\"}]},{\"@type\":\"WebSite\",\"@id\":\"https:\/\/latinpcs.org\/#website\",\"url\":\"https:\/\/latinpcs.org\/\",\"name\":\"Washington Latin Public Charter Schools\",\"description\":\"Washington Latin Public Charter Schools, based in Washington, DC, offers a classical education for the modern world for students in grades 5-12 across two campuses.\",\"publisher\":{\"@id\":\"https:\/\/latinpcs.org\/#organization\"},\"potentialAction\":[{\"@type\":\"SearchAction\",\"target\":{\"@type\":\"EntryPoint\",\"urlTemplate\":\"https:\/\/latinpcs.org\/?s={search_term_string}\"},\"query-input\":{\"@type\":\"PropertyValueSpecification\",\"valueRequired\":true,\"valueName\":\"search_term_string\"}}],\"inLanguage\":\"fr-FR\"},{\"@type\":\"Organization\",\"@id\":\"https:\/\/latinpcs.org\/#organization\",\"name\":\"Washington Latin Public Charter Schools\",\"url\":\"https:\/\/latinpcs.org\/\",\"logo\":{\"@type\":\"ImageObject\",\"inLanguage\":\"fr-FR\",\"@id\":\"https:\/\/latinpcs.org\/#\/schema\/logo\/image\/\",\"url\":\"https:\/\/latinpcs.org\/wp-content\/uploads\/2025\/07\/Latin_logo_nknm_4c.svg\",\"contentUrl\":\"https:\/\/latinpcs.org\/wp-content\/uploads\/2025\/07\/Latin_logo_nknm_4c.svg\",\"width\":1,\"height\":1,\"caption\":\"Washington Latin Public Charter Schools\"},\"image\":{\"@id\":\"https:\/\/latinpcs.org\/#\/schema\/logo\/image\/\"},\"sameAs\":[\"https:\/\/www.facebook.com\/WashingtonLatinPCS\/\",\"https:\/\/www.instagram.com\/washingtonlatinpcs\/?hl=en\",\"https:\/\/www.linkedin.com\/school\/washington-latin-public-charter-schools\/\"]}]}<\/script>\n<!-- \/ Yoast SEO plugin. -->","yoast_head_json":{"title":"Familles latines de latin - Washington Latin Public Charter Schools","robots":{"index":"index","follow":"follow","max-snippet":"max-snippet:-1","max-image-preview":"max-image-preview:large","max-video-preview":"max-video-preview:-1"},"canonical":"https:\/\/latinpcs.org\/fr\/familias-latinas-de-latin\/","og_locale":"fr_FR","og_type":"article","og_title":"Familias latinas de Latin - Washington Latin Public Charter Schools","og_description":"\u00a1Hola y bienvenidos, mam\u00e1s y pap\u00e1s de Washington Latin! Aqu\u00ed les presentamos nuestra p\u00e1gina de noticias para nosotros, por nosotros y para nosotros. Padres Unidos de Latin&nbsp; El prop\u00f3sito del &hellip;","og_url":"https:\/\/latinpcs.org\/fr\/familias-latinas-de-latin\/","og_site_name":"Washington Latin Public Charter Schools","article_publisher":"https:\/\/www.facebook.com\/WashingtonLatinPCS\/","article_modified_time":"2025-10-17T20:51:52+00:00","og_image":[{"width":1000,"height":667,"url":"https:\/\/latinpcs.org\/wp-content\/uploads\/2025\/10\/manos.jpg","type":"image\/jpeg"}],"twitter_card":"summary_large_image","twitter_misc":{"Est. reading time":"2 minutes"},"schema":{"@context":"https:\/\/schema.org","@graph":[{"@type":"WebPage","@id":"https:\/\/latinpcs.org\/familias-latinas-de-latin\/","url":"https:\/\/latinpcs.org\/familias-latinas-de-latin\/","name":"Familles latines de latin - Washington Latin Public Charter Schools","isPartOf":{"@id":"https:\/\/latinpcs.org\/#website"},"primaryImageOfPage":{"@id":"https:\/\/latinpcs.org\/familias-latinas-de-latin\/#primaryimage"},"image":{"@id":"https:\/\/latinpcs.org\/familias-latinas-de-latin\/#primaryimage"},"thumbnailUrl":"https:\/\/latinpcs.org\/wp-content\/uploads\/2025\/10\/manos.jpg","datePublished":"2025-10-08T21:16:47+00:00","dateModified":"2025-10-17T20:51:52+00:00","breadcrumb":{"@id":"https:\/\/latinpcs.org\/familias-latinas-de-latin\/#breadcrumb"},"inLanguage":"fr-FR","potentialAction":[{"@type":"ReadAction","target":["https:\/\/latinpcs.org\/familias-latinas-de-latin\/"]}]},{"@type":"ImageObject","inLanguage":"fr-FR","@id":"https:\/\/latinpcs.org\/familias-latinas-de-latin\/#primaryimage","url":"https:\/\/latinpcs.org\/wp-content\/uploads\/2025\/10\/manos.jpg","contentUrl":"https:\/\/latinpcs.org\/wp-content\/uploads\/2025\/10\/manos.jpg","width":1000,"height":667},{"@type":"BreadcrumbList","@id":"https:\/\/latinpcs.org\/familias-latinas-de-latin\/#breadcrumb","itemListElement":[{"@type":"ListItem","position":1,"name":"Home","item":"https:\/\/latinpcs.org\/"},{"@type":"ListItem","position":2,"name":"Familias latinas de Latin"}]},{"@type":"WebSite","@id":"https:\/\/latinpcs.org\/#website","url":"https:\/\/latinpcs.org\/","name":"\u00c9coles publiques \u00e0 charte latine de Washington","description":"Washington Latin Public Charter Schools, bas\u00e9 \u00e0 Washington, DC, propose une \u00e9ducation classique pour le monde moderne aux \u00e9l\u00e8ves de la 5e \u00e0 la 12e ann\u00e9e sur deux campus.","publisher":{"@id":"https:\/\/latinpcs.org\/#organization"},"potentialAction":[{"@type":"SearchAction","target":{"@type":"EntryPoint","urlTemplate":"https:\/\/latinpcs.org\/?s={search_term_string}"},"query-input":{"@type":"PropertyValueSpecification","valueRequired":true,"valueName":"search_term_string"}}],"inLanguage":"fr-FR"},{"@type":"Organization","@id":"https:\/\/latinpcs.org\/#organization","name":"\u00c9coles publiques \u00e0 charte latine de Washington","url":"https:\/\/latinpcs.org\/","logo":{"@type":"ImageObject","inLanguage":"fr-FR","@id":"https:\/\/latinpcs.org\/#\/schema\/logo\/image\/","url":"https:\/\/latinpcs.org\/wp-content\/uploads\/2025\/07\/Latin_logo_nknm_4c.svg","contentUrl":"https:\/\/latinpcs.org\/wp-content\/uploads\/2025\/07\/Latin_logo_nknm_4c.svg","width":1,"height":1,"caption":"Washington Latin Public Charter Schools"},"image":{"@id":"https:\/\/latinpcs.org\/#\/schema\/logo\/image\/"},"sameAs":["https:\/\/www.facebook.com\/WashingtonLatinPCS\/","https:\/\/www.instagram.com\/washingtonlatinpcs\/?hl=en","https:\/\/www.linkedin.com\/school\/washington-latin-public-charter-schools\/"]}]}},"_links":{"self":[{"href":"https:\/\/latinpcs.org\/fr\/wp-json\/wp\/v2\/pages\/25757","targetHints":{"allow":["GET"]}}],"collection":[{"href":"https:\/\/latinpcs.org\/fr\/wp-json\/wp\/v2\/pages"}],"about":[{"href":"https:\/\/latinpcs.org\/fr\/wp-json\/wp\/v2\/types\/page"}],"author":[{"embeddable":true,"href":"https:\/\/latinpcs.org\/fr\/wp-json\/wp\/v2\/users\/3"}],"replies":[{"embeddable":true,"href":"https:\/\/latinpcs.org\/fr\/wp-json\/wp\/v2\/comments?post=25757"}],"version-history":[{"count":0,"href":"https:\/\/latinpcs.org\/fr\/wp-json\/wp\/v2\/pages\/25757\/revisions"}],"wp:featuredmedia":[{"embeddable":true,"href":"https:\/\/latinpcs.org\/fr\/wp-json\/wp\/v2\/media\/25760"}],"wp:attachment":[{"href":"https:\/\/latinpcs.org\/fr\/wp-json\/wp\/v2\/media?parent=25757"}],"curies":[{"name":"wp","href":"https:\/\/api.w.org\/{rel}","templated":true}]}}