{"id":98,"date":"2025-06-27T19:58:17","date_gmt":"2025-06-27T19:58:17","guid":{"rendered":"https:\/\/latinpcs.org\/?page_id=98"},"modified":"2026-04-08T09:54:13","modified_gmt":"2026-04-08T09:54:13","slug":"application-process","status":"publish","type":"page","link":"https:\/\/latinpcs.org\/es\/application-process\/","title":{"rendered":"Aplicar"},"content":{"rendered":"<p  class=\"appear-on-scroll is-style-intro\" >\u00a1Te invitamos a ti y a tu hijo a unirse a la comunidad de Washington Latin! <\/p>\n\n<p class=\"appear-on-scroll\">Gratuito y accesible para familias de los 8 barrios del Distrito, Latin busca estudiantes con ganas de aprender y dispuestos a trabajar.&nbsp;<strong>Washington Latin Public Charter Schools est\u00e1 abierto a cualquier estudiante de DC.<\/strong>&nbsp;&nbsp;Como escuela aut\u00f3noma p\u00fablica de inscripci\u00f3n abierta, no hay requisitos de admisi\u00f3n excepto la residencia en DC.<\/p>\n\n<h2  class=\"appear-on-scroll wp-block-heading\" ><span class=\"text\">Resultados de la loter\u00eda de MySchoolDC<\/span><\/h2>\n\n<p class=\"appear-on-scroll\">\u00bfTu hijo\/a fue admitido\/a en Washington Latin? Inf\u00f3rmate sobre la inscripci\u00f3n de nuevos estudiantes. \u00bfTienes preguntas sobre la solicitud posterior al sorteo? \u00a1Env\u00eda un correo electr\u00f3nico a nuestro equipo de admisiones!<\/p>\n\n<div  class=\"appear-on-scroll wp-block-buttons is-layout-flex wp-block-buttons-is-layout-flex\" >\n<div class=\"wp-block-button\"><a class=\"wp-block-button__link wp-element-button\" href=\"https:\/\/latinpcs.org\/es\/resources\/2026\/04\/new-student-enrollment\/\"><span class=\"label\">Informaci\u00f3n para la inscripci\u00f3n de nuevos estudiantes<\/span><\/a><\/div>\n\n\n\n<div class=\"wp-block-button\"><a class=\"wp-block-button__link wp-element-button\" href=\"mailto:admissions@latinpcs.org\"><span class=\"label\">Correo electr\u00f3nico de admisiones<\/span><\/a><\/div>\n<\/div>\n\n<h2  class=\"appear-on-scroll wp-block-heading\" ><span class=\"text\">Dos campus<\/span><\/h2>\n\n\n<div class=\"wp-block-columns is-layout-flex wp-container-core-columns-is-layout-28f84493 wp-block-columns-is-layout-flex\">\n<div class=\"wp-block-column is-layout-flow wp-block-column-is-layout-flow\" style=\"flex-basis:50%\"><div class=\"wp-block-theme-blocks-card theme-block hentry appear-on-scroll has-image\" style=\"--focal-point:50% 50%;--aspect-ratio:1\" data-href=\"\"><div class=\"block-image\"><img decoding=\"async\" width=\"600\" height=\"600\" data-src=\"https:\/\/latinpcs.org\/wp-content\/uploads\/2025\/07\/IMG_7331-web.jpg\" class=\"attachment-post-thumb size-post-thumb lazyload\" alt=\"Students walk in front of Latin building on a sunny day.\" data-srcset=\"https:\/\/latinpcs.org\/wp-content\/uploads\/2025\/07\/IMG_7331-web.jpg 600w, https:\/\/latinpcs.org\/wp-content\/uploads\/2025\/07\/IMG_7331-web-300x300.jpg 300w, https:\/\/latinpcs.org\/wp-content\/uploads\/2025\/07\/IMG_7331-web-150x150.jpg 150w, https:\/\/latinpcs.org\/wp-content\/uploads\/2025\/07\/IMG_7331-web-12x12.jpg 12w, https:\/\/latinpcs.org\/wp-content\/uploads\/2025\/07\/IMG_7331-web-100x100.jpg 100w\" data-sizes=\"(max-width: 600px) 100vw, 600px\" src=\"data:image\/svg+xml;base64,PHN2ZyB3aWR0aD0iMSIgaGVpZ2h0PSIxIiB4bWxucz0iaHR0cDovL3d3dy53My5vcmcvMjAwMC9zdmciPjwvc3ZnPg==\" style=\"--smush-placeholder-width: 600px; --smush-placeholder-aspect-ratio: 600\/600;\" \/><\/div><h3 class=\"block-title\">El campus de la calle 2<\/h3><div class=\"block-content\">\n<p class=\"\">Ubicado en 5200 2nd Street NW, atiende a 740 estudiantes en los grados 5 a 12 en nuestras escuelas intermedias y superiores en el vecindario de Fort Totten en NW DC.<\/p>\n<\/div><\/div><\/div>\n\n\n\n<div class=\"wp-block-column is-layout-flow wp-block-column-is-layout-flow\" style=\"flex-basis:50%\"><div class=\"wp-block-theme-blocks-card theme-block hentry appear-on-scroll has-image\" style=\"--focal-point:50% 50%;--aspect-ratio:1\" data-href=\"\"><div class=\"block-image\"><img decoding=\"async\" width=\"1000\" height=\"1000\" data-src=\"https:\/\/latinpcs.org\/wp-content\/uploads\/2025\/07\/Rendering-Harewood-sm.jpg\" class=\"attachment-post-thumb size-post-thumb lazyload\" alt=\"\" data-srcset=\"https:\/\/latinpcs.org\/wp-content\/uploads\/2025\/07\/Rendering-Harewood-sm.jpg 1000w, https:\/\/latinpcs.org\/wp-content\/uploads\/2025\/07\/Rendering-Harewood-sm-300x300.jpg 300w, https:\/\/latinpcs.org\/wp-content\/uploads\/2025\/07\/Rendering-Harewood-sm-150x150.jpg 150w, https:\/\/latinpcs.org\/wp-content\/uploads\/2025\/07\/Rendering-Harewood-sm-768x768.jpg 768w, https:\/\/latinpcs.org\/wp-content\/uploads\/2025\/07\/Rendering-Harewood-sm-12x12.jpg 12w, https:\/\/latinpcs.org\/wp-content\/uploads\/2025\/07\/Rendering-Harewood-sm-100x100.jpg 100w\" data-sizes=\"(max-width: 1000px) 100vw, 1000px\" src=\"data:image\/svg+xml;base64,PHN2ZyB3aWR0aD0iMSIgaGVpZ2h0PSIxIiB4bWxucz0iaHR0cDovL3d3dy53My5vcmcvMjAwMC9zdmciPjwvc3ZnPg==\" style=\"--smush-placeholder-width: 1000px; --smush-placeholder-aspect-ratio: 1000\/1000;\" \/><\/div><h3 class=\"block-title\">El Campus Cooper<\/h3><div class=\"block-content\">\n<p class=\"\">Inaugurada en 2022 y ubicada en 4301 Harewood Road NE, atiende a los grados 5.\u00ba a 9.\u00ba. Seguiremos ampliando un grado cada a\u00f1o para llegar a los grados 5.\u00ba a 12.\u00ba.&nbsp;<\/p>\n<\/div><\/div><\/div>\n<\/div>\n\n\n<h2  class=\"appear-on-scroll wp-block-heading\" ><span class=\"text\">C\u00f3mo aplicar<\/span><\/h2>\n\n<h3  class=\"appear-on-scroll wp-block-heading\" ><span class=\"text\">MySchoolDC \u2013 La loter\u00eda com\u00fan del distrito<\/span><\/h3>\n\n<p class=\"appear-on-scroll\">Washington Latin participa en&nbsp;<a href=\"http:\/\/www.myschooldc.org\/\" target=\"_blank\" rel=\"noreferrer noopener\"><strong>Mi Escuela DC<\/strong><\/a>, la loter\u00eda com\u00fan de todo el Distrito para la educaci\u00f3n K-12.<\/p>\n\n<p class=\"appear-on-scroll\">En MySchoolDC, hay DOS campus y CUATRO escuelas para Washington Latin:<\/p>\n\n<ul  class=\"appear-on-scroll wp-block-list\" >\n<li>Campus 2nd Street \u2013 Escuela secundaria (grados 5-8)<\/li>\n\n\n\n<li>Campus de la Calle 2 \u2013 Escuela Secundaria (grados 9-12)<\/li>\n\n\n\n<li>Campus Cooper<em><strong> <\/strong><\/em>\u2013 Escuela secundaria (grados 5-8)<\/li>\n\n\n\n<li>Campus Cooper<em><strong> <\/strong><\/em>\u2013 Escuela Secundaria (grados 9 y 10)*<\/li>\n<\/ul>\n\n<p class=\"appear-on-scroll\"><em>*Cooper Campus agregar\u00e1 un grado cada a\u00f1o hasta alcanzar nuestra dotaci\u00f3n completa de grados 5 a 12 en 2028-29.&nbsp;<\/em><\/p>\n\n<p class=\"appear-on-scroll\">Washington Latino<em><strong>\u00a0<\/strong><\/em>Generalmente aceptamos nuevos estudiantes en los grados 5 a 9 SOLAMENTE; no aceptamos nuevos estudiantes despu\u00e9s del 9no grado debido al requisito del idioma lat\u00edn para la graduaci\u00f3n.\u00a0<strong>El mayor n\u00famero de plazas disponibles en ambos campus es para quinto grado (96 plazas en cada campus).<\/strong><\/p>\n\n<p class=\"appear-on-scroll\">Habr\u00e1 cupos disponibles para 9.\u00ba grado en ambos campus, dependiendo del n\u00famero de estudiantes que decidan dejar nuestras escuelas secundarias y asistir a otra preparatoria. Prevemos que no habr\u00e1 m\u00e1s de 20 cupos disponibles en el sorteo en cada campus para el a\u00f1o acad\u00e9mico 2026-27.<\/p>\n\n<h2  class=\"appear-on-scroll wp-block-heading\" ><span class=\"text\">Preferencias de loter\u00eda de Latin<\/span><\/h2>\n\n<ol  class=\"appear-on-scroll wp-block-list\" >\n<li>Hermanos de estudiantes matriculados<\/li>\n\n\n\n<li>Hijos de profesores (de tiempo completo y residentes de DC)<\/li>\n\n\n\n<li>Hermanos de estudiantes emparejados y en lista de espera ofrecidos<\/li>\n<\/ol>\n\n<p class=\"appear-on-scroll\">Tambi\u00e9n participamos en la Preferencia de Acceso Equitativo para reservar asientos para los estudiantes que califican (consulte a continuaci\u00f3n para obtener m\u00e1s informaci\u00f3n).<\/p>\n\n<p class=\"appear-on-scroll\">Para calificar para la preferencia de hermano inscrito, este debe estar inscrito y asistir a la escuela antes del sorteo, seg\u00fan la pol\u00edtica de MySchoolDC. Un futuro estudiante tendr\u00e1 la misma categor\u00eda de preferencia durante un a\u00f1o completo (hasta el pr\u00f3ximo sorteo) y no podr\u00e1 pasar de &quot;hermano compatible&quot; a &quot;hermano inscrito&quot;, incluso si el hermano compatible completa el proceso de inscripci\u00f3n y, por lo tanto, queda inscrito.<\/p>\n\n<p class=\"appear-on-scroll\">Tenga en cuenta que el hermano menor de un estudiante de 12.\u00ba grado de Washington Latin NO recibir\u00e1 preferencia, de acuerdo con la pol\u00edtica de MySchoolDC. Asimismo, el hermano mayor debe permanecer matriculado en Washington Latin para que se aplique la preferencia.&nbsp;<a href=\"\/es\/resources\/enrollment-and-re-enrollment-policies\/\">Leer m\u00e1s<\/a> sobre nuestras preferencias.<\/p>\n\n<p class=\"appear-on-scroll\">M\u00e1s informaci\u00f3n sobre c\u00f3mo funciona la loter\u00eda est\u00e1 disponible en&nbsp;<a href=\"https:\/\/www.myschooldc.org\/\" target=\"_blank\" rel=\"noreferrer noopener\"><strong>Mi Escuela DC<\/strong><\/a>. <\/p>\n\n<h2  class=\"appear-on-scroll wp-block-heading\" ><span class=\"text\">Acceso equitativo<\/span><\/h2>\n\n<h3  class=\"appear-on-scroll wp-block-heading is-style-intro\" ><span class=\"text\">\u00a1Washington Latin da la bienvenida a todos los estudiantes de DC!<\/span><\/h3>\n\n<p class=\"appear-on-scroll\">Washington Latin participa en MySchoolDC&nbsp;<strong>Programa de Acceso Equitativo,&nbsp;<\/strong>lo que nos permite reservar asientos para estudiantes que se consideran en riesgo, definidos en DC como aquellos que:<\/p>\n\n<ul  class=\"appear-on-scroll wp-block-list\" >\n<li>Est\u00e1n experimentando falta de vivienda<\/li>\n\n\n\n<li>Est\u00e1n en el sistema de cuidado temporal de DC<\/li>\n\n\n\n<li>\u00bfReciben beneficios del gobierno de DC como SNAP (cupones de alimentos) o TANF (Asistencia Temporal para Familias Necesitadas)?<\/li>\n<\/ul>\n\n<p class=\"appear-on-scroll\">Queremos asegurarnos de que nuestras escuelas, en ambos campus, sean accesibles para las familias de todo DC y en todas las circunstancias. Los estudiantes que califiquen para esta preferencia ser\u00e1n asignados a Washington Latin FIRST, lo que aumenta considerablemente las posibilidades de encontrar una plaza en nuestra escuela que en el sorteo regular.<\/p>\n\n<h3  class=\"appear-on-scroll wp-block-heading\" ><span class=\"text\">\u00bfC\u00f3mo utilizan esta preferencia las familias elegibles?<\/span><\/h3>\n\n<p class=\"appear-on-scroll\">En la \u00faltima pantalla de la aplicaci\u00f3n ver\u00e1s esta declaraci\u00f3n:<\/p>\n\n<p class=\"appear-on-scroll\">\u201cUna o m\u00e1s de las escuelas que usted enumer\u00f3 en su solicitud pueden ofrecer una&nbsp;<a href=\"https:\/\/www.myschooldc.org\/faq\/key-terms\">Preferencia de acceso equitativo<\/a>&nbsp;Para solicitantes que cumplen con los criterios de preferencia establecidos por la Oficina del Superintendente Estatal de Educaci\u00f3n. Haga clic a continuaci\u00f3n para autorizar a My School DC a coordinar con la OSSE para determinar si su hijo\/a debe recibir esta preferencia y transmitir dicha informaci\u00f3n a la escuela.<\/p>\n\n<p class=\"appear-on-scroll\">Obtenga m\u00e1s informaci\u00f3n sobre esta y otras preferencias de loter\u00eda en&nbsp;<strong><a href=\"https:\/\/www.myschooldc.org\/faq\/key-terms\">miescueladc.org<\/a><\/strong><\/p>","protected":false},"excerpt":{"rendered":"<p>\u00a1Los invitamos a usted y a su hijo\/a a unirse a la comunidad de Washington Latin! Gratuito y accesible para familias de los 8 distritos del Distrito, Latin busca estudiantes que...<\/p>","protected":false},"author":1,"featured_media":23761,"parent":0,"menu_order":20,"comment_status":"closed","ping_status":"closed","template":"","meta":{"featured_image_background_position":"50% 22%","background-color":"","secondary-color":"","highlight-color":"","color":"","hide-navigation":false,"footnotes":""},"class_list":["post-98","page","type-page","status-publish","has-post-thumbnail","hentry"],"yoast_head":"<!-- This site is optimized with the Yoast SEO plugin v25.6 - https:\/\/yoast.com\/wordpress\/plugins\/seo\/ -->\n<title>Apply - Washington Latin Public Charter Schools<\/title>\n<meta name=\"description\" content=\"Join the community of Washington Latin! Free and accessible to families from all eight Wards of the District. Learn about applying for a spot for your child!\" \/>\n<meta name=\"robots\" content=\"index, follow, max-snippet:-1, max-image-preview:large, max-video-preview:-1\" \/>\n<link rel=\"canonical\" href=\"https:\/\/latinpcs.org\/es\/application-process\/\" \/>\n<meta property=\"og:locale\" content=\"es_MX\" \/>\n<meta property=\"og:type\" content=\"article\" \/>\n<meta property=\"og:title\" content=\"Apply - Washington Latin Public Charter Schools\" \/>\n<meta property=\"og:description\" content=\"Join the community of Washington Latin! Free and accessible to families from all eight Wards of the District. Learn about applying for a spot for your child!\" \/>\n<meta property=\"og:url\" content=\"https:\/\/latinpcs.org\/es\/application-process\/\" \/>\n<meta property=\"og:site_name\" content=\"Washington Latin Public Charter Schools\" \/>\n<meta property=\"article:publisher\" content=\"https:\/\/www.facebook.com\/WashingtonLatinPCS\/\" \/>\n<meta property=\"article:modified_time\" content=\"2026-04-08T09:54:13+00:00\" \/>\n<meta property=\"og:image\" content=\"https:\/\/latinpcs.org\/wp-content\/uploads\/2025\/07\/IMG_3555-scaled.jpg\" \/>\n\t<meta property=\"og:image:width\" content=\"3840\" \/>\n\t<meta property=\"og:image:height\" content=\"2562\" \/>\n\t<meta property=\"og:image:type\" content=\"image\/jpeg\" \/>\n<meta name=\"twitter:card\" content=\"summary_large_image\" \/>\n<meta name=\"twitter:label1\" content=\"Est. reading time\" \/>\n\t<meta name=\"twitter:data1\" content=\"4 minutos\" \/>\n<script type=\"application\/ld+json\" class=\"yoast-schema-graph\">{\"@context\":\"https:\/\/schema.org\",\"@graph\":[{\"@type\":\"WebPage\",\"@id\":\"https:\/\/latinpcs.org\/application-process\/\",\"url\":\"https:\/\/latinpcs.org\/application-process\/\",\"name\":\"Apply - Washington Latin Public Charter Schools\",\"isPartOf\":{\"@id\":\"https:\/\/latinpcs.org\/#website\"},\"primaryImageOfPage\":{\"@id\":\"https:\/\/latinpcs.org\/application-process\/#primaryimage\"},\"image\":{\"@id\":\"https:\/\/latinpcs.org\/application-process\/#primaryimage\"},\"thumbnailUrl\":\"https:\/\/latinpcs.org\/wp-content\/uploads\/2025\/07\/IMG_3555-scaled.jpg\",\"datePublished\":\"2025-06-27T19:58:17+00:00\",\"dateModified\":\"2026-04-08T09:54:13+00:00\",\"description\":\"Join the community of Washington Latin! Free and accessible to families from all eight Wards of the District. Learn about applying for a spot for your child!\",\"breadcrumb\":{\"@id\":\"https:\/\/latinpcs.org\/application-process\/#breadcrumb\"},\"inLanguage\":\"es\",\"potentialAction\":[{\"@type\":\"ReadAction\",\"target\":[\"https:\/\/latinpcs.org\/application-process\/\"]}]},{\"@type\":\"ImageObject\",\"inLanguage\":\"es\",\"@id\":\"https:\/\/latinpcs.org\/application-process\/#primaryimage\",\"url\":\"https:\/\/latinpcs.org\/wp-content\/uploads\/2025\/07\/IMG_3555-scaled.jpg\",\"contentUrl\":\"https:\/\/latinpcs.org\/wp-content\/uploads\/2025\/07\/IMG_3555-scaled.jpg\",\"width\":3840,\"height\":2562},{\"@type\":\"BreadcrumbList\",\"@id\":\"https:\/\/latinpcs.org\/application-process\/#breadcrumb\",\"itemListElement\":[{\"@type\":\"ListItem\",\"position\":1,\"name\":\"Home\",\"item\":\"https:\/\/latinpcs.org\/\"},{\"@type\":\"ListItem\",\"position\":2,\"name\":\"Apply\"}]},{\"@type\":\"WebSite\",\"@id\":\"https:\/\/latinpcs.org\/#website\",\"url\":\"https:\/\/latinpcs.org\/\",\"name\":\"Washington Latin Public Charter Schools\",\"description\":\"Washington Latin Public Charter Schools, based in Washington, DC, offers a classical education for the modern world for students in grades 5-12 across two campuses.\",\"publisher\":{\"@id\":\"https:\/\/latinpcs.org\/#organization\"},\"potentialAction\":[{\"@type\":\"SearchAction\",\"target\":{\"@type\":\"EntryPoint\",\"urlTemplate\":\"https:\/\/latinpcs.org\/?s={search_term_string}\"},\"query-input\":{\"@type\":\"PropertyValueSpecification\",\"valueRequired\":true,\"valueName\":\"search_term_string\"}}],\"inLanguage\":\"es\"},{\"@type\":\"Organization\",\"@id\":\"https:\/\/latinpcs.org\/#organization\",\"name\":\"Washington Latin Public Charter Schools\",\"url\":\"https:\/\/latinpcs.org\/\",\"logo\":{\"@type\":\"ImageObject\",\"inLanguage\":\"es\",\"@id\":\"https:\/\/latinpcs.org\/#\/schema\/logo\/image\/\",\"url\":\"https:\/\/latinpcs.org\/wp-content\/uploads\/2025\/07\/Latin_logo_nknm_4c.svg\",\"contentUrl\":\"https:\/\/latinpcs.org\/wp-content\/uploads\/2025\/07\/Latin_logo_nknm_4c.svg\",\"width\":1,\"height\":1,\"caption\":\"Washington Latin Public Charter Schools\"},\"image\":{\"@id\":\"https:\/\/latinpcs.org\/#\/schema\/logo\/image\/\"},\"sameAs\":[\"https:\/\/www.facebook.com\/WashingtonLatinPCS\/\",\"https:\/\/www.instagram.com\/washingtonlatinpcs\/?hl=en\",\"https:\/\/www.linkedin.com\/school\/washington-latin-public-charter-schools\/\"]}]}<\/script>\n<!-- \/ Yoast SEO plugin. -->","yoast_head_json":{"title":"Aplicar - Washington Latin Public Charter Schools","description":"\u00a1\u00danete a la comunidad de Washington Latin! Gratuito y accesible para familias de los ocho barrios del Distrito. \u00a1Inf\u00f3rmate sobre c\u00f3mo solicitar un cupo para tu hijo\/a!","robots":{"index":"index","follow":"follow","max-snippet":"max-snippet:-1","max-image-preview":"max-image-preview:large","max-video-preview":"max-video-preview:-1"},"canonical":"https:\/\/latinpcs.org\/es\/application-process\/","og_locale":"es_MX","og_type":"article","og_title":"Apply - Washington Latin Public Charter Schools","og_description":"Join the community of Washington Latin! Free and accessible to families from all eight Wards of the District. Learn about applying for a spot for your child!","og_url":"https:\/\/latinpcs.org\/es\/application-process\/","og_site_name":"Washington Latin Public Charter Schools","article_publisher":"https:\/\/www.facebook.com\/WashingtonLatinPCS\/","article_modified_time":"2026-04-08T09:54:13+00:00","og_image":[{"width":3840,"height":2562,"url":"https:\/\/latinpcs.org\/wp-content\/uploads\/2025\/07\/IMG_3555-scaled.jpg","type":"image\/jpeg"}],"twitter_card":"summary_large_image","twitter_misc":{"Est. reading time":"4 minutos"},"schema":{"@context":"https:\/\/schema.org","@graph":[{"@type":"WebPage","@id":"https:\/\/latinpcs.org\/application-process\/","url":"https:\/\/latinpcs.org\/application-process\/","name":"Aplicar - Washington Latin Public Charter Schools","isPartOf":{"@id":"https:\/\/latinpcs.org\/#website"},"primaryImageOfPage":{"@id":"https:\/\/latinpcs.org\/application-process\/#primaryimage"},"image":{"@id":"https:\/\/latinpcs.org\/application-process\/#primaryimage"},"thumbnailUrl":"https:\/\/latinpcs.org\/wp-content\/uploads\/2025\/07\/IMG_3555-scaled.jpg","datePublished":"2025-06-27T19:58:17+00:00","dateModified":"2026-04-08T09:54:13+00:00","description":"\u00a1\u00danete a la comunidad de Washington Latin! Gratuito y accesible para familias de los ocho barrios del Distrito. \u00a1Inf\u00f3rmate sobre c\u00f3mo solicitar un cupo para tu hijo\/a!","breadcrumb":{"@id":"https:\/\/latinpcs.org\/application-process\/#breadcrumb"},"inLanguage":"es","potentialAction":[{"@type":"ReadAction","target":["https:\/\/latinpcs.org\/application-process\/"]}]},{"@type":"ImageObject","inLanguage":"es","@id":"https:\/\/latinpcs.org\/application-process\/#primaryimage","url":"https:\/\/latinpcs.org\/wp-content\/uploads\/2025\/07\/IMG_3555-scaled.jpg","contentUrl":"https:\/\/latinpcs.org\/wp-content\/uploads\/2025\/07\/IMG_3555-scaled.jpg","width":3840,"height":2562},{"@type":"BreadcrumbList","@id":"https:\/\/latinpcs.org\/application-process\/#breadcrumb","itemListElement":[{"@type":"ListItem","position":1,"name":"Home","item":"https:\/\/latinpcs.org\/"},{"@type":"ListItem","position":2,"name":"Apply"}]},{"@type":"WebSite","@id":"https:\/\/latinpcs.org\/#website","url":"https:\/\/latinpcs.org\/","name":"Escuelas p\u00fablicas ch\u00e1rter latinas de Washington","description":"Washington Latin Public Charter Schools, con sede en Washington, DC, ofrece una educaci\u00f3n cl\u00e1sica para el mundo moderno para estudiantes de 5.\u00ba a 12.\u00ba grado en dos campus.","publisher":{"@id":"https:\/\/latinpcs.org\/#organization"},"potentialAction":[{"@type":"SearchAction","target":{"@type":"EntryPoint","urlTemplate":"https:\/\/latinpcs.org\/?s={search_term_string}"},"query-input":{"@type":"PropertyValueSpecification","valueRequired":true,"valueName":"search_term_string"}}],"inLanguage":"es"},{"@type":"Organization","@id":"https:\/\/latinpcs.org\/#organization","name":"Escuelas p\u00fablicas ch\u00e1rter latinas de Washington","url":"https:\/\/latinpcs.org\/","logo":{"@type":"ImageObject","inLanguage":"es","@id":"https:\/\/latinpcs.org\/#\/schema\/logo\/image\/","url":"https:\/\/latinpcs.org\/wp-content\/uploads\/2025\/07\/Latin_logo_nknm_4c.svg","contentUrl":"https:\/\/latinpcs.org\/wp-content\/uploads\/2025\/07\/Latin_logo_nknm_4c.svg","width":1,"height":1,"caption":"Washington Latin Public Charter Schools"},"image":{"@id":"https:\/\/latinpcs.org\/#\/schema\/logo\/image\/"},"sameAs":["https:\/\/www.facebook.com\/WashingtonLatinPCS\/","https:\/\/www.instagram.com\/washingtonlatinpcs\/?hl=en","https:\/\/www.linkedin.com\/school\/washington-latin-public-charter-schools\/"]}]}},"_links":{"self":[{"href":"https:\/\/latinpcs.org\/es\/wp-json\/wp\/v2\/pages\/98","targetHints":{"allow":["GET"]}}],"collection":[{"href":"https:\/\/latinpcs.org\/es\/wp-json\/wp\/v2\/pages"}],"about":[{"href":"https:\/\/latinpcs.org\/es\/wp-json\/wp\/v2\/types\/page"}],"author":[{"embeddable":true,"href":"https:\/\/latinpcs.org\/es\/wp-json\/wp\/v2\/users\/1"}],"replies":[{"embeddable":true,"href":"https:\/\/latinpcs.org\/es\/wp-json\/wp\/v2\/comments?post=98"}],"version-history":[{"count":0,"href":"https:\/\/latinpcs.org\/es\/wp-json\/wp\/v2\/pages\/98\/revisions"}],"wp:featuredmedia":[{"embeddable":true,"href":"https:\/\/latinpcs.org\/es\/wp-json\/wp\/v2\/media\/23761"}],"wp:attachment":[{"href":"https:\/\/latinpcs.org\/es\/wp-json\/wp\/v2\/media?parent=98"}],"curies":[{"name":"gracias","href":"https:\/\/api.w.org\/{rel}","templated":true}]}}