{"id":85,"date":"2025-06-27T19:49:39","date_gmt":"2025-06-27T19:49:39","guid":{"rendered":"https:\/\/latinpcs.org\/?page_id=85"},"modified":"2026-03-03T00:20:19","modified_gmt":"2026-03-03T00:20:19","slug":"transparency","status":"publish","type":"page","link":"https:\/\/latinpcs.org\/es\/about\/transparency\/","title":{"rendered":"Transparencia"},"content":{"rendered":"<h2  class=\"appear-on-scroll wp-block-heading\" ><span class=\"text\">Autoridad de la Carta en DC<\/span><\/h2>\n\n<p class=\"appear-on-scroll\">La escuela p\u00fablica aut\u00f3noma Washington Latin est\u00e1 autorizada y rinde cuentas ante la Junta de Escuelas P\u00fablicas Aut\u00f3nomas del Distrito de Columbia (<a href=\"http:\/\/www.dcpcsb.org\/\" target=\"_blank\" rel=\"noreferrer noopener\"><strong>DCPCSB<\/strong><\/a>), el \u00fanico autorizador de las escuelas ch\u00e1rter p\u00fablicas de DC. La Junta eval\u00faa los resultados acad\u00e9micos, el cumplimiento de las leyes locales y federales aplicables y la gesti\u00f3n fiscal de todas las escuelas ch\u00e1rter p\u00fablicas de DC. Somos responsables ante la Junta de Educaci\u00f3n P\u00fablica de DC (DCPCSB) de nuestros resultados y de las metas establecidas en nuestro acuerdo de constituci\u00f3n. <\/p>\n\n<p class=\"appear-on-scroll\">La pol\u00edtica de la DCPCSB exige que las organizaciones de escuelas ch\u00e1rter publiquen sus pol\u00edticas, finanzas y dem\u00e1s informaci\u00f3n en su sitio web. Esta p\u00e1gina recopila toda la informaci\u00f3n requerida seg\u00fan dicha pol\u00edtica. <strong><a href=\"https:\/\/dcpcsb.egnyte.com\/dl\/S2fQ5Ks6Lv\">Pol\u00edtica de transparencia de la DCPCSB<\/a><\/strong>Adem\u00e1s, las pol\u00edticas estudiantiles est\u00e1n disponibles en la p\u00e1gina de Familias Latinas.<\/p>\n\n<div  class=\"appear-on-scroll wp-block-buttons is-layout-flex wp-block-buttons-is-layout-flex\" >\n<div class=\"wp-block-button\"><a class=\"wp-block-button__link wp-element-button\" href=\"https:\/\/latinpcs.org\/es\/latin-families\/\"><span class=\"label\">Familias de Latin<\/span><\/a><\/div>\n<\/div>\n\n<h2  class=\"appear-on-scroll wp-block-heading\" ><span class=\"text\">Pol\u00edticas para estudiantes y familias<\/span><\/h2>\n\n<ul  class=\"appear-on-scroll wp-block-list\" >\n<li><a href=\"https:\/\/latinpcs.org\/es\/resources\/discipline-policy\/\">Pol\u00edtica de disciplina<\/a><\/li>\n\n\n\n<li><a href=\"https:\/\/latinpcs.org\/es\/resources\/2025\/07\/policy-attendance\/\">Pol\u00edtica de asistencia<\/a><\/li>\n\n\n\n<li><a href=\"https:\/\/latinpcs.org\/es\/resources\/2025\/07\/grievance-policy-and-procedures\/\">Procedimientos y pol\u00edticas de quejas<\/a><\/li>\n\n\n\n<li><a href=\"https:\/\/latinpcs.org\/wp-content\/uploads\/2025\/08\/WLPCS-Home-and-Hospital-Policy-3-v2.pdf\">Pol\u00edtica de instrucci\u00f3n en el hogar o en el hospital<\/a><\/li>\n\n\n\n<li><a href=\"https:\/\/latinpcs.org\/es\/resources\/2025\/07\/notice-of-non-discrimination-2\/\">Pol\u00edtica de no discriminaci\u00f3n<\/a><\/li>\n\n\n\n<li><a href=\"https:\/\/latinpcs.org\/wp-content\/uploads\/2025\/12\/Latin-Wellness-Policy-22-26.pdf\">Pol\u00edtica de bienestar<\/a><\/li>\n\n\n\n<li><a href=\"https:\/\/latinpcs.org\/es\/resources\/usda-nondiscrimination-statement\/\">Declaraci\u00f3n de no discriminaci\u00f3n del USDA<\/a><\/li>\n\n\n\n<li><a href=\"https:\/\/latinpcs.org\/es\/resources\/2025\/07\/ferpa-notice\/\">Aviso de la Ley de Derechos Educativos y Privacidad de la Familia (FERPA)<\/a><\/li>\n\n\n\n<li><a href=\"https:\/\/latinpcs.org\/es\/resources\/2025\/07\/sexual-misconduct-policy-and-student-complaint-procedure\/\">Pol\u00edtica para prevenir y abordar el abuso sexual en las escuelas<\/a><\/li>\n\n\n\n<li><a href=\"https:\/\/latinpcs.org\/es\/resources\/2025\/07\/student-on-student-sexual-harassment-policy\/\">Pol\u00edtica sobre acoso sexual entre estudiantes<\/a><\/li>\n\n\n\n<li><a href=\"https:\/\/latinpcs.org\/es\/resources\/2025\/07\/inclement-weather-policy\/\">Pol\u00edtica sobre inclemencias del tiempo<\/a><\/li>\n\n\n\n<li><a href=\"https:\/\/docs.google.com\/document\/d\/1ut5mNcfI83YQg53rRi6iIrZfjdf8O1lB167KzFfbx8c\/edit?usp=sharing\">Gu\u00eda de cursos de secundaria 2025-26<\/a><\/li>\n\n\n\n<li><a href=\"https:\/\/latinpcs.org\/wp-content\/uploads\/2026\/03\/2025-26-Washington-Latin-Family-Handbook-3-2026.pdf\" target=\"_blank\" rel=\"noreferrer noopener nofollow\">Manual de la familia<\/a><\/li>\n\n\n\n<li><a href=\"https:\/\/latinpcs.org\/wp-content\/uploads\/2025\/09\/WLPCS-Employee-Handbook-SY2025-2026-1.pdf\">Manual de la facultad<\/a><\/li>\n<\/ul>\n\n<p class=\"appear-on-scroll\"><a href=\"https:\/\/latinpcs.org\/es\/about\/latin-team\/latin-board\/\">Junta de Gobernadores Latinos de Washington<\/a><\/p>\n\n<p class=\"appear-on-scroll\"><a href=\"https:\/\/latinpcs.org\/wp-content\/uploads\/2025\/07\/Pay-Scales-SY25-26-TEACHER.pdf\">Escalas salariales para puestos docentes<\/a><\/p>\n\n<p class=\"appear-on-scroll\"><a href=\"https:\/\/latinpcs.org\/wp-content\/uploads\/2025\/08\/WLPCS-FY26-Budget.pdf\">Presupuesto de Washington Latin 2025-26<\/a><\/p>\n\n<p class=\"appear-on-scroll\"><a href=\"https:\/\/latinpcs.org\/wp-content\/uploads\/2025\/08\/2023-Washington-Latin-School-990-public.pdf\">Formularios 990 (declaraciones de impuestos de organizaciones sin fines de lucro)<\/a><\/p>\n\n<p class=\"appear-on-scroll\"><a href=\"https:\/\/latinpcs.org\/wp-content\/uploads\/2025\/07\/Washington-Latin-Annual-Report-2023-24-final.pdf\">Informe anual 2023-24<\/a><\/p>\n\n<p class=\"appear-on-scroll\">Resultados de la prueba anual de agua de la escuela para detectar plomo<\/p>\n\n<ul  class=\"appear-on-scroll wp-block-list\" >\n<li><a href=\"https:\/\/latinpcs.org\/wp-content\/uploads\/2025\/07\/FY25-DCPCSB-Sampling-Results-Washington-Latin-PCS-Cooper-Campus.pdf\">Resultados de las pruebas de plomo en Cooper Campus 2025<\/a><\/li>\n\n\n\n<li><a href=\"https:\/\/latinpcs.org\/wp-content\/uploads\/2025\/07\/FY25-DCPCSB-Sampling-Results-Washington-Latin-PCS-2nd-Street-Campus.pdf\">Resultados de la prueba de plomo del campus de 2nd Street 2025<\/a><\/li>\n<\/ul>\n\n<p class=\"appear-on-scroll\">Informaci\u00f3n de contacto de los siguientes puntos de contacto latinos de Washington:<\/p>\n\n<ul  class=\"appear-on-scroll wp-block-list\" >\n<li>Coordinador del T\u00edtulo IX \u2013 All-Latin: <a href=\"mailto:lliu@latinpcs.org\">Lawrence Liu<\/a><\/li>\n\n\n\n<li>Coordinador de personas sin hogar de McKinney-Vento<ul  class=\"appear-on-scroll wp-block-list\" >\n<li>Campus Cooper: <a href=\"mailto:choward@latinpcs.org\">Courtney Howard<\/a><\/li>\n\n\n\n<li>Campus de la calle 2: <a href=\"mailto:dtucker@latinpcs.org\">Dayla Tucker<\/a><\/li>\n<\/ul><\/li>\n\n\n\n<li>Punto de contacto de educaci\u00f3n especial<ul  class=\"appear-on-scroll wp-block-list\" >\n<li>Todo en lat\u00edn: <a href=\"mailto:ajesseman@latinpcs.org\">Ana Jesseman<\/a>, Director de Apoyo Estudiantil<\/li>\n\n\n\n<li>Campus Cooper:<a href=\"mailto:pbermudez@latinpcs.org\"> Penny Berm\u00fadez<\/a>Coordinador de Apoyo Estudiantil<\/li>\n\n\n\n<li>Campus de la calle 2: <a href=\"mailto:srose@latinpcs.org\">Shayna Rose<\/a>Gerente de Cumplimiento de Apoyo Estudiantil<\/li>\n<\/ul><\/li>\n\n\n\n<li>Punto de contacto de seguridad para agencias externas, organizaciones, partes interesadas de la comunidad y padres. <ul  class=\"appear-on-scroll wp-block-list\" >\n<li>Campus Cooper: <a href=\"mailto:kroberts@latinpcs.org\">Khashiffa Roberts<\/a>, Principal<\/li>\n\n\n\n<li>Campus de la calle 2: <a href=\"mailto:jkelly@latinpcs.org\">Jimmy Kelly<\/a>, Principal<\/li>\n<\/ul><\/li>\n<\/ul>\n\n<p class=\"appear-on-scroll\"><a href=\"https:\/\/latinpcs.org\/es\/resources\/2025\/07\/admissions-enrollment-withdrawl-policy\/\">Formulario(s) de inscripci\u00f3n de estudiantes<\/a><\/p>\n\n<p class=\"appear-on-scroll\"><a href=\"https:\/\/docs.google.com\/document\/d\/1ET014enlj7mkzw-mfxjU_WPUXgBrmwJE\/edit\">calendario escolar<\/a><\/p>","protected":false},"excerpt":{"rendered":"<p>Autoridad de Charter en DC Washington Latin Public Charter School est\u00e1 autorizada y rinde cuentas a la Junta de Escuelas P\u00fablicas Charter del Distrito de Columbia (DCPCSB), el \u00fanico autorizador de las escuelas p\u00fablicas de DC\u2026<\/p>","protected":false},"author":1,"featured_media":0,"parent":8,"menu_order":0,"comment_status":"closed","ping_status":"closed","template":"","meta":{"featured_image_background_position":"","background-color":"","secondary-color":"","highlight-color":"","color":"","hide-navigation":false,"footnotes":""},"class_list":["post-85","page","type-page","status-publish","hentry"],"yoast_head":"<!-- This site is optimized with the Yoast SEO plugin v25.6 - https:\/\/yoast.com\/wordpress\/plugins\/seo\/ -->\n<title>Transparency - Washington Latin Public Charter Schools<\/title>\n<meta name=\"robots\" content=\"index, follow, max-snippet:-1, max-image-preview:large, max-video-preview:-1\" \/>\n<link rel=\"canonical\" href=\"https:\/\/latinpcs.org\/es\/about\/transparency\/\" \/>\n<meta property=\"og:locale\" content=\"es_MX\" \/>\n<meta property=\"og:type\" content=\"article\" \/>\n<meta property=\"og:title\" content=\"Transparency - Washington Latin Public Charter Schools\" \/>\n<meta property=\"og:description\" content=\"Charter Authority in DC Washington Latin Public Charter School is authorized by and accountable to the District of Columbia Public Charter School Board (DCPCSB), the sole authorizer of DC public &hellip;\" \/>\n<meta property=\"og:url\" content=\"https:\/\/latinpcs.org\/es\/about\/transparency\/\" \/>\n<meta property=\"og:site_name\" content=\"Washington Latin Public Charter Schools\" \/>\n<meta property=\"article:publisher\" content=\"https:\/\/www.facebook.com\/WashingtonLatinPCS\/\" \/>\n<meta property=\"article:modified_time\" content=\"2026-03-03T00:20:19+00:00\" \/>\n<meta property=\"og:image\" content=\"https:\/\/latinpcs.org\/wp-content\/uploads\/2025\/07\/latin-default-social-image.jpg\" \/>\n\t<meta property=\"og:image:width\" content=\"2000\" \/>\n\t<meta property=\"og:image:height\" content=\"1333\" \/>\n\t<meta property=\"og:image:type\" content=\"image\/jpeg\" \/>\n<meta name=\"twitter:card\" content=\"summary_large_image\" \/>\n<meta name=\"twitter:label1\" content=\"Est. reading time\" \/>\n\t<meta name=\"twitter:data1\" content=\"2 minutos\" \/>\n<script type=\"application\/ld+json\" class=\"yoast-schema-graph\">{\"@context\":\"https:\/\/schema.org\",\"@graph\":[{\"@type\":\"WebPage\",\"@id\":\"https:\/\/latinpcs.org\/about\/transparency\/\",\"url\":\"https:\/\/latinpcs.org\/about\/transparency\/\",\"name\":\"Transparency - Washington Latin Public Charter Schools\",\"isPartOf\":{\"@id\":\"https:\/\/latinpcs.org\/#website\"},\"datePublished\":\"2025-06-27T19:49:39+00:00\",\"dateModified\":\"2026-03-03T00:20:19+00:00\",\"breadcrumb\":{\"@id\":\"https:\/\/latinpcs.org\/about\/transparency\/#breadcrumb\"},\"inLanguage\":\"es\",\"potentialAction\":[{\"@type\":\"ReadAction\",\"target\":[\"https:\/\/latinpcs.org\/about\/transparency\/\"]}]},{\"@type\":\"BreadcrumbList\",\"@id\":\"https:\/\/latinpcs.org\/about\/transparency\/#breadcrumb\",\"itemListElement\":[{\"@type\":\"ListItem\",\"position\":1,\"name\":\"Home\",\"item\":\"https:\/\/latinpcs.org\/\"},{\"@type\":\"ListItem\",\"position\":2,\"name\":\"About\",\"item\":\"https:\/\/latinpcs.org\/about\/\"},{\"@type\":\"ListItem\",\"position\":3,\"name\":\"Transparency\"}]},{\"@type\":\"WebSite\",\"@id\":\"https:\/\/latinpcs.org\/#website\",\"url\":\"https:\/\/latinpcs.org\/\",\"name\":\"Washington Latin Public Charter Schools\",\"description\":\"Washington Latin Public Charter Schools, based in Washington, DC, offers a classical education for the modern world for students in grades 5-12 across two campuses.\",\"publisher\":{\"@id\":\"https:\/\/latinpcs.org\/#organization\"},\"potentialAction\":[{\"@type\":\"SearchAction\",\"target\":{\"@type\":\"EntryPoint\",\"urlTemplate\":\"https:\/\/latinpcs.org\/?s={search_term_string}\"},\"query-input\":{\"@type\":\"PropertyValueSpecification\",\"valueRequired\":true,\"valueName\":\"search_term_string\"}}],\"inLanguage\":\"es\"},{\"@type\":\"Organization\",\"@id\":\"https:\/\/latinpcs.org\/#organization\",\"name\":\"Washington Latin Public Charter Schools\",\"url\":\"https:\/\/latinpcs.org\/\",\"logo\":{\"@type\":\"ImageObject\",\"inLanguage\":\"es\",\"@id\":\"https:\/\/latinpcs.org\/#\/schema\/logo\/image\/\",\"url\":\"https:\/\/latinpcs.org\/wp-content\/uploads\/2025\/07\/Latin_logo_nknm_4c.svg\",\"contentUrl\":\"https:\/\/latinpcs.org\/wp-content\/uploads\/2025\/07\/Latin_logo_nknm_4c.svg\",\"width\":1,\"height\":1,\"caption\":\"Washington Latin Public Charter Schools\"},\"image\":{\"@id\":\"https:\/\/latinpcs.org\/#\/schema\/logo\/image\/\"},\"sameAs\":[\"https:\/\/www.facebook.com\/WashingtonLatinPCS\/\",\"https:\/\/www.instagram.com\/washingtonlatinpcs\/?hl=en\",\"https:\/\/www.linkedin.com\/school\/washington-latin-public-charter-schools\/\"]}]}<\/script>\n<!-- \/ Yoast SEO plugin. -->","yoast_head_json":{"title":"Transparencia - Washington Latin Public Charter Schools","robots":{"index":"index","follow":"follow","max-snippet":"max-snippet:-1","max-image-preview":"max-image-preview:large","max-video-preview":"max-video-preview:-1"},"canonical":"https:\/\/latinpcs.org\/es\/about\/transparency\/","og_locale":"es_MX","og_type":"article","og_title":"Transparency - Washington Latin Public Charter Schools","og_description":"Charter Authority in DC Washington Latin Public Charter School is authorized by and accountable to the District of Columbia Public Charter School Board (DCPCSB), the sole authorizer of DC public &hellip;","og_url":"https:\/\/latinpcs.org\/es\/about\/transparency\/","og_site_name":"Washington Latin Public Charter Schools","article_publisher":"https:\/\/www.facebook.com\/WashingtonLatinPCS\/","article_modified_time":"2026-03-03T00:20:19+00:00","og_image":[{"width":2000,"height":1333,"url":"https:\/\/latinpcs.org\/wp-content\/uploads\/2025\/07\/latin-default-social-image.jpg","type":"image\/jpeg"}],"twitter_card":"summary_large_image","twitter_misc":{"Est. reading time":"2 minutos"},"schema":{"@context":"https:\/\/schema.org","@graph":[{"@type":"WebPage","@id":"https:\/\/latinpcs.org\/about\/transparency\/","url":"https:\/\/latinpcs.org\/about\/transparency\/","name":"Transparencia - Washington Latin Public Charter Schools","isPartOf":{"@id":"https:\/\/latinpcs.org\/#website"},"datePublished":"2025-06-27T19:49:39+00:00","dateModified":"2026-03-03T00:20:19+00:00","breadcrumb":{"@id":"https:\/\/latinpcs.org\/about\/transparency\/#breadcrumb"},"inLanguage":"es","potentialAction":[{"@type":"ReadAction","target":["https:\/\/latinpcs.org\/about\/transparency\/"]}]},{"@type":"BreadcrumbList","@id":"https:\/\/latinpcs.org\/about\/transparency\/#breadcrumb","itemListElement":[{"@type":"ListItem","position":1,"name":"Home","item":"https:\/\/latinpcs.org\/"},{"@type":"ListItem","position":2,"name":"About","item":"https:\/\/latinpcs.org\/about\/"},{"@type":"ListItem","position":3,"name":"Transparency"}]},{"@type":"WebSite","@id":"https:\/\/latinpcs.org\/#website","url":"https:\/\/latinpcs.org\/","name":"Escuelas p\u00fablicas ch\u00e1rter latinas de Washington","description":"Washington Latin Public Charter Schools, con sede en Washington, DC, ofrece una educaci\u00f3n cl\u00e1sica para el mundo moderno para estudiantes de 5.\u00ba a 12.\u00ba grado en dos campus.","publisher":{"@id":"https:\/\/latinpcs.org\/#organization"},"potentialAction":[{"@type":"SearchAction","target":{"@type":"EntryPoint","urlTemplate":"https:\/\/latinpcs.org\/?s={search_term_string}"},"query-input":{"@type":"PropertyValueSpecification","valueRequired":true,"valueName":"search_term_string"}}],"inLanguage":"es"},{"@type":"Organization","@id":"https:\/\/latinpcs.org\/#organization","name":"Escuelas p\u00fablicas ch\u00e1rter latinas de Washington","url":"https:\/\/latinpcs.org\/","logo":{"@type":"ImageObject","inLanguage":"es","@id":"https:\/\/latinpcs.org\/#\/schema\/logo\/image\/","url":"https:\/\/latinpcs.org\/wp-content\/uploads\/2025\/07\/Latin_logo_nknm_4c.svg","contentUrl":"https:\/\/latinpcs.org\/wp-content\/uploads\/2025\/07\/Latin_logo_nknm_4c.svg","width":1,"height":1,"caption":"Washington Latin Public Charter Schools"},"image":{"@id":"https:\/\/latinpcs.org\/#\/schema\/logo\/image\/"},"sameAs":["https:\/\/www.facebook.com\/WashingtonLatinPCS\/","https:\/\/www.instagram.com\/washingtonlatinpcs\/?hl=en","https:\/\/www.linkedin.com\/school\/washington-latin-public-charter-schools\/"]}]}},"_links":{"self":[{"href":"https:\/\/latinpcs.org\/es\/wp-json\/wp\/v2\/pages\/85","targetHints":{"allow":["GET"]}}],"collection":[{"href":"https:\/\/latinpcs.org\/es\/wp-json\/wp\/v2\/pages"}],"about":[{"href":"https:\/\/latinpcs.org\/es\/wp-json\/wp\/v2\/types\/page"}],"author":[{"embeddable":true,"href":"https:\/\/latinpcs.org\/es\/wp-json\/wp\/v2\/users\/1"}],"replies":[{"embeddable":true,"href":"https:\/\/latinpcs.org\/es\/wp-json\/wp\/v2\/comments?post=85"}],"version-history":[{"count":0,"href":"https:\/\/latinpcs.org\/es\/wp-json\/wp\/v2\/pages\/85\/revisions"}],"up":[{"embeddable":true,"href":"https:\/\/latinpcs.org\/es\/wp-json\/wp\/v2\/pages\/8"}],"wp:attachment":[{"href":"https:\/\/latinpcs.org\/es\/wp-json\/wp\/v2\/media?parent=85"}],"curies":[{"name":"gracias","href":"https:\/\/api.w.org\/{rel}","templated":true}]}}