{"id":8,"date":"2025-05-29T18:14:10","date_gmt":"2025-05-29T18:14:10","guid":{"rendered":"https:\/\/latinpcs.org\/?page_id=8"},"modified":"2025-08-08T17:44:55","modified_gmt":"2025-08-08T17:44:55","slug":"about","status":"publish","type":"page","link":"https:\/\/latinpcs.org\/es\/about\/","title":{"rendered":"Acerca de"},"content":{"rendered":"<p  class=\"appear-on-scroll is-style-intro\" >Washington Latin es una red de escuelas de artes liberales y preparaci\u00f3n universitaria con una misi\u00f3n cl\u00e1sica. Atendemos a m\u00e1s de 1000 estudiantes de 5.\u00ba a 12.\u00ba grado de todo el Distrito en nuestros dos campus.<\/p>\n\n<p class=\"appear-on-scroll\">Los dos campus de Washington Latin Public Charter Schools ofrecen a los estudiantes de la capital del pa\u00eds un programa acad\u00e9mico rico y completo, basado en la tradici\u00f3n cl\u00e1sica. En una era de creciente homogeneizaci\u00f3n educativa, ofrecemos una experiencia verdaderamente \u00fanica. Creemos que la educaci\u00f3n es la formaci\u00f3n del car\u00e1cter, y el car\u00e1cter es la intersecci\u00f3n del desarrollo intelectual y la integridad moral. Nuestro programa se centra en desarrollar la capacidad de cada estudiante para ser reflexivo, considerar las opiniones y necesidades de los dem\u00e1s y actuar con integridad. Nuestro objetivo es formar estudiantes reflexivos que contribuyan al bien com\u00fan y contin\u00faen su b\u00fasqueda vitalicia hacia una humanidad m\u00e1s plena.<\/p>\n\n<blockquote  class=\"appear-on-scroll wp-block-quote alignleft is-layout-flow wp-block-quote-is-layout-flow\" ><p class=\"appear-on-scroll\">Una educaci\u00f3n eficaz no solo cultiva el intelecto y despierta la imaginaci\u00f3n, sino que tambi\u00e9n nutre el esp\u00edritu y entrena el cuerpo. Con este enfoque hol\u00edstico, Washington Latin grad\u00faa a estudiantes con la ambici\u00f3n de una vida plena y al servicio de los dem\u00e1s.<\/p><cite>Peter Anderson, director ejecutivo y director de escuelas<\/cite><\/blockquote>\n\n<h2  class=\"appear-on-scroll wp-block-heading\" ><span class=\"text\">Nuestras caracter\u00edsticas esenciales<\/span><\/h2>\n\n<figure  class=\"theme-block appear-on-scroll wp-block-image size-large is-resized\" ><div class=\"image\"><img decoding=\"async\" width=\"1024\" height=\"684\" data-src=\"https:\/\/latinpcs.org\/wp-content\/uploads\/2025\/07\/DSC_4546-1024x684.jpg\" alt=\"\" class=\"wp-image-23751 lazyload\" style=\"--smush-placeholder-width: 1024px; --smush-placeholder-aspect-ratio: 1024\/684;width:1113px;height:auto\" data-srcset=\"https:\/\/latinpcs.org\/wp-content\/uploads\/2025\/07\/DSC_4546-1024x684.jpg 1024w, https:\/\/latinpcs.org\/wp-content\/uploads\/2025\/07\/DSC_4546-300x200.jpg 300w, https:\/\/latinpcs.org\/wp-content\/uploads\/2025\/07\/DSC_4546-768x513.jpg 768w, https:\/\/latinpcs.org\/wp-content\/uploads\/2025\/07\/DSC_4546-1536x1025.jpg 1536w, https:\/\/latinpcs.org\/wp-content\/uploads\/2025\/07\/DSC_4546-2048x1367.jpg 2048w, https:\/\/latinpcs.org\/wp-content\/uploads\/2025\/07\/DSC_4546-18x12.jpg 18w\" data-sizes=\"(max-width: 1024px) 100vw, 1024px\" src=\"data:image\/svg+xml;base64,PHN2ZyB3aWR0aD0iMSIgaGVpZ2h0PSIxIiB4bWxucz0iaHR0cDovL3d3dy53My5vcmcvMjAwMC9zdmciPjwvc3ZnPg==\" \/><\/div><figcaption class=\"wp-element-caption\">La alegr\u00eda es fundamental en nuestras escuelas, como lo demuestran los estudiantes de 2nd Street frente al Gimnasio Martha C. Cutts.<\/figcaption><\/figure>\n\n<p class=\"appear-on-scroll\">Nuestras escuelas se basan en algunas caracter\u00edsticas esenciales que dan forma a la experiencia de Washington Latin para nuestros profesores, estudiantes y familias: la misi\u00f3n cl\u00e1sica, la excelencia y autonom\u00eda del profesorado, una comunidad diversa e integrada y una cultura personal y enriquecedora.<\/p>\n\n<div  class=\"theme-block wp-block-media-text is-stacked-on-mobile\" ><figure class=\"wp-block-media-text__media\"><img decoding=\"async\" width=\"1024\" height=\"650\" data-src=\"https:\/\/latinpcs.org\/wp-content\/uploads\/2025\/07\/LATIN-VERBS--1024x650.jpg\" alt=\"\" class=\"wp-image-23867 size-full lazyload\" data-srcset=\"https:\/\/latinpcs.org\/wp-content\/uploads\/2025\/07\/LATIN-VERBS--1024x650.jpg 1024w, https:\/\/latinpcs.org\/wp-content\/uploads\/2025\/07\/LATIN-VERBS--300x191.jpg 300w, https:\/\/latinpcs.org\/wp-content\/uploads\/2025\/07\/LATIN-VERBS--768x488.jpg 768w, https:\/\/latinpcs.org\/wp-content\/uploads\/2025\/07\/LATIN-VERBS--1536x976.jpg 1536w, https:\/\/latinpcs.org\/wp-content\/uploads\/2025\/07\/LATIN-VERBS--2048x1301.jpg 2048w, https:\/\/latinpcs.org\/wp-content\/uploads\/2025\/07\/LATIN-VERBS--18x12.jpg 18w\" data-sizes=\"(max-width: 1024px) 100vw, 1024px\" src=\"data:image\/svg+xml;base64,PHN2ZyB3aWR0aD0iMSIgaGVpZ2h0PSIxIiB4bWxucz0iaHR0cDovL3d3dy53My5vcmcvMjAwMC9zdmciPjwvc3ZnPg==\" style=\"--smush-placeholder-width: 1024px; --smush-placeholder-aspect-ratio: 1024\/650;\" \/><\/figure><div class=\"wp-block-media-text__content appear-on-scroll\"><h3  class=\"wp-block-heading\" ><span class=\"text\">Misi\u00f3n Cl\u00e1sica<\/span><\/h3>\n\n<p class=\"\">Nuestro modelo combina verdades atemporales de la antig\u00fcedad con el estudio de temas contempor\u00e1neos mediante un amplio curr\u00edculo de artes liberales, cuyo objetivo es ayudar a nuestros estudiantes a desarrollar tanto su autonom\u00eda individual como su compromiso con el bien com\u00fan. Invitamos a los estudiantes a considerar cuestiones morales en todas las asignaturas y grados, especialmente mediante seminarios socr\u00e1ticos regulares que les ayudan a desarrollar opiniones informadas, razonadas y flexibles. Esta capacidad de participar en debates c\u00edvicos es fundamental en nuestra sociedad democr\u00e1tica y, por lo tanto, un elemento importante de nuestro programa.<\/p>\n\n<div  class=\"wp-block-buttons is-layout-flex wp-block-buttons-is-layout-flex\" >\n<div class=\"wp-block-button\"><a class=\"wp-block-button__link wp-element-button\" href=\"https:\/\/latinpcs.org\/es\/about\/our-model\/\"><span class=\"label\">Aprenda sobre la educaci\u00f3n cl\u00e1sica en Latin<\/span><\/a><\/div>\n<\/div><\/div><\/div>\n\n<div  class=\"theme-block wp-block-media-text has-media-on-the-right is-stacked-on-mobile\" ><div class=\"wp-block-media-text__content appear-on-scroll\"><h3  class=\"wp-block-heading\" ><span class=\"text\">Excelencia y autonom\u00eda del profesorado<\/span><\/h3>\n\n<p class=\"\">Nuestros l\u00edderes son docentes, y nuestros docentes son l\u00edderes. Aportan a sus aulas su experiencia y pasi\u00f3n por sus campos de estudio. Les otorgamos autonom\u00eda en sus decisiones curriculares y pedag\u00f3gicas, a la vez que les brindamos apoyo personalizado y oportunidades para su desarrollo profesional. Sobre todo, respetamos y fomentamos su intelecto y humanidad. El resultado: un equipo estable de docentes excelentes, unidos como comunidad y comprometidos con el \u00e9xito a largo plazo de sus estudiantes.<\/p>\n\n<div  class=\"wp-block-buttons is-layout-flex wp-block-buttons-is-layout-flex\" >\n<div class=\"wp-block-button\"><a class=\"wp-block-button__link wp-element-button\" href=\"\/es\/about\/careers\/\"><span class=\"label\">\u00danete a nuestra facultad<\/span><\/a><\/div>\n<\/div><\/div><figure class=\"wp-block-media-text__media\"><img decoding=\"async\" width=\"1024\" height=\"655\" data-src=\"https:\/\/latinpcs.org\/wp-content\/uploads\/2025\/07\/Mr-Love-teaches-2-1024x655.jpeg\" alt=\"\" class=\"wp-image-23868 size-full lazyload\" data-srcset=\"https:\/\/latinpcs.org\/wp-content\/uploads\/2025\/07\/Mr-Love-teaches-2-1024x655.jpeg 1024w, https:\/\/latinpcs.org\/wp-content\/uploads\/2025\/07\/Mr-Love-teaches-2-300x192.jpeg 300w, https:\/\/latinpcs.org\/wp-content\/uploads\/2025\/07\/Mr-Love-teaches-2-768x491.jpeg 768w, https:\/\/latinpcs.org\/wp-content\/uploads\/2025\/07\/Mr-Love-teaches-2-1536x982.jpeg 1536w, https:\/\/latinpcs.org\/wp-content\/uploads\/2025\/07\/Mr-Love-teaches-2-18x12.jpeg 18w, https:\/\/latinpcs.org\/wp-content\/uploads\/2025\/07\/Mr-Love-teaches-2.jpeg 1971w\" data-sizes=\"(max-width: 1024px) 100vw, 1024px\" src=\"data:image\/svg+xml;base64,PHN2ZyB3aWR0aD0iMSIgaGVpZ2h0PSIxIiB4bWxucz0iaHR0cDovL3d3dy53My5vcmcvMjAwMC9zdmciPjwvc3ZnPg==\" style=\"--smush-placeholder-width: 1024px; --smush-placeholder-aspect-ratio: 1024\/655;\" \/><\/figure><\/div>\n\n<div  class=\"theme-block wp-block-media-text is-stacked-on-mobile\" ><figure class=\"wp-block-media-text__media\"><img decoding=\"async\" width=\"1024\" height=\"683\" data-src=\"https:\/\/latinpcs.org\/wp-content\/uploads\/2025\/07\/IMG_3555-1024x683.jpg\" alt=\"\" class=\"wp-image-23761 size-full lazyload\" data-srcset=\"https:\/\/latinpcs.org\/wp-content\/uploads\/2025\/07\/IMG_3555-1024x683.jpg 1024w, https:\/\/latinpcs.org\/wp-content\/uploads\/2025\/07\/IMG_3555-300x200.jpg 300w, https:\/\/latinpcs.org\/wp-content\/uploads\/2025\/07\/IMG_3555-768x512.jpg 768w, https:\/\/latinpcs.org\/wp-content\/uploads\/2025\/07\/IMG_3555-1536x1025.jpg 1536w, https:\/\/latinpcs.org\/wp-content\/uploads\/2025\/07\/IMG_3555-2048x1366.jpg 2048w, https:\/\/latinpcs.org\/wp-content\/uploads\/2025\/07\/IMG_3555-18x12.jpg 18w\" data-sizes=\"(max-width: 1024px) 100vw, 1024px\" src=\"data:image\/svg+xml;base64,PHN2ZyB3aWR0aD0iMSIgaGVpZ2h0PSIxIiB4bWxucz0iaHR0cDovL3d3dy53My5vcmcvMjAwMC9zdmciPjwvc3ZnPg==\" style=\"--smush-placeholder-width: 1024px; --smush-placeholder-aspect-ratio: 1024\/683;\" \/><\/figure><div class=\"wp-block-media-text__content appear-on-scroll\"><h3  class=\"wp-block-heading\" ><span class=\"text\">Cultura personal y enriquecedora<\/span><\/h3>\n\n<p class=\"\">Washington Latin es deliberadamente peque\u00f1o (tanto en general como en cuanto al tama\u00f1o de las clases), para que cada estudiante sea reconocido como acad\u00e9mico e individual. Buscamos la confianza y el respeto mutuos para fomentar la curiosidad intelectual y la creatividad. Queremos que estudiantes y profesores sientan un sentido de comunidad que los anime a probar cosas nuevas, a desafiar ideas, a cometer errores y a asumir el liderazgo.<\/p>\n\n<div  class=\"wp-block-buttons is-layout-flex wp-block-buttons-is-layout-flex\" >\n<div class=\"wp-block-button\"><a class=\"wp-block-button__link wp-element-button\" href=\"\/es\/about\/our-values\/\"><span class=\"label\">Lea todos los valores del lat\u00edn<\/span><\/a><\/div>\n<\/div><\/div><\/div>\n\n<h2  class=\"appear-on-scroll wp-block-heading\" ><span class=\"text\">Nuestra historia<\/span><\/h2>\n\n<p class=\"appear-on-scroll\">Washington Latin comenz\u00f3 en 2006. Empezamos con un grupo peque\u00f1o, con 179 estudiantes de 5.\u00ba a 7.\u00ba grado, en una iglesia cerca de la Catedral Nacional de Washington. Durante los cinco a\u00f1os siguientes, a\u00f1adimos un grado hasta completar la dotaci\u00f3n de alumnos (5.\u00ba a 12.\u00ba grado) en el curso 2011-12. Nuestra primera generaci\u00f3n se gradu\u00f3 en 2012, y otras ocho han seguido su ejemplo, sumando un total de casi 1000 graduados de Washington Latin.<\/p>\n\n<p class=\"appear-on-scroll\">En menos de una d\u00e9cada, los l\u00edderes dedicados y experimentados de la escuela<a href=\"https:\/\/latinpcs.org\/es\/about\/our-team\/leadership\/\"> <\/a>Desarrollamos nuestro programa acad\u00e9mico, reclutamos un profesorado y personal talentoso, y desarrollamos nuestra cultura y comunidad. Durante estos primeros a\u00f1os, la escuela ocup\u00f3 diversas ubicaciones temporales, pero sigui\u00f3 atrayendo a familias que reconocieron el valor de este modelo cl\u00e1sico y confiaron en nuestra capacidad para brindar una educaci\u00f3n de calidad durante este per\u00edodo de crecimiento.<\/p>\n\n<div id=\"the-2nd-street-campus\" class=\"wp-block-theme-blocks-expandable appear-on-scroll theme-block has-layout-center expand\"><div role=\"button\" tabindex=\"0\" class=\"block-question appear-on-scroll heading h4\">El campus de la calle 2<\/div><div class=\"block-answer\" style=\"display:none;\">\n<p class=\"appear-on-scroll\">Mientras constru\u00edamos nuestro modelo y equipo, los l\u00edderes de la escuela y la junta directiva tambi\u00e9n se centraron en encontrar un hogar permanente para nuestra a\u00fan joven escuela. De 2006 a 2013, Washington Latin se estableci\u00f3 en seis sedes antes de obtener finalmente una instalaci\u00f3n permanente en 2012: la antigua Escuela Primaria Cuno Rudolph, en el barrio Fort Totten del Distrito 4, en el noroeste de Washington D. C. Tras una importante renovaci\u00f3n para restaurar el edificio y dejarlo en condiciones de uso, abrimos las puertas a nuestros estudiantes en el oto\u00f1o de 2013. En la primavera de 2016, finalizamos la construcci\u00f3n de nuestro gimnasio de 11,266 pies cuadrados.<\/p>\n<\/div><\/div>\n\n<div id=\"the-anna-julia-cooper-campus\" class=\"wp-block-theme-blocks-expandable appear-on-scroll theme-block has-layout-center expand\"><div role=\"button\" tabindex=\"0\" class=\"block-question appear-on-scroll heading h4\">El campus Anna Julia Cooper<\/div><div class=\"block-answer\" style=\"display:none;\">\n<p class=\"appear-on-scroll\">El Campus Anna Julia Cooper dio la bienvenida a sus clases fundadoras de 5.\u00ba y 6.\u00ba grado en una ubicaci\u00f3n temporal en el vecindario de Edgewood del Distrito 5. En 2025, el Campus Cooper se mud\u00f3 a su hogar permanente justo al lado de North Capitol Street en el Distrito 5 en un campus renovado en los terrenos de lo que originalmente fue un monasterio y, m\u00e1s recientemente, la Academia de Ballet Kirov. <\/p>\n<\/div><\/div>\n\n<h2  class=\"appear-on-scroll wp-block-heading\" ><span class=\"text\">Un compromiso con la equidad y el acceso<\/span><\/h2>\n\n<p class=\"appear-on-scroll\">En 2022, nuestra organizaci\u00f3n inici\u00f3 una nueva etapa con la apertura de nuestro segundo campus. Nuestro objetivo: hacer accesible nuestra singular educaci\u00f3n cl\u00e1sica y moderna a m\u00e1s familias de DC. Tras una cuidadosa evaluaci\u00f3n de diversas maneras de crecer, el equipo directivo de Latin se comprometi\u00f3 a crear otro campus que ofrezca la misma educaci\u00f3n cl\u00e1sica latina para el mundo moderno a otros 740 estudiantes de 5.\u00ba a 12.\u00ba grado. Reclutamos y atendemos a estudiantes de todos los or\u00edgenes, incluyendo a aquellos que podr\u00edan tener dificultades acad\u00e9micas o que no alcanzan el nivel de su grado. Este compromiso con la equidad sigue siendo fundamental para nuestro programa.<\/p>\n\n\n<div class=\"wp-block-columns is-layout-flex wp-container-core-columns-is-layout-28f84493 wp-block-columns-is-layout-flex\">\n<div class=\"wp-block-column is-layout-flow wp-block-column-is-layout-flow\" style=\"flex-basis:50%\"><\/div>\n<\/div>","protected":false},"excerpt":{"rendered":"<p>Washington Latin es una red de escuelas de artes liberales y preparaci\u00f3n universitaria con una misi\u00f3n cl\u00e1sica. Atendemos a m\u00e1s de 1000 estudiantes de 5.\u00ba a 12.\u00ba grado de todo el Distrito...<\/p>","protected":false},"author":1,"featured_media":23856,"parent":0,"menu_order":10,"comment_status":"closed","ping_status":"closed","template":"","meta":{"featured_image_background_position":"52% 37%","background-color":"","secondary-color":"","highlight-color":"","color":"","hide-navigation":false,"footnotes":""},"class_list":["post-8","page","type-page","status-publish","has-post-thumbnail","hentry"],"yoast_head":"<!-- This site is optimized with the Yoast SEO plugin v25.6 - https:\/\/yoast.com\/wordpress\/plugins\/seo\/ -->\n<title>About - Washington Latin Public Charter Schools<\/title>\n<meta name=\"robots\" content=\"index, follow, max-snippet:-1, max-image-preview:large, max-video-preview:-1\" \/>\n<link rel=\"canonical\" href=\"https:\/\/latinpcs.org\/es\/about\/\" \/>\n<meta property=\"og:locale\" content=\"es_MX\" \/>\n<meta property=\"og:type\" content=\"article\" \/>\n<meta property=\"og:title\" content=\"About - Washington Latin Public Charter Schools\" \/>\n<meta property=\"og:description\" content=\"Washington Latin is a liberal arts, college preparatory network of schools with a classical mission. We serve more than 1,000 students in grades 5-12 from across the District across our &hellip;\" \/>\n<meta property=\"og:url\" content=\"https:\/\/latinpcs.org\/es\/about\/\" \/>\n<meta property=\"og:site_name\" content=\"Washington Latin Public Charter Schools\" \/>\n<meta property=\"article:publisher\" content=\"https:\/\/www.facebook.com\/WashingtonLatinPCS\/\" \/>\n<meta property=\"article:modified_time\" content=\"2025-08-08T17:44:55+00:00\" \/>\n<meta property=\"og:image\" content=\"https:\/\/latinpcs.org\/wp-content\/uploads\/2025\/07\/Classroom-2024-DCPCSB-boy-Latin-class-US-scaled.jpg\" \/>\n\t<meta property=\"og:image:width\" content=\"3840\" \/>\n\t<meta property=\"og:image:height\" content=\"2560\" \/>\n\t<meta property=\"og:image:type\" content=\"image\/jpeg\" \/>\n<meta name=\"twitter:card\" content=\"summary_large_image\" \/>\n<meta name=\"twitter:label1\" content=\"Est. reading time\" \/>\n\t<meta name=\"twitter:data1\" content=\"5 minutos\" \/>\n<script type=\"application\/ld+json\" class=\"yoast-schema-graph\">{\"@context\":\"https:\/\/schema.org\",\"@graph\":[{\"@type\":\"WebPage\",\"@id\":\"https:\/\/latinpcs.org\/about\/\",\"url\":\"https:\/\/latinpcs.org\/about\/\",\"name\":\"About - Washington Latin Public Charter Schools\",\"isPartOf\":{\"@id\":\"https:\/\/latinpcs.org\/#website\"},\"primaryImageOfPage\":{\"@id\":\"https:\/\/latinpcs.org\/about\/#primaryimage\"},\"image\":{\"@id\":\"https:\/\/latinpcs.org\/about\/#primaryimage\"},\"thumbnailUrl\":\"https:\/\/latinpcs.org\/wp-content\/uploads\/2025\/07\/Classroom-2024-DCPCSB-boy-Latin-class-US-scaled.jpg\",\"datePublished\":\"2025-05-29T18:14:10+00:00\",\"dateModified\":\"2025-08-08T17:44:55+00:00\",\"breadcrumb\":{\"@id\":\"https:\/\/latinpcs.org\/about\/#breadcrumb\"},\"inLanguage\":\"es\",\"potentialAction\":[{\"@type\":\"ReadAction\",\"target\":[\"https:\/\/latinpcs.org\/about\/\"]}]},{\"@type\":\"ImageObject\",\"inLanguage\":\"es\",\"@id\":\"https:\/\/latinpcs.org\/about\/#primaryimage\",\"url\":\"https:\/\/latinpcs.org\/wp-content\/uploads\/2025\/07\/Classroom-2024-DCPCSB-boy-Latin-class-US-scaled.jpg\",\"contentUrl\":\"https:\/\/latinpcs.org\/wp-content\/uploads\/2025\/07\/Classroom-2024-DCPCSB-boy-Latin-class-US-scaled.jpg\",\"width\":3840,\"height\":2560},{\"@type\":\"BreadcrumbList\",\"@id\":\"https:\/\/latinpcs.org\/about\/#breadcrumb\",\"itemListElement\":[{\"@type\":\"ListItem\",\"position\":1,\"name\":\"Home\",\"item\":\"https:\/\/latinpcs.org\/\"},{\"@type\":\"ListItem\",\"position\":2,\"name\":\"About\"}]},{\"@type\":\"WebSite\",\"@id\":\"https:\/\/latinpcs.org\/#website\",\"url\":\"https:\/\/latinpcs.org\/\",\"name\":\"Washington Latin Public Charter Schools\",\"description\":\"Washington Latin Public Charter Schools, based in Washington, DC, offers a classical education for the modern world for students in grades 5-12 across two campuses.\",\"publisher\":{\"@id\":\"https:\/\/latinpcs.org\/#organization\"},\"potentialAction\":[{\"@type\":\"SearchAction\",\"target\":{\"@type\":\"EntryPoint\",\"urlTemplate\":\"https:\/\/latinpcs.org\/?s={search_term_string}\"},\"query-input\":{\"@type\":\"PropertyValueSpecification\",\"valueRequired\":true,\"valueName\":\"search_term_string\"}}],\"inLanguage\":\"es\"},{\"@type\":\"Organization\",\"@id\":\"https:\/\/latinpcs.org\/#organization\",\"name\":\"Washington Latin Public Charter Schools\",\"url\":\"https:\/\/latinpcs.org\/\",\"logo\":{\"@type\":\"ImageObject\",\"inLanguage\":\"es\",\"@id\":\"https:\/\/latinpcs.org\/#\/schema\/logo\/image\/\",\"url\":\"https:\/\/latinpcs.org\/wp-content\/uploads\/2025\/07\/Latin_logo_nknm_4c.svg\",\"contentUrl\":\"https:\/\/latinpcs.org\/wp-content\/uploads\/2025\/07\/Latin_logo_nknm_4c.svg\",\"width\":1,\"height\":1,\"caption\":\"Washington Latin Public Charter Schools\"},\"image\":{\"@id\":\"https:\/\/latinpcs.org\/#\/schema\/logo\/image\/\"},\"sameAs\":[\"https:\/\/www.facebook.com\/WashingtonLatinPCS\/\",\"https:\/\/www.instagram.com\/washingtonlatinpcs\/?hl=en\",\"https:\/\/www.linkedin.com\/school\/washington-latin-public-charter-schools\/\"]}]}<\/script>\n<!-- \/ Yoast SEO plugin. -->","yoast_head_json":{"title":"Acerca de - Washington Latin Public Charter Schools","robots":{"index":"index","follow":"follow","max-snippet":"max-snippet:-1","max-image-preview":"max-image-preview:large","max-video-preview":"max-video-preview:-1"},"canonical":"https:\/\/latinpcs.org\/es\/about\/","og_locale":"es_MX","og_type":"article","og_title":"About - Washington Latin Public Charter Schools","og_description":"Washington Latin is a liberal arts, college preparatory network of schools with a classical mission. We serve more than 1,000 students in grades 5-12 from across the District across our &hellip;","og_url":"https:\/\/latinpcs.org\/es\/about\/","og_site_name":"Washington Latin Public Charter Schools","article_publisher":"https:\/\/www.facebook.com\/WashingtonLatinPCS\/","article_modified_time":"2025-08-08T17:44:55+00:00","og_image":[{"width":3840,"height":2560,"url":"https:\/\/latinpcs.org\/wp-content\/uploads\/2025\/07\/Classroom-2024-DCPCSB-boy-Latin-class-US-scaled.jpg","type":"image\/jpeg"}],"twitter_card":"summary_large_image","twitter_misc":{"Est. reading time":"5 minutos"},"schema":{"@context":"https:\/\/schema.org","@graph":[{"@type":"WebPage","@id":"https:\/\/latinpcs.org\/about\/","url":"https:\/\/latinpcs.org\/about\/","name":"Acerca de - Washington Latin Public Charter Schools","isPartOf":{"@id":"https:\/\/latinpcs.org\/#website"},"primaryImageOfPage":{"@id":"https:\/\/latinpcs.org\/about\/#primaryimage"},"image":{"@id":"https:\/\/latinpcs.org\/about\/#primaryimage"},"thumbnailUrl":"https:\/\/latinpcs.org\/wp-content\/uploads\/2025\/07\/Classroom-2024-DCPCSB-boy-Latin-class-US-scaled.jpg","datePublished":"2025-05-29T18:14:10+00:00","dateModified":"2025-08-08T17:44:55+00:00","breadcrumb":{"@id":"https:\/\/latinpcs.org\/about\/#breadcrumb"},"inLanguage":"es","potentialAction":[{"@type":"ReadAction","target":["https:\/\/latinpcs.org\/about\/"]}]},{"@type":"ImageObject","inLanguage":"es","@id":"https:\/\/latinpcs.org\/about\/#primaryimage","url":"https:\/\/latinpcs.org\/wp-content\/uploads\/2025\/07\/Classroom-2024-DCPCSB-boy-Latin-class-US-scaled.jpg","contentUrl":"https:\/\/latinpcs.org\/wp-content\/uploads\/2025\/07\/Classroom-2024-DCPCSB-boy-Latin-class-US-scaled.jpg","width":3840,"height":2560},{"@type":"BreadcrumbList","@id":"https:\/\/latinpcs.org\/about\/#breadcrumb","itemListElement":[{"@type":"ListItem","position":1,"name":"Home","item":"https:\/\/latinpcs.org\/"},{"@type":"ListItem","position":2,"name":"About"}]},{"@type":"WebSite","@id":"https:\/\/latinpcs.org\/#website","url":"https:\/\/latinpcs.org\/","name":"Escuelas p\u00fablicas ch\u00e1rter latinas de Washington","description":"Washington Latin Public Charter Schools, con sede en Washington, DC, ofrece una educaci\u00f3n cl\u00e1sica para el mundo moderno para estudiantes de 5.\u00ba a 12.\u00ba grado en dos campus.","publisher":{"@id":"https:\/\/latinpcs.org\/#organization"},"potentialAction":[{"@type":"SearchAction","target":{"@type":"EntryPoint","urlTemplate":"https:\/\/latinpcs.org\/?s={search_term_string}"},"query-input":{"@type":"PropertyValueSpecification","valueRequired":true,"valueName":"search_term_string"}}],"inLanguage":"es"},{"@type":"Organization","@id":"https:\/\/latinpcs.org\/#organization","name":"Escuelas p\u00fablicas ch\u00e1rter latinas de Washington","url":"https:\/\/latinpcs.org\/","logo":{"@type":"ImageObject","inLanguage":"es","@id":"https:\/\/latinpcs.org\/#\/schema\/logo\/image\/","url":"https:\/\/latinpcs.org\/wp-content\/uploads\/2025\/07\/Latin_logo_nknm_4c.svg","contentUrl":"https:\/\/latinpcs.org\/wp-content\/uploads\/2025\/07\/Latin_logo_nknm_4c.svg","width":1,"height":1,"caption":"Washington Latin Public Charter Schools"},"image":{"@id":"https:\/\/latinpcs.org\/#\/schema\/logo\/image\/"},"sameAs":["https:\/\/www.facebook.com\/WashingtonLatinPCS\/","https:\/\/www.instagram.com\/washingtonlatinpcs\/?hl=en","https:\/\/www.linkedin.com\/school\/washington-latin-public-charter-schools\/"]}]}},"_links":{"self":[{"href":"https:\/\/latinpcs.org\/es\/wp-json\/wp\/v2\/pages\/8","targetHints":{"allow":["GET"]}}],"collection":[{"href":"https:\/\/latinpcs.org\/es\/wp-json\/wp\/v2\/pages"}],"about":[{"href":"https:\/\/latinpcs.org\/es\/wp-json\/wp\/v2\/types\/page"}],"author":[{"embeddable":true,"href":"https:\/\/latinpcs.org\/es\/wp-json\/wp\/v2\/users\/1"}],"replies":[{"embeddable":true,"href":"https:\/\/latinpcs.org\/es\/wp-json\/wp\/v2\/comments?post=8"}],"version-history":[{"count":0,"href":"https:\/\/latinpcs.org\/es\/wp-json\/wp\/v2\/pages\/8\/revisions"}],"wp:featuredmedia":[{"embeddable":true,"href":"https:\/\/latinpcs.org\/es\/wp-json\/wp\/v2\/media\/23856"}],"wp:attachment":[{"href":"https:\/\/latinpcs.org\/es\/wp-json\/wp\/v2\/media?parent=8"}],"curies":[{"name":"gracias","href":"https:\/\/api.w.org\/{rel}","templated":true}]}}