{"id":75,"date":"2025-06-27T19:47:58","date_gmt":"2025-06-27T19:47:58","guid":{"rendered":"https:\/\/latinpcs.org\/?page_id=75"},"modified":"2025-08-07T21:13:41","modified_gmt":"2025-08-07T21:13:41","slug":"our-community","status":"publish","type":"page","link":"https:\/\/latinpcs.org\/es\/about\/our-community\/","title":{"rendered":"Nuestra comunidad"},"content":{"rendered":"<p  class=\"appear-on-scroll is-style-intro\" >Washington Latin es una red de escuelas diversa por dise\u00f1o, fundada en la creencia de que todos los estudiantes merecen una educaci\u00f3n desafiante y rigurosa y que nuestro modelo acad\u00e9mico se basa en una diversidad de voces en una comunidad integrada.<\/p>\n\n<p class=\"appear-on-scroll\">Desde sus inicios, Washington Latin se ha esforzado por construir una comunidad diversa de estudiantes y profesores. Cada a\u00f1o, hemos matriculado a estudiantes de los ocho distritos de Washington D. C., y la diversidad de nuestro alumnado refleja la comunidad en general de Washington D. C.&nbsp;<\/p>\n\n<p class=\"appear-on-scroll\">Consideramos que una comunidad escolar verdaderamente integrada es necesaria para lograr nuestro modelo de educaci\u00f3n cl\u00e1sica. Nuestra comunidad diversa y unida es esencial para el programa de Washington Latin. Es fundamental para nuestro modelo que nuestros estudiantes desarrollen la capacidad de debatir ideas y tomar decisiones intelectuales y morales dentro de una comunidad diversa con diversas perspectivas.<\/p>\n\n<h2  class=\"appear-on-scroll wp-block-heading\" ><span class=\"text\">Un sentido de pertenencia<\/span><\/h2>\n\n<figure  class=\"theme-block appear-on-scroll wp-block-image aligncenter size-large\" ><div class=\"image\"><img decoding=\"async\" width=\"1024\" height=\"768\" data-src=\"https:\/\/latinpcs.org\/wp-content\/uploads\/2025\/07\/choir-dancing-1024x768.jpg\" alt=\"\" class=\"wp-image-24140 lazyload\" data-srcset=\"https:\/\/latinpcs.org\/wp-content\/uploads\/2025\/07\/choir-dancing-1024x768.jpg 1024w, https:\/\/latinpcs.org\/wp-content\/uploads\/2025\/07\/choir-dancing-300x225.jpg 300w, https:\/\/latinpcs.org\/wp-content\/uploads\/2025\/07\/choir-dancing-768x576.jpg 768w, https:\/\/latinpcs.org\/wp-content\/uploads\/2025\/07\/choir-dancing-1536x1152.jpg 1536w, https:\/\/latinpcs.org\/wp-content\/uploads\/2025\/07\/choir-dancing-16x12.jpg 16w, https:\/\/latinpcs.org\/wp-content\/uploads\/2025\/07\/choir-dancing.jpg 2000w\" data-sizes=\"(max-width: 1024px) 100vw, 1024px\" src=\"data:image\/svg+xml;base64,PHN2ZyB3aWR0aD0iMSIgaGVpZ2h0PSIxIiB4bWxucz0iaHR0cDovL3d3dy53My5vcmcvMjAwMC9zdmciPjwvc3ZnPg==\" style=\"--smush-placeholder-width: 1024px; --smush-placeholder-aspect-ratio: 1024\/768;\" \/><\/div><\/figure>\n\n<p class=\"appear-on-scroll\">Nos caracterizamos por nuestra comunidad c\u00e1lida y acogedora, que ofrece respeto y apoyo a todos. Fomentamos y modelamos una profunda participaci\u00f3n, y a cada miembro de nuestro profesorado se le pide que participe en la vida de la escuela en las cartas de solicitud. Washington Latin fomenta lo mismo para nuestros estudiantes. <\/p>\n\n<ul  class=\"appear-on-scroll wp-block-list\" >\n<li>El sistema de asesor\u00eda es fundamental en nuestro modelo, ofreciendo a cada estudiante un adulto de referencia para problemas acad\u00e9micos o inquietudes socioemocionales. Animamos a participar en actividades extracurriculares, como unirse a uno de nuestros m\u00e1s de 30 equipos deportivos o a una clase de bienestar.<\/li>\n\n\n\n<li>Los estudiantes de todos los grados pueden elegir unirse a uno de las docenas de clubes que se ofrecen durante el almuerzo, cada uno iniciado por los propios estudiantes y que van desde tejido hasta Black Lives Matter. <\/li>\n\n\n\n<li>Una variedad de actividades art\u00edsticas involucran a cientos de nuestros estudiantes, incluso en producciones teatrales y grupos de actuaci\u00f3n musical, que ofrecen oportunidades para buscar la belleza y servir al bien com\u00fan como parte de un equipo.<\/li>\n<\/ul>\n\n<p class=\"appear-on-scroll\">Adem\u00e1s de otros tipos de datos, hacemos un seguimiento de la participaci\u00f3n y el bienestar de los estudiantes para garantizar el crecimiento personal y acad\u00e9mico de todos nuestros estudiantes.<\/p>\n\n\n<div class=\"wp-block-group profiles is-layout-grid wp-container-core-group-is-layout-b757edec wp-block-group-is-layout-grid\"><div class=\"wp-block-theme-blocks-card theme-block hentry appear-on-scroll has-image\" style=\"--focal-point:45% 43%;--aspect-ratio:1\" data-href=\"\"><div class=\"block-image\"><img decoding=\"async\" width=\"1000\" height=\"1000\" data-src=\"https:\/\/latinpcs.org\/wp-content\/uploads\/2025\/07\/2023-baseball-champs-sq-sm.png\" class=\"attachment-post-thumb size-post-thumb lazyload\" alt=\"\" data-srcset=\"https:\/\/latinpcs.org\/wp-content\/uploads\/2025\/07\/2023-baseball-champs-sq-sm.png 1000w, https:\/\/latinpcs.org\/wp-content\/uploads\/2025\/07\/2023-baseball-champs-sq-sm-300x300.png 300w, https:\/\/latinpcs.org\/wp-content\/uploads\/2025\/07\/2023-baseball-champs-sq-sm-150x150.png 150w, https:\/\/latinpcs.org\/wp-content\/uploads\/2025\/07\/2023-baseball-champs-sq-sm-768x768.png 768w, https:\/\/latinpcs.org\/wp-content\/uploads\/2025\/07\/2023-baseball-champs-sq-sm-12x12.png 12w, https:\/\/latinpcs.org\/wp-content\/uploads\/2025\/07\/2023-baseball-champs-sq-sm-100x100.png 100w\" data-sizes=\"(max-width: 1000px) 100vw, 1000px\" src=\"data:image\/svg+xml;base64,PHN2ZyB3aWR0aD0iMSIgaGVpZ2h0PSIxIiB4bWxucz0iaHR0cDovL3d3dy53My5vcmcvMjAwMC9zdmciPjwvc3ZnPg==\" style=\"--smush-placeholder-width: 1000px; --smush-placeholder-aspect-ratio: 1000\/1000;\" \/><\/div><h3 class=\"block-title\">Los deportes de Latin<\/h3><div class=\"block-content\">\n<p class=\"\">Washington Latin tiene un s\u00f3lido programa deportivo en nuestros dos campus, con m\u00e1s de 35 equipos en 14 deportes diferentes.<\/p>\n\n<div  class=\"wp-block-buttons is-layout-flex wp-block-buttons-is-layout-flex\" >\n<div class=\"wp-block-button is-style-text\"><a class=\"wp-block-button__link wp-element-button\" href=\"https:\/\/latinpcs.org\/es\/latin-families\/athletics\/\"><span class=\"label\">Conozca m\u00e1s sobre el atletismo<\/span><\/a><\/div>\n<\/div>\n<\/div><\/div>\n\n<div class=\"wp-block-theme-blocks-card theme-block hentry appear-on-scroll has-image\" style=\"--focal-point:50% 0%;--aspect-ratio:1\" data-href=\"\"><div class=\"block-image\"><img decoding=\"async\" width=\"600\" height=\"613\" data-src=\"https:\/\/latinpcs.org\/wp-content\/uploads\/2025\/07\/2024-Fall-Fest-sq-sm.jpg\" class=\"attachment-post-thumb size-post-thumb lazyload\" alt=\"\" data-srcset=\"https:\/\/latinpcs.org\/wp-content\/uploads\/2025\/07\/2024-Fall-Fest-sq-sm.jpg 600w, https:\/\/latinpcs.org\/wp-content\/uploads\/2025\/07\/2024-Fall-Fest-sq-sm-294x300.jpg 294w, https:\/\/latinpcs.org\/wp-content\/uploads\/2025\/07\/2024-Fall-Fest-sq-sm-12x12.jpg 12w\" data-sizes=\"(max-width: 600px) 100vw, 600px\" src=\"data:image\/svg+xml;base64,PHN2ZyB3aWR0aD0iMSIgaGVpZ2h0PSIxIiB4bWxucz0iaHR0cDovL3d3dy53My5vcmcvMjAwMC9zdmciPjwvc3ZnPg==\" style=\"--smush-placeholder-width: 600px; --smush-placeholder-aspect-ratio: 600\/613;\" \/><\/div><h3 class=\"block-title\">Familias de Latin<\/h3><div class=\"block-content\">\n<p class=\"\">Para las familias cuyos hijos ya est\u00e1n inscritos en una de nuestras escuelas, visite nuestras p\u00e1ginas de Familias para obtener los detalles que necesita. <\/p>\n\n<div  class=\"wp-block-buttons is-layout-flex wp-block-buttons-is-layout-flex\" >\n<div class=\"wp-block-button is-style-text\"><a class=\"wp-block-button__link wp-element-button\" href=\"https:\/\/latinpcs.org\/es\/latin-families\/\"><span class=\"label\">Visita las p\u00e1ginas de Familias Latinas<\/span><\/a><\/div>\n<\/div>\n<\/div><\/div><\/div>","protected":false},"excerpt":{"rendered":"<p>Washington Latin es una red de escuelas diversa por dise\u00f1o, fundada en la creencia de que todos los estudiantes merecen una educaci\u00f3n desafiante y rigurosa y que nuestro modelo acad\u00e9mico se basa en una diversidad de\u2026<\/p>","protected":false},"author":1,"featured_media":23936,"parent":8,"menu_order":0,"comment_status":"closed","ping_status":"closed","template":"","meta":{"featured_image_background_position":"30% 25%","background-color":"","secondary-color":"","highlight-color":"","color":"","hide-navigation":false,"footnotes":""},"class_list":["post-75","page","type-page","status-publish","has-post-thumbnail","hentry"],"yoast_head":"<!-- This site is optimized with the Yoast SEO plugin v25.6 - https:\/\/yoast.com\/wordpress\/plugins\/seo\/ -->\n<title>Our Community - Washington Latin Public Charter Schools<\/title>\n<meta name=\"robots\" content=\"index, follow, max-snippet:-1, max-image-preview:large, max-video-preview:-1\" \/>\n<link rel=\"canonical\" href=\"https:\/\/latinpcs.org\/es\/about\/our-community\/\" \/>\n<meta property=\"og:locale\" content=\"es_MX\" \/>\n<meta property=\"og:type\" content=\"article\" \/>\n<meta property=\"og:title\" content=\"Our Community - Washington Latin Public Charter Schools\" \/>\n<meta property=\"og:description\" content=\"Washington Latin is a diverse-by-design network of schools, founded on the belief that all students deserve a challenging, rigorous education and that our academic model relies on a diversity of &hellip;\" \/>\n<meta property=\"og:url\" content=\"https:\/\/latinpcs.org\/es\/about\/our-community\/\" \/>\n<meta property=\"og:site_name\" content=\"Washington Latin Public Charter Schools\" \/>\n<meta property=\"article:publisher\" content=\"https:\/\/www.facebook.com\/WashingtonLatinPCS\/\" \/>\n<meta property=\"article:modified_time\" content=\"2025-08-07T21:13:41+00:00\" \/>\n<meta property=\"og:image\" content=\"https:\/\/latinpcs.org\/wp-content\/uploads\/2025\/07\/DSC_2240-scaled.jpg\" \/>\n\t<meta property=\"og:image:width\" content=\"3840\" \/>\n\t<meta property=\"og:image:height\" content=\"2562\" \/>\n\t<meta property=\"og:image:type\" content=\"image\/jpeg\" \/>\n<meta name=\"twitter:card\" content=\"summary_large_image\" \/>\n<meta name=\"twitter:label1\" content=\"Est. reading time\" \/>\n\t<meta name=\"twitter:data1\" content=\"3 minutos\" \/>\n<script type=\"application\/ld+json\" class=\"yoast-schema-graph\">{\"@context\":\"https:\/\/schema.org\",\"@graph\":[{\"@type\":\"WebPage\",\"@id\":\"https:\/\/latinpcs.org\/about\/our-community\/\",\"url\":\"https:\/\/latinpcs.org\/about\/our-community\/\",\"name\":\"Our Community - Washington Latin Public Charter Schools\",\"isPartOf\":{\"@id\":\"https:\/\/latinpcs.org\/#website\"},\"primaryImageOfPage\":{\"@id\":\"https:\/\/latinpcs.org\/about\/our-community\/#primaryimage\"},\"image\":{\"@id\":\"https:\/\/latinpcs.org\/about\/our-community\/#primaryimage\"},\"thumbnailUrl\":\"https:\/\/latinpcs.org\/wp-content\/uploads\/2025\/07\/DSC_2240-scaled.jpg\",\"datePublished\":\"2025-06-27T19:47:58+00:00\",\"dateModified\":\"2025-08-07T21:13:41+00:00\",\"breadcrumb\":{\"@id\":\"https:\/\/latinpcs.org\/about\/our-community\/#breadcrumb\"},\"inLanguage\":\"es\",\"potentialAction\":[{\"@type\":\"ReadAction\",\"target\":[\"https:\/\/latinpcs.org\/about\/our-community\/\"]}]},{\"@type\":\"ImageObject\",\"inLanguage\":\"es\",\"@id\":\"https:\/\/latinpcs.org\/about\/our-community\/#primaryimage\",\"url\":\"https:\/\/latinpcs.org\/wp-content\/uploads\/2025\/07\/DSC_2240-scaled.jpg\",\"contentUrl\":\"https:\/\/latinpcs.org\/wp-content\/uploads\/2025\/07\/DSC_2240-scaled.jpg\",\"width\":3840,\"height\":2562},{\"@type\":\"BreadcrumbList\",\"@id\":\"https:\/\/latinpcs.org\/about\/our-community\/#breadcrumb\",\"itemListElement\":[{\"@type\":\"ListItem\",\"position\":1,\"name\":\"Home\",\"item\":\"https:\/\/latinpcs.org\/\"},{\"@type\":\"ListItem\",\"position\":2,\"name\":\"About\",\"item\":\"https:\/\/latinpcs.org\/about\/\"},{\"@type\":\"ListItem\",\"position\":3,\"name\":\"Our Community\"}]},{\"@type\":\"WebSite\",\"@id\":\"https:\/\/latinpcs.org\/#website\",\"url\":\"https:\/\/latinpcs.org\/\",\"name\":\"Washington Latin Public Charter Schools\",\"description\":\"Washington Latin Public Charter Schools, based in Washington, DC, offers a classical education for the modern world for students in grades 5-12 across two campuses.\",\"publisher\":{\"@id\":\"https:\/\/latinpcs.org\/#organization\"},\"potentialAction\":[{\"@type\":\"SearchAction\",\"target\":{\"@type\":\"EntryPoint\",\"urlTemplate\":\"https:\/\/latinpcs.org\/?s={search_term_string}\"},\"query-input\":{\"@type\":\"PropertyValueSpecification\",\"valueRequired\":true,\"valueName\":\"search_term_string\"}}],\"inLanguage\":\"es\"},{\"@type\":\"Organization\",\"@id\":\"https:\/\/latinpcs.org\/#organization\",\"name\":\"Washington Latin Public Charter Schools\",\"url\":\"https:\/\/latinpcs.org\/\",\"logo\":{\"@type\":\"ImageObject\",\"inLanguage\":\"es\",\"@id\":\"https:\/\/latinpcs.org\/#\/schema\/logo\/image\/\",\"url\":\"https:\/\/latinpcs.org\/wp-content\/uploads\/2025\/07\/Latin_logo_nknm_4c.svg\",\"contentUrl\":\"https:\/\/latinpcs.org\/wp-content\/uploads\/2025\/07\/Latin_logo_nknm_4c.svg\",\"width\":1,\"height\":1,\"caption\":\"Washington Latin Public Charter Schools\"},\"image\":{\"@id\":\"https:\/\/latinpcs.org\/#\/schema\/logo\/image\/\"},\"sameAs\":[\"https:\/\/www.facebook.com\/WashingtonLatinPCS\/\",\"https:\/\/www.instagram.com\/washingtonlatinpcs\/?hl=en\",\"https:\/\/www.linkedin.com\/school\/washington-latin-public-charter-schools\/\"]}]}<\/script>\n<!-- \/ Yoast SEO plugin. -->","yoast_head_json":{"title":"Nuestra Comunidad - Washington Latin Public Charter Schools","robots":{"index":"index","follow":"follow","max-snippet":"max-snippet:-1","max-image-preview":"max-image-preview:large","max-video-preview":"max-video-preview:-1"},"canonical":"https:\/\/latinpcs.org\/es\/about\/our-community\/","og_locale":"es_MX","og_type":"article","og_title":"Our Community - Washington Latin Public Charter Schools","og_description":"Washington Latin is a diverse-by-design network of schools, founded on the belief that all students deserve a challenging, rigorous education and that our academic model relies on a diversity of &hellip;","og_url":"https:\/\/latinpcs.org\/es\/about\/our-community\/","og_site_name":"Washington Latin Public Charter Schools","article_publisher":"https:\/\/www.facebook.com\/WashingtonLatinPCS\/","article_modified_time":"2025-08-07T21:13:41+00:00","og_image":[{"width":3840,"height":2562,"url":"https:\/\/latinpcs.org\/wp-content\/uploads\/2025\/07\/DSC_2240-scaled.jpg","type":"image\/jpeg"}],"twitter_card":"summary_large_image","twitter_misc":{"Est. reading time":"3 minutos"},"schema":{"@context":"https:\/\/schema.org","@graph":[{"@type":"WebPage","@id":"https:\/\/latinpcs.org\/about\/our-community\/","url":"https:\/\/latinpcs.org\/about\/our-community\/","name":"Nuestra Comunidad - Washington Latin Public Charter Schools","isPartOf":{"@id":"https:\/\/latinpcs.org\/#website"},"primaryImageOfPage":{"@id":"https:\/\/latinpcs.org\/about\/our-community\/#primaryimage"},"image":{"@id":"https:\/\/latinpcs.org\/about\/our-community\/#primaryimage"},"thumbnailUrl":"https:\/\/latinpcs.org\/wp-content\/uploads\/2025\/07\/DSC_2240-scaled.jpg","datePublished":"2025-06-27T19:47:58+00:00","dateModified":"2025-08-07T21:13:41+00:00","breadcrumb":{"@id":"https:\/\/latinpcs.org\/about\/our-community\/#breadcrumb"},"inLanguage":"es","potentialAction":[{"@type":"ReadAction","target":["https:\/\/latinpcs.org\/about\/our-community\/"]}]},{"@type":"ImageObject","inLanguage":"es","@id":"https:\/\/latinpcs.org\/about\/our-community\/#primaryimage","url":"https:\/\/latinpcs.org\/wp-content\/uploads\/2025\/07\/DSC_2240-scaled.jpg","contentUrl":"https:\/\/latinpcs.org\/wp-content\/uploads\/2025\/07\/DSC_2240-scaled.jpg","width":3840,"height":2562},{"@type":"BreadcrumbList","@id":"https:\/\/latinpcs.org\/about\/our-community\/#breadcrumb","itemListElement":[{"@type":"ListItem","position":1,"name":"Home","item":"https:\/\/latinpcs.org\/"},{"@type":"ListItem","position":2,"name":"About","item":"https:\/\/latinpcs.org\/about\/"},{"@type":"ListItem","position":3,"name":"Our Community"}]},{"@type":"WebSite","@id":"https:\/\/latinpcs.org\/#website","url":"https:\/\/latinpcs.org\/","name":"Escuelas p\u00fablicas ch\u00e1rter latinas de Washington","description":"Washington Latin Public Charter Schools, con sede en Washington, DC, ofrece una educaci\u00f3n cl\u00e1sica para el mundo moderno para estudiantes de 5.\u00ba a 12.\u00ba grado en dos campus.","publisher":{"@id":"https:\/\/latinpcs.org\/#organization"},"potentialAction":[{"@type":"SearchAction","target":{"@type":"EntryPoint","urlTemplate":"https:\/\/latinpcs.org\/?s={search_term_string}"},"query-input":{"@type":"PropertyValueSpecification","valueRequired":true,"valueName":"search_term_string"}}],"inLanguage":"es"},{"@type":"Organization","@id":"https:\/\/latinpcs.org\/#organization","name":"Escuelas p\u00fablicas ch\u00e1rter latinas de Washington","url":"https:\/\/latinpcs.org\/","logo":{"@type":"ImageObject","inLanguage":"es","@id":"https:\/\/latinpcs.org\/#\/schema\/logo\/image\/","url":"https:\/\/latinpcs.org\/wp-content\/uploads\/2025\/07\/Latin_logo_nknm_4c.svg","contentUrl":"https:\/\/latinpcs.org\/wp-content\/uploads\/2025\/07\/Latin_logo_nknm_4c.svg","width":1,"height":1,"caption":"Washington Latin Public Charter Schools"},"image":{"@id":"https:\/\/latinpcs.org\/#\/schema\/logo\/image\/"},"sameAs":["https:\/\/www.facebook.com\/WashingtonLatinPCS\/","https:\/\/www.instagram.com\/washingtonlatinpcs\/?hl=en","https:\/\/www.linkedin.com\/school\/washington-latin-public-charter-schools\/"]}]}},"_links":{"self":[{"href":"https:\/\/latinpcs.org\/es\/wp-json\/wp\/v2\/pages\/75","targetHints":{"allow":["GET"]}}],"collection":[{"href":"https:\/\/latinpcs.org\/es\/wp-json\/wp\/v2\/pages"}],"about":[{"href":"https:\/\/latinpcs.org\/es\/wp-json\/wp\/v2\/types\/page"}],"author":[{"embeddable":true,"href":"https:\/\/latinpcs.org\/es\/wp-json\/wp\/v2\/users\/1"}],"replies":[{"embeddable":true,"href":"https:\/\/latinpcs.org\/es\/wp-json\/wp\/v2\/comments?post=75"}],"version-history":[{"count":0,"href":"https:\/\/latinpcs.org\/es\/wp-json\/wp\/v2\/pages\/75\/revisions"}],"up":[{"embeddable":true,"href":"https:\/\/latinpcs.org\/es\/wp-json\/wp\/v2\/pages\/8"}],"wp:featuredmedia":[{"embeddable":true,"href":"https:\/\/latinpcs.org\/es\/wp-json\/wp\/v2\/media\/23936"}],"wp:attachment":[{"href":"https:\/\/latinpcs.org\/es\/wp-json\/wp\/v2\/media?parent=75"}],"curies":[{"name":"gracias","href":"https:\/\/api.w.org\/{rel}","templated":true}]}}