{"id":3,"date":"2025-05-23T17:18:34","date_gmt":"2025-05-23T17:18:34","guid":{"rendered":"https:\/\/latinpcs.org\/?page_id=3"},"modified":"2025-07-18T17:45:43","modified_gmt":"2025-07-18T17:45:43","slug":"privacy-policy","status":"publish","type":"page","link":"https:\/\/latinpcs.org\/es\/privacy-policy\/","title":{"rendered":"pol\u00edtica de privacidad"},"content":{"rendered":"<p class=\"appear-on-scroll\"><strong>Fecha de entrada en vigor:<\/strong> Julio de 2025<\/p>\n\n<p class=\"appear-on-scroll\">Washington Latin Public Charter Schools (\u00abnosotros\u00bb, \u00abnuestro\/a\/os\/as\u00bb o \u00abnos\u00bb) se compromete a proteger la privacidad de todos los usuarios que visitan nuestro sitio web www.latinpcs.org (el \u00abSitio\u00bb). Esta Pol\u00edtica de Privacidad explica c\u00f3mo recopilamos, utilizamos y protegemos la informaci\u00f3n obtenida a trav\u00e9s del Sitio.<\/p>\n\n<hr  class=\"appear-on-scroll wp-block-separator has-alpha-channel-opacity\" \/>\n\n<h3  class=\"appear-on-scroll wp-block-heading\" ><span class=\"text\"><strong>1. Informaci\u00f3n que recopilamos<\/strong><\/span><\/h3>\n\n<p class=\"appear-on-scroll\">Podemos recopilar los siguientes tipos de informaci\u00f3n:<\/p>\n\n<h4  class=\"appear-on-scroll wp-block-heading\" ><span class=\"text\"><strong>a. Informaci\u00f3n personal<\/strong><\/span><\/h4>\n\n<p class=\"appear-on-scroll\">Podemos recopilar informaci\u00f3n personal como:<\/p>\n\n<ul  class=\"appear-on-scroll wp-block-list\" >\n<li>Nombre<\/li>\n\n\n\n<li>Direcci\u00f3n de correo electr\u00f3nico<\/li>\n\n\n\n<li>N\u00famero de tel\u00e9fono<\/li>\n\n\n\n<li>Nombre y grado del estudiante (si se env\u00eda a trav\u00e9s de formularios)<\/li>\n\n\n\n<li>Informaci\u00f3n de contacto del padre\/tutor<\/li>\n<\/ul>\n\n<p class=\"appear-on-scroll\">Esta informaci\u00f3n se recopila cuando usted:<\/p>\n\n<ul  class=\"appear-on-scroll wp-block-list\" >\n<li>Rellene formularios de contacto o consulta<\/li>\n\n\n\n<li>Suscr\u00edbete a boletines o alertas<\/li>\n\n\n\n<li>Inscribirse en eventos o programas escolares<\/li>\n<\/ul>\n\n<h4  class=\"appear-on-scroll wp-block-heading\" ><span class=\"text\"><strong>b. Informaci\u00f3n no personal<\/strong><\/span><\/h4>\n\n<p class=\"appear-on-scroll\">Recopilamos autom\u00e1ticamente informaci\u00f3n no personal limitada a trav\u00e9s de cookies y herramientas de an\u00e1lisis, como:<\/p>\n\n<ul  class=\"appear-on-scroll wp-block-list\" >\n<li>Tipo de navegador<\/li>\n\n\n\n<li>Direcci\u00f3n IP<\/li>\n\n\n\n<li>P\u00e1ginas visitadas<\/li>\n\n\n\n<li>Tiempo empleado en el sitio<\/li>\n<\/ul>\n\n<hr  class=\"appear-on-scroll wp-block-separator has-alpha-channel-opacity\" \/>\n\n<h3  class=\"appear-on-scroll wp-block-heading\" ><span class=\"text\"><strong>2. C\u00f3mo usamos su informaci\u00f3n<\/strong><\/span><\/h3>\n\n<p class=\"appear-on-scroll\">Utilizamos la informaci\u00f3n recopilada para:<\/p>\n\n<ul  class=\"appear-on-scroll wp-block-list\" >\n<li>Responder consultas y brindar servicios relacionados con la escuela.<\/li>\n\n\n\n<li>Comunicar actualizaciones, eventos y anuncios<\/li>\n\n\n\n<li>Mejorar el contenido y la funcionalidad del sitio web<\/li>\n\n\n\n<li>Cumplir con las obligaciones legales y las pol\u00edticas escolares.<\/li>\n<\/ul>\n\n<hr  class=\"appear-on-scroll wp-block-separator has-alpha-channel-opacity\" \/>\n\n<h3  class=\"appear-on-scroll wp-block-heading\" ><span class=\"text\"><strong>3. Intercambio de informaci\u00f3n<\/strong><\/span><\/h3>\n\n<p class=\"appear-on-scroll\">Nosotros lo hacemos <strong>no<\/strong> Vender o alquilar informaci\u00f3n personal. Podemos compartir informaci\u00f3n:<\/p>\n\n<ul  class=\"appear-on-scroll wp-block-list\" >\n<li>Con proveedores de servicios confiables que ayudan a operar nuestro sitio web (por ejemplo, alojamiento, servicios de correo electr\u00f3nico)<\/li>\n\n\n\n<li>Con el personal de la escuela seg\u00fan sea necesario para responder consultas.<\/li>\n\n\n\n<li>Cuando lo requiera la ley o para proteger nuestros derechos<\/li>\n<\/ul>\n\n<hr  class=\"appear-on-scroll wp-block-separator has-alpha-channel-opacity\" \/>\n\n<h3  class=\"appear-on-scroll wp-block-heading\" ><span class=\"text\"><strong>4. Privacidad de los ni\u00f1os<\/strong><\/span><\/h3>\n\n<p class=\"appear-on-scroll\">Nosotros lo hacemos <strong>no<\/strong> Recopilar a sabiendas informaci\u00f3n personal de ni\u00f1os menores de 13 a\u00f1os sin el consentimiento de los padres, en cumplimiento de la <strong>Ley de Protecci\u00f3n de la Privacidad Infantil en L\u00ednea (COPPA)<\/strong>.<\/p>\n\n<p class=\"appear-on-scroll\">Si cree que hemos recopilado informaci\u00f3n de un ni\u00f1o sin su consentimiento, comun\u00edquese con nosotros de inmediato.<\/p>\n\n<hr  class=\"appear-on-scroll wp-block-separator has-alpha-channel-opacity\" \/>\n\n<h3  class=\"appear-on-scroll wp-block-heading\" ><span class=\"text\"><strong>5. Cookies y seguimiento<\/strong><\/span><\/h3>\n\n<p class=\"appear-on-scroll\">Utilizamos cookies para:<\/p>\n\n<ul  class=\"appear-on-scroll wp-block-list\" >\n<li>An\u00e1lisis de sitios web (por ejemplo, Google Analytics)<\/li>\n\n\n\n<li>Mejorar la funcionalidad del sitio<\/li>\n<\/ul>\n\n<p class=\"appear-on-scroll\">Puede desactivar las cookies a trav\u00e9s de la configuraci\u00f3n de su navegador.<\/p>\n\n<hr  class=\"appear-on-scroll wp-block-separator has-alpha-channel-opacity\" \/>\n\n<h3  class=\"appear-on-scroll wp-block-heading\" ><span class=\"text\"><strong>6. Seguridad de los datos<\/strong><\/span><\/h3>\n\n<p class=\"appear-on-scroll\">Implementamos medidas de seguridad para proteger su informaci\u00f3n, incluido el cifrado, servidores seguros y acceso limitado a los datos personales.<\/p>\n\n<hr  class=\"appear-on-scroll wp-block-separator has-alpha-channel-opacity\" \/>\n\n<h3  class=\"appear-on-scroll wp-block-heading\" ><span class=\"text\"><strong>7. Enlaces de terceros<\/strong><\/span><\/h3>\n\n<p class=\"appear-on-scroll\">Nuestro sitio puede contener enlaces a sitios web externos. No nos responsabilizamos de las pr\u00e1cticas de privacidad ni del contenido de estos sitios de terceros.<\/p>\n\n<hr  class=\"appear-on-scroll wp-block-separator has-alpha-channel-opacity\" \/>\n\n<h3  class=\"appear-on-scroll wp-block-heading\" ><span class=\"text\"><strong>8. Tus opciones<\/strong><\/span><\/h3>\n\n<p class=\"appear-on-scroll\">Puedes:<\/p>\n\n<ul  class=\"appear-on-scroll wp-block-list\" >\n<li>Solicitud de revisi\u00f3n o correcci\u00f3n de su informaci\u00f3n personal<\/li>\n\n\n\n<li>Puede optar por no recibir comunicaciones en cualquier momento<\/li>\n\n\n\n<li>Solicitar la eliminaci\u00f3n de su informaci\u00f3n (sujeto a requisitos legales)<\/li>\n<\/ul>\n\n<p class=\"appear-on-scroll\">Para ejercer estos derechos cont\u00e1ctenos a: communication@latinpcs.org<\/p>\n\n<hr  class=\"appear-on-scroll wp-block-separator has-alpha-channel-opacity\" \/>\n\n<h3  class=\"appear-on-scroll wp-block-heading\" ><span class=\"text\"><strong>9. Actualizaciones de esta Pol\u00edtica<\/strong><\/span><\/h3>\n\n<p class=\"appear-on-scroll\">Es posible que actualicemos esta pol\u00edtica ocasionalmente. La pol\u00edtica actualizada se publicar\u00e1 en esta p\u00e1gina con la fecha de entrada en vigor revisada.<\/p>\n\n<hr  class=\"appear-on-scroll wp-block-separator has-alpha-channel-opacity\" \/>\n\n<h3  class=\"appear-on-scroll wp-block-heading\" ><span class=\"text\"><strong>10. Cont\u00e1ctenos<\/strong><\/span><\/h3>\n\n<p class=\"appear-on-scroll\">Si tiene preguntas sobre esta Pol\u00edtica de privacidad, comun\u00edquese con:<\/p>\n\n<p class=\"appear-on-scroll\"><strong>Escuelas p\u00fablicas ch\u00e1rter latinas de Washington<\/strong><br>5200 2nd Street NW, Washington, DC 20011<br>communication@latinpcs.org<br>202.223.1111<\/p>","protected":false},"excerpt":{"rendered":"<p>Fecha de entrada en vigor: julio de 2025 Washington Latin Public Charter Schools (\u201cnosotros\u201d, \u201cnuestro\u201d o \u201cnos\u201d) se compromete a proteger la privacidad de todos los usuarios que visitan nuestro sitio web en www.latinpcs.org (el \u201cSitio\u201d). \u2026<\/p>","protected":false},"author":1,"featured_media":0,"parent":0,"menu_order":0,"comment_status":"closed","ping_status":"closed","template":"","meta":{"featured_image_background_position":"","background-color":"","secondary-color":"","highlight-color":"","color":"","hide-navigation":false,"footnotes":""},"class_list":["post-3","page","type-page","status-publish","hentry"],"yoast_head":"<!-- This site is optimized with the Yoast SEO plugin v25.6 - https:\/\/yoast.com\/wordpress\/plugins\/seo\/ -->\n<title>Privacy Policy - Washington Latin Public Charter Schools<\/title>\n<meta name=\"robots\" content=\"index, follow, max-snippet:-1, max-image-preview:large, max-video-preview:-1\" \/>\n<link rel=\"canonical\" href=\"https:\/\/latinpcs.org\/es\/privacy-policy\/\" \/>\n<meta property=\"og:locale\" content=\"es_MX\" \/>\n<meta property=\"og:type\" content=\"article\" \/>\n<meta property=\"og:title\" content=\"Privacy Policy - Washington Latin Public Charter Schools\" \/>\n<meta property=\"og:description\" content=\"Effective Date: July 2025 Washington Latin Public Charter Schools (&#8220;we&#8221;, &#8220;our&#8221;, or &#8220;us&#8221;) is committed to protecting the privacy of all users who visit our website at www.latinpcs.org (the &#8220;Site&#8221;). &hellip;\" \/>\n<meta property=\"og:url\" content=\"https:\/\/latinpcs.org\/es\/privacy-policy\/\" \/>\n<meta property=\"og:site_name\" content=\"Washington Latin Public Charter Schools\" \/>\n<meta property=\"article:publisher\" content=\"https:\/\/www.facebook.com\/WashingtonLatinPCS\/\" \/>\n<meta property=\"article:modified_time\" content=\"2025-07-18T17:45:43+00:00\" \/>\n<meta property=\"og:image\" content=\"https:\/\/latinpcs.org\/wp-content\/uploads\/2025\/07\/latin-default-social-image.jpg\" \/>\n\t<meta property=\"og:image:width\" content=\"2000\" \/>\n\t<meta property=\"og:image:height\" content=\"1333\" \/>\n\t<meta property=\"og:image:type\" content=\"image\/jpeg\" \/>\n<meta name=\"twitter:card\" content=\"summary_large_image\" \/>\n<meta name=\"twitter:label1\" content=\"Est. reading time\" \/>\n\t<meta name=\"twitter:data1\" content=\"2 minutos\" \/>\n<script type=\"application\/ld+json\" class=\"yoast-schema-graph\">{\"@context\":\"https:\/\/schema.org\",\"@graph\":[{\"@type\":\"WebPage\",\"@id\":\"https:\/\/latinpcs.org\/privacy-policy\/\",\"url\":\"https:\/\/latinpcs.org\/privacy-policy\/\",\"name\":\"Privacy Policy - Washington Latin Public Charter Schools\",\"isPartOf\":{\"@id\":\"https:\/\/latinpcs.org\/#website\"},\"datePublished\":\"2025-05-23T17:18:34+00:00\",\"dateModified\":\"2025-07-18T17:45:43+00:00\",\"breadcrumb\":{\"@id\":\"https:\/\/latinpcs.org\/privacy-policy\/#breadcrumb\"},\"inLanguage\":\"es\",\"potentialAction\":[{\"@type\":\"ReadAction\",\"target\":[\"https:\/\/latinpcs.org\/privacy-policy\/\"]}]},{\"@type\":\"BreadcrumbList\",\"@id\":\"https:\/\/latinpcs.org\/privacy-policy\/#breadcrumb\",\"itemListElement\":[{\"@type\":\"ListItem\",\"position\":1,\"name\":\"Home\",\"item\":\"https:\/\/latinpcs.org\/\"},{\"@type\":\"ListItem\",\"position\":2,\"name\":\"Privacy Policy\"}]},{\"@type\":\"WebSite\",\"@id\":\"https:\/\/latinpcs.org\/#website\",\"url\":\"https:\/\/latinpcs.org\/\",\"name\":\"Washington Latin Public Charter Schools\",\"description\":\"Washington Latin Public Charter Schools, based in Washington, DC, offers a classical education for the modern world for students in grades 5-12 across two campuses.\",\"publisher\":{\"@id\":\"https:\/\/latinpcs.org\/#organization\"},\"potentialAction\":[{\"@type\":\"SearchAction\",\"target\":{\"@type\":\"EntryPoint\",\"urlTemplate\":\"https:\/\/latinpcs.org\/?s={search_term_string}\"},\"query-input\":{\"@type\":\"PropertyValueSpecification\",\"valueRequired\":true,\"valueName\":\"search_term_string\"}}],\"inLanguage\":\"es\"},{\"@type\":\"Organization\",\"@id\":\"https:\/\/latinpcs.org\/#organization\",\"name\":\"Washington Latin Public Charter Schools\",\"url\":\"https:\/\/latinpcs.org\/\",\"logo\":{\"@type\":\"ImageObject\",\"inLanguage\":\"es\",\"@id\":\"https:\/\/latinpcs.org\/#\/schema\/logo\/image\/\",\"url\":\"https:\/\/latinpcs.org\/wp-content\/uploads\/2025\/07\/Latin_logo_nknm_4c.svg\",\"contentUrl\":\"https:\/\/latinpcs.org\/wp-content\/uploads\/2025\/07\/Latin_logo_nknm_4c.svg\",\"width\":1,\"height\":1,\"caption\":\"Washington Latin Public Charter Schools\"},\"image\":{\"@id\":\"https:\/\/latinpcs.org\/#\/schema\/logo\/image\/\"},\"sameAs\":[\"https:\/\/www.facebook.com\/WashingtonLatinPCS\/\",\"https:\/\/www.instagram.com\/washingtonlatinpcs\/?hl=en\",\"https:\/\/www.linkedin.com\/school\/washington-latin-public-charter-schools\/\"]}]}<\/script>\n<!-- \/ Yoast SEO plugin. -->","yoast_head_json":{"title":"Pol\u00edtica de privacidad - Washington Latin Public Charter Schools","robots":{"index":"index","follow":"follow","max-snippet":"max-snippet:-1","max-image-preview":"max-image-preview:large","max-video-preview":"max-video-preview:-1"},"canonical":"https:\/\/latinpcs.org\/es\/privacy-policy\/","og_locale":"es_MX","og_type":"article","og_title":"Privacy Policy - Washington Latin Public Charter Schools","og_description":"Effective Date: July 2025 Washington Latin Public Charter Schools (&#8220;we&#8221;, &#8220;our&#8221;, or &#8220;us&#8221;) is committed to protecting the privacy of all users who visit our website at www.latinpcs.org (the &#8220;Site&#8221;). &hellip;","og_url":"https:\/\/latinpcs.org\/es\/privacy-policy\/","og_site_name":"Washington Latin Public Charter Schools","article_publisher":"https:\/\/www.facebook.com\/WashingtonLatinPCS\/","article_modified_time":"2025-07-18T17:45:43+00:00","og_image":[{"width":2000,"height":1333,"url":"https:\/\/latinpcs.org\/wp-content\/uploads\/2025\/07\/latin-default-social-image.jpg","type":"image\/jpeg"}],"twitter_card":"summary_large_image","twitter_misc":{"Est. reading time":"2 minutos"},"schema":{"@context":"https:\/\/schema.org","@graph":[{"@type":"WebPage","@id":"https:\/\/latinpcs.org\/privacy-policy\/","url":"https:\/\/latinpcs.org\/privacy-policy\/","name":"Pol\u00edtica de privacidad - Washington Latin Public Charter Schools","isPartOf":{"@id":"https:\/\/latinpcs.org\/#website"},"datePublished":"2025-05-23T17:18:34+00:00","dateModified":"2025-07-18T17:45:43+00:00","breadcrumb":{"@id":"https:\/\/latinpcs.org\/privacy-policy\/#breadcrumb"},"inLanguage":"es","potentialAction":[{"@type":"ReadAction","target":["https:\/\/latinpcs.org\/privacy-policy\/"]}]},{"@type":"BreadcrumbList","@id":"https:\/\/latinpcs.org\/privacy-policy\/#breadcrumb","itemListElement":[{"@type":"ListItem","position":1,"name":"Home","item":"https:\/\/latinpcs.org\/"},{"@type":"ListItem","position":2,"name":"Privacy Policy"}]},{"@type":"WebSite","@id":"https:\/\/latinpcs.org\/#website","url":"https:\/\/latinpcs.org\/","name":"Escuelas p\u00fablicas ch\u00e1rter latinas de Washington","description":"Washington Latin Public Charter Schools, con sede en Washington, DC, ofrece una educaci\u00f3n cl\u00e1sica para el mundo moderno para estudiantes de 5.\u00ba a 12.\u00ba grado en dos campus.","publisher":{"@id":"https:\/\/latinpcs.org\/#organization"},"potentialAction":[{"@type":"SearchAction","target":{"@type":"EntryPoint","urlTemplate":"https:\/\/latinpcs.org\/?s={search_term_string}"},"query-input":{"@type":"PropertyValueSpecification","valueRequired":true,"valueName":"search_term_string"}}],"inLanguage":"es"},{"@type":"Organization","@id":"https:\/\/latinpcs.org\/#organization","name":"Escuelas p\u00fablicas ch\u00e1rter latinas de Washington","url":"https:\/\/latinpcs.org\/","logo":{"@type":"ImageObject","inLanguage":"es","@id":"https:\/\/latinpcs.org\/#\/schema\/logo\/image\/","url":"https:\/\/latinpcs.org\/wp-content\/uploads\/2025\/07\/Latin_logo_nknm_4c.svg","contentUrl":"https:\/\/latinpcs.org\/wp-content\/uploads\/2025\/07\/Latin_logo_nknm_4c.svg","width":1,"height":1,"caption":"Washington Latin Public Charter Schools"},"image":{"@id":"https:\/\/latinpcs.org\/#\/schema\/logo\/image\/"},"sameAs":["https:\/\/www.facebook.com\/WashingtonLatinPCS\/","https:\/\/www.instagram.com\/washingtonlatinpcs\/?hl=en","https:\/\/www.linkedin.com\/school\/washington-latin-public-charter-schools\/"]}]}},"_links":{"self":[{"href":"https:\/\/latinpcs.org\/es\/wp-json\/wp\/v2\/pages\/3","targetHints":{"allow":["GET"]}}],"collection":[{"href":"https:\/\/latinpcs.org\/es\/wp-json\/wp\/v2\/pages"}],"about":[{"href":"https:\/\/latinpcs.org\/es\/wp-json\/wp\/v2\/types\/page"}],"author":[{"embeddable":true,"href":"https:\/\/latinpcs.org\/es\/wp-json\/wp\/v2\/users\/1"}],"replies":[{"embeddable":true,"href":"https:\/\/latinpcs.org\/es\/wp-json\/wp\/v2\/comments?post=3"}],"version-history":[{"count":0,"href":"https:\/\/latinpcs.org\/es\/wp-json\/wp\/v2\/pages\/3\/revisions"}],"wp:attachment":[{"href":"https:\/\/latinpcs.org\/es\/wp-json\/wp\/v2\/media?parent=3"}],"curies":[{"name":"gracias","href":"https:\/\/api.w.org\/{rel}","templated":true}]}}