{"id":26893,"date":"2026-03-10T20:41:27","date_gmt":"2026-03-10T20:41:27","guid":{"rendered":"https:\/\/latinpcs.org\/?page_id=26893"},"modified":"2026-04-10T19:22:59","modified_gmt":"2026-04-10T19:22:59","slug":"20th-anniversary","status":"publish","type":"page","link":"https:\/\/latinpcs.org\/es\/20th-anniversary\/","title":{"rendered":"20\u00ba aniversario"},"content":{"rendered":"<p  class=\"appear-on-scroll is-style-intro\" >En 2026, Washington Latin Public Charter Schools celebrar\u00e1 20 a\u00f1os brindando una educaci\u00f3n cl\u00e1sica rigurosa a estudiantes de todo Washington, D.C. \u00a1\u00danete a nosotros para celebrarlo!<\/p>\n\n<p  class=\"appear-on-scroll is-style-default\" > Durante los \u00faltimos 20 a\u00f1os, Latin se ha convertido en una vibrante comunidad de acad\u00e9micos, educadores, familias y exalumnos dedicados a la excelencia, el car\u00e1cter y el compromiso c\u00edvico. <\/p>\n\n<p  class=\"appear-on-scroll is-style-default\" >Para conmemorar este hito, organizaremos una celebraci\u00f3n especial del 20.\u00ba aniversario el s\u00e1bado 6 de junio, que reunir\u00e1 a una vibrante comunidad de acad\u00e9micos, educadores, familias, exalumnos y simpatizantes para celebrar nuestra historia compartida y ayudar a apoyar el futuro de Latin.<\/p>\n\n<h2  class=\"appear-on-scroll wp-block-heading\" ><span class=\"text\">Informaci\u00f3n sobre el evento de celebraci\u00f3n XX<\/span><\/h2>\n\n<h4  class=\"appear-on-scroll wp-block-heading\" ><span class=\"text\">\u00a1NUEVA FECHA! S\u00e1bado, 6 de junio de 2026<\/span><\/h4>\n\n<p class=\"appear-on-scroll\">Est\u00e1n invitados a la celebraci\u00f3n de Washington Latin para todos los exalumnos (mayores de 21 a\u00f1os), sus familias y simpatizantes en nuestro campus de la 2nd Street. Habr\u00e1 c\u00f3cteles, cena, entretenimiento y la oportunidad de reencontrarse con amigos de toda la comunidad latina.<\/p>\n\n<h3  class=\"appear-on-scroll wp-block-heading\" ><span class=\"text\">Convi\u00e9rtete en patrocinador<\/span><\/h3>\n\n<p class=\"appear-on-scroll\">Los invitamos <strong>empresas, organizaciones y socios comunitarios<\/strong> \u00danase a nosotros como patrocinador de esta velada especial. Los patrocinadores obtendr\u00e1n visibilidad entre la activa red de familias, exalumnos, educadores, l\u00edderes comunitarios y simpatizantes de Washington Latin, al tiempo que contribuyen a mantener una comunidad escolar dedicada a la excelencia acad\u00e9mica y la responsabilidad c\u00edvica.<\/p>\n\n<div id=\"read-more\" class=\"wp-block-theme-blocks-expandable appear-on-scroll theme-block has-layout-center expand\"><div role=\"button\" tabindex=\"0\" class=\"block-question appear-on-scroll heading h4\">Leer m\u00e1s<\/div><div class=\"block-answer\" style=\"display:none;\">\n<p class=\"appear-on-scroll\"><strong>Oportunidades de patrocinio<\/strong><\/p>\n\n<p class=\"appear-on-scroll\"><strong>Patrocinador de Cicer\u00f3n: $25,000<\/strong><\/p>\n\n<ul  class=\"appear-on-scroll wp-block-list\" >\n<li>Reconocimiento de primer nivel como patrocinador principal de la celebraci\u00f3n del 20.\u00ba aniversario.<\/li>\n\n\n\n<li>Ubicaci\u00f3n destacada del logotipo en la se\u00f1alizaci\u00f3n y los materiales del evento.<\/li>\n\n\n\n<li>Ubicaci\u00f3n del logotipo en las comunicaciones por correo electr\u00f3nico previas y posteriores al evento.<\/li>\n\n\n\n<li>Reconocimiento en el programa del evento y en las comunicaciones escolares.<\/li>\n\n\n\n<li>Reconocimiento verbal durante el programa del evento.<\/li>\n\n\n\n<li>Asientos premium reservados<\/li>\n\n\n\n<li>Dos mesas reservadas (ticket de evento de 20)<strong>ets)<\/strong><\/li>\n<\/ul>\n\n<p class=\"appear-on-scroll\"><strong>Patrocinador Seneca \u2014 $15,000&nbsp;<\/strong><\/p>\n\n<ul  class=\"appear-on-scroll wp-block-list\" >\n<li>Gran reconocimiento como patrocinador principal de la celebraci\u00f3n.<\/li>\n\n\n\n<li>Ubicaci\u00f3n del logotipo en la se\u00f1alizaci\u00f3n y los materiales del evento.<\/li>\n\n\n\n<li>Ubicaci\u00f3n del logotipo en las comunicaciones por correo electr\u00f3nico previas y posteriores al evento.<\/li>\n\n\n\n<li>Reconocimiento en el programa del evento y en las comunicaciones escolares.<\/li>\n\n\n\n<li>Reconocimiento en el sitio web de Washington Latin y en las comunicaciones posteriores al evento.<\/li>\n\n\n\n<li>Asientos premium reservados<\/li>\n\n\n\n<li>Una mesa reservada (10 entradas para el evento)<\/li>\n<\/ul>\n\n<p class=\"appear-on-scroll\"><strong>Patrocinador de Virgilio: $10,000<\/strong><\/p>\n\n<ul  class=\"appear-on-scroll wp-block-list\" >\n<li>Reconocimiento destacado durante la celebraci\u00f3n<\/li>\n\n\n\n<li>Ubicaci\u00f3n del logotipo en la se\u00f1alizaci\u00f3n y los materiales del evento.<\/li>\n\n\n\n<li>Reconocimiento en el programa del evento y en las comunicaciones.<\/li>\n\n\n\n<li>8 entradas para el evento<\/li>\n<\/ul>\n\n<p class=\"appear-on-scroll\"><strong>Patrocinador de S\u00f3focles \u2014 $5,000<\/strong><\/p>\n\n<ul  class=\"appear-on-scroll wp-block-list\" >\n<li>Reconocimiento en la se\u00f1alizaci\u00f3n del evento y en el programa del evento.<\/li>\n\n\n\n<li>6 entradas para el evento<\/li>\n<\/ul>\n\n<p class=\"appear-on-scroll\"><strong>Patrocinador Homer \u2014 $2,500<\/strong><\/p>\n\n<ul  class=\"appear-on-scroll wp-block-list\" >\n<li>Reconocimiento en el programa del evento y en el sitio web del evento.<\/li>\n\n\n\n<li>4 entradas para el evento<\/li>\n<\/ul>\n\n<div  class=\"appear-on-scroll wp-block-buttons is-layout-flex wp-block-buttons-is-layout-flex\" >\n<div class=\"wp-block-button is-style-text\"><a class=\"wp-block-button__link wp-element-button\" href=\"mailto:emoussa@latinpcs.org\"><span class=\"label\">\u00bfPreguntas? Comun\u00edquese con Ewing Moussa, Director de Desarrollo.<\/span><\/a><\/div>\n\n\n\n<div class=\"wp-block-button is-style-text\"><a class=\"wp-block-button__link wp-element-button\" href=\"https:\/\/latinpcs.org\/wp-content\/uploads\/2026\/03\/Washington-Latin-XX-Event-Sponsorship-2.pdf\"><span class=\"label\">Descarga nuestra informaci\u00f3n de patrocinio (PDF)<\/span><\/a><\/div>\n<\/div>\n<\/div><\/div>\n\n\n<div class=\"wp-block-group is-layout-constrained wp-block-group-is-layout-constrained\"><h3  class=\"appear-on-scroll wp-block-heading\" ><span class=\"text\">Boletos y mesas<\/span><\/h3>\n\n<p class=\"appear-on-scroll\">Ofrecemos varias opciones para reservar tu asiento en la fiesta, incluyendo entradas individuales, la compra de una mesa para 10 personas para ti y tus amigos, y la creaci\u00f3n de una mesa para tu clase.<\/p>\n\n<div  class=\"appear-on-scroll wp-block-buttons is-layout-flex wp-block-buttons-is-layout-flex\" >\n<div class=\"wp-block-button\"><a class=\"wp-block-button__link wp-element-button\" href=\"https:\/\/washingtonlatinpubliccharterschool-bloom.kindful.com\/e\/latins-20th-anniversary-party\"><span class=\"label\">\u00a1Compra tus entradas!<\/span><\/a><\/div>\n\n\n\n<div class=\"wp-block-button\"><a class=\"wp-block-button__link wp-element-button\" href=\"https:\/\/washingtonlatinpubliccharterschool-bloom.kindful.com\/e\/latins-20th-anniversary-party\"><span class=\"label\">Compra una mesa para 10 personas.<\/span><\/a><\/div>\n<\/div>\n\n<h3  class=\"appear-on-scroll wp-block-heading\" ><span class=\"text\">Voluntario<\/span><\/h3>\n\n<p class=\"appear-on-scroll\">\u00bfTe gustar\u00eda participar? Te invitamos a unirte al comit\u00e9, ser delegado de clase o colaborar con nosotros para que la celebraci\u00f3n sea todo un \u00e9xito.<\/p>\n\n<div id=\"read-more\" class=\"wp-block-theme-blocks-expandable appear-on-scroll theme-block has-layout-center expand\"><div role=\"button\" tabindex=\"0\" class=\"block-question appear-on-scroll heading h4\">Leer m\u00e1s<\/div><div class=\"block-answer\" style=\"display:none;\">\n<p class=\"appear-on-scroll\">Por favor, complete el formulario a continuaci\u00f3n y est\u00e9 atento para obtener m\u00e1s informaci\u00f3n.<\/p>\n\n<div  class=\"appear-on-scroll wp-block-buttons is-layout-flex wp-block-buttons-is-layout-flex\" >\n<div class=\"wp-block-button is-style-text\"><a class=\"wp-block-button__link wp-element-button\" href=\"https:\/\/forms.gle\/usC3u8iJtmrzjQ3w8\"><span class=\"label\">Complete nuestro formulario de inter\u00e9s para la celebraci\u00f3n XX.<\/span><\/a><\/div>\n<\/div>\n<\/div><\/div><\/div>\n\n\n<h2  class=\"appear-on-scroll wp-block-heading\" ><span class=\"text\">Donar<\/span><\/h2>\n\n<p class=\"appear-on-scroll\">Tanto si puedes asistir como si no, \u00a1considera hacer una donaci\u00f3n para apoyar a Washington Latin!<\/p>\n\n<div  class=\"appear-on-scroll wp-block-buttons is-layout-flex wp-block-buttons-is-layout-flex\" >\n<div class=\"wp-block-button\"><a class=\"wp-block-button__link wp-element-button\" href=\"https:\/\/latinpcs.org\/es\/donate\/\"><span class=\"label\">Dona a Washington Latin<\/span><\/a><\/div>\n\n\n\n<div class=\"wp-block-button\"><a class=\"wp-block-button__link wp-element-button\" href=\"https:\/\/crm.bloomerang.co\/HostedDonation?ApiKey=pub_5e71e019-e5ad-11ec-b5ee-066e3d38bc77&amp;WidgetId=23506944\"><span class=\"label\">Haz una donaci\u00f3n al fondo de tu clase.<\/span><\/a><\/div>\n<\/div>","protected":false},"excerpt":{"rendered":"<p>In 2026, Washington Latin Public Charter Schools will celebrate 20 years of providing a rigorous classical education to students from across Washington, DC. Join us to celebrate! During the past &hellip;<\/p>","protected":false},"author":3,"featured_media":26641,"parent":0,"menu_order":0,"comment_status":"closed","ping_status":"closed","template":"","meta":{"featured_image_background_position":"","background-color":"","secondary-color":"","highlight-color":"","color":"","hide-navigation":false,"footnotes":""},"class_list":["post-26893","page","type-page","status-publish","has-post-thumbnail","hentry"],"yoast_head":"<!-- This site is optimized with the Yoast SEO plugin v25.6 - https:\/\/yoast.com\/wordpress\/plugins\/seo\/ -->\n<title>20th Anniversary - Washington Latin Public Charter Schools<\/title>\n<meta name=\"robots\" content=\"index, follow, max-snippet:-1, max-image-preview:large, max-video-preview:-1\" \/>\n<link rel=\"canonical\" href=\"https:\/\/latinpcs.org\/es\/20th-anniversary\/\" \/>\n<meta property=\"og:locale\" content=\"es_MX\" \/>\n<meta property=\"og:type\" content=\"article\" \/>\n<meta property=\"og:title\" content=\"20th Anniversary - Washington Latin Public Charter Schools\" \/>\n<meta property=\"og:description\" content=\"In 2026, Washington Latin Public Charter Schools will celebrate 20 years of providing a rigorous classical education to students from across Washington, DC. Join us to celebrate! During the past &hellip;\" \/>\n<meta property=\"og:url\" content=\"https:\/\/latinpcs.org\/es\/20th-anniversary\/\" \/>\n<meta property=\"og:site_name\" content=\"Washington Latin Public Charter Schools\" \/>\n<meta property=\"article:publisher\" content=\"https:\/\/www.facebook.com\/WashingtonLatinPCS\/\" \/>\n<meta property=\"article:modified_time\" content=\"2026-04-10T19:22:59+00:00\" \/>\n<meta property=\"og:image\" content=\"https:\/\/latinpcs.org\/wp-content\/uploads\/2026\/02\/party-lights-disco-ball-sq-1.jpg\" \/>\n\t<meta property=\"og:image:width\" content=\"1000\" \/>\n\t<meta property=\"og:image:height\" content=\"1000\" \/>\n\t<meta property=\"og:image:type\" content=\"image\/jpeg\" \/>\n<meta name=\"twitter:card\" content=\"summary_large_image\" \/>\n<meta name=\"twitter:label1\" content=\"Est. reading time\" \/>\n\t<meta name=\"twitter:data1\" content=\"3 minutos\" \/>\n<script type=\"application\/ld+json\" class=\"yoast-schema-graph\">{\"@context\":\"https:\/\/schema.org\",\"@graph\":[{\"@type\":\"WebPage\",\"@id\":\"https:\/\/latinpcs.org\/20th-anniversary\/\",\"url\":\"https:\/\/latinpcs.org\/20th-anniversary\/\",\"name\":\"20th Anniversary - Washington Latin Public Charter Schools\",\"isPartOf\":{\"@id\":\"https:\/\/latinpcs.org\/#website\"},\"primaryImageOfPage\":{\"@id\":\"https:\/\/latinpcs.org\/20th-anniversary\/#primaryimage\"},\"image\":{\"@id\":\"https:\/\/latinpcs.org\/20th-anniversary\/#primaryimage\"},\"thumbnailUrl\":\"https:\/\/latinpcs.org\/wp-content\/uploads\/2026\/02\/party-lights-disco-ball-sq-1.jpg\",\"datePublished\":\"2026-03-10T20:41:27+00:00\",\"dateModified\":\"2026-04-10T19:22:59+00:00\",\"breadcrumb\":{\"@id\":\"https:\/\/latinpcs.org\/20th-anniversary\/#breadcrumb\"},\"inLanguage\":\"es\",\"potentialAction\":[{\"@type\":\"ReadAction\",\"target\":[\"https:\/\/latinpcs.org\/20th-anniversary\/\"]}]},{\"@type\":\"ImageObject\",\"inLanguage\":\"es\",\"@id\":\"https:\/\/latinpcs.org\/20th-anniversary\/#primaryimage\",\"url\":\"https:\/\/latinpcs.org\/wp-content\/uploads\/2026\/02\/party-lights-disco-ball-sq-1.jpg\",\"contentUrl\":\"https:\/\/latinpcs.org\/wp-content\/uploads\/2026\/02\/party-lights-disco-ball-sq-1.jpg\",\"width\":1000,\"height\":1000},{\"@type\":\"BreadcrumbList\",\"@id\":\"https:\/\/latinpcs.org\/20th-anniversary\/#breadcrumb\",\"itemListElement\":[{\"@type\":\"ListItem\",\"position\":1,\"name\":\"Home\",\"item\":\"https:\/\/latinpcs.org\/\"},{\"@type\":\"ListItem\",\"position\":2,\"name\":\"20th Anniversary\"}]},{\"@type\":\"WebSite\",\"@id\":\"https:\/\/latinpcs.org\/#website\",\"url\":\"https:\/\/latinpcs.org\/\",\"name\":\"Washington Latin Public Charter Schools\",\"description\":\"Washington Latin Public Charter Schools, based in Washington, DC, offers a classical education for the modern world for students in grades 5-12 across two campuses.\",\"publisher\":{\"@id\":\"https:\/\/latinpcs.org\/#organization\"},\"potentialAction\":[{\"@type\":\"SearchAction\",\"target\":{\"@type\":\"EntryPoint\",\"urlTemplate\":\"https:\/\/latinpcs.org\/?s={search_term_string}\"},\"query-input\":{\"@type\":\"PropertyValueSpecification\",\"valueRequired\":true,\"valueName\":\"search_term_string\"}}],\"inLanguage\":\"es\"},{\"@type\":\"Organization\",\"@id\":\"https:\/\/latinpcs.org\/#organization\",\"name\":\"Washington Latin Public Charter Schools\",\"url\":\"https:\/\/latinpcs.org\/\",\"logo\":{\"@type\":\"ImageObject\",\"inLanguage\":\"es\",\"@id\":\"https:\/\/latinpcs.org\/#\/schema\/logo\/image\/\",\"url\":\"https:\/\/latinpcs.org\/wp-content\/uploads\/2025\/07\/Latin_logo_nknm_4c.svg\",\"contentUrl\":\"https:\/\/latinpcs.org\/wp-content\/uploads\/2025\/07\/Latin_logo_nknm_4c.svg\",\"width\":1,\"height\":1,\"caption\":\"Washington Latin Public Charter Schools\"},\"image\":{\"@id\":\"https:\/\/latinpcs.org\/#\/schema\/logo\/image\/\"},\"sameAs\":[\"https:\/\/www.facebook.com\/WashingtonLatinPCS\/\",\"https:\/\/www.instagram.com\/washingtonlatinpcs\/?hl=en\",\"https:\/\/www.linkedin.com\/school\/washington-latin-public-charter-schools\/\"]}]}<\/script>\n<!-- \/ Yoast SEO plugin. -->","yoast_head_json":{"title":"20th Anniversary - Washington Latin Public Charter Schools","robots":{"index":"index","follow":"follow","max-snippet":"max-snippet:-1","max-image-preview":"max-image-preview:large","max-video-preview":"max-video-preview:-1"},"canonical":"https:\/\/latinpcs.org\/es\/20th-anniversary\/","og_locale":"es_MX","og_type":"article","og_title":"20th Anniversary - Washington Latin Public Charter Schools","og_description":"In 2026, Washington Latin Public Charter Schools will celebrate 20 years of providing a rigorous classical education to students from across Washington, DC. Join us to celebrate! During the past &hellip;","og_url":"https:\/\/latinpcs.org\/es\/20th-anniversary\/","og_site_name":"Washington Latin Public Charter Schools","article_publisher":"https:\/\/www.facebook.com\/WashingtonLatinPCS\/","article_modified_time":"2026-04-10T19:22:59+00:00","og_image":[{"width":1000,"height":1000,"url":"https:\/\/latinpcs.org\/wp-content\/uploads\/2026\/02\/party-lights-disco-ball-sq-1.jpg","type":"image\/jpeg"}],"twitter_card":"summary_large_image","twitter_misc":{"Est. reading time":"3 minutos"},"schema":{"@context":"https:\/\/schema.org","@graph":[{"@type":"WebPage","@id":"https:\/\/latinpcs.org\/20th-anniversary\/","url":"https:\/\/latinpcs.org\/20th-anniversary\/","name":"20th Anniversary - Washington Latin Public Charter Schools","isPartOf":{"@id":"https:\/\/latinpcs.org\/#website"},"primaryImageOfPage":{"@id":"https:\/\/latinpcs.org\/20th-anniversary\/#primaryimage"},"image":{"@id":"https:\/\/latinpcs.org\/20th-anniversary\/#primaryimage"},"thumbnailUrl":"https:\/\/latinpcs.org\/wp-content\/uploads\/2026\/02\/party-lights-disco-ball-sq-1.jpg","datePublished":"2026-03-10T20:41:27+00:00","dateModified":"2026-04-10T19:22:59+00:00","breadcrumb":{"@id":"https:\/\/latinpcs.org\/20th-anniversary\/#breadcrumb"},"inLanguage":"es","potentialAction":[{"@type":"ReadAction","target":["https:\/\/latinpcs.org\/20th-anniversary\/"]}]},{"@type":"ImageObject","inLanguage":"es","@id":"https:\/\/latinpcs.org\/20th-anniversary\/#primaryimage","url":"https:\/\/latinpcs.org\/wp-content\/uploads\/2026\/02\/party-lights-disco-ball-sq-1.jpg","contentUrl":"https:\/\/latinpcs.org\/wp-content\/uploads\/2026\/02\/party-lights-disco-ball-sq-1.jpg","width":1000,"height":1000},{"@type":"BreadcrumbList","@id":"https:\/\/latinpcs.org\/20th-anniversary\/#breadcrumb","itemListElement":[{"@type":"ListItem","position":1,"name":"Home","item":"https:\/\/latinpcs.org\/"},{"@type":"ListItem","position":2,"name":"20th Anniversary"}]},{"@type":"WebSite","@id":"https:\/\/latinpcs.org\/#website","url":"https:\/\/latinpcs.org\/","name":"Escuelas p\u00fablicas ch\u00e1rter latinas de Washington","description":"Washington Latin Public Charter Schools, con sede en Washington, DC, ofrece una educaci\u00f3n cl\u00e1sica para el mundo moderno para estudiantes de 5.\u00ba a 12.\u00ba grado en dos campus.","publisher":{"@id":"https:\/\/latinpcs.org\/#organization"},"potentialAction":[{"@type":"SearchAction","target":{"@type":"EntryPoint","urlTemplate":"https:\/\/latinpcs.org\/?s={search_term_string}"},"query-input":{"@type":"PropertyValueSpecification","valueRequired":true,"valueName":"search_term_string"}}],"inLanguage":"es"},{"@type":"Organization","@id":"https:\/\/latinpcs.org\/#organization","name":"Escuelas p\u00fablicas ch\u00e1rter latinas de Washington","url":"https:\/\/latinpcs.org\/","logo":{"@type":"ImageObject","inLanguage":"es","@id":"https:\/\/latinpcs.org\/#\/schema\/logo\/image\/","url":"https:\/\/latinpcs.org\/wp-content\/uploads\/2025\/07\/Latin_logo_nknm_4c.svg","contentUrl":"https:\/\/latinpcs.org\/wp-content\/uploads\/2025\/07\/Latin_logo_nknm_4c.svg","width":1,"height":1,"caption":"Washington Latin Public Charter Schools"},"image":{"@id":"https:\/\/latinpcs.org\/#\/schema\/logo\/image\/"},"sameAs":["https:\/\/www.facebook.com\/WashingtonLatinPCS\/","https:\/\/www.instagram.com\/washingtonlatinpcs\/?hl=en","https:\/\/www.linkedin.com\/school\/washington-latin-public-charter-schools\/"]}]}},"_links":{"self":[{"href":"https:\/\/latinpcs.org\/es\/wp-json\/wp\/v2\/pages\/26893","targetHints":{"allow":["GET"]}}],"collection":[{"href":"https:\/\/latinpcs.org\/es\/wp-json\/wp\/v2\/pages"}],"about":[{"href":"https:\/\/latinpcs.org\/es\/wp-json\/wp\/v2\/types\/page"}],"author":[{"embeddable":true,"href":"https:\/\/latinpcs.org\/es\/wp-json\/wp\/v2\/users\/3"}],"replies":[{"embeddable":true,"href":"https:\/\/latinpcs.org\/es\/wp-json\/wp\/v2\/comments?post=26893"}],"version-history":[{"count":0,"href":"https:\/\/latinpcs.org\/es\/wp-json\/wp\/v2\/pages\/26893\/revisions"}],"wp:featuredmedia":[{"embeddable":true,"href":"https:\/\/latinpcs.org\/es\/wp-json\/wp\/v2\/media\/26641"}],"wp:attachment":[{"href":"https:\/\/latinpcs.org\/es\/wp-json\/wp\/v2\/media?parent=26893"}],"curies":[{"name":"gracias","href":"https:\/\/api.w.org\/{rel}","templated":true}]}}