{"id":25757,"date":"2025-10-08T21:16:47","date_gmt":"2025-10-08T21:16:47","guid":{"rendered":"https:\/\/latinpcs.org\/?page_id=25757"},"modified":"2025-10-17T20:51:52","modified_gmt":"2025-10-17T20:51:52","slug":"familias-latinas-de-latin","status":"publish","type":"page","link":"https:\/\/latinpcs.org\/es\/familias-latinas-de-latin\/","title":{"rendered":"Familias latinas de Latin"},"content":{"rendered":"<p  class=\"appear-on-scroll is-style-intro\" >\u00a1Hola y bienvenidos, mam\u00e1s y pap\u00e1s de Washington Latin! Aqu\u00ed les presentamos nuestra p\u00e1gina de noticias para nosotros, por nosotros y para nosotros.<\/p>\n\n<h2  class=\"appear-on-scroll wp-block-heading\" ><span class=\"text\"><strong>Padres Unidos de Am\u00e9rica&nbsp;<\/strong><\/span><\/h2>\n\n<h3  class=\"appear-on-scroll wp-block-heading\" ><span class=\"text\">El prop\u00f3sito del grupo: <strong>Para ti, Por ti y Contigo<\/strong><\/span><\/h3>\n\n<p class=\"appear-on-scroll\">El de este grupo y de las reuniones que realizaremos en adelante es mantenernos informados sobre todo lo relacionado con el aprendizaje y la vida escolar de sus hijos en Washington Latin. Aqu\u00ed compartiremos noticias importantes, servicios disponibles, recursos de apoyo y mucho m\u00e1s, siempre en nuestro idioma.<\/p>\n\n<div id=\"leer-mas\" class=\"wp-block-theme-blocks-expandable appear-on-scroll theme-block has-layout-center expand\"><div role=\"button\" tabindex=\"0\" class=\"block-question appear-on-scroll heading h4\">LEER M\u00c1S<\/div><div class=\"block-answer\" style=\"display:none;\">\n<p class=\"appear-on-scroll\">Aqu\u00ed tiene un bolet\u00edn semanal titulado \u201cNoticias\u201d, el cual incluye toda la informaci\u00f3n relevante sobre la escuela: eventos, grupos de apoyo, programas de desarrollo, \u00e1reas de enfoque acad\u00e9mico y otros temas de gran importancia para ustedes y sus hijos.<\/p>\n\n<p class=\"appear-on-scroll\">Este espacio es completamente abierto: no hay l\u00edmites sobre los temas que podemos tratar. Ustedes deciden los temas que desean discutir, y yo estar\u00e1 aqu\u00ed como madre, organizadora y gu\u00eda. Nuestro objetivo no es hablar de cosas sin sentido ni perder el tiempo; Venimos a aprender juntos.<\/p>\n\n<p class=\"appear-on-scroll\">La escuela ofrece una gran variedad de recursos y oportunidades que pueden ser muy \u00fatiles para ustedes \u2014 y si ya los conocen, este espacio servir\u00e1 para refrescar esa informaci\u00f3n.<\/p>\n\n<p class=\"appear-on-scroll\">Frecuencia: Estas reuniones se llevar\u00e1n a cabo al inicio de cada mes, preferiblemente los jueves, ya que es el d\u00eda en que m\u00e1s padres pueden participar.<\/p>\n\n<p class=\"appear-on-scroll\">Din\u00e1mica: Siempre contaremos con rifas, refrigeradores y bebidas para hacer de estos encuentros un espacio ameno y acogedor.<\/p>\n\n<p class=\"appear-on-scroll\">Gracias por ser parte de esta comunidad. \u00a1Juntos lograremos grandes cosas por nuestros hijos!<\/p>\n\n\n<\/div><\/div>\n\n<h2  class=\"appear-on-scroll wp-block-heading\" ><span class=\"text\">Noticias y Telenoticias Semanales<\/span><\/h2>\n\n<div  class=\"appear-on-scroll wp-block-buttons is-layout-flex wp-block-buttons-is-layout-flex\" >\n<div class=\"wp-block-button is-style-text\"><a class=\"wp-block-button__link wp-element-button\" href=\"https:\/\/latinpcs.org\/es\/2025\/10\/noticias-semanales-del-17-octubre\/\"><span class=\"label\">Noticias del 17 octubre 2025<\/span><\/a><\/div>\n\n\n\n<div class=\"wp-block-button is-style-text\"><a class=\"wp-block-button__link wp-element-button\" href=\"https:\/\/drive.google.com\/file\/d\/1ceHvBJeKP_a_SZV7Bmu2Y21DzYANtMkt\/view?usp=sharing\"><span class=\"label\">Telenoticias del 17 de octubre<\/span><\/a><\/div>\n<\/div>\n\n<div  class=\"appear-on-scroll wp-block-buttons is-layout-flex wp-block-buttons-is-layout-flex\" >\n<div class=\"wp-block-button is-style-text\"><a class=\"wp-block-button__link wp-element-button\" href=\"https:\/\/latinpcs.org\/es\/2025\/10\/noticias-semanales-9-10-2025\/\"><span class=\"label\">Noticias del 10 octubre 2025<\/span><\/a><\/div>\n\n\n\n<div class=\"wp-block-button is-style-text\"><a class=\"wp-block-button__link wp-element-button\" href=\"https:\/\/drive.google.com\/file\/d\/14xUarJYhJkLKx4CjpFoEC_9MkTv_tDo5\/view?usp=sharing\"><span class=\"label\">Telenoticias del 10 de octubre<\/span><\/a><\/div>\n<\/div>","protected":false},"excerpt":{"rendered":"<p>\u00a1Hola y bienvenidos, mam\u00e1s y pap\u00e1s de Washington Latin! Aqu\u00ed les presentamos nuestra p\u00e1gina de noticias para nosotros, por nosotros y para nosotros. Padres Unidos de Latin El prop\u00f3sito del\u2026<\/p>","protected":false},"author":3,"featured_media":25760,"parent":0,"menu_order":0,"comment_status":"closed","ping_status":"closed","template":"","meta":{"featured_image_background_position":"","background-color":"","secondary-color":"","highlight-color":"","color":"","hide-navigation":false,"footnotes":""},"class_list":["post-25757","page","type-page","status-publish","has-post-thumbnail","hentry"],"yoast_head":"<!-- This site is optimized with the Yoast SEO plugin v25.6 - https:\/\/yoast.com\/wordpress\/plugins\/seo\/ -->\n<title>Familias latinas de Latin - Washington Latin Public Charter Schools<\/title>\n<meta name=\"robots\" content=\"index, follow, max-snippet:-1, max-image-preview:large, max-video-preview:-1\" \/>\n<link rel=\"canonical\" href=\"https:\/\/latinpcs.org\/es\/familias-latinas-de-latin\/\" \/>\n<meta property=\"og:locale\" content=\"es_MX\" \/>\n<meta property=\"og:type\" content=\"article\" \/>\n<meta property=\"og:title\" content=\"Familias latinas de Latin - Washington Latin Public Charter Schools\" \/>\n<meta property=\"og:description\" content=\"\u00a1Hola y bienvenidos, mam\u00e1s y pap\u00e1s de Washington Latin! Aqu\u00ed les presentamos nuestra p\u00e1gina de noticias para nosotros, por nosotros y para nosotros. Padres Unidos de Latin&nbsp; El prop\u00f3sito del &hellip;\" \/>\n<meta property=\"og:url\" content=\"https:\/\/latinpcs.org\/es\/familias-latinas-de-latin\/\" \/>\n<meta property=\"og:site_name\" content=\"Washington Latin Public Charter Schools\" \/>\n<meta property=\"article:publisher\" content=\"https:\/\/www.facebook.com\/WashingtonLatinPCS\/\" \/>\n<meta property=\"article:modified_time\" content=\"2025-10-17T20:51:52+00:00\" \/>\n<meta property=\"og:image\" content=\"https:\/\/latinpcs.org\/wp-content\/uploads\/2025\/10\/manos.jpg\" \/>\n\t<meta property=\"og:image:width\" content=\"1000\" \/>\n\t<meta property=\"og:image:height\" content=\"667\" \/>\n\t<meta property=\"og:image:type\" content=\"image\/jpeg\" \/>\n<meta name=\"twitter:card\" content=\"summary_large_image\" \/>\n<meta name=\"twitter:label1\" content=\"Est. reading time\" \/>\n\t<meta name=\"twitter:data1\" content=\"2 minutos\" \/>\n<script type=\"application\/ld+json\" class=\"yoast-schema-graph\">{\"@context\":\"https:\/\/schema.org\",\"@graph\":[{\"@type\":\"WebPage\",\"@id\":\"https:\/\/latinpcs.org\/familias-latinas-de-latin\/\",\"url\":\"https:\/\/latinpcs.org\/familias-latinas-de-latin\/\",\"name\":\"Familias latinas de Latin - Washington Latin Public Charter Schools\",\"isPartOf\":{\"@id\":\"https:\/\/latinpcs.org\/#website\"},\"primaryImageOfPage\":{\"@id\":\"https:\/\/latinpcs.org\/familias-latinas-de-latin\/#primaryimage\"},\"image\":{\"@id\":\"https:\/\/latinpcs.org\/familias-latinas-de-latin\/#primaryimage\"},\"thumbnailUrl\":\"https:\/\/latinpcs.org\/wp-content\/uploads\/2025\/10\/manos.jpg\",\"datePublished\":\"2025-10-08T21:16:47+00:00\",\"dateModified\":\"2025-10-17T20:51:52+00:00\",\"breadcrumb\":{\"@id\":\"https:\/\/latinpcs.org\/familias-latinas-de-latin\/#breadcrumb\"},\"inLanguage\":\"es\",\"potentialAction\":[{\"@type\":\"ReadAction\",\"target\":[\"https:\/\/latinpcs.org\/familias-latinas-de-latin\/\"]}]},{\"@type\":\"ImageObject\",\"inLanguage\":\"es\",\"@id\":\"https:\/\/latinpcs.org\/familias-latinas-de-latin\/#primaryimage\",\"url\":\"https:\/\/latinpcs.org\/wp-content\/uploads\/2025\/10\/manos.jpg\",\"contentUrl\":\"https:\/\/latinpcs.org\/wp-content\/uploads\/2025\/10\/manos.jpg\",\"width\":1000,\"height\":667},{\"@type\":\"BreadcrumbList\",\"@id\":\"https:\/\/latinpcs.org\/familias-latinas-de-latin\/#breadcrumb\",\"itemListElement\":[{\"@type\":\"ListItem\",\"position\":1,\"name\":\"Home\",\"item\":\"https:\/\/latinpcs.org\/\"},{\"@type\":\"ListItem\",\"position\":2,\"name\":\"Familias latinas de Latin\"}]},{\"@type\":\"WebSite\",\"@id\":\"https:\/\/latinpcs.org\/#website\",\"url\":\"https:\/\/latinpcs.org\/\",\"name\":\"Washington Latin Public Charter Schools\",\"description\":\"Washington Latin Public Charter Schools, based in Washington, DC, offers a classical education for the modern world for students in grades 5-12 across two campuses.\",\"publisher\":{\"@id\":\"https:\/\/latinpcs.org\/#organization\"},\"potentialAction\":[{\"@type\":\"SearchAction\",\"target\":{\"@type\":\"EntryPoint\",\"urlTemplate\":\"https:\/\/latinpcs.org\/?s={search_term_string}\"},\"query-input\":{\"@type\":\"PropertyValueSpecification\",\"valueRequired\":true,\"valueName\":\"search_term_string\"}}],\"inLanguage\":\"es\"},{\"@type\":\"Organization\",\"@id\":\"https:\/\/latinpcs.org\/#organization\",\"name\":\"Washington Latin Public Charter Schools\",\"url\":\"https:\/\/latinpcs.org\/\",\"logo\":{\"@type\":\"ImageObject\",\"inLanguage\":\"es\",\"@id\":\"https:\/\/latinpcs.org\/#\/schema\/logo\/image\/\",\"url\":\"https:\/\/latinpcs.org\/wp-content\/uploads\/2025\/07\/Latin_logo_nknm_4c.svg\",\"contentUrl\":\"https:\/\/latinpcs.org\/wp-content\/uploads\/2025\/07\/Latin_logo_nknm_4c.svg\",\"width\":1,\"height\":1,\"caption\":\"Washington Latin Public Charter Schools\"},\"image\":{\"@id\":\"https:\/\/latinpcs.org\/#\/schema\/logo\/image\/\"},\"sameAs\":[\"https:\/\/www.facebook.com\/WashingtonLatinPCS\/\",\"https:\/\/www.instagram.com\/washingtonlatinpcs\/?hl=en\",\"https:\/\/www.linkedin.com\/school\/washington-latin-public-charter-schools\/\"]}]}<\/script>\n<!-- \/ Yoast SEO plugin. -->","yoast_head_json":{"title":"Familias latinas de Latin - Washington Latin Public Charter Schools","robots":{"index":"index","follow":"follow","max-snippet":"max-snippet:-1","max-image-preview":"max-image-preview:large","max-video-preview":"max-video-preview:-1"},"canonical":"https:\/\/latinpcs.org\/es\/familias-latinas-de-latin\/","og_locale":"es_MX","og_type":"article","og_title":"Familias latinas de Latin - Washington Latin Public Charter Schools","og_description":"\u00a1Hola y bienvenidos, mam\u00e1s y pap\u00e1s de Washington Latin! Aqu\u00ed les presentamos nuestra p\u00e1gina de noticias para nosotros, por nosotros y para nosotros. Padres Unidos de Latin&nbsp; El prop\u00f3sito del &hellip;","og_url":"https:\/\/latinpcs.org\/es\/familias-latinas-de-latin\/","og_site_name":"Washington Latin Public Charter Schools","article_publisher":"https:\/\/www.facebook.com\/WashingtonLatinPCS\/","article_modified_time":"2025-10-17T20:51:52+00:00","og_image":[{"width":1000,"height":667,"url":"https:\/\/latinpcs.org\/wp-content\/uploads\/2025\/10\/manos.jpg","type":"image\/jpeg"}],"twitter_card":"summary_large_image","twitter_misc":{"Est. reading time":"2 minutos"},"schema":{"@context":"https:\/\/schema.org","@graph":[{"@type":"WebPage","@id":"https:\/\/latinpcs.org\/familias-latinas-de-latin\/","url":"https:\/\/latinpcs.org\/familias-latinas-de-latin\/","name":"Familias latinas de Latin - Washington Latin Public Charter Schools","isPartOf":{"@id":"https:\/\/latinpcs.org\/#website"},"primaryImageOfPage":{"@id":"https:\/\/latinpcs.org\/familias-latinas-de-latin\/#primaryimage"},"image":{"@id":"https:\/\/latinpcs.org\/familias-latinas-de-latin\/#primaryimage"},"thumbnailUrl":"https:\/\/latinpcs.org\/wp-content\/uploads\/2025\/10\/manos.jpg","datePublished":"2025-10-08T21:16:47+00:00","dateModified":"2025-10-17T20:51:52+00:00","breadcrumb":{"@id":"https:\/\/latinpcs.org\/familias-latinas-de-latin\/#breadcrumb"},"inLanguage":"es","potentialAction":[{"@type":"ReadAction","target":["https:\/\/latinpcs.org\/familias-latinas-de-latin\/"]}]},{"@type":"ImageObject","inLanguage":"es","@id":"https:\/\/latinpcs.org\/familias-latinas-de-latin\/#primaryimage","url":"https:\/\/latinpcs.org\/wp-content\/uploads\/2025\/10\/manos.jpg","contentUrl":"https:\/\/latinpcs.org\/wp-content\/uploads\/2025\/10\/manos.jpg","width":1000,"height":667},{"@type":"BreadcrumbList","@id":"https:\/\/latinpcs.org\/familias-latinas-de-latin\/#breadcrumb","itemListElement":[{"@type":"ListItem","position":1,"name":"Home","item":"https:\/\/latinpcs.org\/"},{"@type":"ListItem","position":2,"name":"Familias latinas de Latin"}]},{"@type":"WebSite","@id":"https:\/\/latinpcs.org\/#website","url":"https:\/\/latinpcs.org\/","name":"Escuelas p\u00fablicas ch\u00e1rter latinas de Washington","description":"Washington Latin Public Charter Schools, con sede en Washington, DC, ofrece una educaci\u00f3n cl\u00e1sica para el mundo moderno para estudiantes de 5.\u00ba a 12.\u00ba grado en dos campus.","publisher":{"@id":"https:\/\/latinpcs.org\/#organization"},"potentialAction":[{"@type":"SearchAction","target":{"@type":"EntryPoint","urlTemplate":"https:\/\/latinpcs.org\/?s={search_term_string}"},"query-input":{"@type":"PropertyValueSpecification","valueRequired":true,"valueName":"search_term_string"}}],"inLanguage":"es"},{"@type":"Organization","@id":"https:\/\/latinpcs.org\/#organization","name":"Escuelas p\u00fablicas ch\u00e1rter latinas de Washington","url":"https:\/\/latinpcs.org\/","logo":{"@type":"ImageObject","inLanguage":"es","@id":"https:\/\/latinpcs.org\/#\/schema\/logo\/image\/","url":"https:\/\/latinpcs.org\/wp-content\/uploads\/2025\/07\/Latin_logo_nknm_4c.svg","contentUrl":"https:\/\/latinpcs.org\/wp-content\/uploads\/2025\/07\/Latin_logo_nknm_4c.svg","width":1,"height":1,"caption":"Washington Latin Public Charter Schools"},"image":{"@id":"https:\/\/latinpcs.org\/#\/schema\/logo\/image\/"},"sameAs":["https:\/\/www.facebook.com\/WashingtonLatinPCS\/","https:\/\/www.instagram.com\/washingtonlatinpcs\/?hl=en","https:\/\/www.linkedin.com\/school\/washington-latin-public-charter-schools\/"]}]}},"_links":{"self":[{"href":"https:\/\/latinpcs.org\/es\/wp-json\/wp\/v2\/pages\/25757","targetHints":{"allow":["GET"]}}],"collection":[{"href":"https:\/\/latinpcs.org\/es\/wp-json\/wp\/v2\/pages"}],"about":[{"href":"https:\/\/latinpcs.org\/es\/wp-json\/wp\/v2\/types\/page"}],"author":[{"embeddable":true,"href":"https:\/\/latinpcs.org\/es\/wp-json\/wp\/v2\/users\/3"}],"replies":[{"embeddable":true,"href":"https:\/\/latinpcs.org\/es\/wp-json\/wp\/v2\/comments?post=25757"}],"version-history":[{"count":0,"href":"https:\/\/latinpcs.org\/es\/wp-json\/wp\/v2\/pages\/25757\/revisions"}],"wp:featuredmedia":[{"embeddable":true,"href":"https:\/\/latinpcs.org\/es\/wp-json\/wp\/v2\/media\/25760"}],"wp:attachment":[{"href":"https:\/\/latinpcs.org\/es\/wp-json\/wp\/v2\/media?parent=25757"}],"curies":[{"name":"gracias","href":"https:\/\/api.w.org\/{rel}","templated":true}]}}