{"id":126,"date":"2025-06-27T20:05:24","date_gmt":"2025-06-27T20:05:24","guid":{"rendered":"https:\/\/latinpcs.org\/?page_id=126"},"modified":"2025-11-21T11:38:14","modified_gmt":"2025-11-21T11:38:14","slug":"contribute-to-cooper","status":"publish","type":"page","link":"https:\/\/latinpcs.org\/es\/cooper\/contribute-to-cooper\/","title":{"rendered":"Contribuye a Cooper"},"content":{"rendered":"<p  class=\"appear-on-scroll is-style-intro\" >Latin Pride es nuestra campa\u00f1a anual que apoya los elementos esenciales de una educaci\u00f3n latina en Washington: ense\u00f1anza excelente, clases reducidas y una comunidad acogedora. \u00a1\u00danete!<\/p>\n\n<h2  class=\"appear-on-scroll wp-block-heading\" ><span class=\"text\">\u00bfQu\u00e9 es el orgullo latino?<\/span><\/h2>\n\n<p class=\"appear-on-scroll\">Cada oto\u00f1o, solicitamos a todas las familias que hagan una donaci\u00f3n a la escuela, lo que nos permite cubrir las necesidades de financiaci\u00f3n, ofrecer recursos adicionales en el aula y garantizar la igualdad de acceso para todos los estudiantes. Nuestro enfoque es sencillo: su donaci\u00f3n apoya a la escuela y, por lo tanto, contribuye a mejorar directamente la experiencia de nuestros alumnos tanto dentro como fuera del aula.&nbsp;&nbsp;<\/p>\n\n<p class=\"appear-on-scroll\">Solicitamos que cada familia aporte $600 por estudiante. <em>o lo que tu familia pueda permitirse<\/em>. <\/p>\n\n<div  class=\"appear-on-scroll wp-block-buttons is-layout-flex wp-block-buttons-is-layout-flex\" >\n<div class=\"wp-block-button\"><a class=\"wp-block-button__link wp-element-button\" href=\"https:\/\/crm.bloomerang.co\/HostedDonation?ApiKey=pub_5e71e019-e5ad-11ec-b5ee-066e3d38bc77&amp;WidgetId=13062144\"><span class=\"label\">Dona a Latin Pride<\/span><\/a><\/div>\n<\/div>\n\n<h2  class=\"appear-on-scroll wp-block-heading\" ><span class=\"text\">\u00bfQu\u00e9 apoya Latin Pride?<\/span><\/h2>\n\n<h3  class=\"appear-on-scroll wp-block-heading\" ><span class=\"text\">Fondo General \u2013 apoyando el lat\u00edn donde m\u00e1s se necesita<\/span><\/h3>\n\n<p class=\"appear-on-scroll\">Su donaci\u00f3n a Cooper Pride se destina directamente a mejorar las experiencias de nuestros ni\u00f1os dentro y fuera del aula.<strong> <\/strong>Una donaci\u00f3n a Latin Pride apoya las clases reducidas de Cooper, su excelente profesorado, su comunidad diversa y nuestra educaci\u00f3n cl\u00e1sica para el mundo moderno.&nbsp;<\/p>\n\n<h3  class=\"appear-on-scroll wp-block-heading\" ><span class=\"text\">Fondo de Emergencia Latino<\/span><\/h3>\n\n<p class=\"appear-on-scroll\">Este a\u00f1o, muchas de nuestras familias enfrentan serias dificultades econ\u00f3micas. Para apoyar a las familias latinas, hemos restablecido el Fondo de Emergencia, creado inicialmente durante la pandemia de COVID, para proporcionar fondos de emergencia para alimentos y otras necesidades diarias. <strong>Este a\u00f1o, 5% de todas las donaciones de Latin Pride se destinar\u00e1n a este fondo. <\/strong><\/p>\n\n<div  class=\"appear-on-scroll wp-block-buttons is-layout-flex wp-block-buttons-is-layout-flex\" >\n<div class=\"wp-block-button\"><a class=\"wp-block-button__link wp-element-button\" href=\"https:\/\/crm.bloomerang.co\/HostedDonation?ApiKey=pub_5e71e019-e5ad-11ec-b5ee-066e3d38bc77&amp;WidgetId=13005824\" target=\"_blank\" rel=\"noreferrer noopener\"><span class=\"label\">Fondo de Apoyo al Orgullo Latino y de Emergencia<\/span><\/a><\/div>\n<\/div>\n\n<h3  class=\"appear-on-scroll wp-block-heading\" ><span class=\"text\">Financiar el trabajo de nuestra Asociaci\u00f3n de Padres y Profesores de Cooper (PFA) <\/span><\/h3>\n\n<p class=\"appear-on-scroll\">Sus donaciones para Latin Pride tambi\u00e9n financian nuestra Asociaci\u00f3n de Padres y Profesores, que ayuda a recaudar fondos para la escuela, incluyendo su presupuesto anual. Esto incluye actividades familiares, como el Festival de Oto\u00f1o que muchos disfrutamos el mes pasado: diversi\u00f3n, juegos, comida y bebida, todo GRATIS para nuestra comunidad latina, gracias a las donaciones de familias de ambos campus a esta campa\u00f1a. Otros eventos incluyen el apoyo al primer Regreso a Casa de Cooper, desayunos y almuerzos para el profesorado, un obsequio para todos los maestros y m\u00e1s.<\/p>\n\n\n<script src=\"https:\/\/s3-us-west-2.amazonaws.com\/bloomerang-public-cdn\/washingtonlatinpubliccharterschool\/.widget-js\/13062144.js\" type=\"text\/javascript\"><\/script>\n\n\n<p class=\"appear-on-scroll\"><br><\/p>","protected":false},"excerpt":{"rendered":"<p>Latin Pride es nuestra campa\u00f1a anual que apoya los elementos esenciales de una educaci\u00f3n latina en Washington: ense\u00f1anza excelente, clases reducidas y una comunidad acogedora. \u00a1\u00danete! \u00bfQu\u00e9 es Latin Pride? Cada\u2026<\/p>","protected":false},"author":1,"featured_media":25439,"parent":120,"menu_order":0,"comment_status":"closed","ping_status":"closed","template":"","meta":{"featured_image_background_position":"","background-color":"","secondary-color":"","highlight-color":"","color":"","hide-navigation":false,"footnotes":""},"class_list":["post-126","page","type-page","status-publish","has-post-thumbnail","hentry"],"yoast_head":"<!-- This site is optimized with the Yoast SEO plugin v25.6 - https:\/\/yoast.com\/wordpress\/plugins\/seo\/ -->\n<title>Contribute to Cooper - Washington Latin Public Charter Schools<\/title>\n<meta name=\"robots\" content=\"index, follow, max-snippet:-1, max-image-preview:large, max-video-preview:-1\" \/>\n<link rel=\"canonical\" href=\"https:\/\/latinpcs.org\/es\/cooper\/contribute-to-cooper\/\" \/>\n<meta property=\"og:locale\" content=\"es_MX\" \/>\n<meta property=\"og:type\" content=\"article\" \/>\n<meta property=\"og:title\" content=\"Contribute to Cooper - Washington Latin Public Charter Schools\" \/>\n<meta property=\"og:description\" content=\"Latin Pride is our annual campaign that supports the essential elements of a Washington Latin education: excellent teaching, small classes, and warm community. Join us! What is Latin Pride? Each &hellip;\" \/>\n<meta property=\"og:url\" content=\"https:\/\/latinpcs.org\/es\/cooper\/contribute-to-cooper\/\" \/>\n<meta property=\"og:site_name\" content=\"Washington Latin Public Charter Schools\" \/>\n<meta property=\"article:publisher\" content=\"https:\/\/www.facebook.com\/WashingtonLatinPCS\/\" \/>\n<meta property=\"article:modified_time\" content=\"2025-11-21T11:38:14+00:00\" \/>\n<meta property=\"og:image\" content=\"https:\/\/latinpcs.org\/wp-content\/uploads\/2025\/08\/AJC-entrance2.jpg\" \/>\n\t<meta property=\"og:image:width\" content=\"745\" \/>\n\t<meta property=\"og:image:height\" content=\"825\" \/>\n\t<meta property=\"og:image:type\" content=\"image\/jpeg\" \/>\n<meta name=\"twitter:card\" content=\"summary_large_image\" \/>\n<meta name=\"twitter:label1\" content=\"Est. reading time\" \/>\n\t<meta name=\"twitter:data1\" content=\"2 minutos\" \/>\n<script type=\"application\/ld+json\" class=\"yoast-schema-graph\">{\"@context\":\"https:\/\/schema.org\",\"@graph\":[{\"@type\":\"WebPage\",\"@id\":\"https:\/\/latinpcs.org\/cooper\/contribute-to-cooper\/\",\"url\":\"https:\/\/latinpcs.org\/cooper\/contribute-to-cooper\/\",\"name\":\"Contribute to Cooper - Washington Latin Public Charter Schools\",\"isPartOf\":{\"@id\":\"https:\/\/latinpcs.org\/#website\"},\"primaryImageOfPage\":{\"@id\":\"https:\/\/latinpcs.org\/cooper\/contribute-to-cooper\/#primaryimage\"},\"image\":{\"@id\":\"https:\/\/latinpcs.org\/cooper\/contribute-to-cooper\/#primaryimage\"},\"thumbnailUrl\":\"https:\/\/latinpcs.org\/wp-content\/uploads\/2025\/08\/AJC-entrance2.jpg\",\"datePublished\":\"2025-06-27T20:05:24+00:00\",\"dateModified\":\"2025-11-21T11:38:14+00:00\",\"breadcrumb\":{\"@id\":\"https:\/\/latinpcs.org\/cooper\/contribute-to-cooper\/#breadcrumb\"},\"inLanguage\":\"es\",\"potentialAction\":[{\"@type\":\"ReadAction\",\"target\":[\"https:\/\/latinpcs.org\/cooper\/contribute-to-cooper\/\"]}]},{\"@type\":\"ImageObject\",\"inLanguage\":\"es\",\"@id\":\"https:\/\/latinpcs.org\/cooper\/contribute-to-cooper\/#primaryimage\",\"url\":\"https:\/\/latinpcs.org\/wp-content\/uploads\/2025\/08\/AJC-entrance2.jpg\",\"contentUrl\":\"https:\/\/latinpcs.org\/wp-content\/uploads\/2025\/08\/AJC-entrance2.jpg\",\"width\":745,\"height\":825},{\"@type\":\"BreadcrumbList\",\"@id\":\"https:\/\/latinpcs.org\/cooper\/contribute-to-cooper\/#breadcrumb\",\"itemListElement\":[{\"@type\":\"ListItem\",\"position\":1,\"name\":\"Home\",\"item\":\"https:\/\/latinpcs.org\/\"},{\"@type\":\"ListItem\",\"position\":2,\"name\":\"Cooper Families\",\"item\":\"https:\/\/latinpcs.org\/cooper\/\"},{\"@type\":\"ListItem\",\"position\":3,\"name\":\"Contribute to Cooper\"}]},{\"@type\":\"WebSite\",\"@id\":\"https:\/\/latinpcs.org\/#website\",\"url\":\"https:\/\/latinpcs.org\/\",\"name\":\"Washington Latin Public Charter Schools\",\"description\":\"Washington Latin Public Charter Schools, based in Washington, DC, offers a classical education for the modern world for students in grades 5-12 across two campuses.\",\"publisher\":{\"@id\":\"https:\/\/latinpcs.org\/#organization\"},\"potentialAction\":[{\"@type\":\"SearchAction\",\"target\":{\"@type\":\"EntryPoint\",\"urlTemplate\":\"https:\/\/latinpcs.org\/?s={search_term_string}\"},\"query-input\":{\"@type\":\"PropertyValueSpecification\",\"valueRequired\":true,\"valueName\":\"search_term_string\"}}],\"inLanguage\":\"es\"},{\"@type\":\"Organization\",\"@id\":\"https:\/\/latinpcs.org\/#organization\",\"name\":\"Washington Latin Public Charter Schools\",\"url\":\"https:\/\/latinpcs.org\/\",\"logo\":{\"@type\":\"ImageObject\",\"inLanguage\":\"es\",\"@id\":\"https:\/\/latinpcs.org\/#\/schema\/logo\/image\/\",\"url\":\"https:\/\/latinpcs.org\/wp-content\/uploads\/2025\/07\/Latin_logo_nknm_4c.svg\",\"contentUrl\":\"https:\/\/latinpcs.org\/wp-content\/uploads\/2025\/07\/Latin_logo_nknm_4c.svg\",\"width\":1,\"height\":1,\"caption\":\"Washington Latin Public Charter Schools\"},\"image\":{\"@id\":\"https:\/\/latinpcs.org\/#\/schema\/logo\/image\/\"},\"sameAs\":[\"https:\/\/www.facebook.com\/WashingtonLatinPCS\/\",\"https:\/\/www.instagram.com\/washingtonlatinpcs\/?hl=en\",\"https:\/\/www.linkedin.com\/school\/washington-latin-public-charter-schools\/\"]}]}<\/script>\n<!-- \/ Yoast SEO plugin. -->","yoast_head_json":{"title":"Contribuye a Cooper - Washington Latin Public Charter Schools","robots":{"index":"index","follow":"follow","max-snippet":"max-snippet:-1","max-image-preview":"max-image-preview:large","max-video-preview":"max-video-preview:-1"},"canonical":"https:\/\/latinpcs.org\/es\/cooper\/contribute-to-cooper\/","og_locale":"es_MX","og_type":"article","og_title":"Contribute to Cooper - Washington Latin Public Charter Schools","og_description":"Latin Pride is our annual campaign that supports the essential elements of a Washington Latin education: excellent teaching, small classes, and warm community. Join us! What is Latin Pride? Each &hellip;","og_url":"https:\/\/latinpcs.org\/es\/cooper\/contribute-to-cooper\/","og_site_name":"Washington Latin Public Charter Schools","article_publisher":"https:\/\/www.facebook.com\/WashingtonLatinPCS\/","article_modified_time":"2025-11-21T11:38:14+00:00","og_image":[{"width":745,"height":825,"url":"https:\/\/latinpcs.org\/wp-content\/uploads\/2025\/08\/AJC-entrance2.jpg","type":"image\/jpeg"}],"twitter_card":"summary_large_image","twitter_misc":{"Est. reading time":"2 minutos"},"schema":{"@context":"https:\/\/schema.org","@graph":[{"@type":"WebPage","@id":"https:\/\/latinpcs.org\/cooper\/contribute-to-cooper\/","url":"https:\/\/latinpcs.org\/cooper\/contribute-to-cooper\/","name":"Contribuye a Cooper - Washington Latin Public Charter Schools","isPartOf":{"@id":"https:\/\/latinpcs.org\/#website"},"primaryImageOfPage":{"@id":"https:\/\/latinpcs.org\/cooper\/contribute-to-cooper\/#primaryimage"},"image":{"@id":"https:\/\/latinpcs.org\/cooper\/contribute-to-cooper\/#primaryimage"},"thumbnailUrl":"https:\/\/latinpcs.org\/wp-content\/uploads\/2025\/08\/AJC-entrance2.jpg","datePublished":"2025-06-27T20:05:24+00:00","dateModified":"2025-11-21T11:38:14+00:00","breadcrumb":{"@id":"https:\/\/latinpcs.org\/cooper\/contribute-to-cooper\/#breadcrumb"},"inLanguage":"es","potentialAction":[{"@type":"ReadAction","target":["https:\/\/latinpcs.org\/cooper\/contribute-to-cooper\/"]}]},{"@type":"ImageObject","inLanguage":"es","@id":"https:\/\/latinpcs.org\/cooper\/contribute-to-cooper\/#primaryimage","url":"https:\/\/latinpcs.org\/wp-content\/uploads\/2025\/08\/AJC-entrance2.jpg","contentUrl":"https:\/\/latinpcs.org\/wp-content\/uploads\/2025\/08\/AJC-entrance2.jpg","width":745,"height":825},{"@type":"BreadcrumbList","@id":"https:\/\/latinpcs.org\/cooper\/contribute-to-cooper\/#breadcrumb","itemListElement":[{"@type":"ListItem","position":1,"name":"Home","item":"https:\/\/latinpcs.org\/"},{"@type":"ListItem","position":2,"name":"Cooper Families","item":"https:\/\/latinpcs.org\/cooper\/"},{"@type":"ListItem","position":3,"name":"Contribute to Cooper"}]},{"@type":"WebSite","@id":"https:\/\/latinpcs.org\/#website","url":"https:\/\/latinpcs.org\/","name":"Escuelas p\u00fablicas ch\u00e1rter latinas de Washington","description":"Washington Latin Public Charter Schools, con sede en Washington, DC, ofrece una educaci\u00f3n cl\u00e1sica para el mundo moderno para estudiantes de 5.\u00ba a 12.\u00ba grado en dos campus.","publisher":{"@id":"https:\/\/latinpcs.org\/#organization"},"potentialAction":[{"@type":"SearchAction","target":{"@type":"EntryPoint","urlTemplate":"https:\/\/latinpcs.org\/?s={search_term_string}"},"query-input":{"@type":"PropertyValueSpecification","valueRequired":true,"valueName":"search_term_string"}}],"inLanguage":"es"},{"@type":"Organization","@id":"https:\/\/latinpcs.org\/#organization","name":"Escuelas p\u00fablicas ch\u00e1rter latinas de Washington","url":"https:\/\/latinpcs.org\/","logo":{"@type":"ImageObject","inLanguage":"es","@id":"https:\/\/latinpcs.org\/#\/schema\/logo\/image\/","url":"https:\/\/latinpcs.org\/wp-content\/uploads\/2025\/07\/Latin_logo_nknm_4c.svg","contentUrl":"https:\/\/latinpcs.org\/wp-content\/uploads\/2025\/07\/Latin_logo_nknm_4c.svg","width":1,"height":1,"caption":"Washington Latin Public Charter Schools"},"image":{"@id":"https:\/\/latinpcs.org\/#\/schema\/logo\/image\/"},"sameAs":["https:\/\/www.facebook.com\/WashingtonLatinPCS\/","https:\/\/www.instagram.com\/washingtonlatinpcs\/?hl=en","https:\/\/www.linkedin.com\/school\/washington-latin-public-charter-schools\/"]}]}},"_links":{"self":[{"href":"https:\/\/latinpcs.org\/es\/wp-json\/wp\/v2\/pages\/126","targetHints":{"allow":["GET"]}}],"collection":[{"href":"https:\/\/latinpcs.org\/es\/wp-json\/wp\/v2\/pages"}],"about":[{"href":"https:\/\/latinpcs.org\/es\/wp-json\/wp\/v2\/types\/page"}],"author":[{"embeddable":true,"href":"https:\/\/latinpcs.org\/es\/wp-json\/wp\/v2\/users\/1"}],"replies":[{"embeddable":true,"href":"https:\/\/latinpcs.org\/es\/wp-json\/wp\/v2\/comments?post=126"}],"version-history":[{"count":0,"href":"https:\/\/latinpcs.org\/es\/wp-json\/wp\/v2\/pages\/126\/revisions"}],"up":[{"embeddable":true,"href":"https:\/\/latinpcs.org\/es\/wp-json\/wp\/v2\/pages\/120"}],"wp:featuredmedia":[{"embeddable":true,"href":"https:\/\/latinpcs.org\/es\/wp-json\/wp\/v2\/media\/25439"}],"wp:attachment":[{"href":"https:\/\/latinpcs.org\/es\/wp-json\/wp\/v2\/media?parent=126"}],"curies":[{"name":"gracias","href":"https:\/\/api.w.org\/{rel}","templated":true}]}}