{"id":108,"date":"2025-06-27T20:00:25","date_gmt":"2025-06-27T20:00:25","guid":{"rendered":"https:\/\/latinpcs.org\/?page_id=108"},"modified":"2026-02-05T17:57:26","modified_gmt":"2026-02-05T17:57:26","slug":"donate","status":"publish","type":"page","link":"https:\/\/latinpcs.org\/es\/donate\/","title":{"rendered":"Apoyo a Latinoam\u00e9rica"},"content":{"rendered":"<p  class=\"appear-on-scroll is-style-intro\" >Las experiencias acad\u00e9micas y extracurriculares que Latin ofrece a sus estudiantes son posibles gracias al apoyo de generosos donantes. \u00danase a nosotros para apoyar a nuestros estudiantes actuales y ayudarnos a construir nuestro futuro.<\/p>\n\n<p  class=\"appear-on-scroll is-style-default\" >Los dos campus de Washington Latin son \u00fanicos entre las numerosas escuelas ch\u00e1rter de Washington D. C. Las caracter\u00edsticas distintivas de nuestro programa \u2014curr\u00edculo cl\u00e1sico, excelente ense\u00f1anza, clases reducidas, atenci\u00f3n individualizada y una comunidad c\u00e1lida y diversa\u2014 se unen en una experiencia que busca ayudar a los estudiantes en su camino hacia una humanidad m\u00e1s plena.<\/p>\n\n<p class=\"appear-on-scroll\">Su donaci\u00f3n a <a href=\"\/es\/donate\/#Funds\">cualquiera de nuestros fondos<\/a> significa un mayor impacto en las vidas de los estudiantes, sus familias, sus vecindarios y nuestra comunidad global. <\/p>\n\n<h2  class=\"appear-on-scroll wp-block-heading\" ><span class=\"text\">\u00a1Orgullo latino!<\/span><\/h2>\n\n<p class=\"appear-on-scroll\"><strong>Te invitamos a apoyar Latin Pride, nuestra campa\u00f1a anual que apoya nuestros elementos m\u00e1s esenciales: clases peque\u00f1as, ense\u00f1anza excelente y una comunidad c\u00e1lida.<\/strong> Pedimos $600 por estudiante\u00a0<em>o lo que su familia pueda permitirse.<\/em>\u00a0En este a\u00f1o de muchos desaf\u00edos presupuestarios para nuestra ciudad, escuela y comunidad, su donaci\u00f3n realmente hace la diferencia al apoyar una educaci\u00f3n cl\u00e1sica para el mundo moderno, accesible para cualquier estudiante en DC.<\/p>\n\n<div  class=\"appear-on-scroll wp-block-buttons is-layout-flex wp-block-buttons-is-layout-flex\" >\n<div class=\"wp-block-button\"><a class=\"wp-block-button__link wp-element-button\" href=\"http:\/\/ec1.deanslistsoftware.com\/ls\/click?upn=u001.zGYbX9F6yZ6c-2BjofQFyO14eK26vQGtliMbA7iBTFLwb9ibToszMc-2FSXyXUjTqHBThcc7Vo3ISVowwlYsJJtse43omWTKcIVFxcoh5jAQEL1QaKYGXkef7BoPJMuFSZpN8323icLgaO-2FhWHEterBecMq0B79QMu4xhApvuMu-2BcOg-3DPwTM_zV0-2BljTcjJNZxD4nBy8RSX6-2B6hdk6NdrZydr9Drdencs4IugVb991j9KgdKnA7BUShJ4R22lEoNIWIztx7-2FxUPpkOcGjymmYzpPM5EQQ34Uu1fZZRkkK-2FM88QnxKmDjoIo4mcK40SPWteV2XJuJKeFkTaz3ZBK2vtBNSBBHKRYPBwP7fxOP6x2fVIZgwEYXn9SWejz7rnZ-2FLxuk8qPttnwdFifZoWYHPbUN0Lx-2B3Obb6GEmg-2FCww-2BkP9f6FM1lW4\"><span class=\"label\">Dona al orgullo latino<\/span><\/a><\/div>\n<\/div>\n\n<div  class=\"appear-on-scroll wp-block-buttons is-layout-flex wp-block-buttons-is-layout-flex\" >\n<div class=\"wp-block-button is-style-text\"><a class=\"wp-block-button__link wp-element-button\" href=\"https:\/\/latinpcs.org\/es\/2ndst\/contribute-to-2nd-st\/\"><span class=\"label\">Orgullo Latino \u2013 Campus de la 2.\u00aa Calle<\/span><\/a><\/div>\n\n\n\n<div class=\"wp-block-button is-style-text\"><a class=\"wp-block-button__link wp-element-button\" href=\"https:\/\/latinpcs.org\/es\/cooper\/contribute-to-cooper\/\"><span class=\"label\">Orgullo Latino \u2013 Campus Cooper<\/span><\/a><\/div>\n<\/div>\n\n<h3  class=\"appear-on-scroll wp-block-heading\" ><span class=\"text\">Fondo de Emergencia \u2013 apoyando a nuestras familias<\/span><\/h3>\n\n<p class=\"appear-on-scroll\">Nuestras familias tambi\u00e9n lo necesitan. Sabemos que muchos miembros de nuestra comunidad enfrentan dificultades econ\u00f3micas este a\u00f1o. Por eso, incluimos el Fondo de Emergencia en nuestra campa\u00f1a del Orgullo Latino. Usamos este fondo para cubrir las necesidades b\u00e1sicas de nuestras familias m\u00e1s vulnerables, atendiendo con dignidad y cari\u00f1o cuando un estudiante o familia necesita ayuda inmediata con alimentos, servicios p\u00fablicos, ropa u otros art\u00edculos esenciales.&nbsp;<strong>Este a\u00f1o, el 5% de todas las donaciones de Latin Pride se destinar\u00e1n al Fondo de Emergencia.<\/strong><\/p>\n\n<div  class=\"appear-on-scroll wp-block-buttons is-layout-flex wp-block-buttons-is-layout-flex\" >\n<div class=\"wp-block-button\"><a class=\"wp-block-button__link wp-element-button\" href=\"https:\/\/crm.bloomerang.co\/HostedDonation?ApiKey=pub_5e71e019-e5ad-11ec-b5ee-066e3d38bc77&amp;WidgetId=17034240\"><span class=\"label\">Donar a Washington Latin<\/span><\/a><\/div>\n<\/div>\n\n<h2  class=\"appear-on-scroll wp-block-heading\"  id=\"Funds\"><span class=\"text\">Fondos<\/span><\/h2>\n\n<h3  class=\"appear-on-scroll wp-block-heading\" ><span class=\"text\">Fondo General<\/span><\/h3>\n\n<p class=\"appear-on-scroll\">Apoye las operaciones de Washington Latin Public Charter Schools con una donaci\u00f3n al Fondo General, lo que nos permitir\u00e1 aplicar su obsequio donde m\u00e1s se necesita. <\/p>\n\n\n<div class=\"wp-block-group has-no-margin-top has-no-margin-bottom is-layout-constrained wp-block-group-is-layout-constrained\"><div  data-more=\"Read More\" data-less=\"Read Less\" class=\"wp-block-theme-blocks-read-more theme-block\"><div class=\"block-label\">Leer m\u00e1s<\/div><\/div>\n\n<p class=\"appear-on-scroll\"><strong>Las contribuciones al Fondo General de Am\u00e9rica Latina nos brindan <em>flexibilidad<\/em> para responder a las demandas cambiantes y hacer realidad nuestras ambiciones de servir mejor a nuestros estudiantes y familias.<\/strong> Nuestro modelo se basa en una ense\u00f1anza excelente, un curr\u00edculo completo y clases con pocos alumnos para garantizar un enfoque personalizado; esto es costoso. Tambi\u00e9n buscamos que el lat\u00edn sea accesible para todos los estudiantes de Washington D. C. en el sentido m\u00e1s amplio, comprometi\u00e9ndonos a que nadie sea rechazado por razones econ\u00f3micas. <strong><em>Las donaciones al Fondo General son esenciales para garantizar que podamos ofrecer una educaci\u00f3n acad\u00e9mica de calidad y garantizar la accesibilidad.<\/em><\/strong><\/p><\/div>\n\n\n<h3  class=\"appear-on-scroll wp-block-heading\" ><span class=\"text\">Fondo de emergencia<\/span><\/h3>\n\n<p class=\"appear-on-scroll\">Apoye las operaciones de Washington Latin Public Charter Schools con una donaci\u00f3n al Fondo General, lo que nos permitir\u00e1 aplicar su obsequio donde m\u00e1s se necesita. <\/p>\n\n\n<div class=\"wp-block-group has-no-margin-top has-no-margin-bottom is-layout-constrained wp-block-group-is-layout-constrained\"><div  data-more=\"Read More\" data-less=\"Read Less\" class=\"wp-block-theme-blocks-read-more theme-block\"><div class=\"block-label\">Leer m\u00e1s<\/div><\/div>\n\n<p class=\"appear-on-scroll\">Sabemos que muchos miembros de nuestra comunidad enfrentan dificultades econ\u00f3micas este a\u00f1o. Por eso, incluimos el Fondo de Emergencia en nuestra campa\u00f1a del Orgullo Latino. Usamos este fondo para cubrir las necesidades b\u00e1sicas de nuestras familias m\u00e1s vulnerables, atendiendo con dignidad y cari\u00f1o cuando un estudiante o familia necesita ayuda inmediata con alimentos, servicios p\u00fablicos, ropa u otros art\u00edculos esenciales. Su donaci\u00f3n al Fondo General apoya este Fondo de Emergencia. <\/p>\n\n<div  class=\"appear-on-scroll wp-block-buttons is-layout-flex wp-block-buttons-is-layout-flex\" >\n<div class=\"wp-block-button is-style-text\"><a class=\"wp-block-button__link wp-element-button\" href=\"https:\/\/crm.bloomerang.co\/HostedDonation?ApiKey=pub_5e71e019-e5ad-11ec-b5ee-066e3d38bc77&amp;WidgetId=26406912\"><span class=\"label\">Donaci\u00f3n al Fondo de Emergencia<\/span><\/a><\/div>\n<\/div><\/div>\n\n\n<h3  class=\"appear-on-scroll wp-block-heading\" ><span class=\"text\">Fondo de Crecimiento<\/span><\/h3>\n\n<p class=\"appear-on-scroll\">Ay\u00fadanos a alcanzar nuestra meta para el <em>Campa\u00f1a Cl\u00e1sica para Todos<\/em> que ha financiado nuestra expansi\u00f3n mientras completamos la \u00faltima fase del proyecto de capital en Harewood. <\/p>\n\n\n<div class=\"wp-block-group has-no-margin-top has-no-margin-bottom is-layout-constrained wp-block-group-is-layout-constrained\"><div  data-more=\"Read More\" data-less=\"Read Less\" class=\"wp-block-theme-blocks-read-more theme-block\"><div class=\"block-label\">Leer m\u00e1s<\/div><\/div>\n\n<p class=\"appear-on-scroll\">Latin ha a\u00f1adido un segundo campus, nombrado en honor a la Dra. Anna Julia Cooper, que atender\u00e1 a los estudiantes de 5.\u00ba a 12.\u00ba grado para 2028 en nuestra sede permanente en el noreste de Washington D. C. Inf\u00f3rmese sobre c\u00f3mo puede apoyar esta fase final de nuestra campa\u00f1a de $12 millones.<\/p>\n\n<div  class=\"appear-on-scroll wp-block-buttons is-layout-flex wp-block-buttons-is-layout-flex\" >\n<div class=\"wp-block-button is-style-text\"><a class=\"wp-block-button__link wp-element-button\" href=\"https:\/\/latinpcs.org\/es\/classical-for-all\/\"><span class=\"label\">M\u00fasica cl\u00e1sica para todos: la campa\u00f1a latina para el crecimiento<\/span><\/a><\/div>\n<\/div><\/div>\n\n\n<h3  class=\"appear-on-scroll wp-block-heading\" ><span class=\"text\">Fondo de la Facultad<\/span><\/h3>\n\n<p class=\"appear-on-scroll\">Aseg\u00farese de que Latin pueda identificar, reclutar y retener el factor m\u00e1s importante para el \u00e9xito de los estudiantes: la calidad de nuestro personal docente. <\/p>\n\n\n<div class=\"wp-block-group has-no-margin-top has-no-margin-bottom is-layout-constrained wp-block-group-is-layout-constrained\"><div  data-more=\"Read More\" data-less=\"Read Less\" class=\"wp-block-theme-blocks-read-more theme-block\"><div class=\"block-label\">Leer m\u00e1s<\/div><\/div>\n\n<p class=\"appear-on-scroll\">La ense\u00f1anza de calidad es un factor crucial para el \u00e9xito estudiantil, y en Washington Latin contamos con un profesorado experto y apasionado por la materia que imparten, respetuoso con los estudiantes, comprometido con su \u00e9xito individual y comprometido con la misi\u00f3n de la escuela, as\u00ed como con sus desaf\u00edos y oportunidades \u00fanicas. Nuestros profesores se esfuerzan por garantizar un entorno de aprendizaje personalizado, colaborativo y reflexivo. Cada d\u00eda, ejemplifican nuestros valores fundamentales: cortes\u00eda, curiosidad intelectual, debate reflexivo sobre ideas importantes y toma de decisiones \u00e9ticas.<\/p>\n\n<p class=\"appear-on-scroll\">Sabemos que nuestro \u00e9xito actual y nuestro impacto futuro dependen de una s\u00f3lida cantera de profesores excelentes y l\u00edderes s\u00f3lidos y eficaces. Sin la capacidad de desarrollar a nuestros l\u00edderes, nuestro modelo no puede sostenerse ni crecer. Por lo tanto, hemos iniciado una revisi\u00f3n y perfeccionamiento sistem\u00e1tico de nuestro sistema para identificar y reclutar a los mejores talentos, garantizando su formaci\u00f3n inicial y desarrollo profesional continuo, y reteni\u00e9ndolos tanto en el aula como, a medida que progresan, en puestos de liderazgo.<\/p><\/div>\n\n\n<h3  class=\"appear-on-scroll wp-block-heading\" ><span class=\"text\">Fondo de Acceso Igualitario<\/span><\/h3>\n\n<p class=\"appear-on-scroll\">Hacer que la experiencia de Washington Latin sea accesible para cualquier estudiante en el Distrito de Columbia eliminando las barreras que disuaden a las familias de postularse o participar plenamente en la escuela.<\/p>\n\n\n<div class=\"wp-block-group has-no-margin-top has-no-margin-bottom is-layout-constrained wp-block-group-is-layout-constrained\"><div  data-more=\"Read More\" data-less=\"Read Less\" class=\"wp-block-theme-blocks-read-more theme-block\"><div class=\"block-label\">Leer m\u00e1s<\/div><\/div>\n\n<p class=\"appear-on-scroll\">Washington Latin cuenta con un alumnado que refleja la demograf\u00eda racial del Distrito. De hecho, somos una de las pocas escuelas en Washington D. C. y a nivel nacional con integraci\u00f3n racial, y consideramos nuestra diversidad una de sus caracter\u00edsticas esenciales.<\/p>\n\n<p class=\"appear-on-scroll\">Adem\u00e1s de la diversidad racial, nuestros estudiantes reflejan una variedad de or\u00edgenes socioecon\u00f3micos y provienen de los ocho distritos de Washington D. C. Nuestra escuela tiene un rango de ingresos m\u00e1s amplio que la mayor\u00eda de las escuelas p\u00fablicas de Washington D. C. Dado que aproximadamente una cuarta parte de nuestro alumnado cumple los requisitos para el Programa de Comidas Gratuitas o a Precio Reducido, no calificamos para recibir fondos del T\u00edtulo I. Sin embargo, nuestros padres de bajos o moderados ingresos a menudo tienen dificultades para cubrir el costo del transporte, los libros, los \u00fatiles escolares y las actividades extracurriculares.<\/p>\n\n<p class=\"appear-on-scroll\">Nos comprometemos a garantizar que la experiencia Washington Latin sea accesible para todos los estudiantes de Washington, D.C., y trabajamos para eliminar cualquier obst\u00e1culo que pueda disuadir a una familia de solicitar admisi\u00f3n a la escuela o participar plenamente en sus programas. Apoyamos a cualquier estudiante que no pueda cubrir el costo total de servicios u oportunidades adicionales y buscamos el apoyo de la comunidad para subsanar la falta de financiaci\u00f3n.<\/p><\/div>\n\n\n<h3  class=\"appear-on-scroll wp-block-heading\" ><span class=\"text\">Fondo de Atletismo<\/span><\/h3>\n\n<p class=\"appear-on-scroll\">Financiar programas de atletismo y bienestar para que todos los estudiantes puedan participar sin importar su capacidad para pagar las tarifas de las actividades.<\/p>\n\n\n<div class=\"wp-block-group has-no-margin-top has-no-margin-bottom is-layout-constrained wp-block-group-is-layout-constrained\"><div  data-more=\"Read More\" data-less=\"Read Less\" class=\"wp-block-theme-blocks-read-more theme-block\"><div class=\"block-label\">Leer m\u00e1s<\/div><\/div>\n\n<p class=\"appear-on-scroll\">Ofrecemos una amplia variedad de oportunidades deportivas para que todos los estudiantes encuentren su lugar en un equipo o en una clase de bienestar. Nuestra pol\u00edtica es que los estudiantes pueden participar sin importar su capacidad para pagar las cuotas de las actividades, y financiamos estas actividades cada a\u00f1o, en parte, mediante donaciones.<\/p>\n\n<p class=\"appear-on-scroll\">A medida que Latin crece, estamos trabajando para garantizar el acceso continuo a una programaci\u00f3n deportiva de calidad, incluso cuando DC enfrenta una escasez de instalaciones y campos disponibles para los j\u00f3venes.&nbsp;<\/p><\/div>\n\n\n<h3  class=\"appear-on-scroll wp-block-heading\" ><span class=\"text\">Fondos de M\u00fasica y Teatro<\/span><\/h3>\n\n<p class=\"appear-on-scroll\">Las artes son parte integral de nuestro programa en Washington Latin: un elemento de lo bello (Verdad, Belleza y Bondad) que es central en la tradici\u00f3n cl\u00e1sica. <\/p>\n\n\n<div class=\"wp-block-group has-no-margin-top has-no-margin-bottom is-layout-constrained wp-block-group-is-layout-constrained\"><div  data-more=\"Read More\" data-less=\"Read Less\" class=\"wp-block-theme-blocks-read-more theme-block\"><div class=\"block-label\">Leer m\u00e1s<\/div><\/div>\n\n<p class=\"appear-on-scroll\">Todos los estudiantes toman clases de artes visuales, teatro y m\u00fasica en la escuela secundaria y superior, y tenemos una s\u00f3lida tradici\u00f3n de presentaciones y espect\u00e1culos de arte que involucran a estudiantes y profesores.<\/p>\n\n<p class=\"appear-on-scroll\"><strong>Programa de teatro de Latin<\/strong> Incluye obras tanto de la tradici\u00f3n cl\u00e1sica como de obras m\u00e1s modernas, y su objetivo es conectar a los estudiantes con dicha tradici\u00f3n y desarrollar su capacidad para hablar en p\u00fablico. Teatro es una asignatura obligatoria para los estudiantes de secundaria en ambos campus, y tambi\u00e9n contamos con un s\u00f3lido programa de teatro extracurricular tanto en 2nd Street como en Cooper. Las donaciones al programa garantizan la participaci\u00f3n de todos los estudiantes, independientemente de su situaci\u00f3n econ\u00f3mica, y tambi\u00e9n contribuyen a la mejora de nuestros espacios de actuaci\u00f3n (como telones, iluminaci\u00f3n, etc.). <\/p>\n\n<p class=\"appear-on-scroll\"><strong>Nuestro programa de m\u00fasica<\/strong> Tambi\u00e9n incluye clases impartidas durante la jornada escolar, programas extracurriculares y oportunidades de viaje para los estudiantes de nuestros coros, banda de jazz y conjuntos de cuerda. Las donaciones al Fondo de M\u00fasica apoyan la participaci\u00f3n estudiantil en estas actividades y, en particular, el apoyo a viajes para aprender sobre las tradiciones musicales y actuar en lugares fuera de Washington D. C., como Nueva Orleans, Pensilvania y la ciudad de Nueva York. <\/p><\/div>\n\n\n\n<div class=\"wp-block-group is-style-narrow-width has-light-gray-background-color has-background is-layout-constrained wp-block-group-is-layout-constrained\">\n<script src=\"https:\/\/s3-us-west-2.amazonaws.com\/bloomerang-public-cdn\/washingtonlatinpubliccharterschool\/.widget-js\/22943744.js\" type=\"text\/javascript\"><\/script>\n<\/div>","protected":false},"excerpt":{"rendered":"<p>Las experiencias acad\u00e9micas y extracurriculares que Latin ofrece a sus estudiantes solo son posibles gracias al apoyo de generosos donantes. \u00danase a nosotros para apoyar a nuestros estudiantes actuales y ayudarnos a construir nuestro futuro. Washington\u2026<\/p>","protected":false},"author":1,"featured_media":26100,"parent":0,"menu_order":30,"comment_status":"closed","ping_status":"closed","template":"","meta":{"featured_image_background_position":"","background-color":"","secondary-color":"","highlight-color":"","color":"","hide-navigation":false,"footnotes":""},"class_list":["post-108","page","type-page","status-publish","has-post-thumbnail","hentry"],"yoast_head":"<!-- This site is optimized with the Yoast SEO plugin v25.6 - https:\/\/yoast.com\/wordpress\/plugins\/seo\/ -->\n<title>Support Latin - Washington Latin Public Charter Schools<\/title>\n<meta name=\"robots\" content=\"index, follow, max-snippet:-1, max-image-preview:large, max-video-preview:-1\" \/>\n<link rel=\"canonical\" href=\"https:\/\/latinpcs.org\/es\/donate\/\" \/>\n<meta property=\"og:locale\" content=\"es_MX\" \/>\n<meta property=\"og:type\" content=\"article\" \/>\n<meta property=\"og:title\" content=\"Support Latin - Washington Latin Public Charter Schools\" \/>\n<meta property=\"og:description\" content=\"The academic and extracurricular experiences Latin provides students is only possible with support from generous donors. Join us in supporting our current students and helping us shape our future. Washington &hellip;\" \/>\n<meta property=\"og:url\" content=\"https:\/\/latinpcs.org\/es\/donate\/\" \/>\n<meta property=\"og:site_name\" content=\"Washington Latin Public Charter Schools\" \/>\n<meta property=\"article:publisher\" content=\"https:\/\/www.facebook.com\/WashingtonLatinPCS\/\" \/>\n<meta property=\"article:modified_time\" content=\"2026-02-05T17:57:26+00:00\" \/>\n<meta property=\"og:image\" content=\"https:\/\/latinpcs.org\/wp-content\/uploads\/2025\/11\/classroom-MS-boy-sq-e1762516682735.jpg\" \/>\n\t<meta property=\"og:image:width\" content=\"1000\" \/>\n\t<meta property=\"og:image:height\" content=\"1000\" \/>\n\t<meta property=\"og:image:type\" content=\"image\/jpeg\" \/>\n<meta name=\"twitter:card\" content=\"summary_large_image\" \/>\n<meta name=\"twitter:label1\" content=\"Est. reading time\" \/>\n\t<meta name=\"twitter:data1\" content=\"6 minutos\" \/>\n<script type=\"application\/ld+json\" class=\"yoast-schema-graph\">{\"@context\":\"https:\/\/schema.org\",\"@graph\":[{\"@type\":\"WebPage\",\"@id\":\"https:\/\/latinpcs.org\/donate\/\",\"url\":\"https:\/\/latinpcs.org\/donate\/\",\"name\":\"Support Latin - Washington Latin Public Charter Schools\",\"isPartOf\":{\"@id\":\"https:\/\/latinpcs.org\/#website\"},\"primaryImageOfPage\":{\"@id\":\"https:\/\/latinpcs.org\/donate\/#primaryimage\"},\"image\":{\"@id\":\"https:\/\/latinpcs.org\/donate\/#primaryimage\"},\"thumbnailUrl\":\"https:\/\/latinpcs.org\/wp-content\/uploads\/2025\/11\/classroom-MS-boy-sq-e1762516682735.jpg\",\"datePublished\":\"2025-06-27T20:00:25+00:00\",\"dateModified\":\"2026-02-05T17:57:26+00:00\",\"breadcrumb\":{\"@id\":\"https:\/\/latinpcs.org\/donate\/#breadcrumb\"},\"inLanguage\":\"es\",\"potentialAction\":[{\"@type\":\"ReadAction\",\"target\":[\"https:\/\/latinpcs.org\/donate\/\"]}]},{\"@type\":\"ImageObject\",\"inLanguage\":\"es\",\"@id\":\"https:\/\/latinpcs.org\/donate\/#primaryimage\",\"url\":\"https:\/\/latinpcs.org\/wp-content\/uploads\/2025\/11\/classroom-MS-boy-sq-e1762516682735.jpg\",\"contentUrl\":\"https:\/\/latinpcs.org\/wp-content\/uploads\/2025\/11\/classroom-MS-boy-sq-e1762516682735.jpg\",\"width\":1000,\"height\":1000},{\"@type\":\"BreadcrumbList\",\"@id\":\"https:\/\/latinpcs.org\/donate\/#breadcrumb\",\"itemListElement\":[{\"@type\":\"ListItem\",\"position\":1,\"name\":\"Home\",\"item\":\"https:\/\/latinpcs.org\/\"},{\"@type\":\"ListItem\",\"position\":2,\"name\":\"Support Latin\"}]},{\"@type\":\"WebSite\",\"@id\":\"https:\/\/latinpcs.org\/#website\",\"url\":\"https:\/\/latinpcs.org\/\",\"name\":\"Washington Latin Public Charter Schools\",\"description\":\"Washington Latin Public Charter Schools, based in Washington, DC, offers a classical education for the modern world for students in grades 5-12 across two campuses.\",\"publisher\":{\"@id\":\"https:\/\/latinpcs.org\/#organization\"},\"potentialAction\":[{\"@type\":\"SearchAction\",\"target\":{\"@type\":\"EntryPoint\",\"urlTemplate\":\"https:\/\/latinpcs.org\/?s={search_term_string}\"},\"query-input\":{\"@type\":\"PropertyValueSpecification\",\"valueRequired\":true,\"valueName\":\"search_term_string\"}}],\"inLanguage\":\"es\"},{\"@type\":\"Organization\",\"@id\":\"https:\/\/latinpcs.org\/#organization\",\"name\":\"Washington Latin Public Charter Schools\",\"url\":\"https:\/\/latinpcs.org\/\",\"logo\":{\"@type\":\"ImageObject\",\"inLanguage\":\"es\",\"@id\":\"https:\/\/latinpcs.org\/#\/schema\/logo\/image\/\",\"url\":\"https:\/\/latinpcs.org\/wp-content\/uploads\/2025\/07\/Latin_logo_nknm_4c.svg\",\"contentUrl\":\"https:\/\/latinpcs.org\/wp-content\/uploads\/2025\/07\/Latin_logo_nknm_4c.svg\",\"width\":1,\"height\":1,\"caption\":\"Washington Latin Public Charter Schools\"},\"image\":{\"@id\":\"https:\/\/latinpcs.org\/#\/schema\/logo\/image\/\"},\"sameAs\":[\"https:\/\/www.facebook.com\/WashingtonLatinPCS\/\",\"https:\/\/www.instagram.com\/washingtonlatinpcs\/?hl=en\",\"https:\/\/www.linkedin.com\/school\/washington-latin-public-charter-schools\/\"]}]}<\/script>\n<!-- \/ Yoast SEO plugin. -->","yoast_head_json":{"title":"Soporte para latino - Washington Latin Public Charter Schools","robots":{"index":"index","follow":"follow","max-snippet":"max-snippet:-1","max-image-preview":"max-image-preview:large","max-video-preview":"max-video-preview:-1"},"canonical":"https:\/\/latinpcs.org\/es\/donate\/","og_locale":"es_MX","og_type":"article","og_title":"Support Latin - Washington Latin Public Charter Schools","og_description":"The academic and extracurricular experiences Latin provides students is only possible with support from generous donors. Join us in supporting our current students and helping us shape our future. Washington &hellip;","og_url":"https:\/\/latinpcs.org\/es\/donate\/","og_site_name":"Washington Latin Public Charter Schools","article_publisher":"https:\/\/www.facebook.com\/WashingtonLatinPCS\/","article_modified_time":"2026-02-05T17:57:26+00:00","og_image":[{"width":1000,"height":1000,"url":"https:\/\/latinpcs.org\/wp-content\/uploads\/2025\/11\/classroom-MS-boy-sq-e1762516682735.jpg","type":"image\/jpeg"}],"twitter_card":"summary_large_image","twitter_misc":{"Est. reading time":"6 minutos"},"schema":{"@context":"https:\/\/schema.org","@graph":[{"@type":"WebPage","@id":"https:\/\/latinpcs.org\/donate\/","url":"https:\/\/latinpcs.org\/donate\/","name":"Soporte para latino - Washington Latin Public Charter Schools","isPartOf":{"@id":"https:\/\/latinpcs.org\/#website"},"primaryImageOfPage":{"@id":"https:\/\/latinpcs.org\/donate\/#primaryimage"},"image":{"@id":"https:\/\/latinpcs.org\/donate\/#primaryimage"},"thumbnailUrl":"https:\/\/latinpcs.org\/wp-content\/uploads\/2025\/11\/classroom-MS-boy-sq-e1762516682735.jpg","datePublished":"2025-06-27T20:00:25+00:00","dateModified":"2026-02-05T17:57:26+00:00","breadcrumb":{"@id":"https:\/\/latinpcs.org\/donate\/#breadcrumb"},"inLanguage":"es","potentialAction":[{"@type":"ReadAction","target":["https:\/\/latinpcs.org\/donate\/"]}]},{"@type":"ImageObject","inLanguage":"es","@id":"https:\/\/latinpcs.org\/donate\/#primaryimage","url":"https:\/\/latinpcs.org\/wp-content\/uploads\/2025\/11\/classroom-MS-boy-sq-e1762516682735.jpg","contentUrl":"https:\/\/latinpcs.org\/wp-content\/uploads\/2025\/11\/classroom-MS-boy-sq-e1762516682735.jpg","width":1000,"height":1000},{"@type":"BreadcrumbList","@id":"https:\/\/latinpcs.org\/donate\/#breadcrumb","itemListElement":[{"@type":"ListItem","position":1,"name":"Home","item":"https:\/\/latinpcs.org\/"},{"@type":"ListItem","position":2,"name":"Support Latin"}]},{"@type":"WebSite","@id":"https:\/\/latinpcs.org\/#website","url":"https:\/\/latinpcs.org\/","name":"Escuelas p\u00fablicas ch\u00e1rter latinas de Washington","description":"Washington Latin Public Charter Schools, con sede en Washington, DC, ofrece una educaci\u00f3n cl\u00e1sica para el mundo moderno para estudiantes de 5.\u00ba a 12.\u00ba grado en dos campus.","publisher":{"@id":"https:\/\/latinpcs.org\/#organization"},"potentialAction":[{"@type":"SearchAction","target":{"@type":"EntryPoint","urlTemplate":"https:\/\/latinpcs.org\/?s={search_term_string}"},"query-input":{"@type":"PropertyValueSpecification","valueRequired":true,"valueName":"search_term_string"}}],"inLanguage":"es"},{"@type":"Organization","@id":"https:\/\/latinpcs.org\/#organization","name":"Escuelas p\u00fablicas ch\u00e1rter latinas de Washington","url":"https:\/\/latinpcs.org\/","logo":{"@type":"ImageObject","inLanguage":"es","@id":"https:\/\/latinpcs.org\/#\/schema\/logo\/image\/","url":"https:\/\/latinpcs.org\/wp-content\/uploads\/2025\/07\/Latin_logo_nknm_4c.svg","contentUrl":"https:\/\/latinpcs.org\/wp-content\/uploads\/2025\/07\/Latin_logo_nknm_4c.svg","width":1,"height":1,"caption":"Washington Latin Public Charter Schools"},"image":{"@id":"https:\/\/latinpcs.org\/#\/schema\/logo\/image\/"},"sameAs":["https:\/\/www.facebook.com\/WashingtonLatinPCS\/","https:\/\/www.instagram.com\/washingtonlatinpcs\/?hl=en","https:\/\/www.linkedin.com\/school\/washington-latin-public-charter-schools\/"]}]}},"_links":{"self":[{"href":"https:\/\/latinpcs.org\/es\/wp-json\/wp\/v2\/pages\/108","targetHints":{"allow":["GET"]}}],"collection":[{"href":"https:\/\/latinpcs.org\/es\/wp-json\/wp\/v2\/pages"}],"about":[{"href":"https:\/\/latinpcs.org\/es\/wp-json\/wp\/v2\/types\/page"}],"author":[{"embeddable":true,"href":"https:\/\/latinpcs.org\/es\/wp-json\/wp\/v2\/users\/1"}],"replies":[{"embeddable":true,"href":"https:\/\/latinpcs.org\/es\/wp-json\/wp\/v2\/comments?post=108"}],"version-history":[{"count":0,"href":"https:\/\/latinpcs.org\/es\/wp-json\/wp\/v2\/pages\/108\/revisions"}],"wp:featuredmedia":[{"embeddable":true,"href":"https:\/\/latinpcs.org\/es\/wp-json\/wp\/v2\/media\/26100"}],"wp:attachment":[{"href":"https:\/\/latinpcs.org\/es\/wp-json\/wp\/v2\/media?parent=108"}],"curies":[{"name":"gracias","href":"https:\/\/api.w.org\/{rel}","templated":true}]}}