{"id":25757,"date":"2025-10-08T21:16:47","date_gmt":"2025-10-08T21:16:47","guid":{"rendered":"https:\/\/latinpcs.org\/?page_id=25757"},"modified":"2025-10-17T20:51:52","modified_gmt":"2025-10-17T20:51:52","slug":"familias-latinas-de-latin","status":"publish","type":"page","link":"https:\/\/latinpcs.org\/am\/familias-latinas-de-latin\/","title":{"rendered":"Familias latinas \u12f0 \u120b\u1272\u1295"},"content":{"rendered":"<p  class=\"appear-on-scroll is-style-intro\" >\u1206\u120b \u12a5\u1293 \u1262\u12a4\u1295\u126c\u1292\u12f6\u1235\u1363 \u121b\u121b\u1235 \u12a5\u1293 \u1353\u1353\u1235 \u12f0 \u12cb\u123d\u1295\u130d\u1270\u1295 \u120b\u1272\u1295! Aqu\u00ed les presentamos nuestra p\u00e1gina de noticias para nosotros, por nosotros y para nosotros.<\/p>\n\n<h2  class=\"appear-on-scroll wp-block-heading\" ><span class=\"text\"><strong>\u1353\u12f5\u122c\u1235 \u12e9\u1292\u12f6\u1235 \u12f0 \u120b\u1272\u1295&nbsp;<\/strong><\/span><\/h2>\n\n<h3  class=\"appear-on-scroll wp-block-heading\" ><span class=\"text\">El prop\u00f3sito del grupo: <strong>\u1353\u122b \u1272\u1363 \u1356\u122d\u1272 \u12ae\u1295\u1272\u130e<\/strong><\/span><\/h3>\n\n<p class=\"appear-on-scroll\">El prop\u00f3sito de este grupo y de las reuniones que realizaremos en adelante es mantenernos informados sobre todo lo relacionado con el aprendizaje y la vida escolar de sus hijos en \u12cb\u123d\u1295\u130d\u1270\u1295 \u120b\u1272\u1295\u1362 Aqu\u00ed compartiremos noticias importantes\u1363 servicios disponibles\u1363 recursos de apoyo y mucho m\u00e1s \u2014 siempre en nuestro idioma\u1362<\/p>\n\n<div id=\"leer-mas\" class=\"wp-block-theme-blocks-expandable appear-on-scroll theme-block has-layout-center expand\"><div role=\"button\" tabindex=\"0\" class=\"block-question appear-on-scroll heading h4\">\u120a\u12e8\u122d \u12a4\u121d.\u12a4\u1235<\/div><div class=\"block-answer\" style=\"display:none;\">\n<p class=\"appear-on-scroll\">Aqui tiene un bolet\u00edn semanal titulado \u201cNoticas\u201d\u1363 el cual incluir\u00e1 toda la informaci\u00f3n relevante sobre la escuela: eventos, grupos de apoyo, programas desarrollo, \u00e1reas de enfoque \u12a0\u12ab\u12f4\u121a\u12ae y otros temas de gran Importancia paras hijos hijos hijos hijose.<\/p>\n\n<p class=\"appear-on-scroll\">Este Espacio es completamente abierto: no hay l\u00edmites sobre los temas que podemos tratar\u1362 \u12a1\u1235\u1274\u12f2\u1235 \u12c8\u1230\u1295\u1295 \u120e\u1235 temas que desean discutir, y yo estar\u00e9 aqu\u00ed como madre, organizadora y gu\u00eda. \u1291\u12a4\u1235\u1275\u122e \u12a6\u1265\u1304\u1272\u126e \u1296 \u12a2\u1235 \u1203\u1265\u120d \u12f0 \u12ae\u1233\u1235 \u1232\u1295 \u1234\u1295\u12f2\u12f6 \u1292 \u1354\u122d\u12f0\u122d \u12a4\u120d \u1272\u121d\u1356\u1364 venimos \u12a0\u1295\u12f5 aprender juntos.<\/p>\n\n<p class=\"appear-on-scroll\">\u120b \u12a4\u1235\u12a9\u12cc\u120b \u12a6\u134d\u122c\u1234 \u12e9\u1293 \u130d\u122b\u1295 \u126b\u122a\u12f3\u12f5 \u12f0 \u122c\u12a9\u122d\u1236\u1235 \u12a6\u1356\u122d\u1271\u1292\u12f3\u12f4\u1235 que pueden ser muy \u00fatiles para ustedes \u2014 y si ya los conocen, este espacio servir\u00e1 para refrescar esa informaci\u00f3n.<\/p>\n\n<p class=\"appear-on-scroll\">Frecuencia: Estas reuniones se llevar\u00e1n a cabo al inicio de cada mes, preferiblemente los jueves, ya que es el d\u00eda en que mas padres pueden \u1270\u1233\u1273\u134a\u1362<\/p>\n\n<p class=\"appear-on-scroll\">\u12f2\u1293\u121a\u12ab\u1361 Siempre contaremos con rifas\u1363 refrigerios y bebidas para hacer de estos encuentros un espacio ameno y acogedor\u1362<\/p>\n\n<p class=\"appear-on-scroll\">Gracias por ser parte de esta comunidad. \u1301\u1295\u1276\u1235 \u120e\u130b\u122c\u121e\u1235 \u130d\u122b\u1295\u12f4\u1235 \u12ae\u1233\u1235 \u1356\u122d \u1291\u12a2\u1235\u1275\u122e\u1235 \u1202\u1306\u1235!<\/p>\n\n\n<\/div><\/div>\n\n<h2  class=\"appear-on-scroll wp-block-heading\" ><span class=\"text\">Noticias \u12a5\u1293 Telenoticas Semanales<\/span><\/h2>\n\n<div  class=\"appear-on-scroll wp-block-buttons is-layout-flex wp-block-buttons-is-layout-flex\" >\n<div class=\"wp-block-button is-style-text\"><a class=\"wp-block-button__link wp-element-button\" href=\"https:\/\/latinpcs.org\/am\/2025\/10\/noticias-semanales-del-17-octubre\/\"><span class=\"label\">\u1296\u1272\u123a\u12eb\u1235 \u12f4\u120d 17 \u12a6\u12ad\u1276\u1260\u122d 2025<\/span><\/a><\/div>\n\n\n\n<div class=\"wp-block-button is-style-text\"><a class=\"wp-block-button__link wp-element-button\" href=\"https:\/\/drive.google.com\/file\/d\/1ceHvBJeKP_a_SZV7Bmu2Y21DzYANtMkt\/view?usp=sharing\"><span class=\"label\">\u1274\u120c\u1296\u1272\u123a\u12eb \u12f4\u120d 17 \u1325\u1245\u121d\u1275<\/span><\/a><\/div>\n<\/div>\n\n<div  class=\"appear-on-scroll wp-block-buttons is-layout-flex wp-block-buttons-is-layout-flex\" >\n<div class=\"wp-block-button is-style-text\"><a class=\"wp-block-button__link wp-element-button\" href=\"https:\/\/latinpcs.org\/am\/2025\/10\/noticias-semanales-9-10-2025\/\"><span class=\"label\">\u1296\u1272\u123a\u12eb\u1235 \u12f4\u120d 10 \u12a6\u12ad\u1276\u1260\u122d 2025<\/span><\/a><\/div>\n\n\n\n<div class=\"wp-block-button is-style-text\"><a class=\"wp-block-button__link wp-element-button\" href=\"https:\/\/drive.google.com\/file\/d\/14xUarJYhJkLKx4CjpFoEC_9MkTv_tDo5\/view?usp=sharing\"><span class=\"label\">\u1274\u120c\u1296\u1272\u123a\u12eb \u12f4\u120d 10 \u1325\u1245\u121d\u1275<\/span><\/a><\/div>\n<\/div>","protected":false},"excerpt":{"rendered":"<p>\u1206\u120b \u12a5\u1293 \u1262\u12a4\u1295\u126c\u1292\u12f6\u1235\u1363 \u121b\u121b\u1235 \u12a5\u1293 \u1353\u1353\u1235 \u12f0 \u12cb\u123d\u1295\u130d\u1270\u1295 \u120b\u1272\u1295! Aqu\u00ed les presentamos nuestra p\u00e1gina de noticias para nosotros, por nosotros y para nosotros. \u1353\u12f5\u122c\u1235 \u12e9\u1292\u12f6\u1235 \u12f0 \u120b\u1272\u1295 \u12a4\u120d \u1355\u122e\u1356\u1232\u1276 \u12f4\u120d\u2026<\/p>","protected":false},"author":3,"featured_media":25760,"parent":0,"menu_order":0,"comment_status":"closed","ping_status":"closed","template":"","meta":{"featured_image_background_position":"","background-color":"","secondary-color":"","highlight-color":"","color":"","hide-navigation":false,"footnotes":""},"class_list":["post-25757","page","type-page","status-publish","has-post-thumbnail","hentry"],"yoast_head":"<!-- This site is optimized with the Yoast SEO plugin v25.6 - https:\/\/yoast.com\/wordpress\/plugins\/seo\/ -->\n<title>Familias latinas de Latin - Washington Latin Public Charter Schools<\/title>\n<meta name=\"robots\" content=\"index, follow, max-snippet:-1, max-image-preview:large, max-video-preview:-1\" \/>\n<link rel=\"canonical\" href=\"https:\/\/latinpcs.org\/am\/familias-latinas-de-latin\/\" \/>\n<meta property=\"og:locale\" content=\"en_US\" \/>\n<meta property=\"og:type\" content=\"article\" \/>\n<meta property=\"og:title\" content=\"Familias latinas de Latin - Washington Latin Public Charter Schools\" \/>\n<meta property=\"og:description\" content=\"\u00a1Hola y bienvenidos, mam\u00e1s y pap\u00e1s de Washington Latin! Aqu\u00ed les presentamos nuestra p\u00e1gina de noticias para nosotros, por nosotros y para nosotros. Padres Unidos de Latin&nbsp; El prop\u00f3sito del &hellip;\" \/>\n<meta property=\"og:url\" content=\"https:\/\/latinpcs.org\/am\/familias-latinas-de-latin\/\" \/>\n<meta property=\"og:site_name\" content=\"Washington Latin Public Charter Schools\" \/>\n<meta property=\"article:publisher\" content=\"https:\/\/www.facebook.com\/WashingtonLatinPCS\/\" \/>\n<meta property=\"article:modified_time\" content=\"2025-10-17T20:51:52+00:00\" \/>\n<meta property=\"og:image\" content=\"https:\/\/latinpcs.org\/wp-content\/uploads\/2025\/10\/manos.jpg\" \/>\n\t<meta property=\"og:image:width\" content=\"1000\" \/>\n\t<meta property=\"og:image:height\" content=\"667\" \/>\n\t<meta property=\"og:image:type\" content=\"image\/jpeg\" \/>\n<meta name=\"twitter:card\" content=\"summary_large_image\" \/>\n<meta name=\"twitter:label1\" content=\"Est. reading time\" \/>\n\t<meta name=\"twitter:data1\" content=\"2 \u12f0\u1242\u1243\u12ce\u127d\" \/>\n<script type=\"application\/ld+json\" class=\"yoast-schema-graph\">{\"@context\":\"https:\/\/schema.org\",\"@graph\":[{\"@type\":\"WebPage\",\"@id\":\"https:\/\/latinpcs.org\/familias-latinas-de-latin\/\",\"url\":\"https:\/\/latinpcs.org\/familias-latinas-de-latin\/\",\"name\":\"Familias latinas de Latin - Washington Latin Public Charter Schools\",\"isPartOf\":{\"@id\":\"https:\/\/latinpcs.org\/#website\"},\"primaryImageOfPage\":{\"@id\":\"https:\/\/latinpcs.org\/familias-latinas-de-latin\/#primaryimage\"},\"image\":{\"@id\":\"https:\/\/latinpcs.org\/familias-latinas-de-latin\/#primaryimage\"},\"thumbnailUrl\":\"https:\/\/latinpcs.org\/wp-content\/uploads\/2025\/10\/manos.jpg\",\"datePublished\":\"2025-10-08T21:16:47+00:00\",\"dateModified\":\"2025-10-17T20:51:52+00:00\",\"breadcrumb\":{\"@id\":\"https:\/\/latinpcs.org\/familias-latinas-de-latin\/#breadcrumb\"},\"inLanguage\":\"am\",\"potentialAction\":[{\"@type\":\"ReadAction\",\"target\":[\"https:\/\/latinpcs.org\/familias-latinas-de-latin\/\"]}]},{\"@type\":\"ImageObject\",\"inLanguage\":\"am\",\"@id\":\"https:\/\/latinpcs.org\/familias-latinas-de-latin\/#primaryimage\",\"url\":\"https:\/\/latinpcs.org\/wp-content\/uploads\/2025\/10\/manos.jpg\",\"contentUrl\":\"https:\/\/latinpcs.org\/wp-content\/uploads\/2025\/10\/manos.jpg\",\"width\":1000,\"height\":667},{\"@type\":\"BreadcrumbList\",\"@id\":\"https:\/\/latinpcs.org\/familias-latinas-de-latin\/#breadcrumb\",\"itemListElement\":[{\"@type\":\"ListItem\",\"position\":1,\"name\":\"Home\",\"item\":\"https:\/\/latinpcs.org\/\"},{\"@type\":\"ListItem\",\"position\":2,\"name\":\"Familias latinas de Latin\"}]},{\"@type\":\"WebSite\",\"@id\":\"https:\/\/latinpcs.org\/#website\",\"url\":\"https:\/\/latinpcs.org\/\",\"name\":\"Washington Latin Public Charter Schools\",\"description\":\"Washington Latin Public Charter Schools, based in Washington, DC, offers a classical education for the modern world for students in grades 5-12 across two campuses.\",\"publisher\":{\"@id\":\"https:\/\/latinpcs.org\/#organization\"},\"potentialAction\":[{\"@type\":\"SearchAction\",\"target\":{\"@type\":\"EntryPoint\",\"urlTemplate\":\"https:\/\/latinpcs.org\/?s={search_term_string}\"},\"query-input\":{\"@type\":\"PropertyValueSpecification\",\"valueRequired\":true,\"valueName\":\"search_term_string\"}}],\"inLanguage\":\"am\"},{\"@type\":\"Organization\",\"@id\":\"https:\/\/latinpcs.org\/#organization\",\"name\":\"Washington Latin Public Charter Schools\",\"url\":\"https:\/\/latinpcs.org\/\",\"logo\":{\"@type\":\"ImageObject\",\"inLanguage\":\"am\",\"@id\":\"https:\/\/latinpcs.org\/#\/schema\/logo\/image\/\",\"url\":\"https:\/\/latinpcs.org\/wp-content\/uploads\/2025\/07\/Latin_logo_nknm_4c.svg\",\"contentUrl\":\"https:\/\/latinpcs.org\/wp-content\/uploads\/2025\/07\/Latin_logo_nknm_4c.svg\",\"width\":1,\"height\":1,\"caption\":\"Washington Latin Public Charter Schools\"},\"image\":{\"@id\":\"https:\/\/latinpcs.org\/#\/schema\/logo\/image\/\"},\"sameAs\":[\"https:\/\/www.facebook.com\/WashingtonLatinPCS\/\",\"https:\/\/www.instagram.com\/washingtonlatinpcs\/?hl=en\",\"https:\/\/www.linkedin.com\/school\/washington-latin-public-charter-schools\/\"]}]}<\/script>\n<!-- \/ Yoast SEO plugin. -->","yoast_head_json":{"title":"Familias latinas \u12f0 \u120b\u1272\u1295 - Washington Latin Public Charter Schools","robots":{"index":"index","follow":"follow","max-snippet":"max-snippet:-1","max-image-preview":"max-image-preview:large","max-video-preview":"max-video-preview:-1"},"canonical":"https:\/\/latinpcs.org\/am\/familias-latinas-de-latin\/","og_locale":"en_US","og_type":"article","og_title":"Familias latinas de Latin - Washington Latin Public Charter Schools","og_description":"\u00a1Hola y bienvenidos, mam\u00e1s y pap\u00e1s de Washington Latin! Aqu\u00ed les presentamos nuestra p\u00e1gina de noticias para nosotros, por nosotros y para nosotros. Padres Unidos de Latin&nbsp; El prop\u00f3sito del &hellip;","og_url":"https:\/\/latinpcs.org\/am\/familias-latinas-de-latin\/","og_site_name":"Washington Latin Public Charter Schools","article_publisher":"https:\/\/www.facebook.com\/WashingtonLatinPCS\/","article_modified_time":"2025-10-17T20:51:52+00:00","og_image":[{"width":1000,"height":667,"url":"https:\/\/latinpcs.org\/wp-content\/uploads\/2025\/10\/manos.jpg","type":"image\/jpeg"}],"twitter_card":"summary_large_image","twitter_misc":{"Est. reading time":"2 \u12f0\u1242\u1243\u12ce\u127d"},"schema":{"@context":"https:\/\/schema.org","@graph":[{"@type":"WebPage","@id":"https:\/\/latinpcs.org\/familias-latinas-de-latin\/","url":"https:\/\/latinpcs.org\/familias-latinas-de-latin\/","name":"Familias latinas \u12f0 \u120b\u1272\u1295 - Washington Latin Public Charter Schools","isPartOf":{"@id":"https:\/\/latinpcs.org\/#website"},"primaryImageOfPage":{"@id":"https:\/\/latinpcs.org\/familias-latinas-de-latin\/#primaryimage"},"image":{"@id":"https:\/\/latinpcs.org\/familias-latinas-de-latin\/#primaryimage"},"thumbnailUrl":"https:\/\/latinpcs.org\/wp-content\/uploads\/2025\/10\/manos.jpg","datePublished":"2025-10-08T21:16:47+00:00","dateModified":"2025-10-17T20:51:52+00:00","breadcrumb":{"@id":"https:\/\/latinpcs.org\/familias-latinas-de-latin\/#breadcrumb"},"inLanguage":"am","potentialAction":[{"@type":"ReadAction","target":["https:\/\/latinpcs.org\/familias-latinas-de-latin\/"]}]},{"@type":"ImageObject","inLanguage":"am","@id":"https:\/\/latinpcs.org\/familias-latinas-de-latin\/#primaryimage","url":"https:\/\/latinpcs.org\/wp-content\/uploads\/2025\/10\/manos.jpg","contentUrl":"https:\/\/latinpcs.org\/wp-content\/uploads\/2025\/10\/manos.jpg","width":1000,"height":667},{"@type":"BreadcrumbList","@id":"https:\/\/latinpcs.org\/familias-latinas-de-latin\/#breadcrumb","itemListElement":[{"@type":"ListItem","position":1,"name":"Home","item":"https:\/\/latinpcs.org\/"},{"@type":"ListItem","position":2,"name":"Familias latinas de Latin"}]},{"@type":"WebSite","@id":"https:\/\/latinpcs.org\/#website","url":"https:\/\/latinpcs.org\/","name":"Washington Latin Public Charter Schools","description":"\u1260\u12cb\u123d\u1295\u130d\u1270\u1295 \u12f2\u1232 \u12e8\u121a\u1308\u1298\u12cd Washington Latin Public Charter Schools \u12a85-12\u129b \u12ad\u134d\u120d \u120b\u1209 \u1270\u121b\u122a\u12ce\u127d \u1260\u1201\u1208\u1275 \u12ab\u121d\u1353\u1236\u127d \u12cd\u1235\u1325 \u1208\u12d8\u1218\u1293\u12ca\u12cd \u12d3\u1208\u121d \u12e8\u1325\u1295\u1273\u12ca \u1275\u121d\u1205\u122d\u1275 \u12ed\u1230\u1323\u120d\u1362","publisher":{"@id":"https:\/\/latinpcs.org\/#organization"},"potentialAction":[{"@type":"SearchAction","target":{"@type":"EntryPoint","urlTemplate":"https:\/\/latinpcs.org\/?s={search_term_string}"},"query-input":{"@type":"PropertyValueSpecification","valueRequired":true,"valueName":"search_term_string"}}],"inLanguage":"am"},{"@type":"Organization","@id":"https:\/\/latinpcs.org\/#organization","name":"Washington Latin Public Charter Schools","url":"https:\/\/latinpcs.org\/","logo":{"@type":"ImageObject","inLanguage":"am","@id":"https:\/\/latinpcs.org\/#\/schema\/logo\/image\/","url":"https:\/\/latinpcs.org\/wp-content\/uploads\/2025\/07\/Latin_logo_nknm_4c.svg","contentUrl":"https:\/\/latinpcs.org\/wp-content\/uploads\/2025\/07\/Latin_logo_nknm_4c.svg","width":1,"height":1,"caption":"Washington Latin Public Charter Schools"},"image":{"@id":"https:\/\/latinpcs.org\/#\/schema\/logo\/image\/"},"sameAs":["https:\/\/www.facebook.com\/WashingtonLatinPCS\/","https:\/\/www.instagram.com\/washingtonlatinpcs\/?hl=en","https:\/\/www.linkedin.com\/school\/washington-latin-public-charter-schools\/"]}]}},"_links":{"self":[{"href":"https:\/\/latinpcs.org\/am\/wp-json\/wp\/v2\/pages\/25757","targetHints":{"allow":["GET"]}}],"collection":[{"href":"https:\/\/latinpcs.org\/am\/wp-json\/wp\/v2\/pages"}],"about":[{"href":"https:\/\/latinpcs.org\/am\/wp-json\/wp\/v2\/types\/page"}],"author":[{"embeddable":true,"href":"https:\/\/latinpcs.org\/am\/wp-json\/wp\/v2\/users\/3"}],"replies":[{"embeddable":true,"href":"https:\/\/latinpcs.org\/am\/wp-json\/wp\/v2\/comments?post=25757"}],"version-history":[{"count":0,"href":"https:\/\/latinpcs.org\/am\/wp-json\/wp\/v2\/pages\/25757\/revisions"}],"wp:featuredmedia":[{"embeddable":true,"href":"https:\/\/latinpcs.org\/am\/wp-json\/wp\/v2\/media\/25760"}],"wp:attachment":[{"href":"https:\/\/latinpcs.org\/am\/wp-json\/wp\/v2\/media?parent=25757"}],"curies":[{"name":"wp","href":"https:\/\/api.w.org\/{rel}","templated":true}]}}